{"id":16946,"date":"2021-02-23T09:19:18","date_gmt":"2021-02-23T08:19:18","guid":{"rendered":"https:\/\/www.sggw.edu.pl\/home\/studies\/student-activity\/"},"modified":"2023-09-25T12:31:22","modified_gmt":"2023-09-25T10:31:22","slug":"student-activity","status":"publish","type":"page","link":"https:\/\/www.sggw.edu.pl\/en\/studies\/student-activity\/","title":{"rendered":"Student activity"},"content":{"rendered":"\t\t<div data-elementor-type=\"wp-page\" data-elementor-id=\"16946\" class=\"elementor elementor-16946\" data-elementor-post-type=\"page\">\n\t\t\t\t\t\t<section class=\"elementor-section elementor-top-section elementor-element elementor-element-76df159b elementor-section-boxed elementor-section-height-default elementor-section-height-default\" data-id=\"76df159b\" data-element_type=\"section\">\n\t\t\t\t\t\t<div class=\"elementor-container elementor-column-gap-default\">\n\t\t\t\t\t<div class=\"elementor-column elementor-col-100 elementor-top-column elementor-element elementor-element-325a7a6f\" data-id=\"325a7a6f\" data-element_type=\"column\">\n\t\t\t<div class=\"elementor-widget-wrap elementor-element-populated\">\n\t\t\t\t\t\t<div class=\"elementor-element elementor-element-7ab353eb elementor-widget elementor-widget-wp-widget-bcn_widget\" data-id=\"7ab353eb\" data-element_type=\"widget\" data-widget_type=\"wp-widget-bcn_widget.default\">\n\t\t\t\t<div class=\"elementor-widget-container\">\n\t\t\t<div class=\"mn-grid breadcrumb\">\n                                    <div class=\"breadcrumb-inner mn-grid-12\"><div class=\"breadcrumbs\" vocab=\"https:\/\/schema.org\/\" typeof=\"BreadcrumbList\"><span property=\"itemListElement\" typeof=\"ListItem\"><a property=\"item\" typeof=\"WebPage\" title=\"Go to Szko\u0142a G\u0142\u00f3wna Gospodarstwa Wiejskiego w Warszawie.\" href=\"https:\/\/www.sggw.edu.pl\/en\/\" class=\"home\" aria-current=\"page\"><span property=\"name\">Home<\/span><\/a><meta property=\"position\" content=\"1\"><\/span><\/div>    <\/div>\n                                <\/div>\t\t<\/div>\n\t\t\t\t<\/div>\n\t\t\t\t<div class=\"elementor-element elementor-element-6d4bf96e elementor-widget elementor-widget-post-title\" data-id=\"6d4bf96e\" data-element_type=\"widget\" data-widget_type=\"post-title.default\">\n\t\t\t\t<div class=\"elementor-widget-container\">\n\t\t\t<section>\n                    <div class=\"mn-grid entry-header-inner section-inner medium\">\n                        <h1 class=\"mn-grid-12 entry-title\" style=\"\">\n                            Student activity\n                        <\/h1>\n                    <\/div>\n                <\/section>\t\t<\/div>\n\t\t\t\t<\/div>\n\t\t\t\t\t<\/div>\n\t\t<\/div>\n\t\t\t\t\t<\/div>\n\t\t<\/section>\n\t\t\t\t<section class=\"elementor-section elementor-top-section elementor-element elementor-element-8f85ca9 elementor-section-boxed elementor-section-height-default elementor-section-height-default\" data-id=\"8f85ca9\" data-element_type=\"section\">\n\t\t\t\t\t\t<div class=\"elementor-container elementor-column-gap-default\">\n\t\t\t\t\t<div class=\"elementor-column elementor-col-100 elementor-top-column elementor-element elementor-element-5972f09\" data-id=\"5972f09\" data-element_type=\"column\">\n\t\t\t<div class=\"elementor-widget-wrap elementor-element-populated\">\n\t\t\t\t\t\t<div class=\"elementor-element elementor-element-e0bd22b elementor-widget elementor-widget-w33\" data-id=\"e0bd22b\" data-element_type=\"widget\" data-widget_type=\"w33.default\">\n\t\t\t\t<div class=\"elementor-widget-container\">\n\t\t\t<section>\n            <div class=\"mn-grid\">\n                <div class=\"mn-vertical-separator-x2\">\n                    \n                <\/div>\n            <\/section>\t\t<\/div>\n\t\t\t\t<\/div>\n\t\t\t\t<div class=\"elementor-element elementor-element-c993b1a elementor-widget elementor-widget-W14\" data-id=\"c993b1a\" data-element_type=\"widget\" data-widget_type=\"W14.default\">\n\t\t\t\t<div class=\"elementor-widget-container\">\n\t\t\t <section>\n                        <div class=\"mn-grid mn-mod-achievements\"><div class=\"mn-mod-achievement mn-grid-4\">\n                            <a href=\"https:\/\/www.facebook.com\/ursynaliasggw\/\" >\n                                <div class=\"mn-mod-achievement-img\">\n                                <img decoding=\"async\" src=\"https:\/\/www.sggw.edu.pl\/wp-content\/plugins\/elementor-sggw\/assets\/images\/icons\/ikonka-medal.svg\" alt=\"\" \/>\n                                <\/div>    \n                                <h3>Ursynalia<\/h3>\n                            <\/a>\n                        <\/div><div class=\"mn-mod-achievement mn-grid-4\">\n                            <a href=\"http:\/\/azs.sggw.pl\/ \" >\n                                <div class=\"mn-mod-achievement-img\">\n                                <img decoding=\"async\" src=\"https:\/\/www.sggw.edu.pl\/wp-content\/plugins\/elementor-sggw\/assets\/images\/icons\/ikonka-medal.svg\" alt=\"\" \/>\n                                <\/div>    \n                                <h3>AZS<\/h3>\n                            <\/a>\n                        <\/div><div class=\"mn-mod-achievement mn-grid-4\">\n                            <a href=\"http:\/\/www.akteon.com.pl\/  \" >\n                                <div class=\"mn-mod-achievement-img\">\n                                <img decoding=\"async\" src=\"https:\/\/www.sggw.edu.pl\/wp-content\/plugins\/elementor-sggw\/assets\/images\/icons\/ikonka-medal.svg\" alt=\"\" \/>\n                                <\/div>    \n                                <h3>AKTEON<\/h3>\n                            <\/a>\n                        <\/div><div class=\"mn-mod-achievement mn-grid-4\">\n                            <a href=\"http:\/\/orkiestra.sggw.pl\/ \" >\n                                <div class=\"mn-mod-achievement-img\">\n                                <img decoding=\"async\" src=\"https:\/\/www.sggw.edu.pl\/wp-content\/plugins\/elementor-sggw\/assets\/images\/icons\/ikonka-medal.svg\" alt=\"\" \/>\n                                <\/div>    \n                                <h3>Representative orchestra<\/h3>\n                            <\/a>\n                        <\/div><div class=\"mn-mod-achievement mn-grid-4\">\n                            <a href=\"https:\/\/chor.sggw.edu.pl\/\" >\n                                <div class=\"mn-mod-achievement-img\">\n                                <img decoding=\"async\" src=\"https:\/\/www.sggw.edu.pl\/wp-content\/plugins\/elementor-sggw\/assets\/images\/icons\/ikonka-medal.svg\" alt=\"\" \/>\n                                <\/div>    \n                                <h3>SGGW choir<\/h3>\n                            <\/a>\n                        <\/div><div class=\"mn-mod-achievement mn-grid-4\">\n                            <a href=\"https:\/\/www.promni.pl\/  \" >\n                                <div class=\"mn-mod-achievement-img\">\n                                <img decoding=\"async\" src=\"https:\/\/www.sggw.edu.pl\/wp-content\/plugins\/elementor-sggw\/assets\/images\/icons\/ikonka-medal.svg\" alt=\"\" \/>\n                                <\/div>    \n                                <h3>LZA Promini<\/h3>\n                            <\/a>\n                        <\/div><div class=\"mn-mod-achievement mn-grid-4\">\n                            <a href=\"\" class=\"mn-pointer-event-off\">\n                                <div class=\"mn-mod-achievement-img\">\n                                <img decoding=\"async\" src=\"https:\/\/www.sggw.edu.pl\/wp-content\/plugins\/elementor-sggw\/assets\/images\/icons\/ikonka-medal.svg\" alt=\"\" \/>\n                                <\/div>    \n                                <h3>Student organizations<\/h3>\n                            <\/a>\n                        <\/div><div class=\"mn-mod-achievement mn-grid-4\">\n                            <a href=\"https:\/\/www.facebook.com\/Dziekanat161\" >\n                                <div class=\"mn-mod-achievement-img\">\n                                <img decoding=\"async\" src=\"https:\/\/www.sggw.edu.pl\/wp-content\/plugins\/elementor-sggw\/assets\/images\/icons\/ikonka-medal.svg\" alt=\"\" \/>\n                                <\/div>    \n                                <h3>Student clubs<\/h3>\n                            <\/a>\n                        <\/div><div class=\"mn-mod-achievement mn-grid-4\">\n                            <a href=\"https:\/\/www.sggw.edu.pl\/en\/studies\/scientific-circles\/\" >\n                                <div class=\"mn-mod-achievement-img\">\n                                <img decoding=\"async\" src=\"https:\/\/www.sggw.edu.pl\/wp-content\/plugins\/elementor-sggw\/assets\/images\/icons\/ikonka-medal.svg\" alt=\"\" \/>\n                                <\/div>    \n                                <h3>Scientific circles<\/h3>\n                            <\/a>\n                        <\/div><div class=\"mn-mod-achievement mn-grid-4\">\n                            <a href=\"\" class=\"mn-pointer-event-off\">\n                                <div class=\"mn-mod-achievement-img\">\n                                <img decoding=\"async\" src=\"https:\/\/www.sggw.edu.pl\/wp-content\/plugins\/elementor-sggw\/assets\/images\/icons\/ikonka-medal.svg\" alt=\"\" \/>\n                                <\/div>    \n                                <h3>Days of Warsaw University of Life Sciences<\/h3>\n                            <\/a>\n                        <\/div> <\/div><\/section>\t\t<\/div>\n\t\t\t\t<\/div>\n\t\t\t\t\t<\/div>\n\t\t<\/div>\n\t\t\t\t\t<\/div>\n\t\t<\/section>\n\t\t\t\t<\/div>\n\t\t","protected":false},"excerpt":{"rendered":"<p>Student activity Ursynalia AZS AKTEON Representative orchestra SGGW choir LZA Promini Student organizations Student clubs Scientific circles Days of Warsaw University of Life Sciences<\/p>\n","protected":false},"author":1,"featured_media":0,"parent":12723,"menu_order":0,"comment_status":"closed","ping_status":"closed","template":"","meta":{"_acf_changed":false,"footnotes":""},"class_list":["post-16946","page","type-page","status-publish","hentry"],"acf":[],"_links":{"self":[{"href":"https:\/\/www.sggw.edu.pl\/en\/wp-json\/wp\/v2\/pages\/16946","targetHints":{"allow":["GET"]}}],"collection":[{"href":"https:\/\/www.sggw.edu.pl\/en\/wp-json\/wp\/v2\/pages"}],"about":[{"href":"https:\/\/www.sggw.edu.pl\/en\/wp-json\/wp\/v2\/types\/page"}],"author":[{"embeddable":true,"href":"https:\/\/www.sggw.edu.pl\/en\/wp-json\/wp\/v2\/users\/1"}],"replies":[{"embeddable":true,"href":"https:\/\/www.sggw.edu.pl\/en\/wp-json\/wp\/v2\/comments?post=16946"}],"version-history":[{"count":8,"href":"https:\/\/www.sggw.edu.pl\/en\/wp-json\/wp\/v2\/pages\/16946\/revisions"}],"predecessor-version":[{"id":171063,"href":"https:\/\/www.sggw.edu.pl\/en\/wp-json\/wp\/v2\/pages\/16946\/revisions\/171063"}],"up":[{"embeddable":true,"href":"https:\/\/www.sggw.edu.pl\/en\/wp-json\/wp\/v2\/pages\/12723"}],"wp:attachment":[{"href":"https:\/\/www.sggw.edu.pl\/en\/wp-json\/wp\/v2\/media?parent=16946"}],"curies":[{"name":"wp","href":"https:\/\/api.w.org\/{rel}","templated":true}]}}