{"id":16948,"date":"2021-02-23T09:19:21","date_gmt":"2021-02-23T08:19:21","guid":{"rendered":"https:\/\/www.sggw.edu.pl\/home\/studies\/student-activity\/scientific-circles\/"},"modified":"2021-05-26T15:43:51","modified_gmt":"2021-05-26T13:43:51","slug":"scientific-circles","status":"publish","type":"page","link":"https:\/\/www.sggw.edu.pl\/en\/studies\/scientific-circles\/","title":{"rendered":"Scientific circles"},"content":{"rendered":"\t\t<div data-elementor-type=\"wp-page\" data-elementor-id=\"16948\" class=\"elementor elementor-16948\" data-elementor-post-type=\"page\">\n\t\t\t\t\t\t<section class=\"elementor-section elementor-top-section elementor-element elementor-element-65bf8a0d elementor-section-boxed elementor-section-height-default elementor-section-height-default\" data-id=\"65bf8a0d\" data-element_type=\"section\">\n\t\t\t\t\t\t<div class=\"elementor-container elementor-column-gap-default\">\n\t\t\t\t\t<div class=\"elementor-column elementor-col-100 elementor-top-column elementor-element elementor-element-38deeb0c\" data-id=\"38deeb0c\" data-element_type=\"column\">\n\t\t\t<div class=\"elementor-widget-wrap elementor-element-populated\">\n\t\t\t\t\t\t<div class=\"elementor-element elementor-element-349701a8 elementor-widget elementor-widget-wp-widget-bcn_widget\" data-id=\"349701a8\" data-element_type=\"widget\" data-widget_type=\"wp-widget-bcn_widget.default\">\n\t\t\t\t<div class=\"elementor-widget-container\">\n\t\t\t<div class=\"mn-grid breadcrumb\">\n                                    <div class=\"breadcrumb-inner mn-grid-12\"><div class=\"breadcrumbs\" vocab=\"https:\/\/schema.org\/\" typeof=\"BreadcrumbList\"><span property=\"itemListElement\" typeof=\"ListItem\"><a property=\"item\" typeof=\"WebPage\" title=\"Go to Szko\u0142a G\u0142\u00f3wna Gospodarstwa Wiejskiego w Warszawie.\" href=\"https:\/\/www.sggw.edu.pl\/en\/\" class=\"home\" aria-current=\"page\"><span property=\"name\">Home<\/span><\/a><meta property=\"position\" content=\"1\"><\/span><\/div>    <\/div>\n                                <\/div>\t\t<\/div>\n\t\t\t\t<\/div>\n\t\t\t\t<div class=\"elementor-element elementor-element-7069f45d elementor-widget elementor-widget-post-title\" data-id=\"7069f45d\" data-element_type=\"widget\" data-widget_type=\"post-title.default\">\n\t\t\t\t<div class=\"elementor-widget-container\">\n\t\t\t<section>\n                    <div class=\"mn-grid entry-header-inner section-inner medium\">\n                        <h1 class=\"mn-grid-12 entry-title\" style=\"\">\n                            Scientific circles\n                        <\/h1>\n                    <\/div>\n                <\/section>\t\t<\/div>\n\t\t\t\t<\/div>\n\t\t\t\t\t<\/div>\n\t\t<\/div>\n\t\t\t\t\t<\/div>\n\t\t<\/section>\n\t\t\t\t<section class=\"elementor-section elementor-top-section elementor-element elementor-element-e295be3 elementor-section-boxed elementor-section-height-default elementor-section-height-default\" data-id=\"e295be3\" data-element_type=\"section\">\n\t\t\t\t\t\t<div class=\"elementor-container elementor-column-gap-default\">\n\t\t\t\t\t<div class=\"elementor-column elementor-col-100 elementor-top-column elementor-element elementor-element-80b25a8\" data-id=\"80b25a8\" data-element_type=\"column\">\n\t\t\t<div class=\"elementor-widget-wrap elementor-element-populated\">\n\t\t\t\t\t\t<div class=\"elementor-element elementor-element-3606faa elementor-widget elementor-widget-w11\" data-id=\"3606faa\" data-element_type=\"widget\" data-widget_type=\"w11.default\">\n\t\t\t\t<div class=\"elementor-widget-container\">\n\t\t\t<section><div class=\"mn-grid\"><ul class=\"mn-grid-12 mn-mod-links-text-3\"><li>\n                            <a href=\"https:\/\/www.sggw.edu.pl\/en\/studies\/scientific-circles\/review-of-the-achievements-of-scientific-circles\/\" >\n                                <span>Review of the achievements of scientific circles<\/span>\n                            <\/a>\n                        <\/li><\/ul><\/div><\/section>\t\t<\/div>\n\t\t\t\t<\/div>\n\t\t\t\t<div class=\"elementor-element elementor-element-432c7c0 elementor-widget elementor-widget-w33\" data-id=\"432c7c0\" data-element_type=\"widget\" data-widget_type=\"w33.default\">\n\t\t\t\t<div class=\"elementor-widget-container\">\n\t\t\t<section>\n            <div class=\"mn-grid\">\n                <div class=\"mn-vertical-separator-x2\">\n                    \n                <\/div>\n            <\/section>\t\t<\/div>\n\t\t\t\t<\/div>\n\t\t\t\t\t<\/div>\n\t\t<\/div>\n\t\t\t\t\t<\/div>\n\t\t<\/section>\n\t\t\t\t<section class=\"elementor-section elementor-top-section elementor-element elementor-element-44b5940 elementor-section-boxed elementor-section-height-default elementor-section-height-default\" data-id=\"44b5940\" data-element_type=\"section\">\n\t\t\t\t\t\t<div class=\"elementor-container elementor-column-gap-default\">\n\t\t\t\t\t<div class=\"elementor-column elementor-col-50 elementor-top-column elementor-element elementor-element-7186da5\" data-id=\"7186da5\" data-element_type=\"column\">\n\t\t\t<div class=\"elementor-widget-wrap elementor-element-populated\">\n\t\t\t\t\t\t<div class=\"elementor-element elementor-element-e2538d8 elementor-widget elementor-widget-w12\" data-id=\"e2538d8\" data-element_type=\"widget\" data-widget_type=\"w12.default\">\n\t\t\t\t<div class=\"elementor-widget-container\">\n\t\t\t<section>\n                <div class=\"mn-grid\">\n                    <div class=\"mn-grid-12 mn-mod-text-links\">\n                        <ol>\n<li><a href=\"http:\/\/www.wzim.sggw.pl\/studia\/kola-naukowe\/studenckie-kolo-linuksa\/\" target=\"_blank\" rel=\"noopener\">REDINUX IT Association<\/a><\/li>\n<li>Scientific Circle of Anthropologists<\/li>\n<li>Scientific Circle of Landscape Architects<\/li>\n<li>Aves Science Circle<\/li>\n<li>Scientific Circle of Biotechnologies<\/li>\n<li><a href=\"http:\/\/budinz.sggw.pl\/index.php\" target=\"_blank\" rel=\"noopener\">Scientific Circle of Engineering Construction<\/a><\/li>\n<li><a href=\"https:\/\/www.facebook.com\/pages\/Ko%C5%82o-Naukowe-Budownictwa-Wodnomelioracyjnego\/727703443911581\" target=\"_blank\" rel=\"noopener\">Scientific Circle of Water and Melioration Construction<\/a><\/li>\n<li><a href=\"https:\/\/www.facebook.com\/bigsasgroup\" target=\"_blank\" rel=\"noopener\">Business Intelligence Group SAS<\/a><\/li>\n<li>Wood Technology Chemical Scientific Circle<\/li>\n<li><a href=\"https:\/\/www.facebook.com\/knzid\" target=\"_blank\" rel=\"noopener\">Science Club of Dieticians<\/a><\/li>\n<li><a href=\"http:\/\/kne.sggw.pl\/\" target=\"_blank\" rel=\"noopener\">Scientific Circle of Economists<\/a><\/li>\n<li>Science Club of Finance and Economy<\/li>\n<li><a href=\"http:\/\/knfib.sggw.pl\/\" target=\"_blank\" rel=\"noopener\">Scientific Circle of Financiers and Bankers<\/a><\/li>\n<li>Scientific Circle of Wood Technology Photographers<\/li>\n<li>Scientific Circle of Gastronomy and Hoteliers<\/li>\n<li><a href=\"https:\/\/www.facebook.com\/pages\/Ko%C5%82o-Naukowe-Geoin%C5%BCynierii-przy-Centrum-Wodnym-SGGW\/1495433364039140\" target=\"_blank\" rel=\"noopener\">Scientific Circle of Geoengineering<\/a><\/li>\n<li><a href=\"https:\/\/www.facebook.com\/gisowcy?fref=ts\" target=\"_blank\" rel=\"noopener\">Scientific Circle of GISowcy <\/a><\/li>\n<li><a href=\"http:\/\/skngp.sggw.pl\/\" target=\"_blank\" rel=\"noopener\">Scientific Circle of Spatial Management<\/a><\/li>\n<li><a href=\"http:\/\/animal.sggw.pl\/category\/kola-naukowe\/hodowcow-zwierzat-gospodarskich\/\" target=\"_blank\" rel=\"noopener\">Scientific Circle of Livestock Breeders<\/a><\/li>\n<li><a href=\"http:\/\/www.wzim.sggw.pl\/studia\/kola-naukowe\/silver-net-group\/\" target=\"_blank\" rel=\"noopener\">Silver.NET Computer Science Research Group<\/a><\/li>\n<li><a href=\"http:\/\/bluechip.sggw.pl\/\" target=\"_blank\" rel=\"noopener\">Science Club of Blue Chip Investments<\/a><\/li>\n<li>Scientific Circle of Ecological Engineering<\/li>\n<li><a href=\"http:\/\/knl.sggw.pl\/\" target=\"_blank\" rel=\"noopener\">Scientific Circle of Foresters<\/a><\/li>\n<li><a href=\"http:\/\/knlog.sggw.pl\/\" target=\"_blank\" rel=\"noopener\">Logistics Scientific Circle<\/a><\/li>\n<li>Insight Marketers Science Club<\/li>\n<li>Scientific Circle of Furniture Industry<\/li>\n<li><a href=\"http:\/\/knmw.sggw.pl\/\">Scientific Circle of Veterinary Medics<\/a> <\/li>\n<li>Scientific Circle for International Economic and European Relations<\/li>\n<li><a href=\"https:\/\/www.facebook.com\/sknmEZA\" target=\"_blank\" rel=\"noopener\">Scientific Circle of Microbiologists EZA<\/a><\/li>\n<li><a href=\"https:\/\/kmdsggw.wordpress.com\/\" target=\"_blank\" rel=\"noopener\">Scientific Circle of Young Diplomats<\/a><\/li>\n<li><a href=\"https:\/\/knocnc.wordpress.com\/\" target=\"_blank\" rel=\"noopener\">Scientific Circle of CNC Machine Tools<\/a><\/li>\n<\/ol>\n\n                    <\/div>\n                <\/div>\n            <\/section>\t\t<\/div>\n\t\t\t\t<\/div>\n\t\t\t\t\t<\/div>\n\t\t<\/div>\n\t\t\t\t<div class=\"elementor-column elementor-col-50 elementor-top-column elementor-element elementor-element-54ab12c\" data-id=\"54ab12c\" data-element_type=\"column\">\n\t\t\t<div class=\"elementor-widget-wrap elementor-element-populated\">\n\t\t\t\t\t\t<div class=\"elementor-element elementor-element-8f37a67 elementor-widget elementor-widget-w12\" data-id=\"8f37a67\" data-element_type=\"widget\" data-widget_type=\"w12.default\">\n\t\t\t\t<div class=\"elementor-widget-container\">\n\t\t\t<section>\n                <div class=\"mn-grid\">\n                    <div class=\"mn-grid-12 mn-mod-text-links\">\n                        <ol>\n<li><a href=\"http:\/\/wtd.sggw.pl\/Content\/kola-naukowe\" target=\"_blank\" rel=\"noopener\">Scientific Circle for Wood Protection and Conservation<\/a><\/li>\n<li><a href=\"http:\/\/msos.sggw.pl\/category\/kn\/\" target=\"_blank\" rel=\"noopener\">Environmental Science Circle<\/a><\/li>\n<li><a href=\"http:\/\/kno.woiak.sggw.pl\/\" target=\"_blank\" rel=\"noopener\">Scientific Circle of Gardeners<\/a><\/li>\n<li>Scientific Circle of Pedagogues<\/li>\n<li>Scientific Circle of the Polish Association of Construction Engineers and Technicians<\/li>\n<li>Academic Club ACAD Project<\/li>\n<li>Scientific Circle of Entrepreneurship Profit<\/li>\n<li><a href=\"http:\/\/wtd.sggw.pl\/Content\/kola-naukowe\" target=\"_blank\" rel=\"noopener\">Entrepreneurial Technologist Science Club<\/a><\/li>\n<li>Public Relations Scientific Circle<\/li>\n<li><a href=\"https:\/\/www.facebook.com\/KNKreatywnosc\" target=\"_blank\" rel=\"noopener\">Academic Circle of Accounting and Audit Creativity<\/a><\/li>\n<li><a href=\"http:\/\/agrobiol.sggw.waw.pl\/~knr\/\" target=\"_blank\" rel=\"noopener\">Farmers&#8217; Scientific Circle<\/a><\/li>\n<li>Scientific Circle of Sociology<\/li>\n<li><a href=\"https:\/\/wns.sggw.pl\/kolo-naukowe-spolecznych-aktywnosci-studenckich\">Scientific Circle of Social Student Activity<\/a><\/li>\n<li>Scientific Circle School of Finance<\/li>\n<li><a href=\"http:\/\/wtd.sggw.pl\/Content\/kola-naukowe\" target=\"_blank\" rel=\"noopener\">Scientific Circle of Wood Technologists<\/a><\/li>\n<li>Scientific Circle of Food Technologists<\/li>\n<li><a href=\"http:\/\/wip.sggw.pl\/2575\" target=\"_blank\" rel=\"noopener\">Scientific Circle of the Faculty of Manufacturing Engineering<\/a><\/li>\n<li><a href=\"http:\/\/knwnoz.sggw.pl\/\" target=\"_blank\" rel=\"noopener\">Scientific Circle of the Faculty of Animal Sciences<\/a><\/li>\n<li><a href=\"http:\/\/wnoz.sggw.pl\/en\/?p=5713\" target=\"_blank\" rel=\"noopener\">Scientific Circle of Quality Management<\/a><\/li>\n<li>Scientific Circle of Experimental and Laboratory Animals<\/li>\n<li><a href=\"https:\/\/www.facebook.com\/knzzsggw\" target=\"_blank\" rel=\"noopener\">Scientific Circle of Animal Nutrition<\/a><\/li>\n<li>Scientific Circle of Nutritionists<\/li>\n<li>Responsible Business Scientific Circle &#8220;ENACTUS&#8221;<\/li>\n<li>Inter-departmental Scientific Circle of Biologists<\/li>\n<li><a href=\"http:\/\/mkne.sggw.pl\/\" target=\"_blank\" rel=\"noopener\">Inter-faculty Scientific Circle of Eco-engineering<\/a><\/li>\n<li><a href=\"http:\/\/mknmenedzer.sggw.pl\/\" target=\"_blank\" rel=\"noopener\">Manager Interdepartmental Science Club<\/a><\/li>\n<li>Interfaculty Scientific Circle of Nanobiotechnology<\/li>\n<li>The Argonauts Inter-Faculty Scientific Circle for Interdisciplinary Research<\/li>\n<li>Inter-departmental Tourism Science Circle<\/li>\n<li>Interfaculty Scientific Group Green Chemistry<\/li>\n<li>Student Photography Club<\/li>\n<\/ol>\n\n                    <\/div>\n                <\/div>\n            <\/section>\t\t<\/div>\n\t\t\t\t<\/div>\n\t\t\t\t\t<\/div>\n\t\t<\/div>\n\t\t\t\t\t<\/div>\n\t\t<\/section>\n\t\t\t\t<\/div>\n\t\t","protected":false},"excerpt":{"rendered":"<p>Review of the achievements of scientific circles REDINUX IT Association Scientific Circle of Anthropologists Scientific Circle of Landscape Architects Aves Science Circle Scientific Circle of Biotechnologies Scientific Circle of Engineering Construction Scientific Circle of Water and Melioration Construction Business Intelligence Group SAS Wood Technology Chemical Scientific Circle Science Club of Dieticians Scientific Circle of Economists [&hellip;]<\/p>\n","protected":false},"author":1,"featured_media":0,"parent":12723,"menu_order":0,"comment_status":"closed","ping_status":"closed","template":"","meta":{"_acf_changed":false,"footnotes":""},"class_list":["post-16948","page","type-page","status-publish","hentry"],"acf":[],"_links":{"self":[{"href":"https:\/\/www.sggw.edu.pl\/en\/wp-json\/wp\/v2\/pages\/16948","targetHints":{"allow":["GET"]}}],"collection":[{"href":"https:\/\/www.sggw.edu.pl\/en\/wp-json\/wp\/v2\/pages"}],"about":[{"href":"https:\/\/www.sggw.edu.pl\/en\/wp-json\/wp\/v2\/types\/page"}],"author":[{"embeddable":true,"href":"https:\/\/www.sggw.edu.pl\/en\/wp-json\/wp\/v2\/users\/1"}],"replies":[{"embeddable":true,"href":"https:\/\/www.sggw.edu.pl\/en\/wp-json\/wp\/v2\/comments?post=16948"}],"version-history":[{"count":1,"href":"https:\/\/www.sggw.edu.pl\/en\/wp-json\/wp\/v2\/pages\/16948\/revisions"}],"predecessor-version":[{"id":16996,"href":"https:\/\/www.sggw.edu.pl\/en\/wp-json\/wp\/v2\/pages\/16948\/revisions\/16996"}],"up":[{"embeddable":true,"href":"https:\/\/www.sggw.edu.pl\/en\/wp-json\/wp\/v2\/pages\/12723"}],"wp:attachment":[{"href":"https:\/\/www.sggw.edu.pl\/en\/wp-json\/wp\/v2\/media?parent=16948"}],"curies":[{"name":"wp","href":"https:\/\/api.w.org\/{rel}","templated":true}]}}