{"id":17570,"date":"2021-02-26T14:47:46","date_gmt":"2021-02-26T13:47:46","guid":{"rendered":"https:\/\/www.sggw.edu.pl\/home\/studies\/why-study-at-sggw\/"},"modified":"2023-10-27T14:19:07","modified_gmt":"2023-10-27T12:19:07","slug":"why-study-at-sggw","status":"publish","type":"page","link":"https:\/\/www.sggw.edu.pl\/en\/studies\/why-study-at-sggw\/","title":{"rendered":"Why study at SGGW?"},"content":{"rendered":"\t\t<div data-elementor-type=\"wp-page\" data-elementor-id=\"17570\" class=\"elementor elementor-17570\" data-elementor-post-type=\"page\">\n\t\t\t\t\t\t<section class=\"elementor-section elementor-top-section elementor-element elementor-element-165997f elementor-section-boxed elementor-section-height-default elementor-section-height-default\" data-id=\"165997f\" data-element_type=\"section\">\n\t\t\t\t\t\t<div class=\"elementor-container elementor-column-gap-default\">\n\t\t\t\t\t<div class=\"elementor-column elementor-col-100 elementor-top-column elementor-element elementor-element-fc9ae0d\" data-id=\"fc9ae0d\" data-element_type=\"column\">\n\t\t\t<div class=\"elementor-widget-wrap elementor-element-populated\">\n\t\t\t\t\t\t<div class=\"elementor-element elementor-element-d019a20 elementor-widget elementor-widget-wp-widget-bcn_widget\" data-id=\"d019a20\" data-element_type=\"widget\" data-widget_type=\"wp-widget-bcn_widget.default\">\n\t\t\t\t<div class=\"elementor-widget-container\">\n\t\t\t<div class=\"mn-grid breadcrumb\">\n                                    <div class=\"breadcrumb-inner mn-grid-12\"><div class=\"breadcrumbs\" vocab=\"https:\/\/schema.org\/\" typeof=\"BreadcrumbList\"><span property=\"itemListElement\" typeof=\"ListItem\"><a property=\"item\" typeof=\"WebPage\" title=\"Go to Szko\u0142a G\u0142\u00f3wna Gospodarstwa Wiejskiego w Warszawie.\" href=\"https:\/\/www.sggw.edu.pl\/en\/\" class=\"home\" aria-current=\"page\"><span property=\"name\">Home<\/span><\/a><meta property=\"position\" content=\"1\"><\/span><\/div>    <\/div>\n                                <\/div>\t\t<\/div>\n\t\t\t\t<\/div>\n\t\t\t\t\t<\/div>\n\t\t<\/div>\n\t\t\t\t\t<\/div>\n\t\t<\/section>\n\t\t\t\t<section class=\"elementor-section elementor-top-section elementor-element elementor-element-f3d7744 elementor-section-boxed elementor-section-height-default elementor-section-height-default\" data-id=\"f3d7744\" data-element_type=\"section\">\n\t\t\t\t\t\t<div class=\"elementor-container elementor-column-gap-default\">\n\t\t\t\t\t<div class=\"elementor-column elementor-col-100 elementor-top-column elementor-element elementor-element-48e26ad\" data-id=\"48e26ad\" data-element_type=\"column\">\n\t\t\t<div class=\"elementor-widget-wrap elementor-element-populated\">\n\t\t\t\t\t\t<div class=\"elementor-element elementor-element-0bdcc76 elementor-widget elementor-widget-post-title\" data-id=\"0bdcc76\" data-element_type=\"widget\" data-widget_type=\"post-title.default\">\n\t\t\t\t<div class=\"elementor-widget-container\">\n\t\t\t<section>\n                    <div class=\"mn-grid entry-header-inner section-inner medium\">\n                        <h1 class=\"mn-grid-12 entry-title\" style=\"\">\n                            Why study at SGGW?\n                        <\/h1>\n                    <\/div>\n                <\/section>\t\t<\/div>\n\t\t\t\t<\/div>\n\t\t\t\t\t<\/div>\n\t\t<\/div>\n\t\t\t\t\t<\/div>\n\t\t<\/section>\n\t\t\t\t<section class=\"elementor-section elementor-top-section elementor-element elementor-element-fe34b77 elementor-section-boxed elementor-section-height-default elementor-section-height-default\" data-id=\"fe34b77\" data-element_type=\"section\">\n\t\t\t\t\t\t<div class=\"elementor-container elementor-column-gap-default\">\n\t\t\t\t\t<div class=\"elementor-column elementor-col-100 elementor-top-column elementor-element elementor-element-72ae170\" data-id=\"72ae170\" data-element_type=\"column\">\n\t\t\t<div class=\"elementor-widget-wrap elementor-element-populated\">\n\t\t\t\t\t\t<div class=\"elementor-element elementor-element-01bf0b1 elementor-widget elementor-widget-w11\" data-id=\"01bf0b1\" data-element_type=\"widget\" data-widget_type=\"w11.default\">\n\t\t\t\t<div class=\"elementor-widget-container\">\n\t\t\t<section><div class=\"mn-grid\"><ul class=\"mn-grid-12 mn-mod-links-text-3\"><li>\n                            <a href=\"\" class=\"mn-pointer-event-off\">\n                                <span>Recruitment<\/span>\n                            <\/a>\n                        <\/li><li>\n                            <a href=\"https:\/\/www.sggw.edu.pl\/en\/practical-information-for-students\/\" >\n                                <span>Practical information<\/span>\n                            <\/a>\n                        <\/li><li>\n                            <a href=\"https:\/\/www.sggw.edu.pl\/en\/collaboration-and-services\/international-cooperation\/erasmus-for-students-partner-countries-outside-the-eu\/\" >\n                                <span>International cooperation<\/span>\n                            <\/a>\n                        <\/li><li>\n                            <a href=\"\" class=\"mn-pointer-event-off\">\n                                <span>Forms of education<\/span>\n                            <\/a>\n                        <\/li><li>\n                            <a href=\"\" class=\"mn-pointer-event-off\">\n                                <span>Fields of study<\/span>\n                            <\/a>\n                        <\/li><\/ul><\/div><\/section>\t\t<\/div>\n\t\t\t\t<\/div>\n\t\t\t\t<div class=\"elementor-element elementor-element-4dc7c82 elementor-widget elementor-widget-w33\" data-id=\"4dc7c82\" data-element_type=\"widget\" data-widget_type=\"w33.default\">\n\t\t\t\t<div class=\"elementor-widget-container\">\n\t\t\t<section>\n            <div class=\"mn-grid\">\n                <div class=\"mn-vertical-separator\">\n                    \n                <\/div>\n            <\/section>\t\t<\/div>\n\t\t\t\t<\/div>\n\t\t\t\t\t<\/div>\n\t\t<\/div>\n\t\t\t\t\t<\/div>\n\t\t<\/section>\n\t\t\t\t<section class=\"elementor-section elementor-top-section elementor-element elementor-element-118940f elementor-section-boxed elementor-section-height-default elementor-section-height-default\" data-id=\"118940f\" data-element_type=\"section\">\n\t\t\t\t\t\t<div class=\"elementor-container elementor-column-gap-default\">\n\t\t\t\t\t<div class=\"elementor-column elementor-col-50 elementor-top-column elementor-element elementor-element-c5392c6\" data-id=\"c5392c6\" data-element_type=\"column\">\n\t\t\t<div class=\"elementor-widget-wrap elementor-element-populated\">\n\t\t\t\t\t\t<div class=\"elementor-element elementor-element-81c6b78 elementor-widget elementor-widget-w12\" data-id=\"81c6b78\" data-element_type=\"widget\" data-widget_type=\"w12.default\">\n\t\t\t\t<div class=\"elementor-widget-container\">\n\t\t\t<section>\n                <div class=\"mn-grid\">\n                    <div class=\"mn-grid-12 mn-mod-text-links\">\n                        <p><strong>SGGW is not only a university &#8211; it&#8217;s a lifestyle!<\/strong><\/p><p style=\"text-align: justify\">Warsaw University of Life Sciences is one of the largest and most prestigious universities in the country. It educates nearly 16,000 people. students in 41 fields of study (including 12 conducted in English) &#8211; from veterinary and landscape architecture, through economics and IT, to tourism and dietetics. It employs 1,200 academic teachers, with a modern campus and excellent research and teaching conditions.<\/p><p style=\"text-align: justify\">As befits a modern 21st century university, the campus provides students with everything they need. On 72 hectares of land in the heart of the green Ursyn\u00f3w in Warsaw, you can live, study and spend time with friends. On site you will find, among others: the cult Dziekanat club, swimming pool, sports halls, sports fields and indoor tennis courts.<\/p><p style=\"text-align: justify\">WULS-SGGW is also friendships for life. 4,000 places are waiting for students in 14 well-equipped dormitories. You can choose from numerous student clubs, AZS, the Folk Art Group &#8220;Promni&#8221; and the university choir. Because nothing connects us like a shared passion!<\/p><p style=\"text-align: justify\">Join us! Welcome!<\/p>\n                    <\/div>\n                <\/div>\n            <\/section>\t\t<\/div>\n\t\t\t\t<\/div>\n\t\t\t\t\t<\/div>\n\t\t<\/div>\n\t\t\t\t<div class=\"elementor-column elementor-col-50 elementor-top-column elementor-element elementor-element-a3e0eee\" data-id=\"a3e0eee\" data-element_type=\"column\" data-settings=\"{&quot;background_background&quot;:&quot;slideshow&quot;,&quot;background_slideshow_gallery&quot;:[{&quot;id&quot;:&quot;9890&quot;,&quot;url&quot;:&quot;https:\\\/\\\/www.sggw.edu.pl\\\/wp-content\\\/uploads\\\/2020\\\/11\\\/SGGW_3.jpg&quot;}],&quot;background_slideshow_loop&quot;:&quot;yes&quot;,&quot;background_slideshow_slide_duration&quot;:5000,&quot;background_slideshow_slide_transition&quot;:&quot;fade&quot;,&quot;background_slideshow_transition_duration&quot;:500}\">\n\t\t\t<div class=\"elementor-widget-wrap\">\n\t\t\t\t\t\t\t<\/div>\n\t\t<\/div>\n\t\t\t\t\t<\/div>\n\t\t<\/section>\n\t\t\t\t<section class=\"elementor-section elementor-top-section elementor-element elementor-element-b1e3e74 elementor-section-boxed elementor-section-height-default elementor-section-height-default\" data-id=\"b1e3e74\" data-element_type=\"section\">\n\t\t\t\t\t\t<div class=\"elementor-container elementor-column-gap-default\">\n\t\t\t\t\t<div class=\"elementor-column elementor-col-100 elementor-top-column elementor-element elementor-element-d1359a3\" data-id=\"d1359a3\" data-element_type=\"column\">\n\t\t\t<div class=\"elementor-widget-wrap elementor-element-populated\">\n\t\t\t\t\t\t<div class=\"elementor-element elementor-element-6d1a1d1 elementor-widget elementor-widget-w33\" data-id=\"6d1a1d1\" data-element_type=\"widget\" data-widget_type=\"w33.default\">\n\t\t\t\t<div class=\"elementor-widget-container\">\n\t\t\t<section>\n            <div class=\"mn-grid\">\n                <div class=\"mn-vertical-separator\">\n                    \n                <\/div>\n            <\/section>\t\t<\/div>\n\t\t\t\t<\/div>\n\t\t\t\t<div class=\"elementor-element elementor-element-03cf1ec elementor-widget elementor-widget-image-gallery\" data-id=\"03cf1ec\" data-element_type=\"widget\" data-widget_type=\"image-gallery.default\">\n\t\t\t\t<div class=\"elementor-widget-container\">\n\t\t\t        <div class=\"mn-gallery elementor-image-gallery\">\n            <div id='gallery-1' class='gallery galleryid-17570 gallery-columns-1 gallery-size-large'><figure class='gallery-item'>\n\t\t\t<div class='gallery-icon landscape'>\n\t\t\t\t<a data-elementor-open-lightbox=\"yes\" data-elementor-lightbox-slideshow=\"03cf1ec\" data-elementor-lightbox-title=\"SGGW_20\" data-e-action-hash=\"#elementor-action%3Aaction%3Dlightbox%26settings%3DeyJpZCI6OTg4MSwidXJsIjoiaHR0cHM6XC9cL3d3dy5zZ2d3LmVkdS5wbFwvd3AtY29udGVudFwvdXBsb2Fkc1wvMjAyMFwvMTFcL1NHR1dfMjAuanBnIiwic2xpZGVzaG93IjoiMDNjZjFlYyJ9\" href='https:\/\/www.sggw.edu.pl\/wp-content\/uploads\/2020\/11\/SGGW_20.jpg'><img fetchpriority=\"high\" decoding=\"async\" width=\"580\" height=\"386\" src=\"https:\/\/www.sggw.edu.pl\/wp-content\/uploads\/2020\/11\/SGGW_20-1024x682.jpg\" class=\"attachment-large size-large\" alt=\"\" srcset=\"https:\/\/www.sggw.edu.pl\/wp-content\/uploads\/2020\/11\/SGGW_20-1024x682.jpg 1024w, https:\/\/www.sggw.edu.pl\/wp-content\/uploads\/2020\/11\/SGGW_20-300x200.jpg 300w, https:\/\/www.sggw.edu.pl\/wp-content\/uploads\/2020\/11\/SGGW_20-768x512.jpg 768w, https:\/\/www.sggw.edu.pl\/wp-content\/uploads\/2020\/11\/SGGW_20-1536x1023.jpg 1536w, https:\/\/www.sggw.edu.pl\/wp-content\/uploads\/2020\/11\/SGGW_20-2048x1364.jpg 2048w, https:\/\/www.sggw.edu.pl\/wp-content\/uploads\/2020\/11\/SGGW_20-1200x799.jpg 1200w, https:\/\/www.sggw.edu.pl\/wp-content\/uploads\/2020\/11\/SGGW_20-1980x1319.jpg 1980w\" sizes=\"(max-width: 580px) 100vw, 580px\" \/><\/a>\n\t\t\t<\/div><\/figure><figure class='gallery-item'>\n\t\t\t<div class='gallery-icon landscape'>\n\t\t\t\t<a data-elementor-open-lightbox=\"yes\" data-elementor-lightbox-slideshow=\"03cf1ec\" data-elementor-lightbox-title=\"SGGW_15\" data-e-action-hash=\"#elementor-action%3Aaction%3Dlightbox%26settings%3DeyJpZCI6OTg4NSwidXJsIjoiaHR0cHM6XC9cL3d3dy5zZ2d3LmVkdS5wbFwvd3AtY29udGVudFwvdXBsb2Fkc1wvMjAyMFwvMTFcL1NHR1dfMTUtc2NhbGVkLmpwZyIsInNsaWRlc2hvdyI6IjAzY2YxZWMifQ%3D%3D\" href='https:\/\/www.sggw.edu.pl\/wp-content\/uploads\/2020\/11\/SGGW_15-scaled.jpg'><img decoding=\"async\" width=\"580\" height=\"387\" src=\"https:\/\/www.sggw.edu.pl\/wp-content\/uploads\/2020\/11\/SGGW_15-1024x683.jpg\" class=\"attachment-large size-large\" alt=\"\" srcset=\"https:\/\/www.sggw.edu.pl\/wp-content\/uploads\/2020\/11\/SGGW_15-1024x683.jpg 1024w, https:\/\/www.sggw.edu.pl\/wp-content\/uploads\/2020\/11\/SGGW_15-300x200.jpg 300w, https:\/\/www.sggw.edu.pl\/wp-content\/uploads\/2020\/11\/SGGW_15-768x512.jpg 768w, https:\/\/www.sggw.edu.pl\/wp-content\/uploads\/2020\/11\/SGGW_15-1536x1024.jpg 1536w, https:\/\/www.sggw.edu.pl\/wp-content\/uploads\/2020\/11\/SGGW_15-2048x1365.jpg 2048w, https:\/\/www.sggw.edu.pl\/wp-content\/uploads\/2020\/11\/SGGW_15-1200x800.jpg 1200w, https:\/\/www.sggw.edu.pl\/wp-content\/uploads\/2020\/11\/SGGW_15-1980x1320.jpg 1980w\" sizes=\"(max-width: 580px) 100vw, 580px\" \/><\/a>\n\t\t\t<\/div><\/figure><figure class='gallery-item'>\n\t\t\t<div class='gallery-icon landscape'>\n\t\t\t\t<a data-elementor-open-lightbox=\"yes\" data-elementor-lightbox-slideshow=\"03cf1ec\" data-elementor-lightbox-title=\"SGGW_11\" data-e-action-hash=\"#elementor-action%3Aaction%3Dlightbox%26settings%3DeyJpZCI6OTg4NywidXJsIjoiaHR0cHM6XC9cL3d3dy5zZ2d3LmVkdS5wbFwvd3AtY29udGVudFwvdXBsb2Fkc1wvMjAyMFwvMTFcL1NHR1dfMTEtc2NhbGVkLmpwZyIsInNsaWRlc2hvdyI6IjAzY2YxZWMifQ%3D%3D\" href='https:\/\/www.sggw.edu.pl\/wp-content\/uploads\/2020\/11\/SGGW_11-scaled.jpg'><img decoding=\"async\" width=\"580\" height=\"387\" src=\"https:\/\/www.sggw.edu.pl\/wp-content\/uploads\/2020\/11\/SGGW_11-1024x683.jpg\" class=\"attachment-large size-large\" alt=\"\" srcset=\"https:\/\/www.sggw.edu.pl\/wp-content\/uploads\/2020\/11\/SGGW_11-1024x683.jpg 1024w, https:\/\/www.sggw.edu.pl\/wp-content\/uploads\/2020\/11\/SGGW_11-300x200.jpg 300w, https:\/\/www.sggw.edu.pl\/wp-content\/uploads\/2020\/11\/SGGW_11-768x512.jpg 768w, https:\/\/www.sggw.edu.pl\/wp-content\/uploads\/2020\/11\/SGGW_11-1536x1024.jpg 1536w, https:\/\/www.sggw.edu.pl\/wp-content\/uploads\/2020\/11\/SGGW_11-2048x1365.jpg 2048w, https:\/\/www.sggw.edu.pl\/wp-content\/uploads\/2020\/11\/SGGW_11-1200x800.jpg 1200w, https:\/\/www.sggw.edu.pl\/wp-content\/uploads\/2020\/11\/SGGW_11-1980x1320.jpg 1980w\" sizes=\"(max-width: 580px) 100vw, 580px\" \/><\/a>\n\t\t\t<\/div><\/figure><figure class='gallery-item'>\n\t\t\t<div class='gallery-icon landscape'>\n\t\t\t\t<a data-elementor-open-lightbox=\"yes\" data-elementor-lightbox-slideshow=\"03cf1ec\" data-elementor-lightbox-title=\"SGGW_5\" data-e-action-hash=\"#elementor-action%3Aaction%3Dlightbox%26settings%3DeyJpZCI6OTg4OSwidXJsIjoiaHR0cHM6XC9cL3d3dy5zZ2d3LmVkdS5wbFwvd3AtY29udGVudFwvdXBsb2Fkc1wvMjAyMFwvMTFcL1NHR1dfNS1zY2FsZWQuanBnIiwic2xpZGVzaG93IjoiMDNjZjFlYyJ9\" href='https:\/\/www.sggw.edu.pl\/wp-content\/uploads\/2020\/11\/SGGW_5-scaled.jpg'><img loading=\"lazy\" decoding=\"async\" width=\"580\" height=\"387\" src=\"https:\/\/www.sggw.edu.pl\/wp-content\/uploads\/2020\/11\/SGGW_5-1024x683.jpg\" class=\"attachment-large size-large\" alt=\"\" srcset=\"https:\/\/www.sggw.edu.pl\/wp-content\/uploads\/2020\/11\/SGGW_5-1024x683.jpg 1024w, https:\/\/www.sggw.edu.pl\/wp-content\/uploads\/2020\/11\/SGGW_5-300x200.jpg 300w, https:\/\/www.sggw.edu.pl\/wp-content\/uploads\/2020\/11\/SGGW_5-768x512.jpg 768w, https:\/\/www.sggw.edu.pl\/wp-content\/uploads\/2020\/11\/SGGW_5-1536x1024.jpg 1536w, https:\/\/www.sggw.edu.pl\/wp-content\/uploads\/2020\/11\/SGGW_5-2048x1365.jpg 2048w, https:\/\/www.sggw.edu.pl\/wp-content\/uploads\/2020\/11\/SGGW_5-1200x800.jpg 1200w, https:\/\/www.sggw.edu.pl\/wp-content\/uploads\/2020\/11\/SGGW_5-1980x1320.jpg 1980w\" sizes=\"(max-width: 580px) 100vw, 580px\" \/><\/a>\n\t\t\t<\/div><\/figure><figure class='gallery-item'>\n\t\t\t<div class='gallery-icon landscape'>\n\t\t\t\t<a data-elementor-open-lightbox=\"yes\" data-elementor-lightbox-slideshow=\"03cf1ec\" data-elementor-lightbox-title=\"sggw_kampus_dron\" data-e-action-hash=\"#elementor-action%3Aaction%3Dlightbox%26settings%3DeyJpZCI6OTg4MywidXJsIjoiaHR0cHM6XC9cL3d3dy5zZ2d3LmVkdS5wbFwvd3AtY29udGVudFwvdXBsb2Fkc1wvMjAyMFwvMTFcL3NnZ3dfa2FtcHVzX2Ryb24uanBnIiwic2xpZGVzaG93IjoiMDNjZjFlYyJ9\" href='https:\/\/www.sggw.edu.pl\/wp-content\/uploads\/2020\/11\/sggw_kampus_dron.jpg'><img loading=\"lazy\" decoding=\"async\" width=\"580\" height=\"325\" src=\"https:\/\/www.sggw.edu.pl\/wp-content\/uploads\/2020\/11\/sggw_kampus_dron-1024x573.jpg\" class=\"attachment-large size-large\" alt=\"\" srcset=\"https:\/\/www.sggw.edu.pl\/wp-content\/uploads\/2020\/11\/sggw_kampus_dron-1024x573.jpg 1024w, https:\/\/www.sggw.edu.pl\/wp-content\/uploads\/2020\/11\/sggw_kampus_dron-300x168.jpg 300w, https:\/\/www.sggw.edu.pl\/wp-content\/uploads\/2020\/11\/sggw_kampus_dron-768x430.jpg 768w, https:\/\/www.sggw.edu.pl\/wp-content\/uploads\/2020\/11\/sggw_kampus_dron-1536x860.jpg 1536w, https:\/\/www.sggw.edu.pl\/wp-content\/uploads\/2020\/11\/sggw_kampus_dron-1200x672.jpg 1200w, https:\/\/www.sggw.edu.pl\/wp-content\/uploads\/2020\/11\/sggw_kampus_dron.jpg 1869w\" sizes=\"(max-width: 580px) 100vw, 580px\" \/><\/a>\n\t\t\t<\/div><\/figure>\n\t\t<\/div>\n        <\/div>\n        \t\t<\/div>\n\t\t\t\t<\/div>\n\t\t\t\t\t<\/div>\n\t\t<\/div>\n\t\t\t\t\t<\/div>\n\t\t<\/section>\n\t\t\t\t<\/div>\n\t\t","protected":false},"excerpt":{"rendered":"<p>Why study at SGGW? Recruitment Practical information International cooperation Forms of education Fields of study SGGW is not only a university &#8211; it&#8217;s a lifestyle! Warsaw University of Life Sciences is one of the largest and most prestigious universities in the country. It educates nearly 16,000 people. students in 41 fields of study (including 12 [&hellip;]<\/p>\n","protected":false},"author":1,"featured_media":0,"parent":12723,"menu_order":0,"comment_status":"closed","ping_status":"closed","template":"","meta":{"_acf_changed":false,"footnotes":""},"class_list":["post-17570","page","type-page","status-publish","hentry"],"acf":[],"_links":{"self":[{"href":"https:\/\/www.sggw.edu.pl\/en\/wp-json\/wp\/v2\/pages\/17570","targetHints":{"allow":["GET"]}}],"collection":[{"href":"https:\/\/www.sggw.edu.pl\/en\/wp-json\/wp\/v2\/pages"}],"about":[{"href":"https:\/\/www.sggw.edu.pl\/en\/wp-json\/wp\/v2\/types\/page"}],"author":[{"embeddable":true,"href":"https:\/\/www.sggw.edu.pl\/en\/wp-json\/wp\/v2\/users\/1"}],"replies":[{"embeddable":true,"href":"https:\/\/www.sggw.edu.pl\/en\/wp-json\/wp\/v2\/comments?post=17570"}],"version-history":[{"count":6,"href":"https:\/\/www.sggw.edu.pl\/en\/wp-json\/wp\/v2\/pages\/17570\/revisions"}],"predecessor-version":[{"id":176121,"href":"https:\/\/www.sggw.edu.pl\/en\/wp-json\/wp\/v2\/pages\/17570\/revisions\/176121"}],"up":[{"embeddable":true,"href":"https:\/\/www.sggw.edu.pl\/en\/wp-json\/wp\/v2\/pages\/12723"}],"wp:attachment":[{"href":"https:\/\/www.sggw.edu.pl\/en\/wp-json\/wp\/v2\/media?parent=17570"}],"curies":[{"name":"wp","href":"https:\/\/api.w.org\/{rel}","templated":true}]}}