{"id":17571,"date":"2021-02-26T14:47:46","date_gmt":"2021-02-26T13:47:46","guid":{"rendered":"https:\/\/www.sggw.edu.pl\/exchange-studies\/"},"modified":"2021-05-26T15:43:23","modified_gmt":"2021-05-26T13:43:23","slug":"exchange-studies","status":"publish","type":"page","link":"https:\/\/www.sggw.edu.pl\/en\/exchange-studies\/","title":{"rendered":"Exchange studies"},"content":{"rendered":"\t\t<div data-elementor-type=\"wp-page\" data-elementor-id=\"17571\" class=\"elementor elementor-17571\" data-elementor-post-type=\"page\">\n\t\t\t\t\t\t<section class=\"elementor-section elementor-top-section elementor-element elementor-element-6b979449 elementor-section-boxed elementor-section-height-default elementor-section-height-default\" data-id=\"6b979449\" data-element_type=\"section\">\n\t\t\t\t\t\t<div class=\"elementor-container elementor-column-gap-default\">\n\t\t\t\t\t<div class=\"elementor-column elementor-col-100 elementor-top-column elementor-element elementor-element-7e9602a5\" data-id=\"7e9602a5\" data-element_type=\"column\">\n\t\t\t<div class=\"elementor-widget-wrap elementor-element-populated\">\n\t\t\t\t\t\t<div class=\"elementor-element elementor-element-49f6523c elementor-widget elementor-widget-wp-widget-bcn_widget\" data-id=\"49f6523c\" data-element_type=\"widget\" data-widget_type=\"wp-widget-bcn_widget.default\">\n\t\t\t\t<div class=\"elementor-widget-container\">\n\t\t\t<div class=\"mn-grid breadcrumb\">\n                                    <div class=\"breadcrumb-inner mn-grid-12\"><div class=\"breadcrumbs\" vocab=\"https:\/\/schema.org\/\" typeof=\"BreadcrumbList\"><span property=\"itemListElement\" typeof=\"ListItem\"><a property=\"item\" typeof=\"WebPage\" title=\"Go to Szko\u0142a G\u0142\u00f3wna Gospodarstwa Wiejskiego w Warszawie.\" href=\"https:\/\/www.sggw.edu.pl\/en\/\" class=\"home\" aria-current=\"page\"><span property=\"name\">Home<\/span><\/a><meta property=\"position\" content=\"1\"><\/span><\/div>    <\/div>\n                                <\/div>\t\t<\/div>\n\t\t\t\t<\/div>\n\t\t\t\t<div class=\"elementor-element elementor-element-1d26fd66 elementor-widget elementor-widget-post-title\" data-id=\"1d26fd66\" data-element_type=\"widget\" data-widget_type=\"post-title.default\">\n\t\t\t\t<div class=\"elementor-widget-container\">\n\t\t\t<section>\n                    <div class=\"mn-grid entry-header-inner section-inner medium\">\n                        <h1 class=\"mn-grid-12 entry-title\" style=\"\">\n                            Exchange studies\n                        <\/h1>\n                    <\/div>\n                <\/section>\t\t<\/div>\n\t\t\t\t<\/div>\n\t\t\t\t<div class=\"elementor-element elementor-element-330b85b elementor-widget elementor-widget-w33\" data-id=\"330b85b\" data-element_type=\"widget\" data-widget_type=\"w33.default\">\n\t\t\t\t<div class=\"elementor-widget-container\">\n\t\t\t<section>\n            <div class=\"mn-grid\">\n                <div class=\"mn-vertical-separator-x2\">\n                    \n                <\/div>\n            <\/section>\t\t<\/div>\n\t\t\t\t<\/div>\n\t\t\t\t\t<\/div>\n\t\t<\/div>\n\t\t\t\t\t<\/div>\n\t\t<\/section>\n\t\t\t\t<section class=\"elementor-section elementor-top-section elementor-element elementor-element-bb82c74 elementor-section-boxed elementor-section-height-default elementor-section-height-default\" data-id=\"bb82c74\" data-element_type=\"section\">\n\t\t\t\t\t\t<div class=\"elementor-container elementor-column-gap-default\">\n\t\t\t\t\t<div class=\"elementor-column elementor-col-100 elementor-top-column elementor-element elementor-element-9c36241\" data-id=\"9c36241\" data-element_type=\"column\">\n\t\t\t<div class=\"elementor-widget-wrap elementor-element-populated\">\n\t\t\t\t\t\t<div class=\"elementor-element elementor-element-693f929 elementor-widget elementor-widget-W14\" data-id=\"693f929\" data-element_type=\"widget\" data-widget_type=\"W14.default\">\n\t\t\t\t<div class=\"elementor-widget-container\">\n\t\t\t <section>\n                        <div class=\"mn-grid mn-mod-achievements\"><div class=\"mn-mod-achievement mn-grid-6\">\n                            <a href=\"https:\/\/www.sggw.edu.pl\/en\/exchange-studies\/mostar\/\" >\n                                <div class=\"mn-mod-achievement-img\">\n                                <img decoding=\"async\" src=\"https:\/\/www.sggw.edu.pl\/wp-content\/plugins\/elementor-sggw\/assets\/images\/icons\/ikonka-medal.svg\" alt=\"\" \/>\n                                <\/div>    \n                                <h3>MostAR<\/h3>\n                            <\/a>\n                        <\/div><div class=\"mn-mod-achievement mn-grid-6\">\n                            <a href=\"https:\/\/www.sggw.edu.pl\/en\/collaboration-and-services\/international-cooperation\/erasmus\/\" >\n                                <div class=\"mn-mod-achievement-img\">\n                                <img decoding=\"async\" src=\"https:\/\/www.sggw.edu.pl\/wp-content\/plugins\/elementor-sggw\/assets\/images\/icons\/ikonka-medal.svg\" alt=\"\" \/>\n                                <\/div>    \n                                <h3>ERASMUS +<\/h3>\n                            <\/a>\n                        <\/div> <\/div><\/section>\t\t<\/div>\n\t\t\t\t<\/div>\n\t\t\t\t\t<\/div>\n\t\t<\/div>\n\t\t\t\t\t<\/div>\n\t\t<\/section>\n\t\t\t\t<\/div>\n\t\t","protected":false},"excerpt":{"rendered":"<p>MostAR ERASMUS +<\/p>\n","protected":false},"author":1,"featured_media":0,"parent":0,"menu_order":0,"comment_status":"closed","ping_status":"closed","template":"","meta":{"_acf_changed":false,"footnotes":""},"class_list":["post-17571","page","type-page","status-publish","hentry"],"acf":[],"_links":{"self":[{"href":"https:\/\/www.sggw.edu.pl\/en\/wp-json\/wp\/v2\/pages\/17571","targetHints":{"allow":["GET"]}}],"collection":[{"href":"https:\/\/www.sggw.edu.pl\/en\/wp-json\/wp\/v2\/pages"}],"about":[{"href":"https:\/\/www.sggw.edu.pl\/en\/wp-json\/wp\/v2\/types\/page"}],"author":[{"embeddable":true,"href":"https:\/\/www.sggw.edu.pl\/en\/wp-json\/wp\/v2\/users\/1"}],"replies":[{"embeddable":true,"href":"https:\/\/www.sggw.edu.pl\/en\/wp-json\/wp\/v2\/comments?post=17571"}],"version-history":[{"count":2,"href":"https:\/\/www.sggw.edu.pl\/en\/wp-json\/wp\/v2\/pages\/17571\/revisions"}],"predecessor-version":[{"id":17610,"href":"https:\/\/www.sggw.edu.pl\/en\/wp-json\/wp\/v2\/pages\/17571\/revisions\/17610"}],"wp:attachment":[{"href":"https:\/\/www.sggw.edu.pl\/en\/wp-json\/wp\/v2\/media?parent=17571"}],"curies":[{"name":"wp","href":"https:\/\/api.w.org\/{rel}","templated":true}]}}