{"id":17582,"date":"2021-02-26T14:48:15","date_gmt":"2021-02-26T13:48:15","guid":{"rendered":"https:\/\/www.sggw.edu.pl\/home\/studies\/practical-information-for-students\/nnw-insurance\/"},"modified":"2023-11-06T15:35:18","modified_gmt":"2023-11-06T14:35:18","slug":"nnw-insurance","status":"publish","type":"page","link":"https:\/\/www.sggw.edu.pl\/en\/studies\/nnw-insurance\/","title":{"rendered":"NNW insurance"},"content":{"rendered":"\t\t<div data-elementor-type=\"wp-page\" data-elementor-id=\"17582\" class=\"elementor elementor-17582\" data-elementor-post-type=\"page\">\n\t\t\t\t\t\t<section class=\"elementor-section elementor-top-section elementor-element elementor-element-d47356 elementor-section-boxed elementor-section-height-default elementor-section-height-default\" data-id=\"d47356\" data-element_type=\"section\">\n\t\t\t\t\t\t<div class=\"elementor-container elementor-column-gap-default\">\n\t\t\t\t\t<div class=\"elementor-column elementor-col-100 elementor-top-column elementor-element elementor-element-381f3604\" data-id=\"381f3604\" data-element_type=\"column\">\n\t\t\t<div class=\"elementor-widget-wrap elementor-element-populated\">\n\t\t\t\t\t\t<div class=\"elementor-element elementor-element-76a5a661 elementor-widget elementor-widget-wp-widget-bcn_widget\" data-id=\"76a5a661\" data-element_type=\"widget\" data-widget_type=\"wp-widget-bcn_widget.default\">\n\t\t\t\t<div class=\"elementor-widget-container\">\n\t\t\t<div class=\"mn-grid breadcrumb\">\n                                    <div class=\"breadcrumb-inner mn-grid-12\"><div class=\"breadcrumbs\" vocab=\"https:\/\/schema.org\/\" typeof=\"BreadcrumbList\"><span property=\"itemListElement\" typeof=\"ListItem\"><a property=\"item\" typeof=\"WebPage\" title=\"Go to Szko\u0142a G\u0142\u00f3wna Gospodarstwa Wiejskiego w Warszawie.\" href=\"https:\/\/www.sggw.edu.pl\/en\/\" class=\"home\" aria-current=\"page\"><span property=\"name\">Home<\/span><\/a><meta property=\"position\" content=\"1\"><\/span><\/div>    <\/div>\n                                <\/div>\t\t<\/div>\n\t\t\t\t<\/div>\n\t\t\t\t<div class=\"elementor-element elementor-element-5d17e3e3 elementor-widget elementor-widget-post-title\" data-id=\"5d17e3e3\" data-element_type=\"widget\" data-widget_type=\"post-title.default\">\n\t\t\t\t<div class=\"elementor-widget-container\">\n\t\t\t<section>\n                    <div class=\"mn-grid entry-header-inner section-inner medium\">\n                        <h1 class=\"mn-grid-12 entry-title\" style=\"\">\n                            NNW insurance\n                        <\/h1>\n                    <\/div>\n                <\/section>\t\t<\/div>\n\t\t\t\t<\/div>\n\t\t\t\t\t<\/div>\n\t\t<\/div>\n\t\t\t\t\t<\/div>\n\t\t<\/section>\n\t\t\t\t<section class=\"elementor-section elementor-top-section elementor-element elementor-element-709026f elementor-section-boxed elementor-section-height-default elementor-section-height-default\" data-id=\"709026f\" data-element_type=\"section\">\n\t\t\t\t\t\t<div class=\"elementor-container elementor-column-gap-default\">\n\t\t\t\t\t<div class=\"elementor-column elementor-col-100 elementor-top-column elementor-element elementor-element-23c748f\" data-id=\"23c748f\" data-element_type=\"column\">\n\t\t\t<div class=\"elementor-widget-wrap elementor-element-populated\">\n\t\t\t\t\t\t<div class=\"elementor-element elementor-element-8f9f3bb elementor-widget elementor-widget-w12\" data-id=\"8f9f3bb\" data-element_type=\"widget\" data-widget_type=\"w12.default\">\n\t\t\t\t<div class=\"elementor-widget-container\">\n\t\t\t<section>\n                <div class=\"mn-grid\">\n                    <div class=\"mn-grid-12 mn-mod-text-links\">\n                        <p>We encourage all students to take advantage of<strong> insurance of the consequences of accidents for the academic year 2023\/2024.<\/strong><\/p>\n                    <\/div>\n                <\/div>\n            <\/section>\t\t<\/div>\n\t\t\t\t<\/div>\n\t\t\t\t<div class=\"elementor-element elementor-element-2bb19c6 elementor-widget elementor-widget-w33\" data-id=\"2bb19c6\" data-element_type=\"widget\" data-widget_type=\"w33.default\">\n\t\t\t\t<div class=\"elementor-widget-container\">\n\t\t\t<section>\n            <div class=\"mn-grid\">\n                <div class=\"mn-vertical-separator-x2\">\n                    \n                <\/div>\n            <\/section>\t\t<\/div>\n\t\t\t\t<\/div>\n\t\t\t\t\t<\/div>\n\t\t<\/div>\n\t\t\t\t\t<\/div>\n\t\t<\/section>\n\t\t\t\t<section class=\"elementor-section elementor-top-section elementor-element elementor-element-527ea30 elementor-section-boxed elementor-section-height-default elementor-section-height-default\" data-id=\"527ea30\" data-element_type=\"section\">\n\t\t\t\t\t\t<div class=\"elementor-container elementor-column-gap-default\">\n\t\t\t\t\t<div class=\"elementor-column elementor-col-100 elementor-top-column elementor-element elementor-element-d3b013d\" data-id=\"d3b013d\" data-element_type=\"column\">\n\t\t\t<div class=\"elementor-widget-wrap elementor-element-populated\">\n\t\t\t\t\t\t<div class=\"elementor-element elementor-element-6a5be89 elementor-widget elementor-widget-w12\" data-id=\"6a5be89\" data-element_type=\"widget\" data-widget_type=\"w12.default\">\n\t\t\t\t<div class=\"elementor-widget-container\">\n\t\t\t<section>\n                <div class=\"mn-grid\">\n                    <div class=\"mn-grid-12 mn-mod-text-links\">\n                        <div class=\"elementor-element elementor-element-8c43354 elementor-widget elementor-widget-w30\" data-id=\"8c43354\" data-element_type=\"widget\" data-widget_type=\"w30.default\"><div class=\"elementor-widget-container\"><h3>PERSONAL ACCIDENT INSURANCE<\/h3><\/div><\/div><div class=\"elementor-element elementor-element-fe4586f elementor-widget elementor-widget-w12\" data-id=\"fe4586f\" data-element_type=\"widget\" data-widget_type=\"w12.default\"><div class=\"elementor-widget-container\"><section><div class=\"mn-grid\"><div class=\"mn-grid-12 mn-mod-text-links\"><p><strong>Personal accident insurance for students and doctoral students of Warsaw University of Life Sciences<\/strong><\/p><p>The insurance is voluntary and any international student may purchase additional accident insurance.<\/p><p>The insurance is effective from October 1, 2023 to September 30, 2024.<\/p><p><strong>How to buy Personal Accident Insurance?<\/strong><br \/>Please follow this instruction step-by-step\u00a0\u00a0<a href=\"http:\/\/www.sggw.edu.pl\/wp-content\/uploads\/2023\/11\/nnw-2023_24.pdf?x76456\">instruction<\/a><\/p><p>The scope of insurance and the amount of benefits<br \/>in the PZU Edukacja personal insurance (NNW) programme for SGGW Students\/Doctoral:\u00a0<a href=\"http:\/\/www.sggw.edu.pl\/wp-content\/uploads\/2023\/11\/Ulotka-NNW_SGGW_Student_2023-2024.pdf?x76456\">benefit amount of NNW_SGGW_Student_2023-2024<\/a><\/p><p>General terms and conditions of insurance against consequences of accidents \u201cPZU Education\u201d:\u00a0<a href=\"http:\/\/www.sggw.edu.pl\/wp-content\/uploads\/2023\/11\/OWUNNWPZUEdukacjaod15.09.pdf?x76456\">terms and conditions(OWU+NNW+PZU)<\/a><\/p><p>General terms and conditions of civil party liability in private life insurance:\u00a0<a href=\"http:\/\/www.sggw.edu.pl\/wp-content\/uploads\/2023\/11\/OWUOCwzyciuprywatnym-zbioroweod20.07.pdf?x76456\">terms and conditions(OWU+OC)<\/a><\/p><p><a href=\"http:\/\/www.sggw.edu.pl\/wp-content\/uploads\/2023\/11\/Oswiadczenie-do-ubezpieczenia-j.-angielski.pdf?x76456\">Declaration<\/a>\u00a0on taking out insurance<\/p><\/div><\/div><\/section><\/div><\/div>\n                    <\/div>\n                <\/div>\n            <\/section>\t\t<\/div>\n\t\t\t\t<\/div>\n\t\t\t\t\t<\/div>\n\t\t<\/div>\n\t\t\t\t\t<\/div>\n\t\t<\/section>\n\t\t\t\t<\/div>\n\t\t","protected":false},"excerpt":{"rendered":"<p>NNW insurance We encourage all students to take advantage of insurance of the consequences of accidents for the academic year 2023\/2024. PERSONAL ACCIDENT INSURANCE Personal accident insurance for students and doctoral students of Warsaw University of Life Sciences The insurance is voluntary and any international student may purchase additional accident insurance. The insurance is effective [&hellip;]<\/p>\n","protected":false},"author":1,"featured_media":0,"parent":12723,"menu_order":0,"comment_status":"closed","ping_status":"closed","template":"","meta":{"_acf_changed":false,"footnotes":""},"class_list":["post-17582","page","type-page","status-publish","hentry"],"acf":[],"_links":{"self":[{"href":"https:\/\/www.sggw.edu.pl\/en\/wp-json\/wp\/v2\/pages\/17582","targetHints":{"allow":["GET"]}}],"collection":[{"href":"https:\/\/www.sggw.edu.pl\/en\/wp-json\/wp\/v2\/pages"}],"about":[{"href":"https:\/\/www.sggw.edu.pl\/en\/wp-json\/wp\/v2\/types\/page"}],"author":[{"embeddable":true,"href":"https:\/\/www.sggw.edu.pl\/en\/wp-json\/wp\/v2\/users\/1"}],"replies":[{"embeddable":true,"href":"https:\/\/www.sggw.edu.pl\/en\/wp-json\/wp\/v2\/comments?post=17582"}],"version-history":[{"count":23,"href":"https:\/\/www.sggw.edu.pl\/en\/wp-json\/wp\/v2\/pages\/17582\/revisions"}],"predecessor-version":[{"id":176648,"href":"https:\/\/www.sggw.edu.pl\/en\/wp-json\/wp\/v2\/pages\/17582\/revisions\/176648"}],"up":[{"embeddable":true,"href":"https:\/\/www.sggw.edu.pl\/en\/wp-json\/wp\/v2\/pages\/12723"}],"wp:attachment":[{"href":"https:\/\/www.sggw.edu.pl\/en\/wp-json\/wp\/v2\/media?parent=17582"}],"curies":[{"name":"wp","href":"https:\/\/api.w.org\/{rel}","templated":true}]}}