{"id":17679,"date":"2021-02-27T09:12:36","date_gmt":"2021-02-27T08:12:36","guid":{"rendered":"https:\/\/www.sggw.edu.pl\/most-recent-booking-for\/"},"modified":"2021-08-22T23:53:12","modified_gmt":"2021-08-22T21:53:12","slug":"reservations","status":"publish","type":"page","link":"https:\/\/www.sggw.edu.pl\/en\/collaboration-and-services\/reservations\/","title":{"rendered":"Reservations"},"content":{"rendered":"\t\t<div data-elementor-type=\"wp-page\" data-elementor-id=\"17679\" class=\"elementor elementor-17679\" data-elementor-post-type=\"page\">\n\t\t\t\t\t\t<section class=\"elementor-section elementor-top-section elementor-element elementor-element-6fbe936 elementor-section-boxed elementor-section-height-default elementor-section-height-default\" data-id=\"6fbe936\" data-element_type=\"section\">\n\t\t\t\t\t\t<div class=\"elementor-container elementor-column-gap-default\">\n\t\t\t\t\t<div class=\"elementor-column elementor-col-100 elementor-top-column elementor-element elementor-element-487af14\" data-id=\"487af14\" data-element_type=\"column\">\n\t\t\t<div class=\"elementor-widget-wrap elementor-element-populated\">\n\t\t\t\t\t\t<div class=\"elementor-element elementor-element-1d8b3ae2 elementor-widget elementor-widget-wp-widget-bcn_widget\" data-id=\"1d8b3ae2\" data-element_type=\"widget\" data-widget_type=\"wp-widget-bcn_widget.default\">\n\t\t\t\t<div class=\"elementor-widget-container\">\n\t\t\t<div class=\"mn-grid breadcrumb\">\n                                    <div class=\"breadcrumb-inner mn-grid-12\"><div class=\"breadcrumbs\" vocab=\"https:\/\/schema.org\/\" typeof=\"BreadcrumbList\"><span property=\"itemListElement\" typeof=\"ListItem\"><a property=\"item\" typeof=\"WebPage\" title=\"Go to Szko\u0142a G\u0142\u00f3wna Gospodarstwa Wiejskiego w Warszawie.\" href=\"https:\/\/www.sggw.edu.pl\/en\/\" class=\"home\" aria-current=\"page\"><span property=\"name\">Home<\/span><\/a><meta property=\"position\" content=\"1\"><\/span><\/div>    <\/div>\n                                <\/div>\t\t<\/div>\n\t\t\t\t<\/div>\n\t\t\t\t<div class=\"elementor-element elementor-element-35923544 elementor-widget elementor-widget-post-title\" data-id=\"35923544\" data-element_type=\"widget\" data-widget_type=\"post-title.default\">\n\t\t\t\t<div class=\"elementor-widget-container\">\n\t\t\t<section>\n                    <div class=\"mn-grid entry-header-inner section-inner medium\">\n                        <h1 class=\"mn-grid-12 entry-title\" style=\"\">\n                            Reservations\n                        <\/h1>\n                    <\/div>\n                <\/section>\t\t<\/div>\n\t\t\t\t<\/div>\n\t\t\t\t<div class=\"elementor-element elementor-element-db1d3e1 elementor-widget elementor-widget-w33\" data-id=\"db1d3e1\" data-element_type=\"widget\" data-widget_type=\"w33.default\">\n\t\t\t\t<div class=\"elementor-widget-container\">\n\t\t\t<section>\n            <div class=\"mn-grid\">\n                <div class=\"mn-vertical-separator-x2\">\n                    \n                <\/div>\n            <\/section>\t\t<\/div>\n\t\t\t\t<\/div>\n\t\t\t\t\t<\/div>\n\t\t<\/div>\n\t\t\t\t\t<\/div>\n\t\t<\/section>\n\t\t\t\t<section class=\"elementor-section elementor-top-section elementor-element elementor-element-b987ff3 elementor-section-boxed elementor-section-height-default elementor-section-height-default\" data-id=\"b987ff3\" data-element_type=\"section\">\n\t\t\t\t\t\t<div class=\"elementor-container elementor-column-gap-default\">\n\t\t\t\t\t<div class=\"elementor-column elementor-col-100 elementor-top-column elementor-element elementor-element-2e7537e\" data-id=\"2e7537e\" data-element_type=\"column\">\n\t\t\t<div class=\"elementor-widget-wrap elementor-element-populated\">\n\t\t\t\t\t\t<div class=\"elementor-element elementor-element-fb4baed elementor-widget elementor-widget-w12\" data-id=\"fb4baed\" data-element_type=\"widget\" data-widget_type=\"w12.default\">\n\t\t\t\t<div class=\"elementor-widget-container\">\n\t\t\t<section>\n                <div class=\"mn-grid\">\n                    <div class=\"mn-grid-12 mn-mod-text-links\">\n                        <p><img fetchpriority=\"high\" decoding=\"async\" class=\"alignright wp-image-14154 size-large\" src=\"https:\/\/www.sggw.edu.pl\/wp-content\/uploads\/2021\/01\/Foto-1-1024x683.jpg\" alt=\"\" width=\"580\" height=\"387\" srcset=\"https:\/\/www.sggw.edu.pl\/wp-content\/uploads\/2021\/01\/Foto-1-1024x683.jpg 1024w, https:\/\/www.sggw.edu.pl\/wp-content\/uploads\/2021\/01\/Foto-1-300x200.jpg 300w, https:\/\/www.sggw.edu.pl\/wp-content\/uploads\/2021\/01\/Foto-1-768x512.jpg 768w, https:\/\/www.sggw.edu.pl\/wp-content\/uploads\/2021\/01\/Foto-1-1536x1024.jpg 1536w, https:\/\/www.sggw.edu.pl\/wp-content\/uploads\/2021\/01\/Foto-1-2048x1365.jpg 2048w, https:\/\/www.sggw.edu.pl\/wp-content\/uploads\/2021\/01\/Foto-1-1200x800.jpg 1200w, https:\/\/www.sggw.edu.pl\/wp-content\/uploads\/2021\/01\/Foto-1-1980x1320.jpg 1980w\" sizes=\"(max-width: 580px) 100vw, 580px\" \/>Applications and bookings of events, containing the following information, must be submitted no later than 7 days (for individual recreation) and no later than 14 days (for group holidays and other services) before the scheduled arrival or the date of use of the service: by telephone at the telephone number <strong>0 512 168 531<\/strong>, in person at the Centre or by e-mail:<a href=\"mailto:kociszew@sggw.pl\"><u>kociszew@sggw.pl<\/u><\/a>. In order to reserve the space, a deposit of at least 20% of the expected value of the service must be provided. The reservation is confirmed as soon as the deposit has been received in the SGGW account. Deposits must be made to SGGW account number: <strong>52 1240 6003 1111 0000 4942 8120<\/strong>. For SGGW units, no deposit is required when booking the Centre for events organized by these units.<\/p><p>SGGW Special Guests Are Booked by Heads of SGGW Units with an indication of the payment method (cost account or personal deposit).<\/p><p><strong>When booking, please specify:<\/strong><\/p><ul><li><em>The name and\u00a0 surname of the event organiser or booker;<\/em><\/li><li><em>The name of the SGGW organizational unit (if applicable);<\/em><\/li><li><em>Contact details;<\/em><\/li><li><em>Address, TAX ID &#8211; invoice data (does not apply to SGGW organizational units);<\/em><\/li><li><em>Date and type of service or event;<\/em><\/li><li><em>Funding source (applies to SGGW organizational units &#8211; cost account);<\/em><\/li><li><em>Number of persons.<\/em><\/li><\/ul><p><strong>Contact and address details:<\/strong><\/p><p>Warsaw University of Life Sciences<br \/><strong>Training and Recreation Centre in Kociszew<\/strong><\/p><p>Kociszew 1E, 05-600 Kociszew<br \/>phone: 0 48 664 50 19, 512 168 531<br \/>doorman phone: 607 770 302<br \/>e-mail: <a href=\"mailto:kociszew@sggw.pl\">kociszew@sggw.pl<\/a><\/p>\n                    <\/div>\n                <\/div>\n            <\/section>\t\t<\/div>\n\t\t\t\t<\/div>\n\t\t\t\t\t<\/div>\n\t\t<\/div>\n\t\t\t\t\t<\/div>\n\t\t<\/section>\n\t\t\t\t<\/div>\n\t\t","protected":false},"excerpt":{"rendered":"<p>Reservations Applications and bookings of events, containing the following information, must be submitted no later than 7 days (for individual recreation) and no later than 14 days (for group holidays and other services) before the scheduled arrival or the date of use of the service: by telephone at the telephone number 0 512 168 531, [&hellip;]<\/p>\n","protected":false},"author":35,"featured_media":0,"parent":15822,"menu_order":0,"comment_status":"closed","ping_status":"closed","template":"","meta":{"_acf_changed":false,"footnotes":""},"class_list":["post-17679","page","type-page","status-publish","hentry"],"acf":[],"_links":{"self":[{"href":"https:\/\/www.sggw.edu.pl\/en\/wp-json\/wp\/v2\/pages\/17679","targetHints":{"allow":["GET"]}}],"collection":[{"href":"https:\/\/www.sggw.edu.pl\/en\/wp-json\/wp\/v2\/pages"}],"about":[{"href":"https:\/\/www.sggw.edu.pl\/en\/wp-json\/wp\/v2\/types\/page"}],"author":[{"embeddable":true,"href":"https:\/\/www.sggw.edu.pl\/en\/wp-json\/wp\/v2\/users\/35"}],"replies":[{"embeddable":true,"href":"https:\/\/www.sggw.edu.pl\/en\/wp-json\/wp\/v2\/comments?post=17679"}],"version-history":[{"count":15,"href":"https:\/\/www.sggw.edu.pl\/en\/wp-json\/wp\/v2\/pages\/17679\/revisions"}],"predecessor-version":[{"id":92901,"href":"https:\/\/www.sggw.edu.pl\/en\/wp-json\/wp\/v2\/pages\/17679\/revisions\/92901"}],"up":[{"embeddable":true,"href":"https:\/\/www.sggw.edu.pl\/en\/wp-json\/wp\/v2\/pages\/15822"}],"wp:attachment":[{"href":"https:\/\/www.sggw.edu.pl\/en\/wp-json\/wp\/v2\/media?parent=17679"}],"curies":[{"name":"wp","href":"https:\/\/api.w.org\/{rel}","templated":true}]}}