{"id":17685,"date":"2021-02-27T09:25:47","date_gmt":"2021-02-27T08:25:47","guid":{"rendered":"https:\/\/www.sggw.edu.pl\/history-of-the-manor-house-in-kociszewo\/"},"modified":"2021-09-12T23:35:13","modified_gmt":"2021-09-12T21:35:13","slug":"history-of-the-manor-house-in-kociszewo","status":"publish","type":"page","link":"https:\/\/www.sggw.edu.pl\/en\/collaboration-and-services\/training-and-recreation-centre-in-kociszewo-2\/history-of-the-manor-house-in-kociszewo\/","title":{"rendered":"History of the Manor House in Kociszew"},"content":{"rendered":"\t\t<div data-elementor-type=\"wp-page\" data-elementor-id=\"17685\" class=\"elementor elementor-17685\" data-elementor-post-type=\"page\">\n\t\t\t\t\t\t<section class=\"elementor-section elementor-top-section elementor-element elementor-element-3dda9a1b elementor-section-boxed elementor-section-height-default elementor-section-height-default\" data-id=\"3dda9a1b\" data-element_type=\"section\">\n\t\t\t\t\t\t<div class=\"elementor-container elementor-column-gap-default\">\n\t\t\t\t\t<div class=\"elementor-column elementor-col-100 elementor-top-column elementor-element elementor-element-381727cb\" data-id=\"381727cb\" data-element_type=\"column\">\n\t\t\t<div class=\"elementor-widget-wrap elementor-element-populated\">\n\t\t\t\t\t\t<div class=\"elementor-element elementor-element-1604b08d elementor-widget elementor-widget-wp-widget-bcn_widget\" data-id=\"1604b08d\" data-element_type=\"widget\" data-widget_type=\"wp-widget-bcn_widget.default\">\n\t\t\t\t<div class=\"elementor-widget-container\">\n\t\t\t<div class=\"mn-grid breadcrumb\">\n                                    <div class=\"breadcrumb-inner mn-grid-12\"><div class=\"breadcrumbs\" vocab=\"https:\/\/schema.org\/\" typeof=\"BreadcrumbList\"><span property=\"itemListElement\" typeof=\"ListItem\"><a property=\"item\" typeof=\"WebPage\" title=\"Go to Szko\u0142a G\u0142\u00f3wna Gospodarstwa Wiejskiego w Warszawie.\" href=\"https:\/\/www.sggw.edu.pl\/en\/\" class=\"home\" aria-current=\"page\"><span property=\"name\">Home<\/span><\/a><meta property=\"position\" content=\"1\"><\/span><\/div>    <\/div>\n                                <\/div>\t\t<\/div>\n\t\t\t\t<\/div>\n\t\t\t\t<div class=\"elementor-element elementor-element-15276331 elementor-widget elementor-widget-post-title\" data-id=\"15276331\" data-element_type=\"widget\" data-widget_type=\"post-title.default\">\n\t\t\t\t<div class=\"elementor-widget-container\">\n\t\t\t<section>\n                    <div class=\"mn-grid entry-header-inner section-inner medium\">\n                        <h1 class=\"mn-grid-12 entry-title\" style=\"\">\n                            History of the Manor House in Kociszew\n                        <\/h1>\n                    <\/div>\n                <\/section>\t\t<\/div>\n\t\t\t\t<\/div>\n\t\t\t\t<div class=\"elementor-element elementor-element-73fb598 elementor-widget elementor-widget-w33\" data-id=\"73fb598\" data-element_type=\"widget\" data-widget_type=\"w33.default\">\n\t\t\t\t<div class=\"elementor-widget-container\">\n\t\t\t<section>\n            <div class=\"mn-grid\">\n                <div class=\"mn-vertical-separator-x2\">\n                    \n                <\/div>\n            <\/section>\t\t<\/div>\n\t\t\t\t<\/div>\n\t\t\t\t\t<\/div>\n\t\t<\/div>\n\t\t\t\t\t<\/div>\n\t\t<\/section>\n\t\t\t\t<section class=\"elementor-section elementor-top-section elementor-element elementor-element-24c4e3d elementor-section-boxed elementor-section-height-default elementor-section-height-default\" data-id=\"24c4e3d\" data-element_type=\"section\">\n\t\t\t\t\t\t<div class=\"elementor-container elementor-column-gap-default\">\n\t\t\t\t\t<div class=\"elementor-column elementor-col-50 elementor-top-column elementor-element elementor-element-adc5ba8\" data-id=\"adc5ba8\" data-element_type=\"column\">\n\t\t\t<div class=\"elementor-widget-wrap elementor-element-populated\">\n\t\t\t\t\t\t<div class=\"elementor-element elementor-element-de1666c elementor-widget elementor-widget-w12\" data-id=\"de1666c\" data-element_type=\"widget\" data-widget_type=\"w12.default\">\n\t\t\t\t<div class=\"elementor-widget-container\">\n\t\t\t<section>\n                <div class=\"mn-grid\">\n                    <div class=\"mn-grid-12 mn-mod-text-links\">\n                        <p>In 1935, Wiktor H\u0142asko, the representative of the Group of French Oil, Industrial and Trade Societies &#8211; Ma\u0142opolska,\u00a0 became the owner of the estate in Kociszew. The Manor House was built between 1935-1936, and was designed by Stefan Majewski. It is built on the plan of an elongated rectangle. From the front, it is characterized by a four-column, wall portico, which supports a triangular gable, where a cartouche with the Leliwa coat of arms was placed. A ceramic Madonna is embedded above the door. It was a characteristic element of the decoration of the 1930s. At the back of the building, there is a central avant-corps, closed in a semicircle, and in front of it, there is a two-level, open terrace with stairs leading to the park. The mansion is surrounded by a park with ponds. During World War II, Wehrmacht\u00a0 soldiers were stationed in the Manor. It is precisely this period that is associated with the legend that one of the German officers saw a flock of swans by the pond, went out, and started shooting at the birds. Only one swan survived this massacre, and it fled away. From that moment on, swans never appeared in the park again. Currently, the manor house and park constitute the Training and Recreation Center of the Warsaw University of Life Sciences, while the nearby land is managed by the Agricultural Experimental Station of the Warsaw University of Life Sciences &#8211; Wilan\u00f3w-Obory.<\/p>\n                    <\/div>\n                <\/div>\n            <\/section>\t\t<\/div>\n\t\t\t\t<\/div>\n\t\t\t\t\t<\/div>\n\t\t<\/div>\n\t\t\t\t<div class=\"elementor-column elementor-col-50 elementor-top-column elementor-element elementor-element-1e28972\" data-id=\"1e28972\" data-element_type=\"column\">\n\t\t\t<div class=\"elementor-widget-wrap elementor-element-populated\">\n\t\t\t\t\t\t<div class=\"elementor-element elementor-element-37d922b elementor-widget elementor-widget-w25\" data-id=\"37d922b\" data-element_type=\"widget\" data-widget_type=\"w25.default\">\n\t\t\t\t<div class=\"elementor-widget-container\">\n\t\t\t<section>\n                <div class=\"mn-grid\">\n                    <div class=\"mn-grid-12 mn-mod-img-full-width\">\n                        <img fetchpriority=\"high\" decoding=\"async\" width=\"846\" height=\"564\" src=\"https:\/\/www.sggw.edu.pl\/wp-content\/uploads\/2021\/01\/Foto-2-scaled.jpg\" class=\"attachment-961x564 size-961x564\" alt=\"\" srcset=\"https:\/\/www.sggw.edu.pl\/wp-content\/uploads\/2021\/01\/Foto-2-scaled.jpg 2560w, https:\/\/www.sggw.edu.pl\/wp-content\/uploads\/2021\/01\/Foto-2-300x200.jpg 300w, https:\/\/www.sggw.edu.pl\/wp-content\/uploads\/2021\/01\/Foto-2-1024x683.jpg 1024w, https:\/\/www.sggw.edu.pl\/wp-content\/uploads\/2021\/01\/Foto-2-768x512.jpg 768w, https:\/\/www.sggw.edu.pl\/wp-content\/uploads\/2021\/01\/Foto-2-1536x1024.jpg 1536w, https:\/\/www.sggw.edu.pl\/wp-content\/uploads\/2021\/01\/Foto-2-2048x1365.jpg 2048w, https:\/\/www.sggw.edu.pl\/wp-content\/uploads\/2021\/01\/Foto-2-1200x800.jpg 1200w, https:\/\/www.sggw.edu.pl\/wp-content\/uploads\/2021\/01\/Foto-2-1980x1320.jpg 1980w\" sizes=\"(max-width: 846px) 100vw, 846px\" \/>  <\/div>\n                <\/div>\n                <\/section>\t\t<\/div>\n\t\t\t\t<\/div>\n\t\t\t\t\t<\/div>\n\t\t<\/div>\n\t\t\t\t\t<\/div>\n\t\t<\/section>\n\t\t\t\t<\/div>\n\t\t","protected":false},"excerpt":{"rendered":"<p>History of the Manor House in Kociszew In 1935, Wiktor H\u0142asko, the representative of the Group of French Oil, Industrial and Trade Societies &#8211; Ma\u0142opolska,\u00a0 became the owner of the estate in Kociszew. The Manor House was built between 1935-1936, and was designed by Stefan Majewski. It is built on the plan of an elongated [&hellip;]<\/p>\n","protected":false},"author":35,"featured_media":0,"parent":17686,"menu_order":0,"comment_status":"closed","ping_status":"closed","template":"","meta":{"_acf_changed":false,"footnotes":""},"class_list":["post-17685","page","type-page","status-publish","hentry"],"acf":[],"_links":{"self":[{"href":"https:\/\/www.sggw.edu.pl\/en\/wp-json\/wp\/v2\/pages\/17685","targetHints":{"allow":["GET"]}}],"collection":[{"href":"https:\/\/www.sggw.edu.pl\/en\/wp-json\/wp\/v2\/pages"}],"about":[{"href":"https:\/\/www.sggw.edu.pl\/en\/wp-json\/wp\/v2\/types\/page"}],"author":[{"embeddable":true,"href":"https:\/\/www.sggw.edu.pl\/en\/wp-json\/wp\/v2\/users\/35"}],"replies":[{"embeddable":true,"href":"https:\/\/www.sggw.edu.pl\/en\/wp-json\/wp\/v2\/comments?post=17685"}],"version-history":[{"count":9,"href":"https:\/\/www.sggw.edu.pl\/en\/wp-json\/wp\/v2\/pages\/17685\/revisions"}],"predecessor-version":[{"id":94367,"href":"https:\/\/www.sggw.edu.pl\/en\/wp-json\/wp\/v2\/pages\/17685\/revisions\/94367"}],"up":[{"embeddable":true,"href":"https:\/\/www.sggw.edu.pl\/en\/wp-json\/wp\/v2\/pages\/17686"}],"wp:attachment":[{"href":"https:\/\/www.sggw.edu.pl\/en\/wp-json\/wp\/v2\/media?parent=17685"}],"curies":[{"name":"wp","href":"https:\/\/api.w.org\/{rel}","templated":true}]}}