{"id":17688,"date":"2021-02-27T09:25:49","date_gmt":"2021-02-27T08:25:49","guid":{"rendered":"https:\/\/www.sggw.edu.pl\/home\/collaboration-and-services\/service\/training-and-recreation-centre-in-kociszewo-2\/offer-and-price-list\/"},"modified":"2021-08-22T23:57:30","modified_gmt":"2021-08-22T21:57:30","slug":"offer-and-price-list","status":"publish","type":"page","link":"https:\/\/www.sggw.edu.pl\/en\/collaboration-and-services\/offer-and-price-list\/","title":{"rendered":"Offer and price list"},"content":{"rendered":"\t\t<div data-elementor-type=\"wp-page\" data-elementor-id=\"17688\" class=\"elementor elementor-17688\" data-elementor-post-type=\"page\">\n\t\t\t\t\t\t<section class=\"elementor-section elementor-top-section elementor-element elementor-element-15ad418c elementor-section-boxed elementor-section-height-default elementor-section-height-default\" data-id=\"15ad418c\" data-element_type=\"section\">\n\t\t\t\t\t\t<div class=\"elementor-container elementor-column-gap-default\">\n\t\t\t\t\t<div class=\"elementor-column elementor-col-100 elementor-top-column elementor-element elementor-element-626ff632\" data-id=\"626ff632\" data-element_type=\"column\">\n\t\t\t<div class=\"elementor-widget-wrap elementor-element-populated\">\n\t\t\t\t\t\t<div class=\"elementor-element elementor-element-16365ad7 elementor-widget elementor-widget-wp-widget-bcn_widget\" data-id=\"16365ad7\" data-element_type=\"widget\" data-widget_type=\"wp-widget-bcn_widget.default\">\n\t\t\t\t<div class=\"elementor-widget-container\">\n\t\t\t<div class=\"mn-grid breadcrumb\">\n                                    <div class=\"breadcrumb-inner mn-grid-12\"><div class=\"breadcrumbs\" vocab=\"https:\/\/schema.org\/\" typeof=\"BreadcrumbList\"><span property=\"itemListElement\" typeof=\"ListItem\"><a property=\"item\" typeof=\"WebPage\" title=\"Go to Szko\u0142a G\u0142\u00f3wna Gospodarstwa Wiejskiego w Warszawie.\" href=\"https:\/\/www.sggw.edu.pl\/en\/\" class=\"home\" aria-current=\"page\"><span property=\"name\">Home<\/span><\/a><meta property=\"position\" content=\"1\"><\/span><\/div>    <\/div>\n                                <\/div>\t\t<\/div>\n\t\t\t\t<\/div>\n\t\t\t\t<div class=\"elementor-element elementor-element-178ff001 elementor-widget elementor-widget-post-title\" data-id=\"178ff001\" data-element_type=\"widget\" data-widget_type=\"post-title.default\">\n\t\t\t\t<div class=\"elementor-widget-container\">\n\t\t\t<section>\n                    <div class=\"mn-grid entry-header-inner section-inner medium\">\n                        <h1 class=\"mn-grid-12 entry-title\" style=\"\">\n                            Offer and price list\n                        <\/h1>\n                    <\/div>\n                <\/section>\t\t<\/div>\n\t\t\t\t<\/div>\n\t\t\t\t\t<\/div>\n\t\t<\/div>\n\t\t\t\t\t<\/div>\n\t\t<\/section>\n\t\t\t\t<section class=\"elementor-section elementor-top-section elementor-element elementor-element-4aeeef2 elementor-section-boxed elementor-section-height-default elementor-section-height-default\" data-id=\"4aeeef2\" data-element_type=\"section\">\n\t\t\t\t\t\t<div class=\"elementor-container elementor-column-gap-default\">\n\t\t\t\t\t<div class=\"elementor-column elementor-col-100 elementor-top-column elementor-element elementor-element-cfca227\" data-id=\"cfca227\" data-element_type=\"column\">\n\t\t\t<div class=\"elementor-widget-wrap elementor-element-populated\">\n\t\t\t\t\t\t<div class=\"elementor-element elementor-element-4e5c62f elementor-widget elementor-widget-w12\" data-id=\"4e5c62f\" data-element_type=\"widget\" data-widget_type=\"w12.default\">\n\t\t\t\t<div class=\"elementor-widget-container\">\n\t\t\t<section>\n                <div class=\"mn-grid\">\n                    <div class=\"mn-grid-12 mn-mod-text-links\">\n                        <p><img fetchpriority=\"high\" decoding=\"async\" class=\"alignright wp-image-14263 size-large\" src=\"https:\/\/www.sggw.edu.pl\/wp-content\/uploads\/2021\/01\/Foto-2-1024x683.jpg\" alt=\"\" width=\"580\" height=\"387\" srcset=\"https:\/\/www.sggw.edu.pl\/wp-content\/uploads\/2021\/01\/Foto-2-1024x683.jpg 1024w, https:\/\/www.sggw.edu.pl\/wp-content\/uploads\/2021\/01\/Foto-2-300x200.jpg 300w, https:\/\/www.sggw.edu.pl\/wp-content\/uploads\/2021\/01\/Foto-2-768x512.jpg 768w, https:\/\/www.sggw.edu.pl\/wp-content\/uploads\/2021\/01\/Foto-2-1536x1024.jpg 1536w, https:\/\/www.sggw.edu.pl\/wp-content\/uploads\/2021\/01\/Foto-2-2048x1365.jpg 2048w, https:\/\/www.sggw.edu.pl\/wp-content\/uploads\/2021\/01\/Foto-2-1200x800.jpg 1200w, https:\/\/www.sggw.edu.pl\/wp-content\/uploads\/2021\/01\/Foto-2-1980x1320.jpg 1980w\" sizes=\"(max-width: 580px) 100vw, 580px\" \/>The center offers and excellent space for working meetings, conferences, banquets and special events, as well as year-round recreation. Applications and bookings of events, containing the following information, must be submitted no later than 7 days (for individual rest) and no later than 14 days (for group holidays and other services) before the scheduled arrival or the date of use of the service: by telephone at the telephone number <strong>0 512 168 531<\/strong>, in person at the Centre or by e-mail: <a href=\"mailto:kociszew@sggw.pl\">kociszew@sggw.pl<\/a>. In order to reserve the space, a deposit of at least 20% of the expected value of the service must be provided. The reservation is confirmed at as soon as the deposit has been received in the SGGW account.<\/p><p>Deposits must be made to SGGW account number: <strong>52 1240 6003 1111 0000 4942 8120<\/strong>. For SGGW units, no deposit is required when booking the Centre for events organized by these units.<\/p><p>SGGW Special Guests Are Booked by Heads of SGGW Units with an indication of the payment method (cost account or personal deposit).<\/p><p><strong>When booking, please specify:<\/strong><\/p><ul><li><em>The name and surname of the event organizer or booker;<\/em><\/li><li><em>The name of the SGGW organizational unit (if applicable);<\/em><\/li><li><em>Contact details;<\/em><\/li><li><em>Address, TAX ID &#8211; invoice data (does not apply to SGGW organizational units);<\/em><\/li><li><em>Date and type of service or event;<\/em><\/li><li><em>Funding source (applies to SGGW organizational units &#8211; cost account);<\/em><\/li><li><em>number of people<\/em><\/li><\/ul>\n                    <\/div>\n                <\/div>\n            <\/section>\t\t<\/div>\n\t\t\t\t<\/div>\n\t\t\t\t\t<\/div>\n\t\t<\/div>\n\t\t\t\t\t<\/div>\n\t\t<\/section>\n\t\t\t\t<section class=\"elementor-section elementor-top-section elementor-element elementor-element-90d3aa5 elementor-section-boxed elementor-section-height-default elementor-section-height-default\" data-id=\"90d3aa5\" data-element_type=\"section\">\n\t\t\t\t\t\t<div class=\"elementor-container elementor-column-gap-default\">\n\t\t\t\t\t<div class=\"elementor-column elementor-col-100 elementor-top-column elementor-element elementor-element-01b509b\" data-id=\"01b509b\" data-element_type=\"column\">\n\t\t\t<div class=\"elementor-widget-wrap elementor-element-populated\">\n\t\t\t\t\t\t<div class=\"elementor-element elementor-element-4995070 elementor-widget elementor-widget-w33\" data-id=\"4995070\" data-element_type=\"widget\" data-widget_type=\"w33.default\">\n\t\t\t\t<div class=\"elementor-widget-container\">\n\t\t\t<section>\n            <div class=\"mn-grid\">\n                <div class=\"mn-vertical-separator-x2\">\n                    \n                <\/div>\n            <\/section>\t\t<\/div>\n\t\t\t\t<\/div>\n\t\t\t\t<div class=\"elementor-element elementor-element-83c30a2 elementor-widget elementor-widget-w34\" data-id=\"83c30a2\" data-element_type=\"widget\" data-widget_type=\"w34.default\">\n\t\t\t\t<div class=\"elementor-widget-container\">\n\t\t\t        <section id=\"w34-83c30a2\" class=\"mn-m5-c mn-m5-d2\">\n            <div class=\"mn-grid\">\n                <div class=\"mn-content mn-grid-12\">\n                    <div class=\"mn-content-block active\">\n                                                                <ul class=\"mn-accordion\">\n                                            <li>\n                                                <h4 class=\"mn-accordion-title\"\n                                                    role=\"button\"\n                                                    tabindex=\"0\"\n                                                    aria-expanded=\"false\"\n                                                    aria-controls=\"w34-83c30a2-panel-0\">Price list for organizational units of the Warsaw University of Life Sciences and special guests<\/h4>\n                                                <div id=\"w34-83c30a2-panel-0\" style=\"display:none;\" hidden>\n                                                    <table border=\"1\" cellspacing=\"0\" cellpadding=\"0\">\n<tbody>\n<tr>\n<td>\n<p align=\"center\"><strong>Type of service<\/strong><\/p>\n<\/td>\n<td>\n<p align=\"center\"><strong>gross price<\/strong><\/p>\n<\/td>\n<\/tr>\n<tr>\n<td>\n<p>Hiring a&nbsp;conference room, fireplace room, dining room, meeting room<\/p>\n<\/td>\n<td>\n<p align=\"center\">PLN 500 \/ day<\/p>\n<\/td>\n<\/tr>\n<tr>\n<td>\n<p>Meals during conferences, etc.<\/p>\n<\/td>\n<td>\n<p align=\"center\">to be agreed<\/p>\n<\/td>\n<\/tr>\n<tr>\n<td>\n<p>Check-in for organizational units of the Warsaw University of Life Sciences and special guests<\/p>\n<\/td>\n<td>\n<p align=\"center\">60 PLN \/ 1 person<\/p>\n<\/td>\n<\/tr>\n<tr>\n<td>\n<p>Standard breakfast<\/p>\n<\/td>\n<td>\n<p align=\"center\">25 PLN \/ 1 person<\/p>\n<\/td>\n<\/tr>\n<tr>\n<td>\n<p>Premium breakfast<\/p>\n<\/td>\n<td>\n<p align=\"center\">45 PLN \/ 1 person<\/p>\n<\/td>\n<\/tr>\n<tr>\n<td>\n<p>Standard half-board<\/p>\n<\/td>\n<td>\n<p align=\"center\">40 PLN \/ 1 person<\/p>\n<\/td>\n<\/tr>\n<tr>\n<td>\n<p>Premium dinner<\/p>\n<\/td>\n<td>\n<p align=\"center\">from 55 PLN \/ 1 person<\/p>\n<\/td>\n<\/tr>\n<\/tbody>\n<\/table>\n<ul>\n<li>Free wireless internet<\/li>\n<\/ul>\n                                                <\/div>\n                                            <\/li>\n                                        <\/ul>\n                                                                                <ul class=\"mn-accordion\">\n                                            <li>\n                                                <h4 class=\"mn-accordion-title\"\n                                                    role=\"button\"\n                                                    tabindex=\"0\"\n                                                    aria-expanded=\"false\"\n                                                    aria-controls=\"w34-83c30a2-panel-1\">Price list for universities (not applicable to SGGW)<\/h4>\n                                                <div id=\"w34-83c30a2-panel-1\" style=\"display:none;\" hidden>\n                                                    <table border=\"1\" cellspacing=\"0\" cellpadding=\"0\">\n<tbody>\n<tr>\n<td>\n<p align=\"center\"><strong>Type of service<\/strong><\/p>\n<\/td>\n<td>\n<p align=\"center\"><strong>gross price<\/strong><\/p>\n<\/td>\n<\/tr>\n<tr>\n<td>\n<p>Hiring a&nbsp;conference room, fireplace room, dining room, meeting room<\/p>\n<\/td>\n<td>\n<p align=\"center\">PLN 1,000 \/ day<\/p>\n<\/td>\n<\/tr>\n<tr>\n<td>\n<p>Meals during conferences, etc.<\/p>\n<\/td>\n<td>\n<p align=\"center\">to be agreed<\/p>\n<\/td>\n<\/tr>\n<tr>\n<td>\n<p>Hotel night<\/p>\n<\/td>\n<td>\n<p align=\"center\">120 PLN \/ 1 person<\/p>\n<\/td>\n<\/tr>\n<tr>\n<td>\n<p>Standard breakfast<\/p>\n<\/td>\n<td>\n<p align=\"center\">25 PLN \/ 1 person<\/p>\n<\/td>\n<\/tr>\n<tr>\n<td>\n<p>Premium breakfast<\/p>\n<\/td>\n<td>\n<p align=\"center\">50 PLN \/ 1 person<\/p>\n<\/td>\n<\/tr>\n<tr>\n<td>\n<p>Standard half-board<\/p>\n<\/td>\n<td>\n<p align=\"center\">45 PLN \/ 1 person<\/p>\n<\/td>\n<\/tr>\n<tr>\n<td>\n<p>Premium dinner<\/p>\n<\/td>\n<td>\n<p align=\"center\">from 60 PLN \/ 1 person<\/p>\n<\/td>\n<\/tr>\n<\/tbody>\n<\/table>\n<ul>\n<li>Free wireless internet<\/li>\n<\/ul>\n                                                <\/div>\n                                            <\/li>\n                                        <\/ul>\n                                                                                <ul class=\"mn-accordion\">\n                                            <li>\n                                                <h4 class=\"mn-accordion-title\"\n                                                    role=\"button\"\n                                                    tabindex=\"0\"\n                                                    aria-expanded=\"false\"\n                                                    aria-controls=\"w34-83c30a2-panel-2\">Price list for external companies (entities) and persons who are not employees of WULS-SGGW, retired employees and pensioners of WULS-SGGW, students or doctoral students of WULS-SGGW<\/h4>\n                                                <div id=\"w34-83c30a2-panel-2\" style=\"display:none;\" hidden>\n                                                    <table border=\"1\" cellspacing=\"0\" cellpadding=\"0\">\n<tbody>\n<tr>\n<td>\n<p align=\"center\"><strong>Type of service<\/strong><\/p>\n<\/td>\n<td>\n<p align=\"center\"><strong>gross price<\/strong><\/p>\n<\/td>\n<\/tr>\n<tr>\n<td>\n<p>Hiring a&nbsp;conference room, fireplace room, dining room, meeting room<\/p>\n<\/td>\n<td>\n<p align=\"center\">PLN 2,000 \/ day<\/p>\n<\/td>\n<\/tr>\n<tr>\n<td>\n<p>Meals during conferences, etc.<\/p>\n<\/td>\n<td>\n<p align=\"center\">to be agreed<\/p>\n<\/td>\n<\/tr>\n<tr>\n<td>\n<p>Hotel night<\/p>\n<\/td>\n<td>\n<p align=\"center\">120 PLN \/ 1 person<\/p>\n<\/td>\n<\/tr>\n<tr>\n<td>\n<p>Standard breakfast<\/p>\n<\/td>\n<td>\n<p align=\"center\">25 PLN \/ 1 person<\/p>\n<\/td>\n<\/tr>\n<tr>\n<td>\n<p>Premium breakfast<\/p>\n<\/td>\n<td>\n<p align=\"center\">50 PLN \/ 1 person<\/p>\n<\/td>\n<\/tr>\n<tr>\n<td>\n<p>Standard half-board<\/p>\n<\/td>\n<td>\n<p align=\"center\">45 PLN \/ 1 person<\/p>\n<\/td>\n<\/tr>\n<tr>\n<td>\n<p>Premium dinner<\/p>\n<\/td>\n<td>\n<p align=\"center\">from 60 PLN \/ 1 person<\/p>\n<\/td>\n<\/tr>\n<\/tbody>\n<\/table>\n<ul>\n<li>Free wireless internet.<\/li>\n<li>Children up to 3 years of age without benefits &#8211; included in the price of the guardians&#8217; stay.<\/li>\n<\/ul>\n                                                <\/div>\n                                            <\/li>\n                                        <\/ul>\n                                                                                <ul class=\"mn-accordion\">\n                                            <li>\n                                                <h4 class=\"mn-accordion-title\"\n                                                    role=\"button\"\n                                                    tabindex=\"0\"\n                                                    aria-expanded=\"false\"\n                                                    aria-controls=\"w34-83c30a2-panel-3\">Price list for WULS-SGGW employees and their spouses and children *, retired employees and pensioners of WULS-SGGW as well as students and doctoral students of WULS-SGGW<\/h4>\n                                                <div id=\"w34-83c30a2-panel-3\" style=\"display:none;\" hidden>\n                                                    <table border=\"1\" cellspacing=\"0\" cellpadding=\"0\">\n<tbody>\n<tr>\n<td>\n<p align=\"center\"><strong>Type of service<\/strong><\/p>\n<\/td>\n<td>\n<p align=\"center\"><strong>gross price<\/strong><\/p>\n<\/td>\n<\/tr>\n<tr>\n<td>\n<p>Hiring a&nbsp;conference room, fireplace room, dining room, meeting room<\/p>\n<\/td>\n<td>\n<p align=\"center\">PLN 500 \/ day<\/p>\n<\/td>\n<\/tr>\n<tr>\n<td>\n<p>Meals during special events<\/p>\n<\/td>\n<td>\n<p align=\"center\">to be agreed<\/p>\n<\/td>\n<\/tr>\n<tr>\n<td>\n<p>Hotel night<\/p>\n<\/td>\n<td>\n<p align=\"center\">60 PLN \/ 1 person<\/p>\n<\/td>\n<\/tr>\n<tr>\n<td>\n<p>Standard breakfast<\/p>\n<\/td>\n<td>\n<p align=\"center\">25 PLN \/ 1 person<\/p>\n<\/td>\n<\/tr>\n<tr>\n<td>\n<p>Premium breakfast<\/p>\n<\/td>\n<td>\n<p align=\"center\">45 PLN \/ 1 person<\/p>\n<\/td>\n<\/tr>\n<tr>\n<td>\n<p>Standard half-board<\/p>\n<\/td>\n<td>\n<p align=\"center\">40 PLN \/ 1 person<\/p>\n<\/td>\n<\/tr>\n<tr>\n<td>\n<p>Premium dinner<\/p>\n<\/td>\n<td>\n<p align=\"center\">from 55 PLN \/ 1 person<\/p>\n<\/td>\n<\/tr>\n<\/tbody>\n<\/table>\n<ul>\n<li>Free wireless internet.<\/li>\n<li>Children up to 3 years of age without benefits &#8211; included in the price of the guardians&#8217; stay.<\/li>\n<\/ul>\n<p><em>* &#8211; applies to children covered by benefits resulting from \u00a7 12 and 13 of the Regulations of the Company Social Benefit Fund at the Warsaw University of Life Sciences, introduced by the Regulation No. 6 of the Rector of the Warsaw University of Life Sciences on February 9, 2016. (as amended)<\/em><\/p>\n                                                <\/div>\n                                            <\/li>\n                                        <\/ul>\n                                                            <\/div>\n                <\/div>\n            <\/div>\n        <\/section>\n\n        <script type=\"text\/javascript\">\n            (function(){\n                var root = document.getElementById('w34-83c30a2');\n                if (!root || root.dataset.w34Ready === '1') {\n                    return;\n                }\n                root.dataset.w34Ready = '1';\n\n                var titles = root.querySelectorAll('.mn-accordion-title');\n\n                function toggleItem(titleEl, event) {\n                    if (event) {\n                        event.preventDefault();\n                        event.stopPropagation();\n                        if (typeof event.stopImmediatePropagation === 'function') {\n                            event.stopImmediatePropagation();\n                        }\n                    }\n\n                    var li = titleEl.parentElement;\n                    if (!li) {\n                        return;\n                    }\n\n                    var panel = titleEl.nextElementSibling;\n                    if (!panel) {\n                        return;\n                    }\n\n                    var isOpen = li.classList.contains('show');\n\n                    if (isOpen) {\n                        li.classList.remove('show');\n                        titleEl.setAttribute('aria-expanded', 'false');\n                        panel.hidden = true;\n                        if (window.jQuery) {\n                            window.jQuery(panel).stop(true, true).slideUp(200);\n                        } else {\n                            panel.style.display = 'none';\n                        }\n                    } else {\n                        li.classList.add('show');\n                        titleEl.setAttribute('aria-expanded', 'true');\n                        panel.hidden = false;\n                        if (window.jQuery) {\n                            window.jQuery(panel).stop(true, true).slideDown(200);\n                        } else {\n                            panel.style.display = 'block';\n                        }\n                    }\n                }\n\n                titles.forEach(function(titleEl){\n                    var panel = titleEl.nextElementSibling;\n                    if (panel) {\n                        panel.hidden = true;\n                        panel.style.display = 'none';\n                    }\n\n                    titleEl.addEventListener('click', function(event){\n                        toggleItem(titleEl, event);\n                    }, true);\n\n                    titleEl.addEventListener('keydown', function(event){\n                        if (event.key === 'Enter' || event.key === ' ') {\n                            toggleItem(titleEl, event);\n                        }\n                    }, true);\n                });\n            })();\n        <\/script>\n        \t\t<\/div>\n\t\t\t\t<\/div>\n\t\t\t\t\t<\/div>\n\t\t<\/div>\n\t\t\t\t\t<\/div>\n\t\t<\/section>\n\t\t\t\t<section class=\"elementor-section elementor-top-section elementor-element elementor-element-8700f27 elementor-section-boxed elementor-section-height-default elementor-section-height-default\" data-id=\"8700f27\" data-element_type=\"section\">\n\t\t\t\t\t\t<div class=\"elementor-container elementor-column-gap-default\">\n\t\t\t\t\t<div class=\"elementor-column elementor-col-100 elementor-top-column elementor-element elementor-element-a2e16dc\" data-id=\"a2e16dc\" data-element_type=\"column\">\n\t\t\t<div class=\"elementor-widget-wrap elementor-element-populated\">\n\t\t\t\t\t\t<div class=\"elementor-element elementor-element-238f9e0 elementor-widget elementor-widget-w8\" data-id=\"238f9e0\" data-element_type=\"widget\" data-widget_type=\"w8.default\">\n\t\t\t\t<div class=\"elementor-widget-container\">\n\t\t\t<section>\n                <div class=\"mn-grid\">\n                    <div class=\"mn-grid-12 mn-more-container\">\n                        <a href=\"https:\/\/www.sggw.pl\/dla-mediow\/biuro-promocji\/fotogaleria\/osrodek-szkoleniowo-wypoczynkowy-kociszew\" class=\"mn-more\">See our gallery<\/a>\n                    <\/div>\n                <\/div>\n            <\/section>\t\t<\/div>\n\t\t\t\t<\/div>\n\t\t\t\t\t<\/div>\n\t\t<\/div>\n\t\t\t\t\t<\/div>\n\t\t<\/section>\n\t\t\t\t<\/div>\n\t\t","protected":false},"excerpt":{"rendered":"<p>Offer and price list The center offers and excellent space for working meetings, conferences, banquets and special events, as well as year-round recreation. Applications and bookings of events, containing the following information, must be submitted no later than 7 days (for individual rest) and no later than 14 days (for group holidays and other services) [&hellip;]<\/p>\n","protected":false},"author":35,"featured_media":0,"parent":15822,"menu_order":0,"comment_status":"closed","ping_status":"closed","template":"","meta":{"_acf_changed":false,"footnotes":""},"class_list":["post-17688","page","type-page","status-publish","hentry"],"acf":[],"_links":{"self":[{"href":"https:\/\/www.sggw.edu.pl\/en\/wp-json\/wp\/v2\/pages\/17688","targetHints":{"allow":["GET"]}}],"collection":[{"href":"https:\/\/www.sggw.edu.pl\/en\/wp-json\/wp\/v2\/pages"}],"about":[{"href":"https:\/\/www.sggw.edu.pl\/en\/wp-json\/wp\/v2\/types\/page"}],"author":[{"embeddable":true,"href":"https:\/\/www.sggw.edu.pl\/en\/wp-json\/wp\/v2\/users\/35"}],"replies":[{"embeddable":true,"href":"https:\/\/www.sggw.edu.pl\/en\/wp-json\/wp\/v2\/comments?post=17688"}],"version-history":[{"count":8,"href":"https:\/\/www.sggw.edu.pl\/en\/wp-json\/wp\/v2\/pages\/17688\/revisions"}],"predecessor-version":[{"id":92907,"href":"https:\/\/www.sggw.edu.pl\/en\/wp-json\/wp\/v2\/pages\/17688\/revisions\/92907"}],"up":[{"embeddable":true,"href":"https:\/\/www.sggw.edu.pl\/en\/wp-json\/wp\/v2\/pages\/15822"}],"wp:attachment":[{"href":"https:\/\/www.sggw.edu.pl\/en\/wp-json\/wp\/v2\/media?parent=17688"}],"curies":[{"name":"wp","href":"https:\/\/api.w.org\/{rel}","templated":true}]}}