{"id":191429,"date":"2024-03-08T11:45:59","date_gmt":"2024-03-08T10:45:59","guid":{"rendered":"https:\/\/www.copy.sggw.edu.pl\/?page_id=141681"},"modified":"2026-03-26T15:29:51","modified_gmt":"2026-03-26T14:29:51","slug":"transfer-from-another-university-info","status":"publish","type":"page","link":"https:\/\/www.sggw.edu.pl\/en\/recruitment\/transfer-from-another-university-info\/","title":{"rendered":"Transfer from another university (INFO)"},"content":{"rendered":"\t\t<div data-elementor-type=\"wp-page\" data-elementor-id=\"191429\" class=\"elementor elementor-191429\" data-elementor-post-type=\"page\">\n\t\t\t\t\t\t<section class=\"elementor-section elementor-top-section elementor-element elementor-element-3e0b98a elementor-section-boxed elementor-section-height-default elementor-section-height-default\" data-id=\"3e0b98a\" data-element_type=\"section\">\n\t\t\t\t\t\t<div class=\"elementor-container elementor-column-gap-default\">\n\t\t\t\t\t<div class=\"elementor-column elementor-col-100 elementor-top-column elementor-element elementor-element-904ae36\" data-id=\"904ae36\" data-element_type=\"column\">\n\t\t\t<div class=\"elementor-widget-wrap elementor-element-populated\">\n\t\t\t\t\t\t<div class=\"elementor-element elementor-element-4d5f492 elementor-widget elementor-widget-wp-widget-bcn_widget\" data-id=\"4d5f492\" data-element_type=\"widget\" data-widget_type=\"wp-widget-bcn_widget.default\">\n\t\t\t\t<div class=\"elementor-widget-container\">\n\t\t\t<div class=\"mn-grid breadcrumb\">\n                                    <div class=\"breadcrumb-inner mn-grid-12\"><div class=\"breadcrumbs\" vocab=\"https:\/\/schema.org\/\" typeof=\"BreadcrumbList\"><span property=\"itemListElement\" typeof=\"ListItem\"><a property=\"item\" typeof=\"WebPage\" title=\"Go to Szko\u0142a G\u0142\u00f3wna Gospodarstwa Wiejskiego w Warszawie.\" href=\"https:\/\/www.sggw.edu.pl\/en\/\" class=\"home\" aria-current=\"page\"><span property=\"name\">Home<\/span><\/a><meta property=\"position\" content=\"1\"><\/span><\/div>    <\/div>\n                                <\/div>\t\t<\/div>\n\t\t\t\t<\/div>\n\t\t\t\t\t<\/div>\n\t\t<\/div>\n\t\t\t\t\t<\/div>\n\t\t<\/section>\n\t\t\t\t<section class=\"elementor-section elementor-top-section elementor-element elementor-element-6404323 elementor-section-boxed elementor-section-height-default elementor-section-height-default\" data-id=\"6404323\" data-element_type=\"section\">\n\t\t\t\t\t\t<div class=\"elementor-container elementor-column-gap-default\">\n\t\t\t\t\t<div class=\"elementor-column elementor-col-100 elementor-top-column elementor-element elementor-element-320a4e1\" data-id=\"320a4e1\" data-element_type=\"column\">\n\t\t\t<div class=\"elementor-widget-wrap elementor-element-populated\">\n\t\t\t\t\t\t<div class=\"elementor-element elementor-element-a1e527d elementor-widget elementor-widget-w1_2_3\" data-id=\"a1e527d\" data-element_type=\"widget\" data-widget_type=\"w1_2_3.default\">\n\t\t\t\t<div class=\"elementor-widget-container\">\n\t\t\t<section>\n                <div class=\"mn-grid\">\n                    <h2  class=\"mn-grid-12\">\n                        Transfer from another university (INFO)\n                    <\/h2>\n                <\/div>\n            <\/section>\t\t<\/div>\n\t\t\t\t<\/div>\n\t\t\t\t\t<\/div>\n\t\t<\/div>\n\t\t\t\t\t<\/div>\n\t\t<\/section>\n\t\t\t\t<section class=\"elementor-section elementor-top-section elementor-element elementor-element-6e402fd elementor-section-boxed elementor-section-height-default elementor-section-height-default\" data-id=\"6e402fd\" data-element_type=\"section\">\n\t\t\t\t\t\t<div class=\"elementor-container elementor-column-gap-default\">\n\t\t\t\t\t<div class=\"elementor-column elementor-col-100 elementor-top-column elementor-element elementor-element-8b5a072\" data-id=\"8b5a072\" data-element_type=\"column\">\n\t\t\t<div class=\"elementor-widget-wrap elementor-element-populated\">\n\t\t\t\t\t\t<div class=\"elementor-element elementor-element-2b89d66 elementor-widget elementor-widget-w12\" data-id=\"2b89d66\" data-element_type=\"widget\" data-widget_type=\"w12.default\">\n\t\t\t\t<div class=\"elementor-widget-container\">\n\t\t\t<section>\n                <div class=\"mn-grid\">\n                    <div class=\"mn-grid-12 mn-mod-text-links\">\n                        <p>The transfer admission rules are regulated by the SGGW Study Regulations, Chapter 5 \u00a7 21.<\/p><p>To be considered, the candidate needs to meet the following criteria:<\/p><ul><li>has not been removed from the list of students of the current university,<\/li><\/ul><ul><li>has completed at least 1 full-time semester (with all the credits),<\/li><li>has fulfilled all the obligations resulting from the regulations in force at the current university.<\/li><\/ul><p>The student applying for admission as part of the transfer process should submit a set of the following documents to the vice-dean of the chosen faculty:<\/p><ul><li>transfer application,<\/li><li>consent and opinion of the entity managing the organizational unit of the current university,<\/li><li>previous course of study certified by the current University.<\/li><\/ul><p>Additionally, foreigners should submit:<\/p><ul><li>a certificate confirming the knowledge of the Polish language at a minimum B2 level, in the case of an application for studies in Polish.<\/li><li>a declaration of being authorized to study on a tuition fee-paying basis, in the case of an application for full-time studies in Polish.<\/li><\/ul><p>\u00a0The document of being entitled to be exempt from fees should be available for review.<\/p><p><strong>The deadline for submitting applications:<\/strong><\/p><p>at least 30 days before the start of the semester chosen by the candidate to continue their education at SGGW.<\/p><p>The decision on the transfer admission is made by the vice-dean of the faculty upon the written request referred to above, submitted by the candidate.<\/p>\n                    <\/div>\n                <\/div>\n            <\/section>\t\t<\/div>\n\t\t\t\t<\/div>\n\t\t\t\t\t<\/div>\n\t\t<\/div>\n\t\t\t\t\t<\/div>\n\t\t<\/section>\n\t\t\t\t<section class=\"elementor-section elementor-top-section elementor-element elementor-element-8b63c2c elementor-section-boxed elementor-section-height-default elementor-section-height-default\" data-id=\"8b63c2c\" data-element_type=\"section\">\n\t\t\t\t\t\t<div class=\"elementor-container elementor-column-gap-default\">\n\t\t\t\t\t<div class=\"elementor-column elementor-col-100 elementor-top-column elementor-element elementor-element-828c488\" data-id=\"828c488\" data-element_type=\"column\">\n\t\t\t<div class=\"elementor-widget-wrap elementor-element-populated\">\n\t\t\t\t\t\t<div class=\"elementor-element elementor-element-79bc487 elementor-widget elementor-widget-w33\" data-id=\"79bc487\" data-element_type=\"widget\" data-widget_type=\"w33.default\">\n\t\t\t\t<div class=\"elementor-widget-container\">\n\t\t\t<section>\n            <div class=\"mn-grid\">\n                <div class=\"mn-vertical-separator-x2\">\n                    \n                <\/div>\n            <\/section>\t\t<\/div>\n\t\t\t\t<\/div>\n\t\t\t\t\t<\/div>\n\t\t<\/div>\n\t\t\t\t\t<\/div>\n\t\t<\/section>\n\t\t\t\t<\/div>\n\t\t","protected":false},"excerpt":{"rendered":"<p>Transfer from another university (INFO) The transfer admission rules are regulated by the SGGW Study Regulations, Chapter 5 \u00a7 21. To be considered, the candidate needs to meet the following criteria: has not been removed from the list of students of the current university, has completed at least 1 full-time semester (with all the credits), [&hellip;]<\/p>\n","protected":false},"author":36074,"featured_media":0,"parent":191425,"menu_order":0,"comment_status":"closed","ping_status":"closed","template":"","meta":{"_acf_changed":false,"footnotes":""},"class_list":["post-191429","page","type-page","status-publish","hentry"],"acf":[],"_links":{"self":[{"href":"https:\/\/www.sggw.edu.pl\/en\/wp-json\/wp\/v2\/pages\/191429","targetHints":{"allow":["GET"]}}],"collection":[{"href":"https:\/\/www.sggw.edu.pl\/en\/wp-json\/wp\/v2\/pages"}],"about":[{"href":"https:\/\/www.sggw.edu.pl\/en\/wp-json\/wp\/v2\/types\/page"}],"author":[{"embeddable":true,"href":"https:\/\/www.sggw.edu.pl\/en\/wp-json\/wp\/v2\/users\/36074"}],"replies":[{"embeddable":true,"href":"https:\/\/www.sggw.edu.pl\/en\/wp-json\/wp\/v2\/comments?post=191429"}],"version-history":[{"count":3,"href":"https:\/\/www.sggw.edu.pl\/en\/wp-json\/wp\/v2\/pages\/191429\/revisions"}],"predecessor-version":[{"id":285529,"href":"https:\/\/www.sggw.edu.pl\/en\/wp-json\/wp\/v2\/pages\/191429\/revisions\/285529"}],"up":[{"embeddable":true,"href":"https:\/\/www.sggw.edu.pl\/en\/wp-json\/wp\/v2\/pages\/191425"}],"wp:attachment":[{"href":"https:\/\/www.sggw.edu.pl\/en\/wp-json\/wp\/v2\/media?parent=191429"}],"curies":[{"name":"wp","href":"https:\/\/api.w.org\/{rel}","templated":true}]}}