{"id":191430,"date":"2024-03-08T13:20:08","date_gmt":"2024-03-08T12:20:08","guid":{"rendered":"https:\/\/www.copy.sggw.edu.pl\/?page_id=141723"},"modified":"2026-04-08T09:17:25","modified_gmt":"2026-04-08T07:17:25","slug":"knowledge-of-english","status":"publish","type":"page","link":"https:\/\/www.sggw.edu.pl\/en\/recruitment\/knowledge-of-english\/","title":{"rendered":"Knowledge of English"},"content":{"rendered":"\t\t<div data-elementor-type=\"wp-page\" data-elementor-id=\"191430\" class=\"elementor elementor-191430\" data-elementor-post-type=\"page\">\n\t\t\t\t\t\t<section class=\"elementor-section elementor-top-section elementor-element elementor-element-00e0585 elementor-section-boxed elementor-section-height-default elementor-section-height-default\" data-id=\"00e0585\" data-element_type=\"section\">\n\t\t\t\t\t\t<div class=\"elementor-container elementor-column-gap-default\">\n\t\t\t\t\t<div class=\"elementor-column elementor-col-100 elementor-top-column elementor-element elementor-element-a4ea2a1\" data-id=\"a4ea2a1\" data-element_type=\"column\">\n\t\t\t<div class=\"elementor-widget-wrap elementor-element-populated\">\n\t\t\t\t\t\t<div class=\"elementor-element elementor-element-04cdbd7 elementor-widget elementor-widget-wp-widget-bcn_widget\" data-id=\"04cdbd7\" data-element_type=\"widget\" data-widget_type=\"wp-widget-bcn_widget.default\">\n\t\t\t\t<div class=\"elementor-widget-container\">\n\t\t\t<div class=\"mn-grid breadcrumb\">\n                                    <div class=\"breadcrumb-inner mn-grid-12\"><div class=\"breadcrumbs\" vocab=\"https:\/\/schema.org\/\" typeof=\"BreadcrumbList\"><span property=\"itemListElement\" typeof=\"ListItem\"><a property=\"item\" typeof=\"WebPage\" title=\"Go to Szko\u0142a G\u0142\u00f3wna Gospodarstwa Wiejskiego w Warszawie.\" href=\"https:\/\/www.sggw.edu.pl\/en\/\" class=\"home\" aria-current=\"page\"><span property=\"name\">Home<\/span><\/a><meta property=\"position\" content=\"1\"><\/span><\/div>    <\/div>\n                                <\/div>\t\t<\/div>\n\t\t\t\t<\/div>\n\t\t\t\t<div class=\"elementor-element elementor-element-ca73852 elementor-widget elementor-widget-w1_2_3\" data-id=\"ca73852\" data-element_type=\"widget\" data-widget_type=\"w1_2_3.default\">\n\t\t\t\t<div class=\"elementor-widget-container\">\n\t\t\t<section>\n                <div class=\"mn-grid\">\n                    <h2  class=\"mn-grid-12\">\n                        Documents Certifying Knowledge of English\n                    <\/h2>\n                <\/div>\n            <\/section>\t\t<\/div>\n\t\t\t\t<\/div>\n\t\t\t\t<section class=\"elementor-section elementor-inner-section elementor-element elementor-element-dae0073 elementor-section-boxed elementor-section-height-default elementor-section-height-default\" data-id=\"dae0073\" data-element_type=\"section\">\n\t\t\t\t\t\t<div class=\"elementor-container elementor-column-gap-default\">\n\t\t\t\t\t<div class=\"elementor-column elementor-col-100 elementor-inner-column elementor-element elementor-element-86b253d\" data-id=\"86b253d\" data-element_type=\"column\">\n\t\t\t<div class=\"elementor-widget-wrap elementor-element-populated\">\n\t\t\t\t\t\t<div class=\"elementor-element elementor-element-c1c90a0 elementor-widget elementor-widget-w12\" data-id=\"c1c90a0\" data-element_type=\"widget\" data-widget_type=\"w12.default\">\n\t\t\t\t<div class=\"elementor-widget-container\">\n\t\t\t<section>\n                <div class=\"mn-grid\">\n                    <div class=\"mn-grid-12 mn-mod-text-links\">\n                        <p>A document confirming knowledge of English is required from candidates who apply for admission to studies conducted in English.<\/p><p>Candidates are obliged to provide one of the following documents certifying their knowledge of English at minimum B2 level.<\/p><p>The Regulation of the Minister of Science and Higher Education of July 30, 2025, on the types of documents certifying knowledge of the language in which education is conducted entered into force on August 1, 2025. Pursuant to the aforementioned Regulation, documents certifying knowledge of English at a language proficiency level no lower than B2, accepted in the recruitment process from August 1, 2025, at the Warsaw University of Life Sciences, are:<\/p><ol><li>a certificate, diploma or other document confirming knowledge of English in the following four language skills: listening, reading, speaking and writing, at the B2, C1 or C2 language proficiency level, issued by the indicated institution:<br \/><strong>\u2013 University of Cambridge, ESOL Examinations:<\/strong><br \/>\u2013 \u2013 B2 First (FCE),<br \/>\u2013 \u2013 C1 Advanced (CAE),<br \/>\u2013 \u2013 C2 Proficiency (CPE),<br \/>\u2013 \u2013 B2 Business Vantage (BEC Vantage),<br \/>\u2013 \u2013 C1 Business Higher,<br \/>\u2013 \u2013 Certificate in English for International Business and Trade (CEIBT),<br \/><strong>\u2013 University of Cambridge, ESOL Examinations, British Council, IDP IELTS Australia:<\/strong> <br \/>\u2013 \u2013 International English Language Testing System IELTS \u2013 at least 5,5 points,<br \/><strong>\u2013 Trinity College London:<\/strong><br \/>\u2013 \u2013 ESOL Skills for Life \u2013 Level 1 (B2) or higher,<br \/>\u2013 \u2013 Integrated Skills in English (ISE) \u2013 ISE II or higher,<br \/>\u2013 \u2013 ISE Digital \u2013 over 80 points (B2),<br \/><strong>\u2013 Educational Testing Service (ETS):<\/strong><br \/>\u2013 \u2013 Test of English as a Foreign Language (TOEFL) w wersji Internet-Based Test (iBT) \u2013 at least 72 points,<br \/>\u2013 \u2013 Test of English for International Communication (TOEIC) \u2013 at least: 785 points in the Listening &amp; Reading section and 150 points in the Speaking section and 160 points in the Writing section,<br \/><strong>\u2013 Pearson Assessment English:<\/strong><br \/>\u2013 \u2013 Pearson English International Certificate \u2013 paper and computer versions (previously Pearson Test of English General (PTE) lub London Tests of English) \u2013 Level 3 (Edexcel Certificate in ESOL International Level 1 \u2013 mark Pass, Merit, Distinction) or higher,<br \/>\u2013 \u2013 Pearson Test of English Academic (PTE Academic) in the stationary and online versions \u2013 at least 59 points,<br \/><strong>\u2013 LanguageCert (PeopleCert Qualifications (PCQ)):<\/strong><br \/>\u2013 \u2013 LanguageCert International ESOL \u2013 LanguageCert Level 1 Certificate in ESOL International (Listening, Reading, Writing) (Communicator B2), also known as: LanguageCert International ESOL Communicator B2 Listening, Reading, Writing or higher including LanguageCert Level 1 Certificate in ESOL International (Speaking) (Communicator B2), also known as LanguageCert International ESOL Communicator B2 Speaking or higher,<br \/>\u2013 \u2013 LanguageCert Academic \u2013 LanguageCert Level 1 Certificate in ESOL International (Listening, Reading, Writing, Speaking) (LanguageCert Academic B2) or higher,<br \/>\u2013 \u2013 LanguageCert Test of English \u2013 LanguageCert Level 1 Certificate in ESOL International (Listening, Reading, Writing, Speaking) (LanguageCert Test of English B2) or higher,<br \/><strong>\u2013 Education Development International (EDI), London Chamber of Commerce and Industry Examinations Board: London Chamber of Commerce and Industry Examinations (LCCI):<\/strong><br \/>\u2013 \u2013 English for Business Level 2 or higher,<br \/>\u2013 \u2013 Foundation Certificate for Teachers of Business English (FTBE),<br \/><strong>\u2013 European Consortium for the Certificate of Attainment in Modern Languages \u2013 Level B2 (Vantage) or higher,<\/strong><br \/><strong>\u2013 telc GmbH, WBT Weiterbildungs-Testsysteme GmbH:<\/strong><br \/>\u2013 \u2013 Certificate in English,<br \/>\u2013 \u2013 Certificate in English for Business Purposes,<br \/>\u2013 \u2013 Certificate in English for Technical Purposes,<br \/>\u2013 \u2013 telc English,<br \/>\u2013 \u2013 telc English Business,<br \/>\u2013 \u2013 telc English Technical,<br \/>\u2013 \u2013 telc English University;<\/li><li>a certificate of completion of a preparatory course for studies referred to in Article 60, Section 4 of the Act of 12 December 2013 on Foreigners, lasting no less than 9 months, certifying knowledge of English in four language skills: listening, reading, speaking, and writing, at a language proficiency level of B2, C1, or C2. The courses are conducted by universities operating within the higher education and science system of the Republic of Poland;<\/li><li>a diploma of completion of first-cycle studies, second-cycle studies or long-cycle studies in the field of English philology or applied linguistics, issued by a university operating within the higher education and science system of the Republic of Poland or a foreign university, together with a diploma supplement or a certificate confirming that the number of hours of English language classes was at least 500;<\/li><li>a diploma of completion of first-cycle studies, second-cycle studies or long-cycle studies issued by a university operating within the higher education and science system of the Republic of Poland or a foreign university, containing information on the language of instruction of the studies, and if the diploma of completion of studies does not contain such information \u2013 additionally a diploma supplement or a certificate containing information that the language of instruction of the studies was English;<\/li><li>International Baccalaureate Diploma \u2013 if language A is English &#8211; applies foreigners who are not citizens of the European Union, the European Free Trade Association (EFTA) \u2013 parties to the Agreement on the European Economic Area, the Swiss Confederation, the United Kingdom of Great Britain and Northern Ireland;<\/li><li>European Baccalaureate Diploma \u2013 in relation to the first (L1) or second (L2) language, i.e. if L1 or L2 is English;<\/li><li>a certificate of acquisition of the right to practice as a sworn translator of English issued by the Minister of Justice, referred to in Article 5, Section 2 of the Act of 25 November 2004 on the profession of sworn translator, or a certificate confirming entry on the list of sworn translators of English;<\/li><li>Polish secondary school leaving certificate, certifying the passing of the matura exam in English at the extended level with a score of 60% and above &#8211; applies to candidates applying for admission to first-cycle studies and long-cycle master&#8217;s studies based on a Polish secondary school leaving certificate;<\/li><li>International Baccalaureate Diploma \u2013 applies to Polish citizens and foreigners who are citizens of the European Union, the European Free Trade Association (EFTA) \u2013 parties to the Agreement on the European Economic Area, the Swiss Confederation, the United Kingdom of Great Britain and Northern Ireland;<\/li><li>a diploma of completion of first-cycle, second-cycle, or uniform master&#8217;s studies issued by a university operating within the higher education and science system of the Republic of Poland with Polish as the language of instruction, certifying the passing of an English language exam at B2 level during the course of studies \u2013 applies to candidates applying for admission to second-cycle studies in the fields of biotechnology and biomedical technology conducted in Polish, based on a diploma of completion of studies obtained in the Polish education system;<\/li><li>a certificate issued abroad in the education system of the following countries: Australia, Ireland, Canada, Malta, New Zealand, the United States, the United Kingdom, enabling application for admission to first-cycle studies or uniform master&#8217;s studies in Poland, containing information about the language of instruction, and in the case where the certificate does not contain such information \u2013 additionally a certificate confirming that the language of instruction was English; The certificate referred to in the preceding sentence applies to Polish citizens as well as foreigners who are citizens of the European Union, the European Free Trade Association (EFTA) \u2013 parties to the agreement on the European Economic Area, the Swiss Confederation, the United Kingdom of Great Britain and Northern Ireland, who apply for admission to studies on the basis of this certificate.<\/li><\/ol><p>The regulations do not apply to candidates who obtained the \u201cadmitted\u201d status in phases 1 and 2 of the recruitment process.<\/p>\n                    <\/div>\n                <\/div>\n            <\/section>\t\t<\/div>\n\t\t\t\t<\/div>\n\t\t\t\t\t<\/div>\n\t\t<\/div>\n\t\t\t\t\t<\/div>\n\t\t<\/section>\n\t\t\t\t\t<\/div>\n\t\t<\/div>\n\t\t\t\t\t<\/div>\n\t\t<\/section>\n\t\t\t\t<\/div>\n\t\t","protected":false},"excerpt":{"rendered":"<p>Documents Certifying Knowledge of English A document confirming knowledge of English is required from candidates who apply for admission to studies conducted in English. Candidates are obliged to provide one of the following documents certifying their knowledge of English at minimum B2 level. The Regulation of the Minister of Science and Higher Education of July [&hellip;]<\/p>\n","protected":false},"author":36074,"featured_media":0,"parent":191425,"menu_order":0,"comment_status":"closed","ping_status":"closed","template":"","meta":{"_acf_changed":false,"footnotes":""},"class_list":["post-191430","page","type-page","status-publish","hentry"],"acf":[],"_links":{"self":[{"href":"https:\/\/www.sggw.edu.pl\/en\/wp-json\/wp\/v2\/pages\/191430","targetHints":{"allow":["GET"]}}],"collection":[{"href":"https:\/\/www.sggw.edu.pl\/en\/wp-json\/wp\/v2\/pages"}],"about":[{"href":"https:\/\/www.sggw.edu.pl\/en\/wp-json\/wp\/v2\/types\/page"}],"author":[{"embeddable":true,"href":"https:\/\/www.sggw.edu.pl\/en\/wp-json\/wp\/v2\/users\/36074"}],"replies":[{"embeddable":true,"href":"https:\/\/www.sggw.edu.pl\/en\/wp-json\/wp\/v2\/comments?post=191430"}],"version-history":[{"count":67,"href":"https:\/\/www.sggw.edu.pl\/en\/wp-json\/wp\/v2\/pages\/191430\/revisions"}],"predecessor-version":[{"id":286664,"href":"https:\/\/www.sggw.edu.pl\/en\/wp-json\/wp\/v2\/pages\/191430\/revisions\/286664"}],"up":[{"embeddable":true,"href":"https:\/\/www.sggw.edu.pl\/en\/wp-json\/wp\/v2\/pages\/191425"}],"wp:attachment":[{"href":"https:\/\/www.sggw.edu.pl\/en\/wp-json\/wp\/v2\/media?parent=191430"}],"curies":[{"name":"wp","href":"https:\/\/api.w.org\/{rel}","templated":true}]}}