{"id":191433,"date":"2024-03-08T14:26:52","date_gmt":"2024-03-08T13:26:52","guid":{"rendered":"https:\/\/www.copy.sggw.edu.pl\/?page_id=141762"},"modified":"2026-04-14T14:13:11","modified_gmt":"2026-04-14T12:13:11","slug":"translation-of-documents","status":"publish","type":"page","link":"https:\/\/www.sggw.edu.pl\/en\/recruitment\/bachelors-degree-and-masters-degree-long-cycle\/required-documents\/translation-of-documents\/","title":{"rendered":"Translation of documents"},"content":{"rendered":"\t\t<div data-elementor-type=\"wp-page\" data-elementor-id=\"191433\" class=\"elementor elementor-191433\" data-elementor-post-type=\"page\">\n\t\t\t\t\t\t<section class=\"elementor-section elementor-top-section elementor-element elementor-element-2be7299 elementor-section-boxed elementor-section-height-default elementor-section-height-default\" data-id=\"2be7299\" data-element_type=\"section\">\n\t\t\t\t\t\t<div class=\"elementor-container elementor-column-gap-default\">\n\t\t\t\t\t<div class=\"elementor-column elementor-col-100 elementor-top-column elementor-element elementor-element-20509bc\" data-id=\"20509bc\" data-element_type=\"column\">\n\t\t\t<div class=\"elementor-widget-wrap elementor-element-populated\">\n\t\t\t\t\t\t<div class=\"elementor-element elementor-element-bcfebd6 elementor-widget elementor-widget-wp-widget-bcn_widget\" data-id=\"bcfebd6\" data-element_type=\"widget\" data-widget_type=\"wp-widget-bcn_widget.default\">\n\t\t\t\t<div class=\"elementor-widget-container\">\n\t\t\t<div class=\"mn-grid breadcrumb\">\n                                    <div class=\"breadcrumb-inner mn-grid-12\"><div class=\"breadcrumbs\" vocab=\"https:\/\/schema.org\/\" typeof=\"BreadcrumbList\"><span property=\"itemListElement\" typeof=\"ListItem\"><a property=\"item\" typeof=\"WebPage\" title=\"Go to Szko\u0142a G\u0142\u00f3wna Gospodarstwa Wiejskiego w Warszawie.\" href=\"https:\/\/www.sggw.edu.pl\/en\/\" class=\"home\" aria-current=\"page\"><span property=\"name\">Home<\/span><\/a><meta property=\"position\" content=\"1\"><\/span><\/div>    <\/div>\n                                <\/div>\t\t<\/div>\n\t\t\t\t<\/div>\n\t\t\t\t\t<\/div>\n\t\t<\/div>\n\t\t\t\t\t<\/div>\n\t\t<\/section>\n\t\t\t\t<section class=\"elementor-section elementor-top-section elementor-element elementor-element-06bf973 elementor-section-boxed elementor-section-height-default elementor-section-height-default\" data-id=\"06bf973\" data-element_type=\"section\">\n\t\t\t\t\t\t<div class=\"elementor-container elementor-column-gap-default\">\n\t\t\t\t\t<div class=\"elementor-column elementor-col-100 elementor-top-column elementor-element elementor-element-8399ae7\" data-id=\"8399ae7\" data-element_type=\"column\">\n\t\t\t<div class=\"elementor-widget-wrap elementor-element-populated\">\n\t\t\t\t\t\t<div class=\"elementor-element elementor-element-645595c elementor-widget elementor-widget-w1_2_3\" data-id=\"645595c\" data-element_type=\"widget\" data-widget_type=\"w1_2_3.default\">\n\t\t\t\t<div class=\"elementor-widget-container\">\n\t\t\t<section>\n                <div class=\"mn-grid\">\n                    <h2  class=\"mn-grid-12\">\n                        Translation of documents\n                    <\/h2>\n                <\/div>\n            <\/section>\t\t<\/div>\n\t\t\t\t<\/div>\n\t\t\t\t<div class=\"elementor-element elementor-element-4087584 elementor-widget elementor-widget-w33\" data-id=\"4087584\" data-element_type=\"widget\" data-widget_type=\"w33.default\">\n\t\t\t\t<div class=\"elementor-widget-container\">\n\t\t\t<section>\n            <div class=\"mn-grid\">\n                <div class=\"mn-vertical-separator\">\n                    \n                <\/div>\n            <\/section>\t\t<\/div>\n\t\t\t\t<\/div>\n\t\t\t\t<div class=\"elementor-element elementor-element-cf691e5 elementor-widget elementor-widget-w12\" data-id=\"cf691e5\" data-element_type=\"widget\" data-widget_type=\"w12.default\">\n\t\t\t\t<div class=\"elementor-widget-container\">\n\t\t\t<section>\n                <div class=\"mn-grid\">\n                    <div class=\"mn-grid-12 mn-mod-text-links\">\n                        <p>Education documents issued in a language other than Polish are submitted together with their translations into Polish.\u00a0<span title=\"\">Translations should be made or certified by:<\/span><\/p><p>1) a person entered by the Polish Minister of Justice on the list of sworn translators \u2013 the list of sworn translators is available on the website of the Ministry of Justice, or<br \/>2) a person registered as a sworn translator in a Member State of the European Union, a Member State of the European Free Trade Agreement (EFTA) \u2013 party to the agreement on the European Economic Area or a member of the Organization for Economic Cooperation and Development (OECD), or<br \/>3) the consul of the Republic of Poland, competent for the country on whose territory or in which education system the certificate was issued, or<br \/>4) an embassy or consulate of the country which issued the certificate or in which educational system the school operates located on the territory of Poland.<\/p><p>Translation into Polish does not apply to the following documents issued in English: EB diploma, IB diploma, higher education diplomas.<\/p>\n                    <\/div>\n                <\/div>\n            <\/section>\t\t<\/div>\n\t\t\t\t<\/div>\n\t\t\t\t\t<\/div>\n\t\t<\/div>\n\t\t\t\t\t<\/div>\n\t\t<\/section>\n\t\t\t\t<\/div>\n\t\t","protected":false},"excerpt":{"rendered":"<p>Translation of documents Education documents issued in a language other than Polish are submitted together with their translations into Polish.\u00a0Translations should be made or certified by: 1) a person entered by the Polish Minister of Justice on the list of sworn translators \u2013 the list of sworn translators is available on the website of the [&hellip;]<\/p>\n","protected":false},"author":36074,"featured_media":0,"parent":221659,"menu_order":0,"comment_status":"closed","ping_status":"closed","template":"","meta":{"_acf_changed":false,"footnotes":""},"class_list":["post-191433","page","type-page","status-publish","hentry"],"acf":[],"_links":{"self":[{"href":"https:\/\/www.sggw.edu.pl\/en\/wp-json\/wp\/v2\/pages\/191433","targetHints":{"allow":["GET"]}}],"collection":[{"href":"https:\/\/www.sggw.edu.pl\/en\/wp-json\/wp\/v2\/pages"}],"about":[{"href":"https:\/\/www.sggw.edu.pl\/en\/wp-json\/wp\/v2\/types\/page"}],"author":[{"embeddable":true,"href":"https:\/\/www.sggw.edu.pl\/en\/wp-json\/wp\/v2\/users\/36074"}],"replies":[{"embeddable":true,"href":"https:\/\/www.sggw.edu.pl\/en\/wp-json\/wp\/v2\/comments?post=191433"}],"version-history":[{"count":7,"href":"https:\/\/www.sggw.edu.pl\/en\/wp-json\/wp\/v2\/pages\/191433\/revisions"}],"predecessor-version":[{"id":287474,"href":"https:\/\/www.sggw.edu.pl\/en\/wp-json\/wp\/v2\/pages\/191433\/revisions\/287474"}],"up":[{"embeddable":true,"href":"https:\/\/www.sggw.edu.pl\/en\/wp-json\/wp\/v2\/pages\/221659"}],"wp:attachment":[{"href":"https:\/\/www.sggw.edu.pl\/en\/wp-json\/wp\/v2\/media?parent=191433"}],"curies":[{"name":"wp","href":"https:\/\/api.w.org\/{rel}","templated":true}]}}