{"id":191439,"date":"2024-03-08T17:45:30","date_gmt":"2024-03-08T16:45:30","guid":{"rendered":"https:\/\/www.copy.sggw.edu.pl\/?page_id=141878"},"modified":"2025-01-20T12:05:25","modified_gmt":"2025-01-20T11:05:25","slug":"informacje-dla-osob-zakwalifikowanych-studia-ii-stopnia","status":"publish","type":"page","link":"https:\/\/www.sggw.edu.pl\/en\/recruitment\/second-cycle-studies-masters-degree\/informacje-dla-osob-zakwalifikowanych-studia-ii-stopnia\/","title":{"rendered":"Informacje dla os\u00f3b zakwalifikowanych &#8211; studia II stopnia"},"content":{"rendered":"\t\t<div data-elementor-type=\"wp-page\" data-elementor-id=\"191439\" class=\"elementor elementor-191439\" data-elementor-post-type=\"page\">\n\t\t\t\t\t\t<section class=\"elementor-section elementor-top-section elementor-element elementor-element-cb6abe6 elementor-section-boxed elementor-section-height-default elementor-section-height-default\" data-id=\"cb6abe6\" data-element_type=\"section\">\n\t\t\t\t\t\t<div class=\"elementor-container elementor-column-gap-default\">\n\t\t\t\t\t<div class=\"elementor-column elementor-col-100 elementor-top-column elementor-element elementor-element-c68acf5\" data-id=\"c68acf5\" data-element_type=\"column\">\n\t\t\t<div class=\"elementor-widget-wrap elementor-element-populated\">\n\t\t\t\t\t\t<div class=\"elementor-element elementor-element-954a733 elementor-widget elementor-widget-wp-widget-bcn_widget\" data-id=\"954a733\" data-element_type=\"widget\" data-widget_type=\"wp-widget-bcn_widget.default\">\n\t\t\t\t<div class=\"elementor-widget-container\">\n\t\t\t<div class=\"mn-grid breadcrumb\">\n                                    <div class=\"breadcrumb-inner mn-grid-12\"><div class=\"breadcrumbs\" vocab=\"https:\/\/schema.org\/\" typeof=\"BreadcrumbList\"><span property=\"itemListElement\" typeof=\"ListItem\"><a property=\"item\" typeof=\"WebPage\" title=\"Go to Szko\u0142a G\u0142\u00f3wna Gospodarstwa Wiejskiego w Warszawie.\" href=\"https:\/\/www.sggw.edu.pl\/en\/\" class=\"home\" aria-current=\"page\"><span property=\"name\">Home<\/span><\/a><meta property=\"position\" content=\"1\"><\/span><\/div>    <\/div>\n                                <\/div>\t\t<\/div>\n\t\t\t\t<\/div>\n\t\t\t\t\t<\/div>\n\t\t<\/div>\n\t\t\t\t\t<\/div>\n\t\t<\/section>\n\t\t\t\t<section class=\"elementor-section elementor-top-section elementor-element elementor-element-3ecd96d elementor-section-boxed elementor-section-height-default elementor-section-height-default\" data-id=\"3ecd96d\" data-element_type=\"section\">\n\t\t\t\t\t\t<div class=\"elementor-container elementor-column-gap-default\">\n\t\t\t\t\t<div class=\"elementor-column elementor-col-100 elementor-top-column elementor-element elementor-element-e85ccc8\" data-id=\"e85ccc8\" data-element_type=\"column\">\n\t\t\t<div class=\"elementor-widget-wrap elementor-element-populated\">\n\t\t\t\t\t\t<div class=\"elementor-element elementor-element-84bc5ca elementor-widget elementor-widget-w1_2_3\" data-id=\"84bc5ca\" data-element_type=\"widget\" data-widget_type=\"w1_2_3.default\">\n\t\t\t\t<div class=\"elementor-widget-container\">\n\t\t\t<section>\n                <div class=\"mn-grid\">\n                    <h2  class=\"mn-grid-12\">\n                        Informacja dla os\u00f3b zakwalifikowanych - studia II stopnia\n                    <\/h2>\n                <\/div>\n            <\/section>\t\t<\/div>\n\t\t\t\t<\/div>\n\t\t\t\t<div class=\"elementor-element elementor-element-c7ae803 elementor-widget elementor-widget-w12\" data-id=\"c7ae803\" data-element_type=\"widget\" data-widget_type=\"w12.default\">\n\t\t\t\t<div class=\"elementor-widget-container\">\n\t\t\t<section>\n                <div class=\"mn-grid\">\n                    <div class=\"mn-grid-12 mn-mod-text-links\">\n                        <p>Kandydat\u00f3w zakwalifikowanych do przyj\u0119cia zapraszamy do z\u0142o\u017cenia dokument\u00f3w w terminie \u2026\u2026\u2026\u2026\u2026\u2026.. r. w godzinach 9:00-15:00. Dokumenty nale\u017cy sk\u0142ada\u0107 w siedzibie uczelni znajduj\u0105cej si\u0119 na ulicy Nowoursynowskiej 166, budynek 8, parter.<\/p><p>Kandydaci z polskim obywatelstwem, kt\u00f3rzy posiadaj\u0105 polski dyplom uko\u0144czenia studi\u00f3w (za\u015bwiadczenie potwierdzaj\u0105ce obron\u0119) sk\u0142adaj\u0105 dokumenty w sali 11, wej\u015bcie z ty\u0142u budynku.<\/p><p>Kandydaci z polskim obywatelstwem, kt\u00f3rzy posiadaj\u0105 zagraniczny dyplom uko\u0144czenia studi\u00f3w sk\u0142adaj\u0105 dokumenty przy stanowiskach dost\u0119pnych w pokoju nr 2, wej\u015bcie od frontu budynku.<\/p><p>Kandydaci b\u0119d\u0105cy cudzoziemcami, bez wzgl\u0119du na rodzaj uzyskanego dyplomu, sk\u0142adaj\u0105 dokumenty przy stanowiskach dost\u0119pnych w pokoju nr 2, wej\u015bcie od frontu budynku.<\/p><p>Prosimy o zabranie ze sob\u0105 kompletu wymaganych dokument\u00f3w, zgodnie z wytycznymi ze strony:<\/p><p>Wykaz dokument\u00f3w studia II stopnia:<\/p><p>Obywatele polscy:\u00a0<a href=\"https:\/\/www.sggw.edu.pl\/rekrutacja\/zasady-rekrutacji-na-studia-ii-stopnia\/2-pl-wymagane-dokumenty\/\">sprawd\u017a list\u0119 wymaganych dokument\u00f3w<\/a><\/p><p>Cudzoziemcy:\u00a0<a href=\"https:\/\/www.sggw.edu.pl\/rekrutacja\/zasady-rekrutacji-na-studia-ii-stopnia\/2-pl-c-wymagane-dokumenty\/\">sprawd\u017a list\u0119 wymaganych dokument\u00f3w<\/a><\/p><p>SPOS\u00d3B SK\u0141ADANIA DOKUMENT\u00d3W:<\/p><p>Dokumenty sk\u0142ada osobi\u015bcie kandydat w siedzibie uczelni lub osoba, kt\u00f3rej kandydat powierzy\u0142 z\u0142o\u017cenie dokument\u00f3w. W przypadku, gdy dokumenty sk\u0142ada inna osoba w imieniu kandydata nie jest wymagane pisemne upowa\u017cnienie. Warunkiem przyj\u0119cia dokument\u00f3w od osoby reprezentuj\u0105cej kandydata jest przed\u0142o\u017cenie kompletu wymaganych dokument\u00f3w wraz z ankiet\u0105 osobow\u0105 czytelnie podpisan\u0105 przez kandydata.<\/p><p>NIEZ\u0141O\u017bENIE DOKUMENT\u00d3W WE WSKAZANYM TERMINIE<\/p><p>Kandydaci zakwalifikowani do przyj\u0119cia, kt\u00f3rzy nie z\u0142o\u017c\u0105 dokument\u00f3w w wyznaczonym terminie, traktowani s\u0105 jako osoby rezygnuj\u0105ce z udzia\u0142u w rekrutacji.<\/p>\n                    <\/div>\n                <\/div>\n            <\/section>\t\t<\/div>\n\t\t\t\t<\/div>\n\t\t\t\t\t<\/div>\n\t\t<\/div>\n\t\t\t\t\t<\/div>\n\t\t<\/section>\n\t\t\t\t<section class=\"elementor-section elementor-top-section elementor-element elementor-element-5819a06 elementor-section-boxed elementor-section-height-default elementor-section-height-default\" data-id=\"5819a06\" data-element_type=\"section\">\n\t\t\t\t\t\t<div class=\"elementor-container elementor-column-gap-default\">\n\t\t\t\t\t<div class=\"elementor-column elementor-col-100 elementor-top-column elementor-element elementor-element-7a7bef4\" data-id=\"7a7bef4\" data-element_type=\"column\">\n\t\t\t<div class=\"elementor-widget-wrap elementor-element-populated\">\n\t\t\t\t\t\t<div class=\"elementor-element elementor-element-437b9ac elementor-hidden-desktop elementor-hidden-tablet elementor-hidden-phone elementor-widget elementor-widget-w12\" data-id=\"437b9ac\" data-element_type=\"widget\" data-widget_type=\"w12.default\">\n\t\t\t\t<div class=\"elementor-widget-container\">\n\t\t\t<section>\n                <div class=\"mn-grid\">\n                    <div class=\"mn-grid-12 mn-mod-text-links\">\n                        <p>Dokumenty sk\u0142adaj\u0105 tylko i wy\u0142\u0105cznie kandydaci zakwalifikowani do przyj\u0119cia. Kandydatom tym w dniu kwalifikacji tj. 14.02.2022 zostanie nadany status &#8220;zawalifikowany&#8221;, w dalszym kroku kandydaci zakwalifikowani do przyj\u0119cia na studia drugiego stopnia <a href=\"https:\/\/www.sggw.edu.pl\/rekrutacja\/studia-i-ii-stopnia-jednolite-magisterskie\/studia-w-jezyku-polskim\/studia-ii-stopnia\/stacjonarne\/kalendarz\/\"><strong>dostarczaj\u0105 w terminie wskazanym w kalendarium <\/strong><\/a>\u00a0rekrutacji komplet wymaganych dokument\u00f3w. Prosimy o nie przesy\u0142anie dokument\u00f3w przed terminem og\u0142oszenia wynik\u00f3w kwalifikacji.<\/p><p><strong>UWAGA !<\/strong><span style=\"text-decoration: underline\"><strong><br \/><\/strong><\/span><strong>1. <\/strong><span style=\"text-decoration: underline\"><strong>Absolwenci SGGW studi\u00f3w pierwszego stopnia, obywatele polscy, kt\u00f3rzy z\u0142o\u017cyli egzamin dyplomowy w okresie grudzie\u0144 2021 \u2013 luty 2022 (wy\u0142\u0105cznie) NIE dostarczaj\u0105 dokument\u00f3w do SGGW.<\/strong><\/span> Z systemu dziekanatowego pobrane zostan\u0105 za\u015bwiadczenie o uko\u0144czeniu studi\u00f3w na kierunku oznaczonym w IRK jako podstawa kwalifikacji i informacje z tego za\u015bwiadczenia wprowadzone zostan\u0105 do IRK. Po tej czynno\u015bci osoba ze statusem &#8220;zakwalifikowany&#8221; otrzyma status \u201eprzyj\u0119ty\u201d. Zmiany status\u00f3w b\u0119d\u0105 mia\u0142y miejsce w okresie 15-17 lutego. Rozpatrywane b\u0119d\u0105 WY\u0141\u0104CZNIE osoby, kt\u00f3re posiadaj\u0105 w IRK zaakceptowane zdj\u0119cie. Termin wskazany w kalendarium rekrutacji (17 lutego godz. 15:00) jest ostatecznym terminem wprowadzania danych w opisany powy\u017cej spos\u00f3b. <strong>Przyj\u0119ty kandydat jest zobowi\u0105zany zg\u0142osi\u0107 si\u0119 do w\u0142a\u015bciwego dziekanatu w terminie 7 dni od rozpocz\u0119cia studi\u00f3w w celu podpisania Ankiety osobowej<\/strong>. Kandydaci oczekuj\u0105cy na wydanie dyplomu, przyj\u0119ci na podstawie za\u015bwiadczenia, po otrzymaniu dyplomu oraz suplementu zobowi\u0105zani s\u0105 niezw\u0142ocznie dostarczy\u0107 orygina\u0142y tych dokument\u00f3w do w\u0142a\u015bciwego dziekanatu. Pracownik Uczelni przyjmuj\u0105cy dokumenty po\u015bwiadczy kserokopie dokument\u00f3w za zgodno\u015b\u0107 z orygina\u0142em na podstawie przedstawionych orygina\u0142\u00f3w, nast\u0119pnie orygina\u0142y dokument\u00f3w zostan\u0105 zwr\u00f3cone w\u0142a\u015bcicielowi.<\/p><p><strong>2.<\/strong> Pozostali kandydaci (absolwenci innych uczelni, absolwenci SGGW b\u0119d\u0105cy cudzoziemcami, absolwenci SGGW, kt\u00f3rzy obronili si\u0119 w innym terminie ni\u017c grudzie\u0144 2021 &#8211; luty 2022 <strong>sk\u0142adaj\u0105 dokumenty w siedzibie Uczelni w spos\u00f3b opisany poni\u017cej<\/strong>.<\/p><p>Dokumenty nale\u017cy z\u0142o\u017cy\u0107 w siedzibie Uczelni osobi\u015bcie, poczt\u0105 lub za po\u015brednictwem kuriera. Dokumenty sk\u0142adane:<\/p><ul><li>osobi\u015bcie \u2013 nale\u017cy dostarczy\u0107 do budynku nr 8 przy ul. Nowoursynowskiej 166, b\u0119d\u0105c na miejscu nale\u017cy kierowa\u0107 si\u0119 bezpo\u015brednio do punkt\u00f3w wyznaczonych do z\u0142o\u017cenia dokument\u00f3w oraz zachowa\u0107 zasady bezpiecze\u0144stwa sanitarnego.<\/li><li>przesy\u0142ane kurierem nale\u017cy przes\u0142a\u0107 na adres:<\/li><\/ul><p>Szko\u0142a G\u0142\u00f3wna Gospodarstwa Wiejskiego w Warszawie<br \/>Biuro Spraw Studenckich, budynek 8<br \/>ul. Nowoursynowska 166<br \/>02-787 Warszawa<br \/><strong>z dopiskiem REKRUTACJA<\/strong><\/p><p><strong>Jak przygotowa\u0107 dokumenty do z\u0142o\u017cenia?<\/strong><\/p><p>Nale\u017cy skompletowa\u0107 dokumenty wed\u0142ug wymaganej listy dokument\u00f3w na studia II stopnia dost\u0119pnej na stronie:<\/p><p>dla obywateli polskich:\u00a0 <a href=\"https:\/\/www.sggw.edu.pl\/rekrutacja\/2-pl-wymagane-dokumenty\/\">https:\/\/www.sggw.edu.pl\/strona-glowna\/studia\/rekrutacja\/2-pl-wymagane-dokumenty\u00a0<\/a><br \/>dla cudzoziemc\u00f3w: <a href=\"https:\/\/www.sggw.edu.pl\/rekrutacja\/2-pl-c-wymagane-dokumenty\/\">https:\/\/www.sggw.edu.pl\/strona-glowna\/studia\/rekrutacja\/2-pl-c-wymagane-dokumenty\/ <\/a>(tylko te, kt\u00f3re dotycz\u0105 danego kandydata)<\/p><p><strong>Przygotowuj\u0105c dokumenty do z\u0142o\u017cenia w przypadku osobistej wizyty nale\u017cy pami\u0119ta\u0107 o:<\/strong><\/p><ul><li>Wydrukowaniu ankiety osobowej wraz z zaakceptowanym wcze\u015bniej zdj\u0119ciem, kt\u00f3ra dost\u0119pna jest do pobrania jako plik PDF na koncie kandydata w IRK w zak\u0142adce \u201eZg\u0142oszenia rekrutacyjne\u201d w sekcji \u201eDokumenty i dalsze kroki\u201d. Przed wydrukowaniem ankiety nale\u017cy sprawdzi\u0107 czy nie zawiera b\u0142\u0119d\u00f3w oraz czy zawiera zdj\u0119cie. Kandydat musi podpisa\u0107 czytelnie wydrukowan\u0105 ankiet\u0119 w prawym dolnym rogu w miejscu na podpis.<\/li><li>Je\u015bli jeste\u015b cudzoziemcem wydrukuj r\u00f3wnie\u017c dost\u0119pne do pobrania na koncie kandydata w IRK w zak\u0142adce \u201eZg\u0142oszenia rekrutacyjne\u201d w sekcji \u201eDokumenty i dalsze kroki\u201d nast\u0119puj\u0105ce dokumenty: \u201eO\u015bwiadczenie cudzoziemca o spe\u0142nianiu warunk\u00f3w do odbywania studi\u00f3w na okre\u015blonych zasadach\u201d oraz \u201eO\u015bwiadczenie dotycz\u0105ce ubezpieczenia zdrowotnego w trakcie trwania studi\u00f3w\u201d. Podpisz obydwa dokumenty imieniem i nazwiskiem oraz uzupe\u0142nij dat\u0119 i miejscowo\u015b\u0107 z\u0142o\u017cenia podpisu.<\/li><li>Zabraniu orygina\u0142\u00f3w dokument\u00f3w o wykszta\u0142ceniu oraz certyfikatu j\u0119zykowego \u2013 je\u015bli jest wymagany. Nale\u017cy r\u00f3wnie\u017c pami\u0119ta\u0107 o zabraniu kserokopii tych dokument\u00f3w poniewa\u017c na miejscu w Uczelni nie b\u0119dzie mo\u017cliwo\u015bci zrobienia kserokopii. Pracownik uczelni przyjmuj\u0105cy dokumenty po\u015bwiadczy kserokopie dokument\u00f3w za zgodno\u015b\u0107 z orygina\u0142em na podstawie przedstawionych orygina\u0142\u00f3w, nast\u0119pnie orygina\u0142y dokument\u00f3w zostan\u0105 zwr\u00f3cone Kandydatowi. Kandydaci oczekuj\u0105cy na wydanie dyplomu, przyj\u0119ci na podstawie za\u015bwiadczenia, po otrzymaniu dyplomu oraz suplementu zobowi\u0105zani s\u0105 niezw\u0142ocznie dostarczy\u0107 orygina\u0142y tych dokument\u00f3w do w\u0142a\u015bciwego dziekanatu. Pracownik uczelni przyjmuj\u0105cy dokumenty po\u015bwiadczy kserokopie dokument\u00f3w za zgodno\u015b\u0107 z orygina\u0142em na podstawie przedstawionych orygina\u0142\u00f3w, nast\u0119pnie orygina\u0142y dokument\u00f3w zostan\u0105 zwr\u00f3cone w\u0142a\u015bcicielowi.<\/li><li>Zabraniu dokumentu to\u017csamo\u015bci \u2013 dowodu osobistego lub paszportu (je\u015bli kandydat jest cudzoziemcem). Dokument nale\u017cy okaza\u0107 do wgl\u0105du osobie przyjmuj\u0105cej dokumenty w celu potwierdzenia to\u017csamo\u015bci.<\/li><li>Je\u015bli jeste\u015b cudzoziemcem pami\u0119taj o zabraniu ze sob\u0105 dokumentu potwierdzaj\u0105cego uprawnienia do podejmowania i odbywania studi\u00f3w na zasadach bez odp\u0142atno\u015bci (o ile takie uprawnienia posiadasz). Dokument nale\u017cy okaza\u0107 do wgl\u0105du osobie przyjmuj\u0105cej dokumenty w celu weryfikacji uprawnie\u0144.<\/li><li>Nie zapomnij o jednym papierowym zdj\u0119ciu.<\/li><\/ul><p><strong>Przygotowuj\u0105c dokumenty do z\u0142o\u017cenia za po\u015brednictwem kuriera nale\u017cy pami\u0119ta\u0107 o:<\/strong><\/p><ul><li>Wydrukowaniu ankiety osobowej wraz z zaakceptowanym wcze\u015bniej zdj\u0119ciem, kt\u00f3ra dost\u0119pna jest do pobrania jako plik PDF na koncie kandydata w IRK w zak\u0142adce \u201eZg\u0142oszenia rekrutacyjne\u201d w sekcji \u201eDokumenty i dalsze kroki\u201d. Przed wydrukowaniem ankiety nale\u017cy sprawdzi\u0107 czy nie zawiera b\u0142\u0119d\u00f3w oraz czy zawiera zdj\u0119cie. Kandydat musi podpisa\u0107 czytelnie wydrukowan\u0105 ankiet\u0119 w prawym dolnym rogu w miejscu na podpis.<\/li><li>Je\u015bli jeste\u015b cudzoziemcem wydrukuj r\u00f3wnie\u017c dost\u0119pne do pobrania na koncie kandydata w IRK w zak\u0142adce \u201eZg\u0142oszenia rekrutacyjne\u201d w sekcji \u201eDokumenty i dalsze kroki\u201d nast\u0119puj\u0105ce dokumenty: \u201eO\u015bwiadczenie cudzoziemca o spe\u0142nianiu warunk\u00f3w do odbywania studi\u00f3w na okre\u015blonych zasadach\u201d oraz \u201eO\u015bwiadczenie dotycz\u0105ce ubezpieczenia zdrowotnego w trakcie trwania studi\u00f3w\u201d. Podpisz obydwa dokumenty imieniem i nazwiskiem oraz uzupe\u0142nij dat\u0119 i miejscowo\u015b\u0107 z\u0142o\u017cenia podpisu.<\/li><li>Za\u0142\u0105czeniu w kopercie <strong>orygina\u0142u <\/strong>dyplomu\/za\u015bwiadczenie o dyplomie oraz certyfikatu j\u0119zykowego \u2013 je\u015bli taki certyfikat jest wymagany. Nale\u017cy r\u00f3wnie\u017c pami\u0119ta\u0107 o za\u0142\u0105czeniu kserokopii tych dokument\u00f3w. Pracownik uczelni przyjmuj\u0105cy dokumenty po\u015bwiadczy kserokopie dokument\u00f3w za zgodno\u015b\u0107 z orygina\u0142em na podstawie przedstawionych orygina\u0142\u00f3w. Orygina\u0142y dokument\u00f3w b\u0119d\u0105 mogli Pa\u0144stwo odebra\u0107 po rozpocz\u0119ciu roku akademickiego we w\u0142a\u015bciwym dziekanacie danego kierunku studi\u00f3w. W SGGW akceptowane s\u0105 r\u00f3wnie\u017c po\u015bwiadczone notarialnie kopie ww. dokument\u00f3w. Kandydaci oczekuj\u0105cy na wydanie dyplomu, przyj\u0119ci na podstawie za\u015bwiadczenia, po otrzymaniu dyplomu oraz suplementu zobowi\u0105zani s\u0105 niezw\u0142ocznie dostarczy\u0107 orygina\u0142y tych dokument\u00f3w do w\u0142a\u015bciwego dziekanatu. Pracownik uczelni przyjmuj\u0105cy dokumenty po\u015bwiadczy kserokopie dokument\u00f3w za zgodno\u015b\u0107 z orygina\u0142em na podstawie przedstawionych orygina\u0142\u00f3w, nast\u0119pnie orygina\u0142y dokument\u00f3w zostan\u0105 zwr\u00f3cone w\u0142a\u015bcicielowi.<\/li><li>Je\u015bli jeste\u015b cudzoziemcem pami\u0119taj o za\u0142\u0105czeniu kserokopii zwyk\u0142ej paszportu, kt\u00f3ra po weryfikacji to\u017csamo\u015bci zostanie zniszczona.<\/li><li>Je\u015bli jeste\u015b cudzoziemcem pami\u0119taj o za\u0142\u0105czeniu notarialnej kopii dokumentu potwierdzaj\u0105cego uprawnienia do podejmowania i odbywania studi\u00f3w na zasadach bez odp\u0142atno\u015bci (o ile takie uprawnienia posiadasz). Dokument nale\u017cy przedstawi\u0107 w celu weryfikacji uprawnie\u0144. Notarialne kopie dokumentu potwierdzaj\u0105cego uprawnienia b\u0119d\u0105 mogli Pa\u0144stwo odebra\u0107 po rozpocz\u0119ciu roku akademickiego we w\u0142a\u015bciwym dziekanacie danego kierunku studi\u00f3w.<\/li><li>Nie zapomnij o jednym papierowym zdj\u0119ciu.<\/li><\/ul><p><strong>Jak z\u0142o\u017cy\u0107 dokumenty \u2013 \u015brodki bezpiecze\u0144stwa sanitarnego<\/strong><\/p><p>W przypadku osobistej wizyty w SGGW nale\u017cy kierowa\u0107 si\u0119 bezpo\u015brednio do punkt\u00f3w wyznaczonych do z\u0142o\u017cenia dokument\u00f3w. Podczas sk\u0142adania dokument\u00f3w nale\u017cy zachowa\u0107 zasady bezpiecze\u0144stwa sanitarnego mi\u0119dzy innymi:<\/p><ul><li>zas\u0142oni\u0107 usta i nos maseczk\u0105 ochronn\u0105,<\/li><li>zdezynfekowa\u0107 d\u0142onie (p\u0142yn dost\u0119pny w punktach sk\u0142adania dokument\u00f3w),<\/li><li>kontakt personalny powinien by\u0107 ograniczony do niezb\u0119dnego minimum,<\/li><li>w oczekiwaniu na z\u0142o\u017cenie dokument\u00f3w nale\u017cy zachowa\u0107 bezpieczny odst\u0119p od innych os\u00f3b minimum 1,5 metra i przebywa\u0107 tylko w strefach do tego wyznaczonych,<\/li><li>je\u017celi kandydat ma objawy sugeruj\u0105ce chorob\u0119 zaka\u017an\u0105 nie mo\u017ce z\u0142o\u017cy\u0107 dokument\u00f3w osobi\u015bcie (zalecane wys\u0142anie poczt\u0105\/kurierem),<\/li><li>kandydat sk\u0142adaj\u0105cy dokumenty osobi\u015bcie musi przestrzega\u0107 zasad bezpiecze\u0144stwa sanitarnego,<\/li><li>kandydat powinien wzi\u0105\u0107 w\u0142asny d\u0142ugopis,<\/li><li>ewentualne osoby towarzysz\u0105ce b\u0119d\u0105 zobowi\u0105zane poczeka\u0107 przed budynkiem, w kt\u00f3rym przyjmowane b\u0119d\u0105 dokumenty.<\/li><\/ul>\n                    <\/div>\n                <\/div>\n            <\/section>\t\t<\/div>\n\t\t\t\t<\/div>\n\t\t\t\t\t<\/div>\n\t\t<\/div>\n\t\t\t\t\t<\/div>\n\t\t<\/section>\n\t\t\t\t<\/div>\n\t\t","protected":false},"excerpt":{"rendered":"<p>Informacja dla os\u00f3b zakwalifikowanych &#8211; studia II stopnia Kandydat\u00f3w zakwalifikowanych do przyj\u0119cia zapraszamy do z\u0142o\u017cenia dokument\u00f3w w terminie \u2026\u2026\u2026\u2026\u2026\u2026.. r. w godzinach 9:00-15:00. Dokumenty nale\u017cy sk\u0142ada\u0107 w siedzibie uczelni znajduj\u0105cej si\u0119 na ulicy Nowoursynowskiej 166, budynek 8, parter. Kandydaci z polskim obywatelstwem, kt\u00f3rzy posiadaj\u0105 polski dyplom uko\u0144czenia studi\u00f3w (za\u015bwiadczenie potwierdzaj\u0105ce obron\u0119) sk\u0142adaj\u0105 dokumenty w sali [&hellip;]<\/p>\n","protected":false},"author":36074,"featured_media":0,"parent":141645,"menu_order":0,"comment_status":"closed","ping_status":"closed","template":"","meta":{"_acf_changed":false,"footnotes":""},"class_list":["post-191439","page","type-page","status-publish","hentry"],"acf":[],"_links":{"self":[{"href":"https:\/\/www.sggw.edu.pl\/en\/wp-json\/wp\/v2\/pages\/191439","targetHints":{"allow":["GET"]}}],"collection":[{"href":"https:\/\/www.sggw.edu.pl\/en\/wp-json\/wp\/v2\/pages"}],"about":[{"href":"https:\/\/www.sggw.edu.pl\/en\/wp-json\/wp\/v2\/types\/page"}],"author":[{"embeddable":true,"href":"https:\/\/www.sggw.edu.pl\/en\/wp-json\/wp\/v2\/users\/36074"}],"replies":[{"embeddable":true,"href":"https:\/\/www.sggw.edu.pl\/en\/wp-json\/wp\/v2\/comments?post=191439"}],"version-history":[{"count":1,"href":"https:\/\/www.sggw.edu.pl\/en\/wp-json\/wp\/v2\/pages\/191439\/revisions"}],"predecessor-version":[{"id":225594,"href":"https:\/\/www.sggw.edu.pl\/en\/wp-json\/wp\/v2\/pages\/191439\/revisions\/225594"}],"up":[{"embeddable":true,"href":"https:\/\/www.sggw.edu.pl\/en\/wp-json\/wp\/v2\/pages\/141645"}],"wp:attachment":[{"href":"https:\/\/www.sggw.edu.pl\/en\/wp-json\/wp\/v2\/media?parent=191439"}],"curies":[{"name":"wp","href":"https:\/\/api.w.org\/{rel}","templated":true}]}}