{"id":191441,"date":"2024-03-08T18:40:03","date_gmt":"2024-03-08T17:40:03","guid":{"rendered":"https:\/\/www.copy.sggw.edu.pl\/?page_id=141918"},"modified":"2024-03-08T18:40:03","modified_gmt":"2024-03-08T17:40:03","slug":"required-documents-masters-degree","status":"publish","type":"page","link":"https:\/\/www.sggw.edu.pl\/en\/recruitment\/second-cycle-studies-masters-degree\/221698-2\/required-documents-masters-degree\/","title":{"rendered":"Required documents Master&#8217;s degree"},"content":{"rendered":"\t\t<div data-elementor-type=\"wp-page\" data-elementor-id=\"191441\" class=\"elementor elementor-191441\" data-elementor-post-type=\"page\">\n\t\t\t\t\t\t<section class=\"elementor-section elementor-top-section elementor-element elementor-element-730ce65 elementor-section-boxed elementor-section-height-default elementor-section-height-default\" data-id=\"730ce65\" data-element_type=\"section\">\n\t\t\t\t\t\t<div class=\"elementor-container elementor-column-gap-default\">\n\t\t\t\t\t<div class=\"elementor-column elementor-col-100 elementor-top-column elementor-element elementor-element-9be57d3\" data-id=\"9be57d3\" data-element_type=\"column\">\n\t\t\t<div class=\"elementor-widget-wrap elementor-element-populated\">\n\t\t\t\t\t\t<div class=\"elementor-element elementor-element-61104d1 elementor-widget elementor-widget-wp-widget-bcn_widget\" data-id=\"61104d1\" data-element_type=\"widget\" data-widget_type=\"wp-widget-bcn_widget.default\">\n\t\t\t\t<div class=\"elementor-widget-container\">\n\t\t\t<div class=\"mn-grid breadcrumb\">\n                                    <div class=\"breadcrumb-inner mn-grid-12\"><div class=\"breadcrumbs\" vocab=\"https:\/\/schema.org\/\" typeof=\"BreadcrumbList\"><span property=\"itemListElement\" typeof=\"ListItem\"><a property=\"item\" typeof=\"WebPage\" title=\"Go to Szko\u0142a G\u0142\u00f3wna Gospodarstwa Wiejskiego w Warszawie.\" href=\"https:\/\/www.sggw.edu.pl\/en\/\" class=\"home\" aria-current=\"page\"><span property=\"name\">Home<\/span><\/a><meta property=\"position\" content=\"1\"><\/span><\/div>    <\/div>\n                                <\/div>\t\t<\/div>\n\t\t\t\t<\/div>\n\t\t\t\t\t<\/div>\n\t\t<\/div>\n\t\t\t\t\t<\/div>\n\t\t<\/section>\n\t\t\t\t<section class=\"elementor-section elementor-top-section elementor-element elementor-element-f141d01 elementor-section-boxed elementor-section-height-default elementor-section-height-default\" data-id=\"f141d01\" data-element_type=\"section\">\n\t\t\t\t\t\t<div class=\"elementor-container elementor-column-gap-default\">\n\t\t\t\t\t<div class=\"elementor-column elementor-col-100 elementor-top-column elementor-element elementor-element-a08ad46\" data-id=\"a08ad46\" data-element_type=\"column\">\n\t\t\t<div class=\"elementor-widget-wrap elementor-element-populated\">\n\t\t\t\t\t\t<div class=\"elementor-element elementor-element-b35f927 elementor-widget elementor-widget-w1_2_3\" data-id=\"b35f927\" data-element_type=\"widget\" data-widget_type=\"w1_2_3.default\">\n\t\t\t\t<div class=\"elementor-widget-container\">\n\t\t\t<section>\n                <div class=\"mn-grid\">\n                    <h2  class=\"mn-grid-12\">\n                        Required documents Master's degree programs\n                    <\/h2>\n                <\/div>\n            <\/section>\t\t<\/div>\n\t\t\t\t<\/div>\n\t\t\t\t\t<\/div>\n\t\t<\/div>\n\t\t\t\t\t<\/div>\n\t\t<\/section>\n\t\t\t\t<section class=\"elementor-section elementor-top-section elementor-element elementor-element-36ecc4c elementor-section-boxed elementor-section-height-default elementor-section-height-default\" data-id=\"36ecc4c\" data-element_type=\"section\">\n\t\t\t\t\t\t<div class=\"elementor-container elementor-column-gap-default\">\n\t\t\t\t\t<div class=\"elementor-column elementor-col-100 elementor-top-column elementor-element elementor-element-bd890e5\" data-id=\"bd890e5\" data-element_type=\"column\">\n\t\t\t<div class=\"elementor-widget-wrap elementor-element-populated\">\n\t\t\t\t\t\t<div class=\"elementor-element elementor-element-c6a9b99 elementor-widget elementor-widget-w12\" data-id=\"c6a9b99\" data-element_type=\"widget\" data-widget_type=\"w12.default\">\n\t\t\t\t<div class=\"elementor-widget-container\">\n\t\t\t<section>\n                <div class=\"mn-grid\">\n                    <div class=\"mn-grid-12 mn-mod-text-links\">\n                        <p>Documents are submitted only by candidates qualified for admission. On the date of qualification, these candidates will be given the status of \u201cqualified\u201d, then the candidates qualified for admission to the second-cycle studies shall provide a complete set of required documents on the date indicated in the recruitment calendar. Please do not send the documents before the announcement of the qualification results.<\/p><p><strong>The following documents should be submitted by accepted Candidates (after qualification results):<\/strong><\/p><p>1)\u00a0<strong>Personal questionnaire<\/strong>\u00a0with an\u00a0<strong>accepted photo<\/strong>\u00a0\u2013 a printout, available for download as a PDF file on the candidate\u2019s account at IRK in the \u201cEnrollment applications\u201d tab in the \u201cDocuments and further steps\u201d section. (proof of identity must be presented for inspection when submitting documents in person). Before printing the personal questionnaire, check whether it contains errors and whether it contains a photo. The candidate must sign the printed questionnaire in the lower right corner in the space for legible signature.<\/p><p>2)\u00a0Certified by SGGW: Copy (the original document must be presented)\u00a0<strong>of higher education diploma entitling to undertake second cycle studies (Master\u2019s degree) in the country of its issue.\u00a0<\/strong>Document issued outside of Europian Union therytory must be legalized or legalization must be replaced by an\u00a0<em>apostille<\/em>\u00a0certificate attached to it\u00a0<a href=\"https:\/\/www.sggw.edu.pl\/en\/recruitment\/2-en-legalization\/\"><strong>\u00a0read more about legalization<\/strong><\/a><\/p><p>3)\u00a0Certified by SGGW: Copy (the original document must be presented) of\u00a0<strong>oficial transcript of grades issued with the\u00a0higher education diploma\u00a0<\/strong>(a specification including the subjects taken, number of hours and grades).\u00a0Document issued outside of Europian Union therytory must be legalized or legalization must be replaced by an\u00a0<em>apostille<\/em>\u00a0certificate attached to it\u00a0<a href=\"https:\/\/www.sggw.edu.pl\/en\/recruitment\/2-en-legalization\/\"><strong>read more about legalization<\/strong><\/a><\/p><p>4) Copy of\u00a0<strong>document confirming the knowledge of English\u00a0<\/strong>(the original document must be presented)\u00a0\u00a0<a href=\"https:\/\/www.sggw.edu.pl\/en\/recruitment\/2-en-english-language\/\">READ MORE<\/a><\/p><p>5) Copy of<strong>\u00a0valid passport\u00a0<\/strong>(page with photo) or\u00a0<strong>other document confirming the identity of the candidate\u00a0<\/strong>(the original document must be presented)<\/p><p>6)\u00a0Certificate from an occupational medicine doctor (applies to candidates qualified for admission to the fields of study for which this type of certificate is required). After admission, the accepted canditate is\u00a0directed by the Faculty authorities for additional medical examinations to the occupational medicine doctor at the Polish medical facility, for this you have to print out \u201eSkierowanie na badania\u201d (referral for medical examination) which is available for download as a PDF file on the candidate\u2019s account at IRK in the \u201cEnrollment applications\u201d tab in the \u201cDocuments and further steps\u201d section. Accepted candidates are obligated to do this kind of medical examination as soon as possible after arrival to Poland and delivering a certificate to the relevant dean\u2019s office.<\/p><p>7)\u00a0<strong>1 up-to-date photographs\u00a0<\/strong>in accordance with requirements for the Polish ID\u00a0<span class=\"tlid-translation translation\" lang=\"en\"><span title=\"\">(format 35 mm (width)\/45 mm (height)<\/span><\/span>) and the same digital photograph (<span class=\"tlid-translation translation\" lang=\"en\"><span title=\"\">resolution 500 x 625 pixels)<\/span><\/span>\u00a0attached to the application in IRK System<\/p><p>8) Declaration on health insurance during studying, declaration is available for download as a PDF file on the candidate\u2019s account at IRK in the \u201cEnrollment applications\u201d tab in the \u201cDocuments and further steps\u201d section.<\/p><p>9) Copy of certificate from consulate confirming Polish descent or Polish Charter, if the candidate holds one (the original document must be presented).<\/p><p>10)<strong>\u00a0Translation into Polish<\/strong>\u00a0of documents issued in languages other than Polish or English\u00a0\u00a0<a href=\"https:\/\/www.sggw.edu.pl\/en\/recruitment\/1-en-translation\/\">READ MORE<\/a><\/p><p><strong>NOTICE!<\/strong><br \/>At the request of the Recruitment Committee Candidate is required to present the Recognition Statement issued by Polish National Agency for Academic Exchange including information confirming that the diploma gives the right to apply to second cycle studies (Master\u2019s degree).<\/p><p><strong>Procedure is described at:<\/strong>\u00a0<a href=\"https:\/\/nawa.gov.pl\/en\/recognition\/how-to-obtain-a-recognition-statement\" target=\"_blank\" rel=\"noopener\">https:\/\/nawa.gov.pl\/en\/recognition\/how-to-obtain-a-recognition-statement<\/a><\/p>\n                    <\/div>\n                <\/div>\n            <\/section>\t\t<\/div>\n\t\t\t\t<\/div>\n\t\t\t\t\t<\/div>\n\t\t<\/div>\n\t\t\t\t\t<\/div>\n\t\t<\/section>\n\t\t\t\t<\/div>\n\t\t","protected":false},"excerpt":{"rendered":"<p>Required documents Master&#8217;s degree programs Documents are submitted only by candidates qualified for admission. On the date of qualification, these candidates will be given the status of \u201cqualified\u201d, then the candidates qualified for admission to the second-cycle studies shall provide a complete set of required documents on the date indicated in the recruitment calendar. Please [&hellip;]<\/p>\n","protected":false},"author":36074,"featured_media":0,"parent":221698,"menu_order":0,"comment_status":"closed","ping_status":"closed","template":"","meta":{"_acf_changed":false,"footnotes":""},"class_list":["post-191441","page","type-page","status-publish","hentry"],"acf":[],"_links":{"self":[{"href":"https:\/\/www.sggw.edu.pl\/en\/wp-json\/wp\/v2\/pages\/191441","targetHints":{"allow":["GET"]}}],"collection":[{"href":"https:\/\/www.sggw.edu.pl\/en\/wp-json\/wp\/v2\/pages"}],"about":[{"href":"https:\/\/www.sggw.edu.pl\/en\/wp-json\/wp\/v2\/types\/page"}],"author":[{"embeddable":true,"href":"https:\/\/www.sggw.edu.pl\/en\/wp-json\/wp\/v2\/users\/36074"}],"replies":[{"embeddable":true,"href":"https:\/\/www.sggw.edu.pl\/en\/wp-json\/wp\/v2\/comments?post=191441"}],"version-history":[{"count":0,"href":"https:\/\/www.sggw.edu.pl\/en\/wp-json\/wp\/v2\/pages\/191441\/revisions"}],"up":[{"embeddable":true,"href":"https:\/\/www.sggw.edu.pl\/en\/wp-json\/wp\/v2\/pages\/221698"}],"wp:attachment":[{"href":"https:\/\/www.sggw.edu.pl\/en\/wp-json\/wp\/v2\/media?parent=191441"}],"curies":[{"name":"wp","href":"https:\/\/api.w.org\/{rel}","templated":true}]}}