{"id":193213,"date":"2024-03-13T10:34:08","date_gmt":"2024-03-13T09:34:08","guid":{"rendered":"https:\/\/www.sggw.edu.pl\/?page_id=193213"},"modified":"2024-03-13T10:36:10","modified_gmt":"2024-03-13T09:36:10","slug":"recruitment-schedule-for-the-doctoral-school","status":"publish","type":"page","link":"https:\/\/www.sggw.edu.pl\/en\/recruitment\/recruitment-doctoral-school\/recruitment-schedule-for-the-doctoral-school\/","title":{"rendered":"Recruitment schedule for the Doctoral School"},"content":{"rendered":"\t\t<div data-elementor-type=\"wp-page\" data-elementor-id=\"193213\" class=\"elementor elementor-193213\" data-elementor-post-type=\"page\">\n\t\t\t\t\t\t<section class=\"elementor-section elementor-top-section elementor-element elementor-element-00973da elementor-section-boxed elementor-section-height-default elementor-section-height-default\" data-id=\"00973da\" data-element_type=\"section\">\n\t\t\t\t\t\t<div class=\"elementor-container elementor-column-gap-default\">\n\t\t\t\t\t<div class=\"elementor-column elementor-col-100 elementor-top-column elementor-element elementor-element-b9aa7c5\" data-id=\"b9aa7c5\" data-element_type=\"column\">\n\t\t\t<div class=\"elementor-widget-wrap elementor-element-populated\">\n\t\t\t\t\t\t<div class=\"elementor-element elementor-element-b98acc3 elementor-widget elementor-widget-wp-widget-bcn_widget\" data-id=\"b98acc3\" data-element_type=\"widget\" data-widget_type=\"wp-widget-bcn_widget.default\">\n\t\t\t\t<div class=\"elementor-widget-container\">\n\t\t\t<div class=\"mn-grid breadcrumb\">\n                                    <div class=\"breadcrumb-inner mn-grid-12\"><div class=\"breadcrumbs\" vocab=\"https:\/\/schema.org\/\" typeof=\"BreadcrumbList\"><span property=\"itemListElement\" typeof=\"ListItem\"><a property=\"item\" typeof=\"WebPage\" title=\"Go to Szko\u0142a G\u0142\u00f3wna Gospodarstwa Wiejskiego w Warszawie.\" href=\"https:\/\/www.sggw.edu.pl\/en\/\" class=\"home\" aria-current=\"page\"><span property=\"name\">Home<\/span><\/a><meta property=\"position\" content=\"1\"><\/span><\/div>    <\/div>\n                                <\/div>\t\t<\/div>\n\t\t\t\t<\/div>\n\t\t\t\t\t<\/div>\n\t\t<\/div>\n\t\t\t\t\t<\/div>\n\t\t<\/section>\n\t\t\t\t<section class=\"elementor-section elementor-top-section elementor-element elementor-element-d9b87ed elementor-section-boxed elementor-section-height-default elementor-section-height-default\" data-id=\"d9b87ed\" data-element_type=\"section\">\n\t\t\t\t\t\t<div class=\"elementor-container elementor-column-gap-default\">\n\t\t\t\t\t<div class=\"elementor-column elementor-col-100 elementor-top-column elementor-element elementor-element-3cec622\" data-id=\"3cec622\" data-element_type=\"column\">\n\t\t\t<div class=\"elementor-widget-wrap elementor-element-populated\">\n\t\t\t\t\t\t<div class=\"elementor-element elementor-element-dacd4a6 elementor-widget elementor-widget-w1_2_3\" data-id=\"dacd4a6\" data-element_type=\"widget\" data-widget_type=\"w1_2_3.default\">\n\t\t\t\t<div class=\"elementor-widget-container\">\n\t\t\t<section>\n                <div class=\"mn-grid\">\n                    <h2  class=\"mn-grid-12\">\n                        Recruitment schedule for the Doctoral School of SGGW\n                    <\/h2>\n                <\/div>\n            <\/section>\t\t<\/div>\n\t\t\t\t<\/div>\n\t\t\t\t\t<\/div>\n\t\t<\/div>\n\t\t\t\t\t<\/div>\n\t\t<\/section>\n\t\t\t\t<section class=\"elementor-section elementor-top-section elementor-element elementor-element-9fc8ab8 elementor-section-boxed elementor-section-height-default elementor-section-height-default\" data-id=\"9fc8ab8\" data-element_type=\"section\">\n\t\t\t\t\t\t<div class=\"elementor-container elementor-column-gap-default\">\n\t\t\t\t\t<div class=\"elementor-column elementor-col-100 elementor-top-column elementor-element elementor-element-67e7f23\" data-id=\"67e7f23\" data-element_type=\"column\">\n\t\t\t<div class=\"elementor-widget-wrap elementor-element-populated\">\n\t\t\t\t\t\t<div class=\"elementor-element elementor-element-fa0a383 elementor-widget elementor-widget-w12\" data-id=\"fa0a383\" data-element_type=\"widget\" data-widget_type=\"w12.default\">\n\t\t\t\t<div class=\"elementor-widget-container\">\n\t\t\t<section>\n                <div class=\"mn-grid\">\n                    <div class=\"mn-grid-12 mn-mod-text-links\">\n                        <p><strong>Recruitment schedule 2024\/2025 for the Doctoral School of WULS-SGGW<\/strong><\/p><p><strong>The following dates are adopted in the recruitment process:<\/strong><\/p><ol><li><strong>by May 20, 2024<\/strong> \u2013 submission to the Doctoral School office the lists of potential supervisors (approved by discipline councils)<\/li><li><strong>by May 31, 2024<\/strong> \u2013 posting the list of potential supervisors on the website of the Doctoral School<\/li><\/ol><p><strong>3<\/strong>. <strong>Stage I of the recruitment procedure:<\/strong><\/p><p>a) <strong>August 1-11, 2024<\/strong> \u2013 registration in IRK system \u2013 submission of an application for admission to the Doctoral School and other required documents<\/p><p>b) <strong>August 19-21, 2024<\/strong> \u2013 submission of copies of documents (originals must be available for review) by candidates qualified for the second stage of recruitment (place of submission \u2013 Doctoral School office)*<\/p><p>c) <strong>August 23-29, 2024<\/strong> \u2013 reviewing the submitted documentation of candidates qualified to the second stage and its evaluation by the recruitment committees appointed for the disciplines<\/p><p>d) <strong>by August 30, 2024<\/strong> \u2013 publication of the interview schedule<\/p><p><strong>4<\/strong>. <strong>Stage II of the recruitment procedure:<\/strong><\/p><p>a) <strong>September 2-12, 2024<\/strong> \u2013 recruitment interviews conducted by recruitment committees appointed for each discipline<\/p><p>b) <strong>by September 16, 2024<\/strong> \u2013 announcement of the list of those admitted to the Doctoral School<\/p><p><strong>Start of PhD education \u2013 October 1, 2024<\/strong><\/p><p><u>The recruitment schedule may change and is always published on the website of the Warsaw University of Life Sciences in the Doctoral School tab.<\/u><\/p><p>*Foreign candidates staying out of Poland, admitted to the Doctoral School submit the original documents for inspection upon arrival in Poland.<\/p>\n                    <\/div>\n                <\/div>\n            <\/section>\t\t<\/div>\n\t\t\t\t<\/div>\n\t\t\t\t\t<\/div>\n\t\t<\/div>\n\t\t\t\t\t<\/div>\n\t\t<\/section>\n\t\t\t\t<\/div>\n\t\t","protected":false},"excerpt":{"rendered":"<p>Recruitment schedule for the Doctoral School of SGGW Recruitment schedule 2024\/2025 for the Doctoral School of WULS-SGGW The following dates are adopted in the recruitment process: by May 20, 2024 \u2013 submission to the Doctoral School office the lists of potential supervisors (approved by discipline councils) by May 31, 2024 \u2013 posting the list of [&hellip;]<\/p>\n","protected":false},"author":36074,"featured_media":0,"parent":193153,"menu_order":0,"comment_status":"closed","ping_status":"closed","template":"","meta":{"_acf_changed":false,"footnotes":""},"class_list":["post-193213","page","type-page","status-publish","hentry"],"acf":[],"_links":{"self":[{"href":"https:\/\/www.sggw.edu.pl\/en\/wp-json\/wp\/v2\/pages\/193213","targetHints":{"allow":["GET"]}}],"collection":[{"href":"https:\/\/www.sggw.edu.pl\/en\/wp-json\/wp\/v2\/pages"}],"about":[{"href":"https:\/\/www.sggw.edu.pl\/en\/wp-json\/wp\/v2\/types\/page"}],"author":[{"embeddable":true,"href":"https:\/\/www.sggw.edu.pl\/en\/wp-json\/wp\/v2\/users\/36074"}],"replies":[{"embeddable":true,"href":"https:\/\/www.sggw.edu.pl\/en\/wp-json\/wp\/v2\/comments?post=193213"}],"version-history":[{"count":8,"href":"https:\/\/www.sggw.edu.pl\/en\/wp-json\/wp\/v2\/pages\/193213\/revisions"}],"predecessor-version":[{"id":193221,"href":"https:\/\/www.sggw.edu.pl\/en\/wp-json\/wp\/v2\/pages\/193213\/revisions\/193221"}],"up":[{"embeddable":true,"href":"https:\/\/www.sggw.edu.pl\/en\/wp-json\/wp\/v2\/pages\/193153"}],"wp:attachment":[{"href":"https:\/\/www.sggw.edu.pl\/en\/wp-json\/wp\/v2\/media?parent=193213"}],"curies":[{"name":"wp","href":"https:\/\/api.w.org\/{rel}","templated":true}]}}