{"id":205496,"date":"2024-05-29T15:32:35","date_gmt":"2024-05-29T13:32:35","guid":{"rendered":"https:\/\/www.sggw.edu.pl\/?page_id=205496"},"modified":"2024-05-29T15:54:32","modified_gmt":"2024-05-29T13:54:32","slug":"offer-of-first-cycle-and-long-cycle-studies","status":"publish","type":"page","link":"https:\/\/www.sggw.edu.pl\/en\/recruitment\/bachelors-degree-and-masters-degree-long-cycle\/first-cycle-studies-and-long-cycle-studies\/offer-of-first-cycle-and-long-cycle-studies\/","title":{"rendered":"Offer of first-cycle and long cycle studies"},"content":{"rendered":"\t\t<div data-elementor-type=\"wp-page\" data-elementor-id=\"205496\" class=\"elementor elementor-205496\" data-elementor-post-type=\"page\">\n\t\t\t\t\t\t<section class=\"elementor-section elementor-top-section elementor-element elementor-element-53ab3552 elementor-section-boxed elementor-section-height-default elementor-section-height-default\" data-id=\"53ab3552\" data-element_type=\"section\">\n\t\t\t\t\t\t<div class=\"elementor-container elementor-column-gap-default\">\n\t\t\t\t\t<div class=\"elementor-column elementor-col-100 elementor-top-column elementor-element elementor-element-7a5a5a49\" data-id=\"7a5a5a49\" data-element_type=\"column\">\n\t\t\t<div class=\"elementor-widget-wrap elementor-element-populated\">\n\t\t\t\t\t\t<div class=\"elementor-element elementor-element-28f0532e elementor-widget elementor-widget-wp-widget-bcn_widget\" data-id=\"28f0532e\" data-element_type=\"widget\" data-widget_type=\"wp-widget-bcn_widget.default\">\n\t\t\t\t<div class=\"elementor-widget-container\">\n\t\t\t<div class=\"mn-grid breadcrumb\">\n                                    <div class=\"breadcrumb-inner mn-grid-12\"><div class=\"breadcrumbs\" vocab=\"https:\/\/schema.org\/\" typeof=\"BreadcrumbList\"><span property=\"itemListElement\" typeof=\"ListItem\"><a property=\"item\" typeof=\"WebPage\" title=\"Go to Szko\u0142a G\u0142\u00f3wna Gospodarstwa Wiejskiego w Warszawie.\" href=\"https:\/\/www.sggw.edu.pl\/en\/\" class=\"home\" aria-current=\"page\"><span property=\"name\">Home<\/span><\/a><meta property=\"position\" content=\"1\"><\/span><\/div>    <\/div>\n                                <\/div>\t\t<\/div>\n\t\t\t\t<\/div>\n\t\t\t\t\t<\/div>\n\t\t<\/div>\n\t\t\t\t\t<\/div>\n\t\t<\/section>\n\t\t\t\t<section class=\"elementor-section elementor-top-section elementor-element elementor-element-736ab78f elementor-section-boxed elementor-section-height-default elementor-section-height-default\" data-id=\"736ab78f\" data-element_type=\"section\">\n\t\t\t\t\t\t<div class=\"elementor-container elementor-column-gap-default\">\n\t\t\t\t\t<div class=\"elementor-column elementor-col-100 elementor-top-column elementor-element elementor-element-609b2060\" data-id=\"609b2060\" data-element_type=\"column\">\n\t\t\t<div class=\"elementor-widget-wrap elementor-element-populated\">\n\t\t\t\t\t\t<div class=\"elementor-element elementor-element-6f6c4360 elementor-widget elementor-widget-w1_2_3\" data-id=\"6f6c4360\" data-element_type=\"widget\" data-widget_type=\"w1_2_3.default\">\n\t\t\t\t<div class=\"elementor-widget-container\">\n\t\t\t<section>\n                <div class=\"mn-grid\">\n                    <h2  class=\"mn-grid-12\">\n                        Offer of first-cycle and long cycle studies\n                    <\/h2>\n                <\/div>\n            <\/section>\t\t<\/div>\n\t\t\t\t<\/div>\n\t\t\t\t<div class=\"elementor-element elementor-element-ba65cf3 elementor-widget elementor-widget-w12\" data-id=\"ba65cf3\" data-element_type=\"widget\" data-widget_type=\"w12.default\">\n\t\t\t\t<div class=\"elementor-widget-container\">\n\t\t\t<section>\n                <div class=\"mn-grid\">\n                    <div class=\"mn-grid-12 mn-mod-text-links\">\n                        <p id=\"tw-target-text\" class=\"tw-data-text tw-text-large tw-ta\" dir=\"ltr\" data-placeholder=\"T\u0142umaczenie\" aria-label=\"Przet\u0142umaczony tekst\" data-ved=\"2ahUKEwi6xoex5LKGAxVdBxAIHRS9BRMQ3ewLegQIEBAT\"><span class=\"Y2IQFc\" lang=\"en\">The Warsaw University of Life Sciences offers 41 first-cycle studies (full-time and part-time), including one long-cycle master&#8217;s degree program (Veterinary).<\/span><\/p>\n                    <\/div>\n                <\/div>\n            <\/section>\t\t<\/div>\n\t\t\t\t<\/div>\n\t\t\t\t\t<\/div>\n\t\t<\/div>\n\t\t\t\t\t<\/div>\n\t\t<\/section>\n\t\t\t\t<section class=\"elementor-section elementor-top-section elementor-element elementor-element-2d1d90b6 elementor-section-boxed elementor-section-height-default elementor-section-height-default\" data-id=\"2d1d90b6\" data-element_type=\"section\">\n\t\t\t\t\t\t<div class=\"elementor-container elementor-column-gap-default\">\n\t\t\t\t\t<div class=\"elementor-column elementor-col-16 elementor-top-column elementor-element elementor-element-7a985669\" data-id=\"7a985669\" data-element_type=\"column\">\n\t\t\t<div class=\"elementor-widget-wrap\">\n\t\t\t\t\t\t\t<\/div>\n\t\t<\/div>\n\t\t\t\t<div class=\"elementor-column elementor-col-66 elementor-top-column elementor-element elementor-element-21556e86\" data-id=\"21556e86\" data-element_type=\"column\">\n\t\t\t<div class=\"elementor-widget-wrap elementor-element-populated\">\n\t\t\t\t\t\t<div class=\"elementor-element elementor-element-168fd2cf elementor-widget elementor-widget-tablepress\" data-id=\"168fd2cf\" data-element_type=\"widget\" data-widget_type=\"tablepress.default\">\n\t\t\t\t<div class=\"elementor-widget-container\">\n\t\t\t\n<table id=\"tablepress-27\" class=\"tablepress tablepress-id-27\">\n<thead>\n<tr class=\"row-1\">\n\t<th class=\"column-1\">Field of study<\/th><th class=\"column-2\">Form of studies<\/th><th class=\"column-3\">Faculty<\/th>\n<\/tr>\n<\/thead>\n<tbody class=\"row-striping row-hover\">\n<tr class=\"row-2\">\n\t<td class=\"column-1\"><a href=\"https:\/\/www.sggw.edu.pl\/en\/kierunki-sggw\/agriculture\/\">Agriculture<\/a><\/td><td class=\"column-2\">full time<br \/>\npart time<\/td><td class=\"column-3\">Faculty of Agriculture and Ecology<\/td>\n<\/tr>\n<tr class=\"row-3\">\n\t<td class=\"column-1\"><a href=\"https:\/\/www.sggw.edu.pl\/en\/kierunki-sggw\/animal-bioengineering\/\">Animal Bioengineering<\/a><\/td><td class=\"column-2\">full time<\/td><td class=\"column-3\">Faculty of Animal Breeding, Bioengineering and Conservation<\/td>\n<\/tr>\n<tr class=\"row-4\">\n\t<td class=\"column-1\"><a href=\"https:\/\/www.sggw.edu.pl\/en\/kierunki-sggw\/animal-science\/\">Animal Science<\/a><\/td><td class=\"column-2\">full time<br \/>\npart time<\/td><td class=\"column-3\">Faculty of Animal Breeding, Bioengineering and Conservation<\/td>\n<\/tr>\n<tr class=\"row-5\">\n\t<td class=\"column-1\"><a href=\"https:\/\/www.sggw.edu.pl\/en\/kierunki-sggw\/architecture\/\">Architecture<\/a><\/td><td class=\"column-2\">full time<\/td><td class=\"column-3\">Faculty of Civil and Environmental Engineering<\/td>\n<\/tr>\n<tr class=\"row-6\">\n\t<td class=\"column-1\"><a href=\"https:\/\/www.sggw.edu.pl\/en\/kierunki-sggw\/biology\/\">Biology<\/a><\/td><td class=\"column-2\">full time<\/td><td class=\"column-3\">Faculty of Biology and Biotechnology<\/td>\n<\/tr>\n<tr class=\"row-7\">\n\t<td class=\"column-1\"><a href=\"https:\/\/www.sggw.edu.pl\/en\/kierunki-sggw\/biomedical-technology\/\">Biomedical Technology<\/a><\/td><td class=\"column-2\">full time<\/td><td class=\"column-3\">Faculty of Biology and Biotechnology<\/td>\n<\/tr>\n<tr class=\"row-8\">\n\t<td class=\"column-1\"><a href=\"https:\/\/www.sggw.edu.pl\/en\/kierunki-sggw\/biotechnology\/\">Biotechnology<\/a><\/td><td class=\"column-2\">full time<\/td><td class=\"column-3\">Faculty of Biology and Biotechnology<\/td>\n<\/tr>\n<tr class=\"row-9\">\n\t<td class=\"column-1\"><a href=\"https:\/\/www.sggw.edu.pl\/en\/kierunki-sggw\/biotechnology-in-english\/\">Biotechnology in English<\/a><\/td><td class=\"column-2\">full time<\/td><td class=\"column-3\">Faculty of Biology and Biotechnology<\/td>\n<\/tr>\n<tr class=\"row-10\">\n\t<td class=\"column-1\"><a href=\"https:\/\/www.sggw.edu.pl\/en\/kierunki-sggw\/breeding-and-protection-of-companion-and-wild-animals\/\">Breeding and Preservation of Wild and Companion Animals<\/a><\/td><td class=\"column-2\">full time<br \/>\npart time<\/td><td class=\"column-3\">Faculty of Animal Breeding, Bioengineering and Conservation<\/td>\n<\/tr>\n<tr class=\"row-11\">\n\t<td class=\"column-1\"><a href=\"https:\/\/www.sggw.edu.pl\/en\/kierunki-sggw\/gastronomy-and-hospitality\/\">Catering and Hotel Management<\/a><\/td><td class=\"column-2\">full time<br \/>\npart time<\/td><td class=\"column-3\">Faculty of Human Nutrition<\/td>\n<\/tr>\n<tr class=\"row-12\">\n\t<td class=\"column-1\"><a href=\"https:\/\/www.sggw.edu.pl\/en\/kierunki-sggw\/construction\/\">Civil Engineering<\/a><\/td><td class=\"column-2\">full time<br \/>\npart time<\/td><td class=\"column-3\">Faculty of Civil and Environmental Engineering<\/td>\n<\/tr>\n<tr class=\"row-13\">\n\t<td class=\"column-1\"><a href=\"https:\/\/www.sggw.edu.pl\/en\/kierunki-sggw\/dietetics\/\">Dietetics<\/a><\/td><td class=\"column-2\">full time<br \/>\npart time<\/td><td class=\"column-3\">Faculty of Human Nutrition<\/td>\n<\/tr>\n<tr class=\"row-14\">\n\t<td class=\"column-1\"><a href=\"https:\/\/www.sggw.edu.pl\/en\/kierunki-sggw\/ecological-engineering\/\">Ecological Engineering<\/a><\/td><td class=\"column-2\">full time<\/td><td class=\"column-3\">Faculty of Agriculture and Ecology<\/td>\n<\/tr>\n<tr class=\"row-15\">\n\t<td class=\"column-1\"><a href=\"https:\/\/www.sggw.edu.pl\/en\/kierunki-sggw\/economics\/\">Economics<\/a><\/td><td class=\"column-2\">full time<br \/>\npart time<\/td><td class=\"column-3\">Faculty of Economics<\/td>\n<\/tr>\n<tr class=\"row-16\">\n\t<td class=\"column-1\"><a href=\"https:\/\/www.sggw.edu.pl\/en\/kierunki-sggw\/engineering-of-biotechnical-systems\/\">Engineering of Biotechnical Systems<\/a><\/td><td class=\"column-2\">full time<\/td><td class=\"column-3\">Faculty of Production Engineering<\/td>\n<\/tr>\n<tr class=\"row-17\">\n\t<td class=\"column-1\"><a href=\"https:\/\/www.sggw.edu.pl\/en\/kierunki-sggw\/environmental-engineering\/\">Environmental Engineering<\/a><\/td><td class=\"column-2\">full time<br \/>\npart time<\/td><td class=\"column-3\">Faculty of Civil and Environmental Engineering<\/td>\n<\/tr>\n<tr class=\"row-18\">\n\t<td class=\"column-1\"><a href=\"https:\/\/www.sggw.edu.pl\/en\/kierunki-sggw\/environmental-protection\/\">Environmental Protection<\/a><\/td><td class=\"column-2\">full time<\/td><td class=\"column-3\">Faculty of Civil and Environmental Engineering<\/td>\n<\/tr>\n<tr class=\"row-19\">\n\t<td class=\"column-1\"><a href=\"https:\/\/www.sggw.edu.pl\/en\/kierunki-sggw\/finance-and-accounting\/\">Finance and Accounting<\/a><\/td><td class=\"column-2\">full time<br \/>\npart time<\/td><td class=\"column-3\">Faculty of Economics<\/td>\n<\/tr>\n<tr class=\"row-20\">\n\t<td class=\"column-1\"><a href=\"https:\/\/www.sggw.edu.pl\/en\/kierunki-sggw\/commodity-science-in-bioeconomy\/\">Food Marketing and Commodity Science<\/a><\/td><td class=\"column-2\">full time<\/td><td class=\"column-3\">Faculty of Food Technology<\/td>\n<\/tr>\n<tr class=\"row-21\">\n\t<td class=\"column-1\"><a href=\"https:\/\/www.sggw.edu.pl\/en\/kierunki-sggw\/food-safety\/\">Food Safety<\/a><\/td><td class=\"column-2\">full time<\/td><td class=\"column-3\">Faculty of Food Technology<\/td>\n<\/tr>\n<tr class=\"row-22\">\n\t<td class=\"column-1\"><a href=\"https:\/\/www.sggw.edu.pl\/en\/kierunki-sggw\/food-science-technology-and-nutrition\/\">Food Science - Technology and Nutrition<\/a><\/td><td class=\"column-2\">full time<\/td><td class=\"column-3\">Faculty of Food Technology<\/td>\n<\/tr>\n<tr class=\"row-23\">\n\t<td class=\"column-1\"><a href=\"https:\/\/www.sggw.edu.pl\/en\/kierunki-sggw\/food-technology-and-human-nutrition\/\">Food Technology and Human Nutrition<\/a><\/td><td class=\"column-2\">full time<br \/>\npart time<\/td><td class=\"column-3\">Faculty of Food Technology<\/td>\n<\/tr>\n<tr class=\"row-24\">\n\t<td class=\"column-1\"><a href=\"https:\/\/www.sggw.edu.pl\/en\/kierunki-sggw\/forestry-2\/\">Forestry<\/a><\/td><td class=\"column-2\">full time<br \/>\npart time<\/td><td class=\"column-3\">Faculty of Forestry<\/td>\n<\/tr>\n<tr class=\"row-25\">\n\t<td class=\"column-1\"><a href=\"https:\/\/www.sggw.edu.pl\/en\/kierunki-sggw\/furniture\/\">Furniture Technology<\/a><\/td><td class=\"column-2\">full time<br \/>\npart time<\/td><td class=\"column-3\">Faculty of Wood Technology<\/td>\n<\/tr>\n<tr class=\"row-26\">\n\t<td class=\"column-1\"><a href=\"https:\/\/www.sggw.edu.pl\/en\/kierunki-sggw\/gardening\/\">Horticulture<\/a><\/td><td class=\"column-2\">full time<br \/>\npart time<\/td><td class=\"column-3\">Faculty of Horticulture<\/td>\n<\/tr>\n<tr class=\"row-27\">\n\t<td class=\"column-1\"><a href=\"https:\/\/www.sggw.edu.pl\/en\/kierunki-sggw\/human-nutrition-and-food-evaluation\/\">Human Nutrition and Food Evaluation<\/a><\/td><td class=\"column-2\">full time<br \/>\npart time<\/td><td class=\"column-3\">Faculty of Human Nutrition<\/td>\n<\/tr>\n<tr class=\"row-28\">\n\t<td class=\"column-1\"><a href=\"https:\/\/www.sggw.edu.pl\/en\/kierunki-sggw\/informatics\/\">Informatics<\/a><\/td><td class=\"column-2\">full time<br \/>\npart time<\/td><td class=\"column-3\">Faculty of Applied Informatics<br \/>\nand Mathematics<\/td>\n<\/tr>\n<tr class=\"row-29\">\n\t<td class=\"column-1\"><a href=\"https:\/\/www.sggw.edu.pl\/en\/kierunki-sggw\/computer-science-and-econometrics\/\">Informatics and Econometrics<\/a><\/td><td class=\"column-2\">full time<br \/>\npart time<\/td><td class=\"column-3\">Faculty of Applied Informatics<br \/>\nand Mathematics<\/td>\n<\/tr>\n<tr class=\"row-30\">\n\t<td class=\"column-1\"><a href=\"https:\/\/www.sggw.edu.pl\/en\/kierunki-sggw\/landscape-architecture\/\">Landscape architecture<\/a><\/td><td class=\"column-2\">full time<\/td><td class=\"column-3\">Faculty of Civil and Environmental Engineering<\/td>\n<\/tr>\n<tr class=\"row-31\">\n\t<td class=\"column-1\"><a href=\"https:\/\/www.sggw.edu.pl\/en\/kierunki-sggw\/logistics\/\">Logistics<\/a><\/td><td class=\"column-2\">full time<br \/>\npart time<\/td><td class=\"column-3\">Faculty of Economics<\/td>\n<\/tr>\n<tr class=\"row-32\">\n\t<td class=\"column-1\"><a href=\"https:\/\/www.sggw.edu.pl\/en\/kierunki-sggw\/management\/\">Management<\/a><\/td><td class=\"column-2\">full time<br \/>\npart time<\/td><td class=\"column-3\">Faculty of Economics<\/td>\n<\/tr>\n<tr class=\"row-33\">\n\t<td class=\"column-1\"><a href=\"https:\/\/www.sggw.edu.pl\/en\/kierunki-sggw\/management-2\/\">Management in English<\/a><\/td><td class=\"column-2\">full time<\/td><td class=\"column-3\">Faculty of Economics<\/td>\n<\/tr>\n<tr class=\"row-34\">\n\t<td class=\"column-1\"><a href=\"https:\/\/www.sggw.edu.pl\/en\/kierunki-sggw\/management-and-production-engineering\/\">Management and Production Engineering<\/a><\/td><td class=\"column-2\">full time<\/td><td class=\"column-3\">Faculty of Production Engineering<\/td>\n<\/tr>\n<tr class=\"row-35\">\n\t<td class=\"column-1\"><a href=\"https:\/\/www.sggw.edu.pl\/en\/kierunki-sggw\/organic-farming-and-food-production\/\">Organic Agriculture and Food Production<\/a><\/td><td class=\"column-2\">full time<\/td><td class=\"column-3\">Faculty of Agriculture and Ecology<\/td>\n<\/tr>\n<tr class=\"row-36\">\n\t<td class=\"column-1\"><a href=\"https:\/\/www.sggw.edu.pl\/en\/kierunki-sggw\/organic-agriculture-and-food-production\/\">Organic Agriculture and Food Production in English<\/a><\/td><td class=\"column-2\">full time<\/td><td class=\"column-3\">Faculty of Agriculture and Ecology<\/td>\n<\/tr>\n<tr class=\"row-37\">\n\t<td class=\"column-1\"><a href=\"https:\/\/www.sggw.edu.pl\/en\/kierunki-sggw\/education\/\">Pedagogics<\/a><\/td><td class=\"column-2\">full time<br \/>\npart time<\/td><td class=\"column-3\">Faculty of Sociology and Pedagogy<\/td>\n<\/tr>\n<tr class=\"row-38\">\n\t<td class=\"column-1\"><a href=\"https:\/\/www.sggw.edu.pl\/en\/kierunki-sggw\/renewable-energy-technologies\/\">Renewable Energy Technologies<\/a><\/td><td class=\"column-2\">full time<\/td><td class=\"column-3\">Faculty of Production Engineering<\/td>\n<\/tr>\n<tr class=\"row-39\">\n\t<td class=\"column-1\"><a href=\"https:\/\/www.sggw.edu.pl\/en\/kierunki-sggw\/spatial-economy\/\">Spatial Economics<\/a><\/td><td class=\"column-2\">full time<br \/>\npart time<\/td><td class=\"column-3\">Faculty of Forestry<\/td>\n<\/tr>\n<tr class=\"row-40\">\n\t<td class=\"column-1\"><a href=\"https:\/\/www.sggw.edu.pl\/en\/kierunki-sggw\/sociology\/\">Sociology<\/a><\/td><td class=\"column-2\">full time<br \/>\npart time<\/td><td class=\"column-3\">Faculty of Sociology and Pedagogy<\/td>\n<\/tr>\n<tr class=\"row-41\">\n\t<td class=\"column-1\"><a href=\"https:\/\/www.sggw.edu.pl\/en\/kierunki-sggw\/tourism-and-recreation\/\">Tourism and Recreation<\/a><\/td><td class=\"column-2\">full time<br \/>\npart time<\/td><td class=\"column-3\">Faculty of Economics<\/td>\n<\/tr>\n<tr class=\"row-42\">\n\t<td class=\"column-1\"><a href=\"https:\/\/www.sggw.edu.pl\/en\/kierunki-sggw\/urban-horticulture-and-arboriculture\/\">Urban Horticulture and Arboriculture<\/a><\/td><td class=\"column-2\">full time<\/td><td class=\"column-3\">Faculty of Horticulture<\/td>\n<\/tr>\n<tr class=\"row-43\">\n\t<td class=\"column-1\"><a href=\"https:\/\/www.sggw.edu.pl\/en\/kierunki-sggw\/veterinary-medicine\/\">Veterinary Medicine<\/a><\/td><td class=\"column-2\">Long cycle, full time<\/td><td class=\"column-3\">Faculty of Veterinary Medicine<\/td>\n<\/tr>\n<tr class=\"row-44\">\n\t<td class=\"column-1\"><a href=\"https:\/\/www.sggw.edu.pl\/en\/kierunki-sggw\/weterynaria\/\">Veterinary Medicine in English<\/a><\/td><td class=\"column-2\">Long cycle, full time<\/td><td class=\"column-3\">Faculty of Veterinary Medicine<\/td>\n<\/tr>\n<tr class=\"row-45\">\n\t<td class=\"column-1\"><a href=\"https:\/\/www.sggw.edu.pl\/en\/kierunki-sggw\/water-engineering-and-management\/\">Water Resources Management and Engineering<\/a><\/td><td class=\"column-2\">full time<\/td><td class=\"column-3\">Faculty of Civil and Environmental Engineering<\/td>\n<\/tr>\n<tr class=\"row-46\">\n\t<td class=\"column-1\"><a href=\"https:\/\/www.sggw.edu.pl\/en\/kierunki-sggw\/wood-technology\/\">Wood Technology<\/a><\/td><td class=\"column-2\">full time<br \/>\npart time<\/td><td class=\"column-3\">Faculty of Wood Technology<\/td>\n<\/tr>\n<\/tbody>\n<\/table>\n<!-- #tablepress-27 from cache -->\t\t<\/div>\n\t\t\t\t<\/div>\n\t\t\t\t\t<\/div>\n\t\t<\/div>\n\t\t\t\t<div class=\"elementor-column elementor-col-16 elementor-top-column elementor-element elementor-element-752b8795\" data-id=\"752b8795\" data-element_type=\"column\">\n\t\t\t<div class=\"elementor-widget-wrap\">\n\t\t\t\t\t\t\t<\/div>\n\t\t<\/div>\n\t\t\t\t\t<\/div>\n\t\t<\/section>\n\t\t\t\t<\/div>\n\t\t","protected":false},"excerpt":{"rendered":"<p>Offer of first-cycle and long cycle studies The Warsaw University of Life Sciences offers 41 first-cycle studies (full-time and part-time), including one long-cycle master&#8217;s degree program (Veterinary).<\/p>\n","protected":false},"author":35512,"featured_media":0,"parent":205230,"menu_order":4,"comment_status":"closed","ping_status":"closed","template":"","meta":{"_acf_changed":false,"footnotes":""},"class_list":["post-205496","page","type-page","status-publish","hentry"],"acf":[],"_links":{"self":[{"href":"https:\/\/www.sggw.edu.pl\/en\/wp-json\/wp\/v2\/pages\/205496","targetHints":{"allow":["GET"]}}],"collection":[{"href":"https:\/\/www.sggw.edu.pl\/en\/wp-json\/wp\/v2\/pages"}],"about":[{"href":"https:\/\/www.sggw.edu.pl\/en\/wp-json\/wp\/v2\/types\/page"}],"author":[{"embeddable":true,"href":"https:\/\/www.sggw.edu.pl\/en\/wp-json\/wp\/v2\/users\/35512"}],"replies":[{"embeddable":true,"href":"https:\/\/www.sggw.edu.pl\/en\/wp-json\/wp\/v2\/comments?post=205496"}],"version-history":[{"count":13,"href":"https:\/\/www.sggw.edu.pl\/en\/wp-json\/wp\/v2\/pages\/205496\/revisions"}],"predecessor-version":[{"id":205531,"href":"https:\/\/www.sggw.edu.pl\/en\/wp-json\/wp\/v2\/pages\/205496\/revisions\/205531"}],"up":[{"embeddable":true,"href":"https:\/\/www.sggw.edu.pl\/en\/wp-json\/wp\/v2\/pages\/205230"}],"wp:attachment":[{"href":"https:\/\/www.sggw.edu.pl\/en\/wp-json\/wp\/v2\/media?parent=205496"}],"curies":[{"name":"wp","href":"https:\/\/api.w.org\/{rel}","templated":true}]}}