{"id":221659,"date":"2024-11-25T10:53:06","date_gmt":"2024-11-25T09:53:06","guid":{"rendered":"https:\/\/www.sggw.edu.pl\/?page_id=221659"},"modified":"2025-05-21T12:52:14","modified_gmt":"2025-05-21T10:52:14","slug":"required-documents","status":"publish","type":"page","link":"https:\/\/www.sggw.edu.pl\/en\/recruitment\/bachelors-degree-and-masters-degree-long-cycle\/required-documents\/","title":{"rendered":"Required documents 1st cycle"},"content":{"rendered":"\t\t<div data-elementor-type=\"wp-page\" data-elementor-id=\"221659\" class=\"elementor elementor-221659\" data-elementor-post-type=\"page\">\n\t\t\t\t<div class=\"elementor-element elementor-element-7a93e81 e-flex e-con-boxed e-con e-parent\" data-id=\"7a93e81\" data-element_type=\"container\">\n\t\t\t\t\t<div class=\"e-con-inner\">\n\t\t\t\t<div class=\"elementor-element elementor-element-d5df914 elementor-widget elementor-widget-wp-widget-bcn_widget\" data-id=\"d5df914\" data-element_type=\"widget\" data-widget_type=\"wp-widget-bcn_widget.default\">\n\t\t\t\t<div class=\"elementor-widget-container\">\n\t\t\t<div class=\"mn-grid breadcrumb\">\n                                    <div class=\"breadcrumb-inner mn-grid-12\"><div class=\"breadcrumbs\" vocab=\"https:\/\/schema.org\/\" typeof=\"BreadcrumbList\"><span property=\"itemListElement\" typeof=\"ListItem\"><a property=\"item\" typeof=\"WebPage\" title=\"Go to Szko\u0142a G\u0142\u00f3wna Gospodarstwa Wiejskiego w Warszawie.\" href=\"https:\/\/www.sggw.edu.pl\/en\/\" class=\"home\" aria-current=\"page\"><span property=\"name\">Home<\/span><\/a><meta property=\"position\" content=\"1\"><\/span><\/div>    <\/div>\n                                <\/div>\t\t<\/div>\n\t\t\t\t<\/div>\n\t\t\t\t\t<\/div>\n\t\t\t\t<\/div>\n\t\t<div class=\"elementor-element elementor-element-248d279 e-flex e-con-boxed e-con e-parent\" data-id=\"248d279\" data-element_type=\"container\">\n\t\t\t\t\t<div class=\"e-con-inner\">\n\t\t\t\t<div class=\"elementor-element elementor-element-ed8ac6d elementor-widget elementor-widget-w1_2_3\" data-id=\"ed8ac6d\" data-element_type=\"widget\" data-widget_type=\"w1_2_3.default\">\n\t\t\t\t<div class=\"elementor-widget-container\">\n\t\t\t<section>\n                <div class=\"mn-grid\">\n                    <h2  class=\"mn-grid-12\">\n                        Required documents\n                    <\/h2>\n                <\/div>\n            <\/section>\t\t<\/div>\n\t\t\t\t<\/div>\n\t\t\t\t\t<\/div>\n\t\t\t\t<\/div>\n\t\t<div class=\"elementor-element elementor-element-504e38e e-flex e-con-boxed e-con e-parent\" data-id=\"504e38e\" data-element_type=\"container\">\n\t\t\t\t\t<div class=\"e-con-inner\">\n\t\t\t\t<div class=\"elementor-element elementor-element-3fb9509 elementor-widget elementor-widget-w1_2_3\" data-id=\"3fb9509\" data-element_type=\"widget\" data-widget_type=\"w1_2_3.default\">\n\t\t\t\t<div class=\"elementor-widget-container\">\n\t\t\t<section>\n                    <div class=\"mn-grid\">\n                        <h5  class=\"mn-grid-12 mn-title3\">\n                            Bachelor's degree and Master's degree\n                        <\/h5>\n                    <\/div>\n                <\/section>\t\t<\/div>\n\t\t\t\t<\/div>\n\t\t\t\t\t<\/div>\n\t\t\t\t<\/div>\n\t\t<div class=\"elementor-element elementor-element-ffa69bb e-flex e-con-boxed e-con e-parent\" data-id=\"ffa69bb\" data-element_type=\"container\">\n\t\t\t\t\t<div class=\"e-con-inner\">\n\t\t<div class=\"elementor-element elementor-element-a556cc0 e-con-full e-flex e-con e-child\" data-id=\"a556cc0\" data-element_type=\"container\">\n\t\t\t\t<div class=\"elementor-element elementor-element-10ec05c elementor-widget elementor-widget-w10\" data-id=\"10ec05c\" data-element_type=\"widget\" data-widget_type=\"w10.default\">\n\t\t\t\t<div class=\"elementor-widget-container\">\n\t\t\t<section><div class=\"mn-grid\"><ul class=\"mn-link-list-type2 mn-grid-12\"><li>\n                            <a href=\"https:\/\/www.sggw.edu.pl\/en\/recruitment\/bachelors-degree-and-masters-degree-long-cycle\/bachelors-degree-recruitment-rules\/documents\/\" >\n                                <span>Required documents<\/span>\n                            <\/a>\n                        <\/li><li>\n                            <a href=\"https:\/\/www.sggw.edu.pl\/en\/recruitment\/bachelors-degree-and-masters-degree-long-cycle\/required-documents\/recognition-of-foreign-certificates\/\" >\n                                <span>Foreign Certificates - requirements<\/span>\n                            <\/a>\n                        <\/li><li>\n                            <a href=\"https:\/\/www.sggw.edu.pl\/en\/recruitment\/bachelors-degree-and-masters-degree-long-cycle\/required-documents\/translation-of-documents\/\" >\n                                <span>Translation of documents<\/span>\n                            <\/a>\n                        <\/li><li>\n                            <a href=\"https:\/\/www.sggw.edu.pl\/en\/recruitment\/bachelors-degree-and-masters-degree-long-cycle\/required-documents\/legalization-apostille\/\" >\n                                <span>Legalization\/Apostille<\/span>\n                            <\/a>\n                        <\/li><li>\n                            <a href=\"https:\/\/www.sggw.edu.pl\/en\/recruitment\/bachelors-degree-and-masters-degree-long-cycle\/required-documents\/minor-candidate\/\" >\n                                <span>Underage candidates<\/span>\n                            <\/a>\n                        <\/li><\/ul><\/div><\/section>\t\t<\/div>\n\t\t\t\t<\/div>\n\t\t\t\t<\/div>\n\t\t<div class=\"elementor-element elementor-element-e15e7a1 e-con-full e-flex e-con e-child\" data-id=\"e15e7a1\" data-element_type=\"container\">\n\t\t\t\t<div class=\"elementor-element elementor-element-0a1deb0 elementor-widget elementor-widget-image\" data-id=\"0a1deb0\" data-element_type=\"widget\" data-widget_type=\"image.default\">\n\t\t\t\t<div class=\"elementor-widget-container\">\n\t\t\t\t\t\t\t\t\t\t\t\t\t<img fetchpriority=\"high\" decoding=\"async\" width=\"257\" height=\"300\" src=\"https:\/\/www.sggw.edu.pl\/wp-content\/uploads\/2024\/11\/grafika_4.png\" class=\"attachment-medium size-medium wp-image-222332\" alt=\"\" \/>\t\t\t\t\t\t\t\t\t\t\t\t\t<\/div>\n\t\t\t\t<\/div>\n\t\t\t\t<\/div>\n\t\t\t\t\t<\/div>\n\t\t\t\t<\/div>\n\t\t\t\t<\/div>\n\t\t","protected":false},"excerpt":{"rendered":"<p>Required documents Bachelor&#8217;s degree and Master&#8217;s degree Required documents Foreign Certificates &#8211; requirements Translation of documents Legalization\/Apostille Underage candidates<\/p>\n","protected":false},"author":35512,"featured_media":0,"parent":191427,"menu_order":0,"comment_status":"closed","ping_status":"closed","template":"","meta":{"_acf_changed":false,"footnotes":""},"class_list":["post-221659","page","type-page","status-publish","hentry"],"acf":[],"_links":{"self":[{"href":"https:\/\/www.sggw.edu.pl\/en\/wp-json\/wp\/v2\/pages\/221659","targetHints":{"allow":["GET"]}}],"collection":[{"href":"https:\/\/www.sggw.edu.pl\/en\/wp-json\/wp\/v2\/pages"}],"about":[{"href":"https:\/\/www.sggw.edu.pl\/en\/wp-json\/wp\/v2\/types\/page"}],"author":[{"embeddable":true,"href":"https:\/\/www.sggw.edu.pl\/en\/wp-json\/wp\/v2\/users\/35512"}],"replies":[{"embeddable":true,"href":"https:\/\/www.sggw.edu.pl\/en\/wp-json\/wp\/v2\/comments?post=221659"}],"version-history":[{"count":36,"href":"https:\/\/www.sggw.edu.pl\/en\/wp-json\/wp\/v2\/pages\/221659\/revisions"}],"predecessor-version":[{"id":235956,"href":"https:\/\/www.sggw.edu.pl\/en\/wp-json\/wp\/v2\/pages\/221659\/revisions\/235956"}],"up":[{"embeddable":true,"href":"https:\/\/www.sggw.edu.pl\/en\/wp-json\/wp\/v2\/pages\/191427"}],"wp:attachment":[{"href":"https:\/\/www.sggw.edu.pl\/en\/wp-json\/wp\/v2\/media?parent=221659"}],"curies":[{"name":"wp","href":"https:\/\/api.w.org\/{rel}","templated":true}]}}