{"id":221698,"date":"2024-11-25T11:38:41","date_gmt":"2024-11-25T10:38:41","guid":{"rendered":"https:\/\/www.sggw.edu.pl\/?page_id=221698"},"modified":"2025-05-22T09:30:51","modified_gmt":"2025-05-22T07:30:51","slug":"221698-2","status":"publish","type":"page","link":"https:\/\/www.sggw.edu.pl\/en\/recruitment\/second-cycle-studies-masters-degree\/221698-2\/","title":{"rendered":"Required documents 2nd"},"content":{"rendered":"\t\t<div data-elementor-type=\"wp-page\" data-elementor-id=\"221698\" class=\"elementor elementor-221698\" data-elementor-post-type=\"page\">\n\t\t\t\t<div class=\"elementor-element elementor-element-5ed948b3 e-flex e-con-boxed e-con e-parent\" data-id=\"5ed948b3\" data-element_type=\"container\">\n\t\t\t\t\t<div class=\"e-con-inner\">\n\t\t\t\t<div class=\"elementor-element elementor-element-5e165406 elementor-widget elementor-widget-text-editor\" data-id=\"5e165406\" data-element_type=\"widget\" data-widget_type=\"text-editor.default\">\n\t\t\t\t<div class=\"elementor-widget-container\">\n\t\t\t\t\t\t\t\n<p><\/p>\n\n\n\n<p><\/p>\n\t\t\t\t\t\t<\/div>\n\t\t\t\t<\/div>\n\t\t\t\t\t<\/div>\n\t\t\t\t<\/div>\n\t\t<div class=\"elementor-element elementor-element-315c197 e-flex e-con-boxed e-con e-parent\" data-id=\"315c197\" data-element_type=\"container\">\n\t\t\t\t\t<div class=\"e-con-inner\">\n\t\t\t\t<div class=\"elementor-element elementor-element-6f7922c elementor-widget elementor-widget-wp-widget-bcn_widget\" data-id=\"6f7922c\" data-element_type=\"widget\" data-widget_type=\"wp-widget-bcn_widget.default\">\n\t\t\t\t<div class=\"elementor-widget-container\">\n\t\t\t<div class=\"mn-grid breadcrumb\">\n                                    <div class=\"breadcrumb-inner mn-grid-12\"><div class=\"breadcrumbs\" vocab=\"https:\/\/schema.org\/\" typeof=\"BreadcrumbList\"><span property=\"itemListElement\" typeof=\"ListItem\"><a property=\"item\" typeof=\"WebPage\" title=\"Go to Szko\u0142a G\u0142\u00f3wna Gospodarstwa Wiejskiego w Warszawie.\" href=\"https:\/\/www.sggw.edu.pl\/en\/\" class=\"home\" aria-current=\"page\"><span property=\"name\">Home<\/span><\/a><meta property=\"position\" content=\"1\"><\/span><\/div>    <\/div>\n                                <\/div>\t\t<\/div>\n\t\t\t\t<\/div>\n\t\t\t\t\t<\/div>\n\t\t\t\t<\/div>\n\t\t<div class=\"elementor-element elementor-element-dae058e e-flex e-con-boxed e-con e-parent\" data-id=\"dae058e\" data-element_type=\"container\">\n\t\t\t\t\t<div class=\"e-con-inner\">\n\t\t\t\t<div class=\"elementor-element elementor-element-dd65166 elementor-widget elementor-widget-w1_2_3\" data-id=\"dd65166\" data-element_type=\"widget\" data-widget_type=\"w1_2_3.default\">\n\t\t\t\t<div class=\"elementor-widget-container\">\n\t\t\t<section>\n                <div class=\"mn-grid\">\n                    <h2  class=\"mn-grid-12\">\n                        Required documents\n                    <\/h2>\n                <\/div>\n            <\/section>\t\t<\/div>\n\t\t\t\t<\/div>\n\t\t\t\t\t<\/div>\n\t\t\t\t<\/div>\n\t\t<div class=\"elementor-element elementor-element-01fa4eb e-flex e-con-boxed e-con e-parent\" data-id=\"01fa4eb\" data-element_type=\"container\">\n\t\t\t\t\t<div class=\"e-con-inner\">\n\t\t\t\t<div class=\"elementor-element elementor-element-61ee350 elementor-widget elementor-widget-w1_2_3\" data-id=\"61ee350\" data-element_type=\"widget\" data-widget_type=\"w1_2_3.default\">\n\t\t\t\t<div class=\"elementor-widget-container\">\n\t\t\t<section>\n                    <div class=\"mn-grid\">\n                        <h5  class=\"mn-grid-12 mn-title3\">\n                            Full time and Part time studies\n                        <\/h5>\n                    <\/div>\n                <\/section>\t\t<\/div>\n\t\t\t\t<\/div>\n\t\t\t\t\t<\/div>\n\t\t\t\t<\/div>\n\t\t<div class=\"elementor-element elementor-element-5c04ebc e-flex e-con-boxed e-con e-parent\" data-id=\"5c04ebc\" data-element_type=\"container\">\n\t\t\t\t\t<div class=\"e-con-inner\">\n\t\t<div class=\"elementor-element elementor-element-b179949 e-con-full e-flex e-con e-child\" data-id=\"b179949\" data-element_type=\"container\">\n\t\t\t\t<div class=\"elementor-element elementor-element-60a327d elementor-widget elementor-widget-w10\" data-id=\"60a327d\" data-element_type=\"widget\" data-widget_type=\"w10.default\">\n\t\t\t\t<div class=\"elementor-widget-container\">\n\t\t\t<section><div class=\"mn-grid\"><ul class=\"mn-link-list-type2 mn-grid-12\"><li>\n                            <a href=\"https:\/\/www.sggw.edu.pl\/en\/recruitment\/second-cycle-studies-masters-degree\/masters-degree-recruitment-rules\/2-en-required_documents\/\" >\n                                <span>Required documents<\/span>\n                            <\/a>\n                        <\/li><li>\n                            <a href=\"https:\/\/www.sggw.edu.pl\/en\/recruitment\/second-cycle-studies-masters-degree\/221698-2\/foreign-diplomas-requirements\/\" >\n                                <span>Foreign diplomas - requirements<\/span>\n                            <\/a>\n                        <\/li><li>\n                            <a href=\"https:\/\/www.sggw.edu.pl\/en\/recruitment\/bachelors-degree-and-masters-degree-long-cycle\/required-documents\/translation-of-documents\/\" >\n                                <span>Translation of documents<\/span>\n                            <\/a>\n                        <\/li><li>\n                            <a href=\"https:\/\/www.sggw.edu.pl\/en\/recruitment\/bachelors-degree-and-masters-degree-long-cycle\/required-documents\/legalization-apostille\/\" >\n                                <span>Legalization\/Apostille<\/span>\n                            <\/a>\n                        <\/li><\/ul><\/div><\/section>\t\t<\/div>\n\t\t\t\t<\/div>\n\t\t\t\t<\/div>\n\t\t<div class=\"elementor-element elementor-element-fcca73d e-con-full e-flex e-con e-child\" data-id=\"fcca73d\" data-element_type=\"container\">\n\t\t\t\t<div class=\"elementor-element elementor-element-39fb5d7 elementor-widget elementor-widget-image\" data-id=\"39fb5d7\" data-element_type=\"widget\" data-widget_type=\"image.default\">\n\t\t\t\t<div class=\"elementor-widget-container\">\n\t\t\t\t\t\t\t\t\t\t\t\t\t<img fetchpriority=\"high\" decoding=\"async\" width=\"300\" height=\"287\" src=\"https:\/\/www.sggw.edu.pl\/wp-content\/uploads\/2024\/11\/grafika_9.png\" class=\"attachment-medium size-medium wp-image-222342\" alt=\"\" \/>\t\t\t\t\t\t\t\t\t\t\t\t\t<\/div>\n\t\t\t\t<\/div>\n\t\t\t\t<\/div>\n\t\t\t\t\t<\/div>\n\t\t\t\t<\/div>\n\t\t<div class=\"elementor-element elementor-element-ac492f1 e-flex e-con-boxed e-con e-parent\" data-id=\"ac492f1\" data-element_type=\"container\">\n\t\t\t\t\t<div class=\"e-con-inner\">\n\t\t\t\t\t<\/div>\n\t\t\t\t<\/div>\n\t\t\t\t<\/div>\n\t\t","protected":false},"excerpt":{"rendered":"<p>Required documents Full time and Part time studies Required documents Foreign diplomas &#8211; requirements Translation of documents Legalization\/Apostille<\/p>\n","protected":false},"author":35512,"featured_media":0,"parent":141645,"menu_order":0,"comment_status":"closed","ping_status":"closed","template":"","meta":{"_acf_changed":false,"footnotes":""},"class_list":["post-221698","page","type-page","status-publish","hentry"],"acf":[],"_links":{"self":[{"href":"https:\/\/www.sggw.edu.pl\/en\/wp-json\/wp\/v2\/pages\/221698","targetHints":{"allow":["GET"]}}],"collection":[{"href":"https:\/\/www.sggw.edu.pl\/en\/wp-json\/wp\/v2\/pages"}],"about":[{"href":"https:\/\/www.sggw.edu.pl\/en\/wp-json\/wp\/v2\/types\/page"}],"author":[{"embeddable":true,"href":"https:\/\/www.sggw.edu.pl\/en\/wp-json\/wp\/v2\/users\/35512"}],"replies":[{"embeddable":true,"href":"https:\/\/www.sggw.edu.pl\/en\/wp-json\/wp\/v2\/comments?post=221698"}],"version-history":[{"count":20,"href":"https:\/\/www.sggw.edu.pl\/en\/wp-json\/wp\/v2\/pages\/221698\/revisions"}],"predecessor-version":[{"id":236609,"href":"https:\/\/www.sggw.edu.pl\/en\/wp-json\/wp\/v2\/pages\/221698\/revisions\/236609"}],"up":[{"embeddable":true,"href":"https:\/\/www.sggw.edu.pl\/en\/wp-json\/wp\/v2\/pages\/141645"}],"wp:attachment":[{"href":"https:\/\/www.sggw.edu.pl\/en\/wp-json\/wp\/v2\/media?parent=221698"}],"curies":[{"name":"wp","href":"https:\/\/api.w.org\/{rel}","templated":true}]}}