{"id":224209,"date":"2024-12-30T11:30:14","date_gmt":"2024-12-30T10:30:14","guid":{"rendered":"https:\/\/www.sggw.edu.pl\/?page_id=224209"},"modified":"2024-12-30T11:58:53","modified_gmt":"2024-12-30T10:58:53","slug":"engaging-sggw-in-the-implementation-of-the-2030-agenda-goals-sdg4-and-the-project-in-tanzania","status":"publish","type":"page","link":"https:\/\/www.sggw.edu.pl\/en\/sustainable-development-goals\/engaging-sggw-in-the-implementation-of-the-2030-agenda-goals-sdg4-and-the-project-in-tanzania\/","title":{"rendered":"Engaging SGGW in the Implementation of the 2030 Agenda Goals: SDG4 and the Project in Tanzania"},"content":{"rendered":"\t\t<div data-elementor-type=\"wp-page\" data-elementor-id=\"224209\" class=\"elementor elementor-224209\" data-elementor-post-type=\"page\">\n\t\t\t\t<div class=\"elementor-element elementor-element-7ef6c762 e-flex e-con-boxed e-con e-parent\" data-id=\"7ef6c762\" data-element_type=\"container\">\n\t\t\t\t\t<div class=\"e-con-inner\">\n\t\t\t\t<div class=\"elementor-element elementor-element-1308e89b elementor-widget elementor-widget-wp-widget-bcn_widget\" data-id=\"1308e89b\" data-element_type=\"widget\" data-widget_type=\"wp-widget-bcn_widget.default\">\n\t\t\t\t<div class=\"elementor-widget-container\">\n\t\t\t<div class=\"mn-grid breadcrumb\">\n                                    <div class=\"breadcrumb-inner mn-grid-12\"><div class=\"breadcrumbs\" vocab=\"https:\/\/schema.org\/\" typeof=\"BreadcrumbList\"><span property=\"itemListElement\" typeof=\"ListItem\"><a property=\"item\" typeof=\"WebPage\" title=\"Go to Szko\u0142a G\u0142\u00f3wna Gospodarstwa Wiejskiego w Warszawie.\" href=\"https:\/\/www.sggw.edu.pl\/en\/\" class=\"home\" aria-current=\"page\"><span property=\"name\">Home<\/span><\/a><meta property=\"position\" content=\"1\"><\/span><\/div>    <\/div>\n                                <\/div>\t\t<\/div>\n\t\t\t\t<\/div>\n\t\t\t\t<div class=\"elementor-element elementor-element-2caa3d06 elementor-widget elementor-widget-post-title\" data-id=\"2caa3d06\" data-element_type=\"widget\" data-widget_type=\"post-title.default\">\n\t\t\t\t<div class=\"elementor-widget-container\">\n\t\t\t<section>\n                    <div class=\"mn-grid entry-header-inner section-inner medium\">\n                        <h1 class=\"mn-grid-12 entry-title\" style=\"\">\n                            Engaging SGGW in the Implementation of the 2030 Agenda Goals: SDG4 and the Project in Tanzania\n                        <\/h1>\n                    <\/div>\n                <\/section>\t\t<\/div>\n\t\t\t\t<\/div>\n\t\t\t\t\t<\/div>\n\t\t\t\t<\/div>\n\t\t<div class=\"elementor-element elementor-element-2651cccb e-flex e-con-boxed e-con e-parent\" data-id=\"2651cccb\" data-element_type=\"container\">\n\t\t\t\t\t<div class=\"e-con-inner\">\n\t\t<div class=\"elementor-element elementor-element-13aee64c e-con-full e-flex e-con e-child\" data-id=\"13aee64c\" data-element_type=\"container\">\n\t\t\t\t<div class=\"elementor-element elementor-element-27de957c elementor-widget elementor-widget-image\" data-id=\"27de957c\" data-element_type=\"widget\" data-widget_type=\"image.default\">\n\t\t\t\t<div class=\"elementor-widget-container\">\n\t\t\t\t\t\t\t\t\t\t\t\t\t<img fetchpriority=\"high\" decoding=\"async\" width=\"1080\" height=\"660\" src=\"https:\/\/www.sggw.edu.pl\/wp-content\/uploads\/2024\/12\/SDG_start.png\" class=\"attachment-full size-full wp-image-224222\" alt=\"\" \/>\t\t\t\t\t\t\t\t\t\t\t\t\t<\/div>\n\t\t\t\t<\/div>\n\t\t\t\t<\/div>\n\t\t<div class=\"elementor-element elementor-element-107243f3 e-con-full e-flex e-con e-child\" data-id=\"107243f3\" data-element_type=\"container\">\n\t\t\t\t<div class=\"elementor-element elementor-element-15e47d1f elementor-widget elementor-widget-w12\" data-id=\"15e47d1f\" data-element_type=\"widget\" data-widget_type=\"w12.default\">\n\t\t\t\t<div class=\"elementor-widget-container\">\n\t\t\t<section>\n                <div class=\"mn-grid\">\n                    <div class=\"mn-grid-12 mn-mod-text-links\">\n                        <h6>Universities play a key role in advancing the UN&#8217;s Agenda 2030, especially SDG4 &#8211; Quality Education, which focuses on inclusive, equitable learning and lifelong opportunities. SGGW supports this goal by providing high-quality education in life sciences, fostering critical thinking, creativity, and practical knowledge. The university also promotes inclusion and equity through policies aiding underrepresented and disadvantaged groups.<\/h6><h6>\u00a0<\/h6>\n                    <\/div>\n                <\/div>\n            <\/section>\t\t<\/div>\n\t\t\t\t<\/div>\n\t\t\t\t<\/div>\n\t\t\t\t\t<\/div>\n\t\t\t\t<\/div>\n\t\t<div class=\"elementor-element elementor-element-7057eac e-flex e-con-boxed e-con e-parent\" data-id=\"7057eac\" data-element_type=\"container\">\n\t\t\t\t\t<div class=\"e-con-inner\">\n\t\t\t\t<div class=\"elementor-element elementor-element-64ed5f09 elementor-widget__width-initial elementor-widget elementor-widget-w12\" data-id=\"64ed5f09\" data-element_type=\"widget\" data-widget_type=\"w12.default\">\n\t\t\t\t<div class=\"elementor-widget-container\">\n\t\t\t<section>\n                <div class=\"mn-grid\">\n                    <div class=\"mn-grid-12 mn-mod-text-links\">\n                        <p>Understanding the partners&#8217; needs, SGGW gets involved in capacity-building and development projects as a part of global collaboration. SGGW has collaborated with higher education institutions, schools, and other educational entities for years to improve teaching quality and educational leadership by training educators and administrators. This is how SGGW contributes to the broader education ecosystem&#8217;s capacity to deliver quality education.<\/p><p>2024 was another year of SGGW activity in this field. To achieve Goal 4 (SGD4- Education Quality), the university supported the <span style=\"color: #0000ff;\"><a style=\"color: #0000ff;\" href=\"http:\/\/f-ndr.org\/?lang=pl\">Foundation Science for Development (FNdR)<\/a><\/span> , realizing the project entitled \u201cImproving the quality of youth training in dairy processing in Tanzania by improving teaching conditions &#8211; establishment of a Center of Excellence.\u201d The project is implemented under the Ministry of Foreign Affairs <span style=\"color: #0000ff;\"><a style=\"color: #0000ff;\" href=\"https:\/\/www.gov.pl\/web\/polskapomoc\">Polish Aid program<\/a><\/span>. The beneficiary of the project is the Livestock Training Agency (LITA) in Tengeru, Tanzania. The Foundation assumed responsibility for the extensive task of renovating and equipping the beneficiary&#8217;s barn and laboratory facilities. Scientists from the Institute of Veterinary Medicine at SGGW (Dr. Joanna Zarzy\u0144ska &amp; Dr. Blanka Or\u0142owska), as part of Module 1 of the project, have prepared materials and training for the teachers and technical staff at LITA. The training addressed the topics of dairy herd welfare, milking hygiene, and the safety and hygiene of raw milk and dairy products to prepare high standards of milk procurement and production. Lecture classes, exercises, and practical workshops were held in diagnostic laboratories previously equipped by Polish Aid on the LITA Tengeru campus and in the \u201cdairy unit.\u201d In the following stages of the project (2025-2026), SGGW scientists will be involved in training in technology and evaluation of dairy products and the basics of marketing, which is intended to improve skills in selling manufactured products.<\/p><p>The implementation of the projects proves SGGW&#8217;s engagement in embedding the principles of inclusivity, quality of education, and accessibility regionally and globally. SGGW&#8217;s educational mission is also to act as a transformative agent for a sustainable future worldwide.<\/p>\n                    <\/div>\n                <\/div>\n            <\/section>\t\t<\/div>\n\t\t\t\t<\/div>\n\t\t\t\t\t<\/div>\n\t\t\t\t<\/div>\n\t\t<div class=\"elementor-element elementor-element-284792f e-flex e-con-boxed e-con e-parent\" data-id=\"284792f\" data-element_type=\"container\">\n\t\t\t\t\t<div class=\"e-con-inner\">\n\t\t\t\t<div class=\"elementor-element elementor-element-0f465f2 elementor-widget elementor-widget-gallery\" data-id=\"0f465f2\" data-element_type=\"widget\" data-settings=\"{&quot;lazyload&quot;:&quot;yes&quot;,&quot;gallery_layout&quot;:&quot;grid&quot;,&quot;columns&quot;:4,&quot;columns_tablet&quot;:2,&quot;columns_mobile&quot;:1,&quot;gap&quot;:{&quot;unit&quot;:&quot;px&quot;,&quot;size&quot;:10,&quot;sizes&quot;:[]},&quot;gap_laptop&quot;:{&quot;unit&quot;:&quot;px&quot;,&quot;size&quot;:10,&quot;sizes&quot;:[]},&quot;gap_tablet_extra&quot;:{&quot;unit&quot;:&quot;px&quot;,&quot;size&quot;:10,&quot;sizes&quot;:[]},&quot;gap_tablet&quot;:{&quot;unit&quot;:&quot;px&quot;,&quot;size&quot;:10,&quot;sizes&quot;:[]},&quot;gap_mobile_extra&quot;:{&quot;unit&quot;:&quot;px&quot;,&quot;size&quot;:10,&quot;sizes&quot;:[]},&quot;gap_mobile&quot;:{&quot;unit&quot;:&quot;px&quot;,&quot;size&quot;:10,&quot;sizes&quot;:[]},&quot;link_to&quot;:&quot;file&quot;,&quot;aspect_ratio&quot;:&quot;3:2&quot;,&quot;overlay_background&quot;:&quot;yes&quot;,&quot;content_hover_animation&quot;:&quot;fade-in&quot;}\" data-widget_type=\"gallery.default\">\n\t\t\t\t<div class=\"elementor-widget-container\">\n\t\t\t\t\t<div class=\"elementor-gallery__container\">\n\t\t\t\t\t\t\t<a class=\"e-gallery-item elementor-gallery-item elementor-animated-content\" href=\"https:\/\/www.sggw.edu.pl\/wp-content\/uploads\/2024\/12\/20240928_135142-1-scaled.jpg\" data-elementor-open-lightbox=\"yes\" data-elementor-lightbox-slideshow=\"0f465f2\" data-elementor-lightbox-title=\"20240928_135142 (1)\" data-e-action-hash=\"#elementor-action%3Aaction%3Dlightbox%26settings%3DeyJpZCI6MjI0MjMyLCJ1cmwiOiJodHRwczpcL1wvd3d3LnNnZ3cuZWR1LnBsXC93cC1jb250ZW50XC91cGxvYWRzXC8yMDI0XC8xMlwvMjAyNDA5MjhfMTM1MTQyLTEtc2NhbGVkLmpwZyIsInNsaWRlc2hvdyI6IjBmNDY1ZjIifQ%3D%3D\">\n\t\t\t\t\t<div class=\"e-gallery-image elementor-gallery-item__image\" data-thumbnail=\"https:\/\/www.sggw.edu.pl\/wp-content\/uploads\/2024\/12\/20240928_135142-1-scaled.jpg\" data-width=\"2560\" data-height=\"1920\" aria-label=\"\" role=\"img\" ><\/div>\n\t\t\t\t\t\t\t\t\t\t\t<div class=\"elementor-gallery-item__overlay\"><\/div>\n\t\t\t\t\t\t\t\t\t\t\t\t\t\t<\/a>\n\t\t\t\t\t\t\t<a class=\"e-gallery-item elementor-gallery-item elementor-animated-content\" href=\"https:\/\/www.sggw.edu.pl\/wp-content\/uploads\/2024\/12\/20241121_123159-scaled.jpg\" data-elementor-open-lightbox=\"yes\" data-elementor-lightbox-slideshow=\"0f465f2\" data-elementor-lightbox-title=\"20241121_123159\" data-e-action-hash=\"#elementor-action%3Aaction%3Dlightbox%26settings%3DeyJpZCI6MjI0MjI0LCJ1cmwiOiJodHRwczpcL1wvd3d3LnNnZ3cuZWR1LnBsXC93cC1jb250ZW50XC91cGxvYWRzXC8yMDI0XC8xMlwvMjAyNDExMjFfMTIzMTU5LXNjYWxlZC5qcGciLCJzbGlkZXNob3ciOiIwZjQ2NWYyIn0%3D\">\n\t\t\t\t\t<div class=\"e-gallery-image elementor-gallery-item__image\" data-thumbnail=\"https:\/\/www.sggw.edu.pl\/wp-content\/uploads\/2024\/12\/20241121_123159-scaled.jpg\" data-width=\"2560\" data-height=\"1920\" aria-label=\"\" role=\"img\" ><\/div>\n\t\t\t\t\t\t\t\t\t\t\t<div class=\"elementor-gallery-item__overlay\"><\/div>\n\t\t\t\t\t\t\t\t\t\t\t\t\t\t<\/a>\n\t\t\t\t\t\t\t<a class=\"e-gallery-item elementor-gallery-item elementor-animated-content\" href=\"https:\/\/www.sggw.edu.pl\/wp-content\/uploads\/2024\/12\/20241112_120614-1-scaled.jpg\" data-elementor-open-lightbox=\"yes\" data-elementor-lightbox-slideshow=\"0f465f2\" data-elementor-lightbox-title=\"20241112_120614 (1)\" data-e-action-hash=\"#elementor-action%3Aaction%3Dlightbox%26settings%3DeyJpZCI6MjI0MjM0LCJ1cmwiOiJodHRwczpcL1wvd3d3LnNnZ3cuZWR1LnBsXC93cC1jb250ZW50XC91cGxvYWRzXC8yMDI0XC8xMlwvMjAyNDExMTJfMTIwNjE0LTEtc2NhbGVkLmpwZyIsInNsaWRlc2hvdyI6IjBmNDY1ZjIifQ%3D%3D\">\n\t\t\t\t\t<div class=\"e-gallery-image elementor-gallery-item__image\" data-thumbnail=\"https:\/\/www.sggw.edu.pl\/wp-content\/uploads\/2024\/12\/20241112_120614-1-scaled.jpg\" data-width=\"2560\" data-height=\"1920\" aria-label=\"\" role=\"img\" ><\/div>\n\t\t\t\t\t\t\t\t\t\t\t<div class=\"elementor-gallery-item__overlay\"><\/div>\n\t\t\t\t\t\t\t\t\t\t\t\t\t\t<\/a>\n\t\t\t\t\t\t\t<a class=\"e-gallery-item elementor-gallery-item elementor-animated-content\" href=\"https:\/\/www.sggw.edu.pl\/wp-content\/uploads\/2024\/12\/528d0be0-0180-4505-82ae-4896578dcf91.jpg\" data-elementor-open-lightbox=\"yes\" data-elementor-lightbox-slideshow=\"0f465f2\" data-elementor-lightbox-title=\"528d0be0-0180-4505-82ae-4896578dcf91\" data-e-action-hash=\"#elementor-action%3Aaction%3Dlightbox%26settings%3DeyJpZCI6MjI0MjMwLCJ1cmwiOiJodHRwczpcL1wvd3d3LnNnZ3cuZWR1LnBsXC93cC1jb250ZW50XC91cGxvYWRzXC8yMDI0XC8xMlwvNTI4ZDBiZTAtMDE4MC00NTA1LTgyYWUtNDg5NjU3OGRjZjkxLmpwZyIsInNsaWRlc2hvdyI6IjBmNDY1ZjIifQ%3D%3D\">\n\t\t\t\t\t<div class=\"e-gallery-image elementor-gallery-item__image\" data-thumbnail=\"https:\/\/www.sggw.edu.pl\/wp-content\/uploads\/2024\/12\/528d0be0-0180-4505-82ae-4896578dcf91.jpg\" data-width=\"2000\" data-height=\"1500\" aria-label=\"\" role=\"img\" ><\/div>\n\t\t\t\t\t\t\t\t\t\t\t<div class=\"elementor-gallery-item__overlay\"><\/div>\n\t\t\t\t\t\t\t\t\t\t\t\t\t\t<\/a>\n\t\t\t\t\t\t\t<a class=\"e-gallery-item elementor-gallery-item elementor-animated-content\" href=\"https:\/\/www.sggw.edu.pl\/wp-content\/uploads\/2024\/12\/20241121_145802-scaled.jpg\" data-elementor-open-lightbox=\"yes\" data-elementor-lightbox-slideshow=\"0f465f2\" data-elementor-lightbox-title=\"20241121_145802\" data-e-action-hash=\"#elementor-action%3Aaction%3Dlightbox%26settings%3DeyJpZCI6MjI0MjI2LCJ1cmwiOiJodHRwczpcL1wvd3d3LnNnZ3cuZWR1LnBsXC93cC1jb250ZW50XC91cGxvYWRzXC8yMDI0XC8xMlwvMjAyNDExMjFfMTQ1ODAyLXNjYWxlZC5qcGciLCJzbGlkZXNob3ciOiIwZjQ2NWYyIn0%3D\">\n\t\t\t\t\t<div class=\"e-gallery-image elementor-gallery-item__image\" data-thumbnail=\"https:\/\/www.sggw.edu.pl\/wp-content\/uploads\/2024\/12\/20241121_145802-scaled.jpg\" data-width=\"2560\" data-height=\"1920\" aria-label=\"\" role=\"img\" ><\/div>\n\t\t\t\t\t\t\t\t\t\t\t<div class=\"elementor-gallery-item__overlay\"><\/div>\n\t\t\t\t\t\t\t\t\t\t\t\t\t\t<\/a>\n\t\t\t\t\t\t\t<a class=\"e-gallery-item elementor-gallery-item elementor-animated-content\" href=\"https:\/\/www.sggw.edu.pl\/wp-content\/uploads\/2024\/12\/polska-pomoc.png\" data-elementor-open-lightbox=\"yes\" data-elementor-lightbox-slideshow=\"0f465f2\" data-elementor-lightbox-title=\"polska pomoc\" data-e-action-hash=\"#elementor-action%3Aaction%3Dlightbox%26settings%3DeyJpZCI6MjI0MjI4LCJ1cmwiOiJodHRwczpcL1wvd3d3LnNnZ3cuZWR1LnBsXC93cC1jb250ZW50XC91cGxvYWRzXC8yMDI0XC8xMlwvcG9sc2thLXBvbW9jLnBuZyIsInNsaWRlc2hvdyI6IjBmNDY1ZjIifQ%3D%3D\">\n\t\t\t\t\t<div class=\"e-gallery-image elementor-gallery-item__image\" data-thumbnail=\"https:\/\/www.sggw.edu.pl\/wp-content\/uploads\/2024\/12\/polska-pomoc.png\" data-width=\"250\" data-height=\"202\" aria-label=\"\" role=\"img\" ><\/div>\n\t\t\t\t\t\t\t\t\t\t\t<div class=\"elementor-gallery-item__overlay\"><\/div>\n\t\t\t\t\t\t\t\t\t\t\t\t\t\t<\/a>\n\t\t\t\t\t<\/div>\n\t\t\t<\/div>\n\t\t\t\t<\/div>\n\t\t\t\t\t<\/div>\n\t\t\t\t<\/div>\n\t\t\t\t<\/div>\n\t\t","protected":false},"excerpt":{"rendered":"<p>Engaging SGGW in the Implementation of the 2030 Agenda Goals: SDG4 and the Project in Tanzania Universities play a key role in advancing the UN&#8217;s Agenda 2030, especially SDG4 &#8211; Quality Education, which focuses on inclusive, equitable learning and lifelong opportunities. SGGW supports this goal by providing high-quality education in life sciences, fostering critical thinking, [&hellip;]<\/p>\n","protected":false},"author":36601,"featured_media":0,"parent":224187,"menu_order":0,"comment_status":"closed","ping_status":"closed","template":"","meta":{"_acf_changed":false,"footnotes":""},"class_list":["post-224209","page","type-page","status-publish","hentry"],"acf":[],"_links":{"self":[{"href":"https:\/\/www.sggw.edu.pl\/en\/wp-json\/wp\/v2\/pages\/224209","targetHints":{"allow":["GET"]}}],"collection":[{"href":"https:\/\/www.sggw.edu.pl\/en\/wp-json\/wp\/v2\/pages"}],"about":[{"href":"https:\/\/www.sggw.edu.pl\/en\/wp-json\/wp\/v2\/types\/page"}],"author":[{"embeddable":true,"href":"https:\/\/www.sggw.edu.pl\/en\/wp-json\/wp\/v2\/users\/36601"}],"replies":[{"embeddable":true,"href":"https:\/\/www.sggw.edu.pl\/en\/wp-json\/wp\/v2\/comments?post=224209"}],"version-history":[{"count":4,"href":"https:\/\/www.sggw.edu.pl\/en\/wp-json\/wp\/v2\/pages\/224209\/revisions"}],"predecessor-version":[{"id":224238,"href":"https:\/\/www.sggw.edu.pl\/en\/wp-json\/wp\/v2\/pages\/224209\/revisions\/224238"}],"up":[{"embeddable":true,"href":"https:\/\/www.sggw.edu.pl\/en\/wp-json\/wp\/v2\/pages\/224187"}],"wp:attachment":[{"href":"https:\/\/www.sggw.edu.pl\/en\/wp-json\/wp\/v2\/media?parent=224209"}],"curies":[{"name":"wp","href":"https:\/\/api.w.org\/{rel}","templated":true}]}}