{"id":225468,"date":"2025-01-20T09:15:39","date_gmt":"2025-01-20T08:15:39","guid":{"rendered":"https:\/\/www.sggw.edu.pl\/?page_id=225468"},"modified":"2025-01-21T11:53:18","modified_gmt":"2025-01-21T10:53:18","slug":"offer-of-second-cycle-studies-in-english","status":"publish","type":"page","link":"https:\/\/www.sggw.edu.pl\/en\/recruitment\/second-cycle-studies-masters-degree\/offer-of-second-cycle-studies-in-english\/","title":{"rendered":"Offer of Second cycle studies in English"},"content":{"rendered":"\t\t<div data-elementor-type=\"wp-page\" data-elementor-id=\"225468\" class=\"elementor elementor-225468\" data-elementor-post-type=\"page\">\n\t\t\t\t<div class=\"elementor-element elementor-element-fece83b e-flex e-con-boxed e-con e-parent\" data-id=\"fece83b\" data-element_type=\"container\">\n\t\t\t\t\t<div class=\"e-con-inner\">\n\t\t\t\t<div class=\"elementor-element elementor-element-b42c5b9 elementor-widget elementor-widget-wp-widget-bcn_widget\" data-id=\"b42c5b9\" data-element_type=\"widget\" data-widget_type=\"wp-widget-bcn_widget.default\">\n\t\t\t\t<div class=\"elementor-widget-container\">\n\t\t\t<div class=\"mn-grid breadcrumb\">\n                                    <div class=\"breadcrumb-inner mn-grid-12\"><div class=\"breadcrumbs\" vocab=\"https:\/\/schema.org\/\" typeof=\"BreadcrumbList\"><span property=\"itemListElement\" typeof=\"ListItem\"><a property=\"item\" typeof=\"WebPage\" title=\"Go to Szko\u0142a G\u0142\u00f3wna Gospodarstwa Wiejskiego w Warszawie.\" href=\"https:\/\/www.sggw.edu.pl\/en\/\" class=\"home\" aria-current=\"page\"><span property=\"name\">Home<\/span><\/a><meta property=\"position\" content=\"1\"><\/span><\/div>    <\/div>\n                                <\/div>\t\t<\/div>\n\t\t\t\t<\/div>\n\t\t\t\t\t<\/div>\n\t\t\t\t<\/div>\n\t\t<div class=\"elementor-element elementor-element-ac170ee e-flex e-con-boxed e-con e-parent\" data-id=\"ac170ee\" data-element_type=\"container\">\n\t\t\t\t\t<div class=\"e-con-inner\">\n\t\t\t\t<div class=\"elementor-element elementor-element-494fe2b elementor-widget elementor-widget-w1_2_3\" data-id=\"494fe2b\" data-element_type=\"widget\" data-widget_type=\"w1_2_3.default\">\n\t\t\t\t<div class=\"elementor-widget-container\">\n\t\t\t<section>\n                <div class=\"mn-grid\">\n                    <h2  class=\"mn-grid-12\">\n                        Offer of second-cycle studies (Master\u2019s degree) in English\n                    <\/h2>\n                <\/div>\n            <\/section>\t\t<\/div>\n\t\t\t\t<\/div>\n\t\t\t\t\t<\/div>\n\t\t\t\t<\/div>\n\t\t<div class=\"elementor-element elementor-element-c4f593e e-flex e-con-boxed e-con e-parent\" data-id=\"c4f593e\" data-element_type=\"container\">\n\t\t\t\t\t<div class=\"e-con-inner\">\n\t\t\t\t<div class=\"elementor-element elementor-element-fda48f1 elementor-widget elementor-widget-tablepress\" data-id=\"fda48f1\" data-element_type=\"widget\" data-widget_type=\"tablepress.default\">\n\t\t\t\t<div class=\"elementor-widget-container\">\n\t\t\t\n<table id=\"tablepress-30\" class=\"tablepress tablepress-id-30\">\n<thead>\n<tr class=\"row-1\">\n\t<th class=\"column-1\">Field of study conducted in English<\/th><th class=\"column-2\">Form of studies<\/th><th class=\"column-3\">Faculty<\/th><th class=\"column-4\">beginning of classes<\/th>\n<\/tr>\n<\/thead>\n<tbody class=\"row-striping row-hover\">\n<tr class=\"row-2\">\n\t<td class=\"column-1\"><a href=\"https:\/\/www.sggw.edu.pl\/en\/kierunki-sggw\/civil-engineering-spec-engineering-infrastructure\/\">Civil Engineering (spec. Engineering Infrastructure)<\/a><\/td><td class=\"column-2\">Full time<\/td><td class=\"column-3\">Faculty of Civil and Environmental Engineering<\/td><td class=\"column-4\">summer semester<\/td>\n<\/tr>\n<tr class=\"row-3\">\n\t<td class=\"column-1\"><a href=\"https:\/\/www.sggw.edu.pl\/en\/kierunki-sggw\/environmental-engineering-in-english-spec-modern-engineering-in-water-managment\/\">Environmental Engineering (spec. Modern Engineering in Water Managment)<\/a><\/td><td class=\"column-2\">Full time<br \/>\n<\/td><td class=\"column-3\">Faculty of Civil and Environmental Engineering<\/td><td class=\"column-4\">summer semester\/winter semester<\/td>\n<\/tr>\n<tr class=\"row-4\">\n\t<td class=\"column-1\"><a href=\"https:\/\/www.sggw.edu.pl\/en\/kierunki-sggw\/enviromental-protection-in-english-spec-restoration-and-management-of-enviroment\/\">Enviromental Protection (spec. Restoration and Management of Environment)<\/a><\/td><td class=\"column-2\">Full time<br \/>\n<\/td><td class=\"column-3\">Faculty of Civil and Environmental Engineering<\/td><td class=\"column-4\">summer semester\/winter semester<\/td>\n<\/tr>\n<tr class=\"row-5\">\n\t<td class=\"column-1\"><a href=\"https:\/\/www.sggw.edu.pl\/en\/kierunki-sggw\/finance-and-accounting-2\/\">Finance and Accounting<\/a><\/td><td class=\"column-2\">Full time<\/td><td class=\"column-3\">Faculty of Economics<\/td><td class=\"column-4\">winter semester<\/td>\n<\/tr>\n<tr class=\"row-6\">\n\t<td class=\"column-1\"><a href=\"https:\/\/www.sggw.edu.pl\/en\/kierunki-sggw\/food-science-technology-and-nutrition\/\">Food Science - Technology and Nutrition<\/a><\/td><td class=\"column-2\">Full time<\/td><td class=\"column-3\">Faculty of Food Technology<\/td><td class=\"column-4\">winter semester<\/td>\n<\/tr>\n<tr class=\"row-7\">\n\t<td class=\"column-1\"><a href=\"https:\/\/www.sggw.edu.pl\/en\/kierunki-sggw\/forestry\/\">Forest Information Technology<\/a><\/td><td class=\"column-2\">Full time<\/td><td class=\"column-3\">Faculty of Forestry<\/td><td class=\"column-4\">winter semester<\/td>\n<\/tr>\n<tr class=\"row-8\">\n\t<td class=\"column-1\"><a href=\"https:\/\/www.sggw.edu.pl\/en\/kierunki-sggw\/informatics-and-econometrics-in-english\/\">Informatics and Econometrics (spec. Big Data Analytics)<\/a><\/td><td class=\"column-2\">Full time<\/td><td class=\"column-3\">Faculty of Applied Informatics<br \/>\nand Mathematics<\/td><td class=\"column-4\">winter semester<\/td>\n<\/tr>\n<tr class=\"row-9\">\n\t<td class=\"column-1\"><a href=\"https:\/\/www.sggw.edu.pl\/en\/kierunki-sggw\/landscape-architecture-under-climate-change\/\">Landscape Architecture Under Climate Change<\/a><\/td><td class=\"column-2\">Full time<\/td><td class=\"column-3\">Faculty of Civil and Environmental Engineering<\/td><td class=\"column-4\">winter semester<\/td>\n<\/tr>\n<tr class=\"row-10\">\n\t<td class=\"column-1\"><a href=\"https:\/\/www.sggw.edu.pl\/en\/kierunki-sggw\/sustainable-horticulture\/\">Sustainable Horticulture<\/a><\/td><td class=\"column-2\">Full time<br \/>\n<\/td><td class=\"column-3\"> Faculty of Horticulture<\/td><td class=\"column-4\">winter semester<\/td>\n<\/tr>\n<\/tbody>\n<\/table>\n<!-- #tablepress-30 from cache -->\t\t<\/div>\n\t\t\t\t<\/div>\n\t\t\t\t\t<\/div>\n\t\t\t\t<\/div>\n\t\t\t\t<\/div>\n\t\t","protected":false},"excerpt":{"rendered":"<p>Offer of second-cycle studies (Master\u2019s degree) in English Edytuj Field of study Form of studies Faculty Civil Engineering in English (spec. Engineering Infrastructure) Full time Faculty of Civil and Environmental Engineering Finance and Accounting in English Full time Faculty of Economics Forest Information Technology Full time Faculty of Forestry Informatics and Econometrics in English (spec. [&hellip;]<\/p>\n","protected":false},"author":35512,"featured_media":0,"parent":141645,"menu_order":0,"comment_status":"closed","ping_status":"closed","template":"","meta":{"_acf_changed":false,"footnotes":""},"class_list":["post-225468","page","type-page","status-publish","hentry"],"acf":[],"_links":{"self":[{"href":"https:\/\/www.sggw.edu.pl\/en\/wp-json\/wp\/v2\/pages\/225468","targetHints":{"allow":["GET"]}}],"collection":[{"href":"https:\/\/www.sggw.edu.pl\/en\/wp-json\/wp\/v2\/pages"}],"about":[{"href":"https:\/\/www.sggw.edu.pl\/en\/wp-json\/wp\/v2\/types\/page"}],"author":[{"embeddable":true,"href":"https:\/\/www.sggw.edu.pl\/en\/wp-json\/wp\/v2\/users\/35512"}],"replies":[{"embeddable":true,"href":"https:\/\/www.sggw.edu.pl\/en\/wp-json\/wp\/v2\/comments?post=225468"}],"version-history":[{"count":20,"href":"https:\/\/www.sggw.edu.pl\/en\/wp-json\/wp\/v2\/pages\/225468\/revisions"}],"predecessor-version":[{"id":225680,"href":"https:\/\/www.sggw.edu.pl\/en\/wp-json\/wp\/v2\/pages\/225468\/revisions\/225680"}],"up":[{"embeddable":true,"href":"https:\/\/www.sggw.edu.pl\/en\/wp-json\/wp\/v2\/pages\/141645"}],"wp:attachment":[{"href":"https:\/\/www.sggw.edu.pl\/en\/wp-json\/wp\/v2\/media?parent=225468"}],"curies":[{"name":"wp","href":"https:\/\/api.w.org\/{rel}","templated":true}]}}