{"id":225900,"date":"2025-01-23T12:10:42","date_gmt":"2025-01-23T11:10:42","guid":{"rendered":"https:\/\/www.sggw.edu.pl\/?page_id=225900"},"modified":"2025-12-04T08:36:38","modified_gmt":"2025-12-04T07:36:38","slug":"minor-candidate","status":"publish","type":"page","link":"https:\/\/www.sggw.edu.pl\/en\/recruitment\/bachelors-degree-and-masters-degree-long-cycle\/required-documents\/minor-candidate\/","title":{"rendered":"Underage candidates"},"content":{"rendered":"\t\t<div data-elementor-type=\"wp-page\" data-elementor-id=\"225900\" class=\"elementor elementor-225900\" data-elementor-post-type=\"page\">\n\t\t\t\t<div class=\"elementor-element elementor-element-4c1d54c e-flex e-con-boxed e-con e-parent\" data-id=\"4c1d54c\" data-element_type=\"container\">\n\t\t\t\t\t<div class=\"e-con-inner\">\n\t\t\t\t<div class=\"elementor-element elementor-element-b88bf65 elementor-widget elementor-widget-wp-widget-bcn_widget\" data-id=\"b88bf65\" data-element_type=\"widget\" data-widget_type=\"wp-widget-bcn_widget.default\">\n\t\t\t\t<div class=\"elementor-widget-container\">\n\t\t\t<div class=\"mn-grid breadcrumb\">\n                                    <div class=\"breadcrumb-inner mn-grid-12\"><div class=\"breadcrumbs\" vocab=\"https:\/\/schema.org\/\" typeof=\"BreadcrumbList\"><span property=\"itemListElement\" typeof=\"ListItem\"><a property=\"item\" typeof=\"WebPage\" title=\"Go to Szko\u0142a G\u0142\u00f3wna Gospodarstwa Wiejskiego w Warszawie.\" href=\"https:\/\/www.sggw.edu.pl\/en\/\" class=\"home\" aria-current=\"page\"><span property=\"name\">Home<\/span><\/a><meta property=\"position\" content=\"1\"><\/span><\/div>    <\/div>\n                                <\/div>\t\t<\/div>\n\t\t\t\t<\/div>\n\t\t\t\t\t<\/div>\n\t\t\t\t<\/div>\n\t\t<div class=\"elementor-element elementor-element-3f2c1ca e-flex e-con-boxed e-con e-parent\" data-id=\"3f2c1ca\" data-element_type=\"container\">\n\t\t\t\t\t<div class=\"e-con-inner\">\n\t\t\t\t<div class=\"elementor-element elementor-element-9bb562c elementor-widget elementor-widget-w1_2_3\" data-id=\"9bb562c\" data-element_type=\"widget\" data-widget_type=\"w1_2_3.default\">\n\t\t\t\t<div class=\"elementor-widget-container\">\n\t\t\t<section>\n                <div class=\"mn-grid\">\n                    <h2  class=\"mn-grid-12\">\n                        Underage candidates for first-cycle and long-cycle studies\n                    <\/h2>\n                <\/div>\n            <\/section>\t\t<\/div>\n\t\t\t\t<\/div>\n\t\t\t\t\t<\/div>\n\t\t\t\t<\/div>\n\t\t<div class=\"elementor-element elementor-element-e624ed8 e-flex e-con-boxed e-con e-parent\" data-id=\"e624ed8\" data-element_type=\"container\">\n\t\t\t\t\t<div class=\"e-con-inner\">\n\t\t\t\t<div class=\"elementor-element elementor-element-79fe9ff elementor-widget elementor-widget-w12\" data-id=\"79fe9ff\" data-element_type=\"widget\" data-widget_type=\"w12.default\">\n\t\t\t\t<div class=\"elementor-widget-container\">\n\t\t\t<section>\n                <div class=\"mn-grid\">\n                    <div class=\"mn-grid-12 mn-mod-text-links\">\n                        <p>Minor applicants need a written declaration signed by parents or legal guardians to participate in the recruitment process, undertake studies, sign a personal questionnaire, sign a contract\/ declaration of understanding, and accept the payment terms for studies at SGGW.<\/p><p>A minor applicant accepted for admission shall submit the documents in the presence of both parents or legal guardians, who personally shall sign the declaration in front of a university staff member (template declaration available below).<\/p><p>A minor applicant who is not accompanied by their parents or legal guardians when submitting the documents must present a declaration signed by both parents or legal guardians, and these signatures must be certified by a notary public or a Polish consul.<\/p><p>A birth certificate or a court order granting parental rights must be presented with the declaration.<\/p><p><a href=\"https:\/\/www.sggw.edu.pl\/wp-content\/uploads\/2025\/12\/Oswiad_rodzicow_2026_27_gotowy_ENG_PL.pdf\">a sample statement in pdf format \u2013 download<\/a><\/p>\n                    <\/div>\n                <\/div>\n            <\/section>\t\t<\/div>\n\t\t\t\t<\/div>\n\t\t\t\t\t<\/div>\n\t\t\t\t<\/div>\n\t\t\t\t<\/div>\n\t\t","protected":false},"excerpt":{"rendered":"<p>Underage candidates for first-cycle and long-cycle studies Minor applicants need a written declaration signed by parents or legal guardians to participate in the recruitment process, undertake studies, sign a personal questionnaire, sign a contract\/ declaration of understanding, and accept the payment terms for studies at SGGW. A minor applicant accepted for admission shall submit the [&hellip;]<\/p>\n","protected":false},"author":35512,"featured_media":0,"parent":221659,"menu_order":0,"comment_status":"closed","ping_status":"closed","template":"","meta":{"_acf_changed":false,"footnotes":""},"class_list":["post-225900","page","type-page","status-publish","hentry"],"acf":[],"_links":{"self":[{"href":"https:\/\/www.sggw.edu.pl\/en\/wp-json\/wp\/v2\/pages\/225900","targetHints":{"allow":["GET"]}}],"collection":[{"href":"https:\/\/www.sggw.edu.pl\/en\/wp-json\/wp\/v2\/pages"}],"about":[{"href":"https:\/\/www.sggw.edu.pl\/en\/wp-json\/wp\/v2\/types\/page"}],"author":[{"embeddable":true,"href":"https:\/\/www.sggw.edu.pl\/en\/wp-json\/wp\/v2\/users\/35512"}],"replies":[{"embeddable":true,"href":"https:\/\/www.sggw.edu.pl\/en\/wp-json\/wp\/v2\/comments?post=225900"}],"version-history":[{"count":18,"href":"https:\/\/www.sggw.edu.pl\/en\/wp-json\/wp\/v2\/pages\/225900\/revisions"}],"predecessor-version":[{"id":271967,"href":"https:\/\/www.sggw.edu.pl\/en\/wp-json\/wp\/v2\/pages\/225900\/revisions\/271967"}],"up":[{"embeddable":true,"href":"https:\/\/www.sggw.edu.pl\/en\/wp-json\/wp\/v2\/pages\/221659"}],"wp:attachment":[{"href":"https:\/\/www.sggw.edu.pl\/en\/wp-json\/wp\/v2\/media?parent=225900"}],"curies":[{"name":"wp","href":"https:\/\/api.w.org\/{rel}","templated":true}]}}