{"id":227693,"date":"2025-02-24T13:39:01","date_gmt":"2025-02-24T12:39:01","guid":{"rendered":"https:\/\/www.sggw.edu.pl\/?page_id=227693"},"modified":"2026-04-16T09:42:20","modified_gmt":"2026-04-16T07:42:20","slug":"referral-to-medical-examinations","status":"publish","type":"page","link":"https:\/\/www.sggw.edu.pl\/en\/recruitment\/referral-to-medical-examinations\/","title":{"rendered":"Referral to medical examinations"},"content":{"rendered":"\t\t<div data-elementor-type=\"wp-page\" data-elementor-id=\"227693\" class=\"elementor elementor-227693\" data-elementor-post-type=\"page\">\n\t\t\t\t<div class=\"elementor-element elementor-element-180d953 e-con-full e-flex e-con e-parent\" data-id=\"180d953\" data-element_type=\"container\">\n\t\t\t\t<div class=\"elementor-element elementor-element-2cae405 elementor-widget elementor-widget-wp-widget-bcn_widget\" data-id=\"2cae405\" data-element_type=\"widget\" data-widget_type=\"wp-widget-bcn_widget.default\">\n\t\t\t\t<div class=\"elementor-widget-container\">\n\t\t\t<div class=\"mn-grid breadcrumb\">\n                                    <div class=\"breadcrumb-inner mn-grid-12\"><div class=\"breadcrumbs\" vocab=\"https:\/\/schema.org\/\" typeof=\"BreadcrumbList\"><span property=\"itemListElement\" typeof=\"ListItem\"><a property=\"item\" typeof=\"WebPage\" title=\"Go to Szko\u0142a G\u0142\u00f3wna Gospodarstwa Wiejskiego w Warszawie.\" href=\"https:\/\/www.sggw.edu.pl\/en\/\" class=\"home\" aria-current=\"page\"><span property=\"name\">Home<\/span><\/a><meta property=\"position\" content=\"1\"><\/span><\/div>    <\/div>\n                                <\/div>\t\t<\/div>\n\t\t\t\t<\/div>\n\t\t\t\t<\/div>\n\t\t<div class=\"elementor-element elementor-element-cc5877f e-con-full e-flex e-con e-parent\" data-id=\"cc5877f\" data-element_type=\"container\">\n\t\t\t\t<div class=\"elementor-element elementor-element-43373da elementor-widget elementor-widget-w33\" data-id=\"43373da\" data-element_type=\"widget\" data-widget_type=\"w33.default\">\n\t\t\t\t<div class=\"elementor-widget-container\">\n\t\t\t<section>\n            <div class=\"mn-grid\">\n                <div class=\"mn-vertical-separator\">\n                    \n                <\/div>\n            <\/section>\t\t<\/div>\n\t\t\t\t<\/div>\n\t\t\t\t<\/div>\n\t\t<div class=\"elementor-element elementor-element-fcc219c e-con-full e-flex e-con e-parent\" data-id=\"fcc219c\" data-element_type=\"container\">\n\t\t\t\t<div class=\"elementor-element elementor-element-da7e0c3 elementor-widget elementor-widget-w1_2_3\" data-id=\"da7e0c3\" data-element_type=\"widget\" data-widget_type=\"w1_2_3.default\">\n\t\t\t\t<div class=\"elementor-widget-container\">\n\t\t\t<section>\n                <div class=\"mn-grid\">\n                    <h2  class=\"mn-grid-12\">\n                        Referral to medical examinations\n                    <\/h2>\n                <\/div>\n            <\/section>\t\t<\/div>\n\t\t\t\t<\/div>\n\t\t\t\t<\/div>\n\t\t<div class=\"elementor-element elementor-element-708c13e e-con-full e-flex e-con e-parent\" data-id=\"708c13e\" data-element_type=\"container\">\n\t\t\t\t<div class=\"elementor-element elementor-element-0c24061 elementor-widget elementor-widget-w12\" data-id=\"0c24061\" data-element_type=\"widget\" data-widget_type=\"w12.default\">\n\t\t\t\t<div class=\"elementor-widget-container\">\n\t\t\t<section>\n                <div class=\"mn-grid\">\n                    <div class=\"mn-grid-12 mn-mod-text-links\">\n                        <p><strong>A medical certificate issued by an occupational physician<\/strong> is required for candidates qualified for admission to the study fields for which such a certificate is needed. The examination is carried out in Poland.\u00a0<\/p><p>A referral for examination is made available to candidates with the \u2018qualified\u2019 status in the IRK system.<\/p><p>The certificate should be downloaded from My Account &gt; Enrollment Applications &gt; Documents and Further Steps.<\/p><p>The candidate must submit a medical certificate stating that there are no health contraindications to study to the dean&#8217;s office of the relevant faculty. According to the schedule, the certificate must be submitted by the end of the first week of classes in the first term.<\/p><p>The list of facilities carrying out examinations in the Mazowieckie Voivodeship can be found at: <a href=\"https:\/\/mwomp.pl\/medical-examination-of-pupils\/medical-examination-of-pupils-students-doctoral\/\">https:\/\/mwomp.pl\/medical-examination-of-pupils\/medical-examination-of-pupils-students-doctoral\/https:\/\/mwomp.pl\/badania-uczniow\/badania-uczniow\/<\/a><\/p><p>Residents of other voivodeships can get information on facilities carrying out such examinations on the website of the relevant Voivodeship Occupational Medicine Centre.<\/p><p>Please familiarise yourself with the list of harmful, strenuous or hazardous factors to which students may be exposed during their studies in the chosen field of study. These factors will also be included in the medical examination referral.<\/p><p>The list of study fields taught in English for which a medical certificate issued by an occupational physician is required can be found below:<\/p>\n                    <\/div>\n                <\/div>\n            <\/section>\t\t<\/div>\n\t\t\t\t<\/div>\n\t\t\t\t<\/div>\n\t\t<div class=\"elementor-element elementor-element-f293cc1 e-con-full e-flex e-con e-parent\" data-id=\"f293cc1\" data-element_type=\"container\">\n\t\t\t\t<div class=\"elementor-element elementor-element-40e47ff elementor-widget elementor-widget-w33\" data-id=\"40e47ff\" data-element_type=\"widget\" data-widget_type=\"w33.default\">\n\t\t\t\t<div class=\"elementor-widget-container\">\n\t\t\t<section>\n            <div class=\"mn-grid\">\n                <div class=\"mn-vertical-separator\">\n                    \n                <\/div>\n            <\/section>\t\t<\/div>\n\t\t\t\t<\/div>\n\t\t\t\t<\/div>\n\t\t<div class=\"elementor-element elementor-element-f629933 e-con-full e-flex e-con e-parent\" data-id=\"f629933\" data-element_type=\"container\">\n\t\t\t\t<div class=\"elementor-element elementor-element-2ba6d98 elementor-widget elementor-widget-w34\" data-id=\"2ba6d98\" data-element_type=\"widget\" data-widget_type=\"w34.default\">\n\t\t\t\t<div class=\"elementor-widget-container\">\n\t\t\t        <section id=\"w34-2ba6d98\" class=\"mn-m5-c mn-m5-d2\">\n            <div class=\"mn-grid\">\n                <div class=\"mn-content mn-grid-12\">\n                    <div class=\"mn-content-block active\">\n                                                                <ul class=\"mn-accordion\">\n                                            <li>\n                                                <h4 class=\"mn-accordion-title\"\n                                                    role=\"button\"\n                                                    tabindex=\"0\"\n                                                    aria-expanded=\"false\"\n                                                    aria-controls=\"w34-2ba6d98-panel-0\">Biotechnology<\/h4>\n                                                <div id=\"w34-2ba6d98-panel-0\" style=\"display:none;\" hidden>\n                                                    <table>\n<tbody>\n<tr>\n<td>\n<p><strong>Biotechnology: first-cycle programme<\/strong><\/p>\n<\/td>\n<\/tr>\n<tr>\n<td>\n<ul>\n<li>chemical reagents in laboratories (concentrated acids and bases, acetone, toluene, lower alcohols, formaldehyde);<\/li>\n<li>dust of plant and animal origin;<\/li>\n<\/ul>\n<\/td>\n<\/tr>\n<\/tbody>\n<\/table>\n                                                <\/div>\n                                            <\/li>\n                                        <\/ul>\n                                                                                <ul class=\"mn-accordion\">\n                                            <li>\n                                                <h4 class=\"mn-accordion-title\"\n                                                    role=\"button\"\n                                                    tabindex=\"0\"\n                                                    aria-expanded=\"false\"\n                                                    aria-controls=\"w34-2ba6d98-panel-1\">Civil Engineering (spec. Engineering Infrastructure)<\/h4>\n                                                <div id=\"w34-2ba6d98-panel-1\" style=\"display:none;\" hidden>\n                                                    <table>\n<tbody>\n<tr>\n<td>\n<p><strong>Civil Engineering: second-cycle programme<\/strong><\/p>\n<\/td>\n<\/tr>\n<tr>\n<td>\n<ul>\n<li>chemical reagents in laboratories (acids: hydrochloric, sulfuric, nitric; hydroxides: sodium, potassium; chromates and dichromates, sodium hypochlorite, phenolphthalein, heavy metal salts, acetone);<\/li>\n<li>contact with soil;<\/li>\n<li>contact with building materials (cement and aggregates);<\/li>\n<li><span style=\"font-family: inherit;font-size: inherit\">silica and\/or wood dusts;<\/span><\/li>\n<li>work hours &lt; 0.5h, noise intensity measurements &lt; 85 dB;<\/li>\n<li>screen monitor usage &lt; 4h.<\/li>\n<\/ul>\n<\/td>\n<\/tr>\n<\/tbody>\n<\/table>\n                                                <\/div>\n                                            <\/li>\n                                        <\/ul>\n                                                                                <ul class=\"mn-accordion\">\n                                            <li>\n                                                <h4 class=\"mn-accordion-title\"\n                                                    role=\"button\"\n                                                    tabindex=\"0\"\n                                                    aria-expanded=\"false\"\n                                                    aria-controls=\"w34-2ba6d98-panel-2\">Environmental Engineering (spec. Modern Engineering in Water Managment)<\/h4>\n                                                <div id=\"w34-2ba6d98-panel-2\" style=\"display:none;\" hidden>\n                                                    <table>\n<tbody>\n<tr>\n<td>\n<p><strong>Environmental Engineering: second-cycle programme<\/strong><\/p>\n<\/td>\n<\/tr>\n<tr>\n<td>\n<ul>\n<li>chemical reagents in laboratories (acids: hydrochloric, sulfuric, nitric; hydroxides: sodium, potassium; chromates, and dichromates, sodium hypochlorite, phenolphthalein, heavy metal salts, acetone);<\/li>\n<li>contact with surface water and groundwater;<\/li>\n<li>contact with wastewater (harmful biological factors);<\/li>\n<li>contact with soil;<\/li>\n<li>silica and\/or wood dusts;<\/li>\n<li>work hours &lt; 0.5h, noise intensity measurements &lt; 85 dB;<\/li>\n<li>screen monitor usage &lt; 4h.<\/li>\n<\/ul>\n<\/td>\n<\/tr>\n<\/tbody>\n<\/table>\n                                                <\/div>\n                                            <\/li>\n                                        <\/ul>\n                                                                                <ul class=\"mn-accordion\">\n                                            <li>\n                                                <h4 class=\"mn-accordion-title\"\n                                                    role=\"button\"\n                                                    tabindex=\"0\"\n                                                    aria-expanded=\"false\"\n                                                    aria-controls=\"w34-2ba6d98-panel-3\">Enviromental Protection (spec. Restoration and Management of Environment)<\/h4>\n                                                <div id=\"w34-2ba6d98-panel-3\" style=\"display:none;\" hidden>\n                                                    <table>\n<tbody>\n<tr>\n<td>\n<p><strong>Environmental Protection: second-cycle programme<\/strong><\/p>\n<\/td>\n<\/tr>\n<tr>\n<td>\n<ul>\n<li>chemical reagents in laboratories (acids: hydrochloric, sulfuric, nitric; hydroxides: sodium, potassium; chromates, and dichromates, sodium hypochlorite, phenolphthalein, heavy metal salts, acetone);<\/li>\n<li>contact with surface water and groundwater;<\/li>\n<li>contact with wastewater (harmful biological factors);<\/li>\n<li>contact with soil;<\/li>\n<li>contact with flora and fauna;<\/li>\n<li>silica and\/or wood dusts;<\/li>\n<li>noise; work hours &lt; 0.5h, noise intensity measurements &lt; 85 dB;<\/li>\n<li>screen monitor usage &lt; 4h;<\/li>\n<li>traineeship in the natural environment (forests, meadows); microclimate variations.<\/li>\n<\/ul>\n<\/td>\n<\/tr>\n<\/tbody>\n<\/table>\n                                                <\/div>\n                                            <\/li>\n                                        <\/ul>\n                                                                                <ul class=\"mn-accordion\">\n                                            <li>\n                                                <h4 class=\"mn-accordion-title\"\n                                                    role=\"button\"\n                                                    tabindex=\"0\"\n                                                    aria-expanded=\"false\"\n                                                    aria-controls=\"w34-2ba6d98-panel-4\">Food Science - Technology and Nutrition<\/h4>\n                                                <div id=\"w34-2ba6d98-panel-4\" style=\"display:none;\" hidden>\n                                                    <table>\n<tbody>\n<tr>\n<td><strong>Food Science Technology and Nutrition: first-cycle programme<\/strong><\/td>\n<\/tr>\n<tr>\n<td>\n<ul>\n<li>physical factors: dust of plant and animal origin, working at a&nbsp;computer screen;<\/li>\n<li>biological factors: microorganisms (bacteria, yeast and moulds in food);<\/li>\n<li>chemical factors: inorganic salts and their solutions, excluding heavy metal salts; concentrated and dilute acid solutions and precursors and precursors, concentrated and dilute alkaline solutions; organic solvents, alcohols, pH indicators, extracts and essential oils and terpenoids, aldehydes, ketones and phenols, amines and their derivatives, halogen derivatives, stable radicals and their solutions, food allergens (e.g., proteins of cereals, milk and others).<\/li>\n<\/ul>\n<\/td>\n<\/tr>\n<\/tbody>\n<\/table>\n<table>\n<tbody>\n<tr>\n<td><strong>Food Science Technology and Nutrition: second-cycle programme<\/strong><\/td>\n<\/tr>\n<tr>\n<td>\n<ul>\n<li>physical factors: dust of plant and animal origin, working at a&nbsp;computer screen;<\/li>\n<li>biological factors: microorganisms (bacteria, yeast and moulds in food);<\/li>\n<li>chemical factors: inorganic salts and their solutions, excluding heavy metal salts; concentrated and dilute acid solutions and precursors and precursors, concentrated and dilute alkaline solutions; organic solvents, alcohols, pH indicators, extracts and essential oils and terpenoids, aldehydes, ketones and phenols, amines and their derivatives, halogen derivatives, stable radicals and their solutions, food allergens (e.g., proteins of cereals, milk and others).<\/li>\n<\/ul>\n<\/td>\n<\/tr>\n<\/tbody>\n<\/table>\n                                                <\/div>\n                                            <\/li>\n                                        <\/ul>\n                                                                                <ul class=\"mn-accordion\">\n                                            <li>\n                                                <h4 class=\"mn-accordion-title\"\n                                                    role=\"button\"\n                                                    tabindex=\"0\"\n                                                    aria-expanded=\"false\"\n                                                    aria-controls=\"w34-2ba6d98-panel-5\">Forest Information Technology<\/h4>\n                                                <div id=\"w34-2ba6d98-panel-5\" style=\"display:none;\" hidden>\n                                                    <table>\n<tbody>\n<tr>\n<td>\n<p><strong>Forest Information Technology: second-cycle programme<\/strong><\/p>\n<\/td>\n<\/tr>\n<tr>\n<td>\n<ul>\n<li>biological factors: allergens of animal and plant origin, zoonotic diseases including tick-borne encephalitis, Lyme disease;<\/li>\n<li>dangerous factors associated with moving through a&nbsp;wooded area intended for afforestation (scratches, tumbles).<\/li>\n<\/ul>\n<\/td>\n<\/tr>\n<\/tbody>\n<\/table>\n                                                <\/div>\n                                            <\/li>\n                                        <\/ul>\n                                                                                <ul class=\"mn-accordion\">\n                                            <li>\n                                                <h4 class=\"mn-accordion-title\"\n                                                    role=\"button\"\n                                                    tabindex=\"0\"\n                                                    aria-expanded=\"false\"\n                                                    aria-controls=\"w34-2ba6d98-panel-6\">Landscape Architecture Under Climate Change<\/h4>\n                                                <div id=\"w34-2ba6d98-panel-6\" style=\"display:none;\" hidden>\n                                                    <table>\n<tbody>\n<tr>\n<td>\n<p><strong>Landscape Architecture Under Climate Change: second-cycle programme<\/strong><\/p>\n<\/td>\n<\/tr>\n<tr>\n<td>\n<ul>\n<li>biological factors: contact with plant pollen (field exercises);<\/li>\n<li>physical factors: working outdoors in changing weather conditions (field exercises), operating a&nbsp;screen monitor &lt; 4 hours.<\/li>\n<\/ul>\n<\/td>\n<\/tr>\n<\/tbody>\n<\/table>\n                                                <\/div>\n                                            <\/li>\n                                        <\/ul>\n                                                                                <ul class=\"mn-accordion\">\n                                            <li>\n                                                <h4 class=\"mn-accordion-title\"\n                                                    role=\"button\"\n                                                    tabindex=\"0\"\n                                                    aria-expanded=\"false\"\n                                                    aria-controls=\"w34-2ba6d98-panel-7\">Organic Agriculture and Food Production<\/h4>\n                                                <div id=\"w34-2ba6d98-panel-7\" style=\"display:none;\" hidden>\n                                                    <table>\n<tbody>\n<tr>\n<td>\n<p><strong>Organic Agriculture and Food Production: first-cycle programme<\/strong><\/p>\n<\/td>\n<\/tr>\n<tr>\n<td>\n<ul>\n<li>chemical factors: <span style=\"font-family: inherit;font-size: inherit\">chemical reagents (acids, bases, acetone, lower alcohols, etc.), fertilizers (natural, organic);<\/span><\/li>\n<li>biological factors: <span style=\"font-family: inherit;font-size: inherit\">contact with soil and plant pollen, microorganisms;<\/span><\/li>\n<li>physical factors: <span style=\"font-family: inherit;font-size: inherit\">work with a&nbsp;microscope and computer &lt;4h, outdoor activities in variable weather conditions.<\/span><\/li>\n<\/ul>\n<\/td>\n<\/tr>\n<\/tbody>\n<\/table>\n                                                <\/div>\n                                            <\/li>\n                                        <\/ul>\n                                                                                <ul class=\"mn-accordion\">\n                                            <li>\n                                                <h4 class=\"mn-accordion-title\"\n                                                    role=\"button\"\n                                                    tabindex=\"0\"\n                                                    aria-expanded=\"false\"\n                                                    aria-controls=\"w34-2ba6d98-panel-8\">Sustainable Horticulture<\/h4>\n                                                <div id=\"w34-2ba6d98-panel-8\" style=\"display:none;\" hidden>\n                                                    <table>\n<tbody>\n<tr>\n<td>\n<p><strong>Sustainable Horticulture: second-cycle programme<\/strong><\/p>\n<\/td>\n<\/tr>\n<tr>\n<td>\n<ul>\n<li>chemical factors: chemical reagents in laboratories (acids, bases, acetone, lower alcohols, etc.); mineral fertilisers;<\/li>\n<li>biological factors: contact with soil and pollen;<\/li>\n<li>physical factors: working in the greenhouse and outdoors under varying weather conditions.<\/li>\n<\/ul>\n<\/td>\n<\/tr>\n<\/tbody>\n<\/table>\n                                                <\/div>\n                                            <\/li>\n                                        <\/ul>\n                                                                                <ul class=\"mn-accordion\">\n                                            <li>\n                                                <h4 class=\"mn-accordion-title\"\n                                                    role=\"button\"\n                                                    tabindex=\"0\"\n                                                    aria-expanded=\"false\"\n                                                    aria-controls=\"w34-2ba6d98-panel-9\">Veterinary Medicine<\/h4>\n                                                <div id=\"w34-2ba6d98-panel-9\" style=\"display:none;\" hidden>\n                                                    <table>\n<tbody>\n<tr>\n<td>\n<p><strong>Veterinary \u00a0Medicine: long-cycle programme<\/strong><\/p>\n<\/td>\n<\/tr>\n<tr>\n<td>\n<ul>\n<li>chemical reagents in laboratories: acids, bases, organic solvents (chloroform, acetone), alcohols (ethanol, methanol, isoamyl alcohol), formaldehyde;<\/li>\n<li>infectious agents: bacteria, viruses, fungi, bee venom, parasites;<\/li>\n<li>contact with animals and animal secretions.\u00a0<\/li>\n<\/ul>\n<\/td>\n<\/tr>\n<\/tbody>\n<\/table>\n                                                <\/div>\n                                            <\/li>\n                                        <\/ul>\n                                                            <\/div>\n                <\/div>\n            <\/div>\n        <\/section>\n\n        <script type=\"text\/javascript\">\n            (function(){\n                var root = document.getElementById('w34-2ba6d98');\n                if (!root || root.dataset.w34Ready === '1') {\n                    return;\n                }\n                root.dataset.w34Ready = '1';\n\n                var titles = root.querySelectorAll('.mn-accordion-title');\n\n                function toggleItem(titleEl, event) {\n                    if (event) {\n                        event.preventDefault();\n                        event.stopPropagation();\n                        if (typeof event.stopImmediatePropagation === 'function') {\n                            event.stopImmediatePropagation();\n                        }\n                    }\n\n                    var li = titleEl.parentElement;\n                    if (!li) {\n                        return;\n                    }\n\n                    var panel = titleEl.nextElementSibling;\n                    if (!panel) {\n                        return;\n                    }\n\n                    var isOpen = li.classList.contains('show');\n\n                    if (isOpen) {\n                        li.classList.remove('show');\n                        titleEl.setAttribute('aria-expanded', 'false');\n                        panel.hidden = true;\n                        if (window.jQuery) {\n                            window.jQuery(panel).stop(true, true).slideUp(200);\n                        } else {\n                            panel.style.display = 'none';\n                        }\n                    } else {\n                        li.classList.add('show');\n                        titleEl.setAttribute('aria-expanded', 'true');\n                        panel.hidden = false;\n                        if (window.jQuery) {\n                            window.jQuery(panel).stop(true, true).slideDown(200);\n                        } else {\n                            panel.style.display = 'block';\n                        }\n                    }\n                }\n\n                titles.forEach(function(titleEl){\n                    var panel = titleEl.nextElementSibling;\n                    if (panel) {\n                        panel.hidden = true;\n                        panel.style.display = 'none';\n                    }\n\n                    titleEl.addEventListener('click', function(event){\n                        toggleItem(titleEl, event);\n                    }, true);\n\n                    titleEl.addEventListener('keydown', function(event){\n                        if (event.key === 'Enter' || event.key === ' ') {\n                            toggleItem(titleEl, event);\n                        }\n                    }, true);\n                });\n            })();\n        <\/script>\n        \t\t<\/div>\n\t\t\t\t<\/div>\n\t\t\t\t<div class=\"elementor-element elementor-element-5683511 elementor-widget elementor-widget-w33\" data-id=\"5683511\" data-element_type=\"widget\" data-widget_type=\"w33.default\">\n\t\t\t\t<div class=\"elementor-widget-container\">\n\t\t\t<section>\n            <div class=\"mn-grid\">\n                <div class=\"mn-vertical-separator\">\n                    \n                <\/div>\n            <\/section>\t\t<\/div>\n\t\t\t\t<\/div>\n\t\t\t\t<\/div>\n\t\t\t\t<\/div>\n\t\t","protected":false},"excerpt":{"rendered":"<p>Referral to medical examinations A medical certificate issued by an occupational physician is required for candidates qualified for admission to the study fields for which such a certificate is needed. The examination is carried out in Poland.\u00a0 A referral for examination is made available to candidates with the \u2018qualified\u2019 status in the IRK system. The [&hellip;]<\/p>\n","protected":false},"author":35512,"featured_media":0,"parent":191425,"menu_order":0,"comment_status":"closed","ping_status":"closed","template":"","meta":{"_acf_changed":false,"footnotes":""},"class_list":["post-227693","page","type-page","status-publish","hentry"],"acf":[],"_links":{"self":[{"href":"https:\/\/www.sggw.edu.pl\/en\/wp-json\/wp\/v2\/pages\/227693","targetHints":{"allow":["GET"]}}],"collection":[{"href":"https:\/\/www.sggw.edu.pl\/en\/wp-json\/wp\/v2\/pages"}],"about":[{"href":"https:\/\/www.sggw.edu.pl\/en\/wp-json\/wp\/v2\/types\/page"}],"author":[{"embeddable":true,"href":"https:\/\/www.sggw.edu.pl\/en\/wp-json\/wp\/v2\/users\/35512"}],"replies":[{"embeddable":true,"href":"https:\/\/www.sggw.edu.pl\/en\/wp-json\/wp\/v2\/comments?post=227693"}],"version-history":[{"count":40,"href":"https:\/\/www.sggw.edu.pl\/en\/wp-json\/wp\/v2\/pages\/227693\/revisions"}],"predecessor-version":[{"id":287721,"href":"https:\/\/www.sggw.edu.pl\/en\/wp-json\/wp\/v2\/pages\/227693\/revisions\/287721"}],"up":[{"embeddable":true,"href":"https:\/\/www.sggw.edu.pl\/en\/wp-json\/wp\/v2\/pages\/191425"}],"wp:attachment":[{"href":"https:\/\/www.sggw.edu.pl\/en\/wp-json\/wp\/v2\/media?parent=227693"}],"curies":[{"name":"wp","href":"https:\/\/api.w.org\/{rel}","templated":true}]}}