{"id":253828,"date":"2025-07-24T15:45:43","date_gmt":"2025-07-24T13:45:43","guid":{"rendered":"https:\/\/www.sggw.edu.pl\/?page_id=253828"},"modified":"2026-01-27T12:44:03","modified_gmt":"2026-01-27T11:44:03","slug":"education-curriculum-in-sggw-doctoral-school","status":"publish","type":"page","link":"https:\/\/www.sggw.edu.pl\/en\/science\/doctoral-school\/education-curriculum-in-sggw-doctoral-school\/","title":{"rendered":"Education curriculum in SGGW Doctoral School"},"content":{"rendered":"\t\t<div data-elementor-type=\"wp-page\" data-elementor-id=\"253828\" class=\"elementor elementor-253828\" data-elementor-post-type=\"page\">\n\t\t\t\t\t\t<section class=\"elementor-section elementor-top-section elementor-element elementor-element-28ec798 elementor-section-boxed elementor-section-height-default elementor-section-height-default\" data-id=\"28ec798\" data-element_type=\"section\">\n\t\t\t\t\t\t<div class=\"elementor-container elementor-column-gap-default\">\n\t\t\t\t\t<div class=\"elementor-column elementor-col-100 elementor-top-column elementor-element elementor-element-ce90cf8\" data-id=\"ce90cf8\" data-element_type=\"column\">\n\t\t\t<div class=\"elementor-widget-wrap elementor-element-populated\">\n\t\t\t\t\t\t<div class=\"elementor-element elementor-element-baa70f6 elementor-widget elementor-widget-wp-widget-bcn_widget\" data-id=\"baa70f6\" data-element_type=\"widget\" data-widget_type=\"wp-widget-bcn_widget.default\">\n\t\t\t\t<div class=\"elementor-widget-container\">\n\t\t\t<div class=\"mn-grid breadcrumb\">\n                                    <div class=\"breadcrumb-inner mn-grid-12\"><div class=\"breadcrumbs\" vocab=\"https:\/\/schema.org\/\" typeof=\"BreadcrumbList\"><span property=\"itemListElement\" typeof=\"ListItem\"><a property=\"item\" typeof=\"WebPage\" title=\"Go to Szko\u0142a G\u0142\u00f3wna Gospodarstwa Wiejskiego w Warszawie.\" href=\"https:\/\/www.sggw.edu.pl\/en\/\" class=\"home\" aria-current=\"page\"><span property=\"name\">Home<\/span><\/a><meta property=\"position\" content=\"1\"><\/span><\/div>    <\/div>\n                                <\/div>\t\t<\/div>\n\t\t\t\t<\/div>\n\t\t\t\t<div class=\"elementor-element elementor-element-e703ae9 elementor-widget elementor-widget-post-title\" data-id=\"e703ae9\" data-element_type=\"widget\" data-widget_type=\"post-title.default\">\n\t\t\t\t<div class=\"elementor-widget-container\">\n\t\t\t<section>\n                    <div class=\"mn-grid entry-header-inner section-inner medium\">\n                        <h1 class=\"mn-grid-12 entry-title\" style=\"\">\n                            Education curriculum in SGGW Doctoral School\n                        <\/h1>\n                    <\/div>\n                <\/section>\t\t<\/div>\n\t\t\t\t<\/div>\n\t\t\t\t\t<\/div>\n\t\t<\/div>\n\t\t\t\t\t<\/div>\n\t\t<\/section>\n\t\t\t\t<section class=\"elementor-section elementor-top-section elementor-element elementor-element-56ff9d7 elementor-section-boxed elementor-section-height-default elementor-section-height-default\" data-id=\"56ff9d7\" data-element_type=\"section\">\n\t\t\t\t\t\t<div class=\"elementor-container elementor-column-gap-default\">\n\t\t\t\t\t<div class=\"elementor-column elementor-col-100 elementor-top-column elementor-element elementor-element-43a550d\" data-id=\"43a550d\" data-element_type=\"column\">\n\t\t\t<div class=\"elementor-widget-wrap elementor-element-populated\">\n\t\t\t\t\t\t<div class=\"elementor-element elementor-element-c9ed40a elementor-widget elementor-widget-w7\" data-id=\"c9ed40a\" data-element_type=\"widget\" data-widget_type=\"w7.default\">\n\t\t\t\t<div class=\"elementor-widget-container\">\n\t\t\t<section>\n                <div class=\"mn-grid\">\n                    <div class=\"mn-grid-12 mn-horizontal-separator-grey\"><\/div>\n                <\/div>\n                <\/section>\t\t<\/div>\n\t\t\t\t<\/div>\n\t\t\t\t\t<\/div>\n\t\t<\/div>\n\t\t\t\t\t<\/div>\n\t\t<\/section>\n\t\t\t\t<section class=\"elementor-section elementor-top-section elementor-element elementor-element-5f1f135 elementor-section-boxed elementor-section-height-default elementor-section-height-default\" data-id=\"5f1f135\" data-element_type=\"section\">\n\t\t\t\t\t\t<div class=\"elementor-container elementor-column-gap-default\">\n\t\t\t\t\t<div class=\"elementor-column elementor-col-100 elementor-top-column elementor-element elementor-element-854e747\" data-id=\"854e747\" data-element_type=\"column\">\n\t\t\t<div class=\"elementor-widget-wrap elementor-element-populated\">\n\t\t\t\t\t\t<div class=\"elementor-element elementor-element-2c6cca0 elementor-widget elementor-widget-w10\" data-id=\"2c6cca0\" data-element_type=\"widget\" data-widget_type=\"w10.default\">\n\t\t\t\t<div class=\"elementor-widget-container\">\n\t\t\t<section><div class=\"mn-grid\"><ul class=\"mn-link-list-type2 mn-grid-12\"><li>\n                            <a href=\"https:\/\/www.sggw.edu.pl\/wp-content\/uploads\/2026\/01\/Uchwala_nr_51b_zalacznik_ENG_Program-ksztalcenia-2026_27-SD-26.01.2026_Senat.pdf\" >\n                                <span>Education curriculum of the Doctoral School - academic year 2026\/2027<\/span>\n                            <\/a>\n                        <\/li><li>\n                            <a href=\"https:\/\/www.sggw.edu.pl\/wp-content\/uploads\/2026\/01\/Uchwala_nr_52b_ENG_ZMIENIAJACA-Program-ksztalcenia-2025_26_zalacznik.pdf\" >\n                                <span>Education curriculum of the Doctoral School - academic year 2025\/2026<\/span>\n                            <\/a>\n                        <\/li><li>\n                            <a href=\"https:\/\/www.sggw.edu.pl\/wp-content\/uploads\/2025\/02\/Uchwala_nr_39aa_2024_Program_ksztalcenia_SD_26.02.2024_EN.docx\" >\n                                <span>Education curriculum of the Doctoral School - academic year 2024\/2025<\/span>\n                            <\/a>\n                        <\/li><li>\n                            <a href=\"https:\/\/www.sggw.edu.pl\/wp-content\/uploads\/2025\/02\/UCHWALA-nr_42_zalacznik_Program_ksztalcenia_SD_eng.docx\" >\n                                <span>Education curriculum of the Doctoral School - academic year 2023\/2024<\/span>\n                            <\/a>\n                        <\/li><li>\n                            <a href=\"http:\/\/www.sggw.edu.pl\/wp-content\/uploads\/2023\/10\/UCHWALA-nr_42_zalacznik_Program_ksztalcenia_SD_eng.docx\" >\n                                <span>Education curriculum of the Doctoral School - academic year 2022\/2023<\/span>\n                            <\/a>\n                        <\/li><li>\n                            <a href=\"http:\/\/www.sggw.edu.pl\/wp-content\/uploads\/2023\/10\/uchwala-nr_57b_Program-ksztalcenia-SD_EN.docx\" >\n                                <span>Education curriculum of the Doctoral School - academic year 2021\/2022<\/span>\n                            <\/a>\n                        <\/li><li>\n                            <a href=\"http:\/\/www.sggw.edu.pl\/wp-content\/uploads\/2023\/10\/Program-ksztalcenia-SD-2021-EN.pdf\" >\n                                <span>Education curriculum of the Doctoral School -  academic year 2020\/2021<\/span>\n                            <\/a>\n                        <\/li><li>\n                            <a href=\"https:\/\/www.sggw.edu.pl\/wp-content\/uploads\/2021\/07\/Program-ksztalcenia2019_2020.pdf\" >\n                                <span>Education curriculum of the Doctoral School -  academic year 2019\/2020<\/span>\n                            <\/a>\n                        <\/li><\/ul><\/div><\/section>\t\t<\/div>\n\t\t\t\t<\/div>\n\t\t\t\t\t<\/div>\n\t\t<\/div>\n\t\t\t\t\t<\/div>\n\t\t<\/section>\n\t\t\t\t<\/div>\n\t\t","protected":false},"excerpt":{"rendered":"<p>Education curriculum in SGGW Doctoral School Education curriculum of the Doctoral School &#8211; academic year 2026\/2027 Education curriculum of the Doctoral School &#8211; academic year 2025\/2026 Education curriculum of the Doctoral School &#8211; academic year 2024\/2025 Education curriculum of the Doctoral School &#8211; academic year 2023\/2024 Education curriculum of the Doctoral School &#8211; academic year [&hellip;]<\/p>\n","protected":false},"author":36645,"featured_media":0,"parent":14900,"menu_order":0,"comment_status":"closed","ping_status":"closed","template":"","meta":{"_acf_changed":false,"footnotes":""},"class_list":["post-253828","page","type-page","status-publish","hentry"],"acf":[],"_links":{"self":[{"href":"https:\/\/www.sggw.edu.pl\/en\/wp-json\/wp\/v2\/pages\/253828","targetHints":{"allow":["GET"]}}],"collection":[{"href":"https:\/\/www.sggw.edu.pl\/en\/wp-json\/wp\/v2\/pages"}],"about":[{"href":"https:\/\/www.sggw.edu.pl\/en\/wp-json\/wp\/v2\/types\/page"}],"author":[{"embeddable":true,"href":"https:\/\/www.sggw.edu.pl\/en\/wp-json\/wp\/v2\/users\/36645"}],"replies":[{"embeddable":true,"href":"https:\/\/www.sggw.edu.pl\/en\/wp-json\/wp\/v2\/comments?post=253828"}],"version-history":[{"count":17,"href":"https:\/\/www.sggw.edu.pl\/en\/wp-json\/wp\/v2\/pages\/253828\/revisions"}],"predecessor-version":[{"id":277889,"href":"https:\/\/www.sggw.edu.pl\/en\/wp-json\/wp\/v2\/pages\/253828\/revisions\/277889"}],"up":[{"embeddable":true,"href":"https:\/\/www.sggw.edu.pl\/en\/wp-json\/wp\/v2\/pages\/14900"}],"wp:attachment":[{"href":"https:\/\/www.sggw.edu.pl\/en\/wp-json\/wp\/v2\/media?parent=253828"}],"curies":[{"name":"wp","href":"https:\/\/api.w.org\/{rel}","templated":true}]}}