{"id":253904,"date":"2025-07-25T09:46:28","date_gmt":"2025-07-25T07:46:28","guid":{"rendered":"https:\/\/www.sggw.edu.pl\/?page_id=253904"},"modified":"2026-04-10T15:49:56","modified_gmt":"2026-04-10T13:49:56","slug":"quality-of-education-at-the-sggw-doctoral-school","status":"publish","type":"page","link":"https:\/\/www.sggw.edu.pl\/en\/science\/doctoral-school\/quality-of-education-at-the-sggw-doctoral-school\/","title":{"rendered":"Quality of Education at the SGGW Doctoral School"},"content":{"rendered":"\t\t<div data-elementor-type=\"wp-page\" data-elementor-id=\"253904\" class=\"elementor elementor-253904\" data-elementor-post-type=\"page\">\n\t\t\t\t\t\t<section class=\"elementor-section elementor-top-section elementor-element elementor-element-6ee39e2 elementor-section-boxed elementor-section-height-default elementor-section-height-default\" data-id=\"6ee39e2\" data-element_type=\"section\">\n\t\t\t\t\t\t<div class=\"elementor-container elementor-column-gap-default\">\n\t\t\t\t\t<div class=\"elementor-column elementor-col-100 elementor-top-column elementor-element elementor-element-30d8272\" data-id=\"30d8272\" data-element_type=\"column\">\n\t\t\t<div class=\"elementor-widget-wrap elementor-element-populated\">\n\t\t\t\t\t\t<div class=\"elementor-element elementor-element-d1672f7 elementor-widget elementor-widget-wp-widget-bcn_widget\" data-id=\"d1672f7\" data-element_type=\"widget\" data-widget_type=\"wp-widget-bcn_widget.default\">\n\t\t\t\t<div class=\"elementor-widget-container\">\n\t\t\t<div class=\"mn-grid breadcrumb\">\n                                    <div class=\"breadcrumb-inner mn-grid-12\"><div class=\"breadcrumbs\" vocab=\"https:\/\/schema.org\/\" typeof=\"BreadcrumbList\"><span property=\"itemListElement\" typeof=\"ListItem\"><a property=\"item\" typeof=\"WebPage\" title=\"Go to Szko\u0142a G\u0142\u00f3wna Gospodarstwa Wiejskiego w Warszawie.\" href=\"https:\/\/www.sggw.edu.pl\/en\/\" class=\"home\" aria-current=\"page\"><span property=\"name\">Home<\/span><\/a><meta property=\"position\" content=\"1\"><\/span><\/div>    <\/div>\n                                <\/div>\t\t<\/div>\n\t\t\t\t<\/div>\n\t\t\t\t<div class=\"elementor-element elementor-element-f053d6a elementor-widget elementor-widget-post-title\" data-id=\"f053d6a\" data-element_type=\"widget\" data-widget_type=\"post-title.default\">\n\t\t\t\t<div class=\"elementor-widget-container\">\n\t\t\t<section>\n                    <div class=\"mn-grid entry-header-inner section-inner medium\">\n                        <h1 class=\"mn-grid-12 entry-title\" style=\"\">\n                            Quality of Education at the SGGW Doctoral School\n                        <\/h1>\n                    <\/div>\n                <\/section>\t\t<\/div>\n\t\t\t\t<\/div>\n\t\t\t\t\t<\/div>\n\t\t<\/div>\n\t\t\t\t\t<\/div>\n\t\t<\/section>\n\t\t\t\t<section class=\"elementor-section elementor-top-section elementor-element elementor-element-fa615b8 elementor-section-boxed elementor-section-height-default elementor-section-height-default\" data-id=\"fa615b8\" data-element_type=\"section\">\n\t\t\t\t\t\t<div class=\"elementor-container elementor-column-gap-default\">\n\t\t\t\t\t<div class=\"elementor-column elementor-col-100 elementor-top-column elementor-element elementor-element-a07eb14\" data-id=\"a07eb14\" data-element_type=\"column\">\n\t\t\t<div class=\"elementor-widget-wrap elementor-element-populated\">\n\t\t\t\t\t\t<div class=\"elementor-element elementor-element-d958abd elementor-widget elementor-widget-w7\" data-id=\"d958abd\" data-element_type=\"widget\" data-widget_type=\"w7.default\">\n\t\t\t\t<div class=\"elementor-widget-container\">\n\t\t\t<section>\n                <div class=\"mn-grid\">\n                    <div class=\"mn-grid-12 mn-horizontal-separator-grey\"><\/div>\n                <\/div>\n                <\/section>\t\t<\/div>\n\t\t\t\t<\/div>\n\t\t\t\t\t<\/div>\n\t\t<\/div>\n\t\t\t\t\t<\/div>\n\t\t<\/section>\n\t\t\t\t<section class=\"elementor-section elementor-top-section elementor-element elementor-element-f79c3b0 elementor-section-boxed elementor-section-height-default elementor-section-height-default\" data-id=\"f79c3b0\" data-element_type=\"section\">\n\t\t\t\t\t\t<div class=\"elementor-container elementor-column-gap-default\">\n\t\t\t\t\t<div class=\"elementor-column elementor-col-100 elementor-top-column elementor-element elementor-element-545a1c5\" data-id=\"545a1c5\" data-element_type=\"column\">\n\t\t\t<div class=\"elementor-widget-wrap elementor-element-populated\">\n\t\t\t\t\t\t<div class=\"elementor-element elementor-element-e3ba635 elementor-widget elementor-widget-w12\" data-id=\"e3ba635\" data-element_type=\"widget\" data-widget_type=\"w12.default\">\n\t\t\t\t<div class=\"elementor-widget-container\">\n\t\t\t<section>\n                <div class=\"mn-grid\">\n                    <div class=\"mn-grid-12 mn-mod-text-links\">\n                        <h5><span class=\"HwtZe\" lang=\"en\"><span class=\"jCAhz ChMk0b\"><span class=\"ryNqvb\">Quality window<\/span><\/span><\/span><\/h5><p>The following form was created to optimise the quality of education at the SGGW Doctoral School. We encourage university staff and doctoral students to submit comments and suggestions for potential changes to the teaching and administrative operations of the SGGW Doctoral School. The form is anonymous. Requests for change will be forwarded directly to the SGGW Doctoral School authorities.<\/p><p>Submit your proposals and complete the form:<\/p>\n                    <\/div>\n                <\/div>\n            <\/section>\t\t<\/div>\n\t\t\t\t<\/div>\n\t\t\t\t\t<\/div>\n\t\t<\/div>\n\t\t\t\t\t<\/div>\n\t\t<\/section>\n\t\t\t\t<section class=\"elementor-section elementor-top-section elementor-element elementor-element-accc295 elementor-section-boxed elementor-section-height-default elementor-section-height-default\" data-id=\"accc295\" data-element_type=\"section\">\n\t\t\t\t\t\t<div class=\"elementor-container elementor-column-gap-default\">\n\t\t\t\t\t<div class=\"elementor-column elementor-col-100 elementor-top-column elementor-element elementor-element-2615aab\" data-id=\"2615aab\" data-element_type=\"column\">\n\t\t\t<div class=\"elementor-widget-wrap elementor-element-populated\">\n\t\t\t\t\t\t<div class=\"elementor-element elementor-element-25f27a3 elementor-button-align-stretch elementor-widget elementor-widget-form\" data-id=\"25f27a3\" data-element_type=\"widget\" data-settings=\"{&quot;step_next_label&quot;:&quot;Nast\\u0119pne&quot;,&quot;step_previous_label&quot;:&quot;Poprzednie&quot;,&quot;button_width&quot;:&quot;100&quot;,&quot;step_type&quot;:&quot;number_text&quot;,&quot;step_icon_shape&quot;:&quot;circle&quot;}\" data-widget_type=\"form.default\">\n\t\t\t\t<div class=\"elementor-widget-container\">\n\t\t\t        <section>\n        <div class=\"mn-grid\">\n        <div class=\"mn-grid-12\">\n        <form class=\"elementor-form\" method=\"post\" name=\"Okno jako\u015bci\">\n            <input type=\"hidden\" name=\"post_id\" value=\"253904\"\/>\n            <input type=\"hidden\" name=\"form_id\" value=\"25f27a3\"\/>\n\n            \n            <div class=\"elementor-form-fields-wrapper elementor-labels-above\">\n                                    <div class=\"elementor-field-type-text elementor-field-group elementor-column elementor-field-group-name elementor-col-100 elementor-field-required\">\n                        <label for=\"form-field-name\" class=\"elementor-field-label\">Subject of the report<\/label><input size=\"1\" type=\"text\" name=\"form_fields[name]\" id=\"form-field-name\" class=\"elementor-field elementor-size-sm  elementor-field-textual\" placeholder=\"Subject of the report\" required=\"required\" aria-required=\"true\">                    <\/div>\n                                    <div class=\"elementor-field-type-textarea elementor-field-group elementor-column elementor-field-group-field_1f7649e elementor-col-100 elementor-field-required\">\n                        <label for=\"form-field-field_1f7649e\" class=\"elementor-field-label\">Description of the proposed change<\/label><textarea class=\"elementor-field-textual elementor-field  elementor-size-sm\" name=\"form_fields[field_1f7649e]\" id=\"form-field-field_1f7649e\" rows=\"4\" placeholder=\"Description of the proposed change\" required=\"required\" aria-required=\"true\"><\/textarea>                    <\/div>\n                                    <div class=\"elementor-field-type-textarea elementor-field-group elementor-column elementor-field-group-message elementor-col-100 elementor-field-required\">\n                        <label for=\"form-field-message\" class=\"elementor-field-label\">What solution do you propose?<\/label><textarea class=\"elementor-field-textual elementor-field  elementor-size-sm\" name=\"form_fields[message]\" id=\"form-field-message\" rows=\"4\" placeholder=\"What solution do you propose?\" required=\"required\" aria-required=\"true\"><\/textarea>                    <\/div>\n                                    <div class=\"elementor-field-type-select elementor-field-group elementor-column elementor-field-group-field_064ca18 elementor-col-100\">\n                        <label for=\"form-field-field_064ca18\" class=\"elementor-field-label\">What is your status?<\/label>        <div class=\"elementor-field elementor-select-wrapper \">\n            <select name=\"form_fields[field_064ca18]\" id=\"form-field-field_064ca18\" class=\"elementor-field-textual elementor-size-sm\">\n                <option value=\"I am a SGGW PhD student\">I am a SGGW PhD student<\/option><option value=\"I am a SGGW employee\">I am a SGGW employee<\/option><option value=\"I am a person from outside SGGW\">I am a person from outside SGGW<\/option>            <\/select>\n        <\/div>\n                            <\/div>\n                                <div class=\"elementor-field-group elementor-column elementor-field-type-submit elementor-col-100 e-form__buttons\">\n                    <button type=\"submit\" class=\"elementor-button elementor-size-sm\">\n\t\t\t\t\t\t<span >\n\t\t\t\t\t\t\t                                <span class=\" elementor-button-icon\">\n\t\t\t\t\t\t\t\t\t                                    \t\t\t\t\t\t\t\t<\/span>\n                                                                                        <span class=\"elementor-button-text\">Send<\/span>\n                            \t\t\t\t\t\t<\/span>\n                    <\/button>\n                <\/div>\n            <\/div>\n        <\/form>\n        <\/div>\n        <\/div>\n        <\/section>\n        \t\t<\/div>\n\t\t\t\t<\/div>\n\t\t\t\t\t<\/div>\n\t\t<\/div>\n\t\t\t\t\t<\/div>\n\t\t<\/section>\n\t\t\t\t<section class=\"elementor-section elementor-top-section elementor-element elementor-element-e2556a0 elementor-section-boxed elementor-section-height-default elementor-section-height-default\" data-id=\"e2556a0\" data-element_type=\"section\">\n\t\t\t\t\t\t<div class=\"elementor-container elementor-column-gap-default\">\n\t\t\t\t\t<div class=\"elementor-column elementor-col-100 elementor-top-column elementor-element elementor-element-1c9528d\" data-id=\"1c9528d\" data-element_type=\"column\">\n\t\t\t<div class=\"elementor-widget-wrap elementor-element-populated\">\n\t\t\t\t\t\t<div class=\"elementor-element elementor-element-2cb221d elementor-widget elementor-widget-w33\" data-id=\"2cb221d\" data-element_type=\"widget\" data-widget_type=\"w33.default\">\n\t\t\t\t<div class=\"elementor-widget-container\">\n\t\t\t<section>\n            <div class=\"mn-grid\">\n                <div class=\"mn-vertical-separator-x2\">\n                    \n                <\/div>\n            <\/section>\t\t<\/div>\n\t\t\t\t<\/div>\n\t\t\t\t<div class=\"elementor-element elementor-element-7ffd5cc elementor-widget elementor-widget-w12\" data-id=\"7ffd5cc\" data-element_type=\"widget\" data-widget_type=\"w12.default\">\n\t\t\t\t<div class=\"elementor-widget-container\">\n\t\t\t<section>\n                <div class=\"mn-grid\">\n                    <div class=\"mn-grid-12 mn-mod-text-links\">\n                        <h5><span class=\"HwtZe\" lang=\"en\"><span class=\"jCAhz ChMk0b\"><span class=\"ryNqvb\">Documents regarding the quality of education<\/span><\/span><\/span><\/h5>\n                    <\/div>\n                <\/div>\n            <\/section>\t\t<\/div>\n\t\t\t\t<\/div>\n\t\t\t\t<div class=\"elementor-element elementor-element-82d7dfa elementor-widget elementor-widget-w10\" data-id=\"82d7dfa\" data-element_type=\"widget\" data-widget_type=\"w10.default\">\n\t\t\t\t<div class=\"elementor-widget-container\">\n\t\t\t<section><div class=\"mn-grid\"><ul class=\"mn-link-list-type2 mn-grid-12\"><li>\n                            <a href=\"https:\/\/www.sggw.edu.pl\/wp-content\/uploads\/2020\/10\/67_2019-2020.pdf\" >\n                                <span>Resolution No. 67-2019\/2020 of the Senate of the SGGW on the introduction of the Education Quality Assurance and Improvement System at the SGGW<\/span>\n                            <\/a>\n                        <\/li><li>\n                            <a href=\"https:\/\/www.sggw.edu.pl\/wp-content\/uploads\/2020\/10\/Quality-assurance-WULS-2020.pdf\" >\n                                <span>Policy and Objectives for Quality Assurance at the Warsaw University of Life Sciences - SGGW<\/span>\n                            <\/a>\n                        <\/li><li>\n                            <a href=\"https:\/\/www.sggw.edu.pl\/wp-content\/uploads\/2020\/10\/Instrukcja-dokonywania-zmian-w-realizacji-zaj\u0119\u0107-dydaktycznych-SD-SGGW.pdf\" >\n                                <span>Instructions for making changes in the implementation of SD SGGW teaching classes <\/span>\n                            <\/a>\n                        <\/li><li>\n                            <a href=\"http:\/\/www.sggw.edu.pl\/wp-content\/uploads\/2022\/02\/WEWNETRZNY-SYSTEM-ZAPEWNIANIA-I-DOSKONALENIA-JAKOSCI-KSZTALCENIA-W-SD_2022.doc\" >\n                                <span>Internal System for Assuring and Improving the Quality of Education at the Doctoral School<\/span>\n                            <\/a>\n                        <\/li><li>\n                            <a href=\"https:\/\/www.sggw.edu.pl\/wp-content\/uploads\/2024\/10\/Procedury-szczegolowe-WSZiDJK-w-Szkole-Doktorskiej_2022.doc\" >\n                                <span>Detailed procedures of the ISfAaItQoE at the Doctoral School<\/span>\n                            <\/a>\n                        <\/li><\/ul><\/div><\/section>\t\t<\/div>\n\t\t\t\t<\/div>\n\t\t\t\t\t<\/div>\n\t\t<\/div>\n\t\t\t\t\t<\/div>\n\t\t<\/section>\n\t\t\t\t<\/div>\n\t\t","protected":false},"excerpt":{"rendered":"<p>Quality of Education at the SGGW Doctoral School Quality window The following form was created to optimise the quality of education at the SGGW Doctoral School. We encourage university staff and doctoral students to submit comments and suggestions for potential changes to the teaching and administrative operations of the SGGW Doctoral School. The form is [&hellip;]<\/p>\n","protected":false},"author":36645,"featured_media":0,"parent":14900,"menu_order":0,"comment_status":"closed","ping_status":"closed","template":"","meta":{"_acf_changed":false,"footnotes":""},"class_list":["post-253904","page","type-page","status-publish","hentry"],"acf":[],"_links":{"self":[{"href":"https:\/\/www.sggw.edu.pl\/en\/wp-json\/wp\/v2\/pages\/253904","targetHints":{"allow":["GET"]}}],"collection":[{"href":"https:\/\/www.sggw.edu.pl\/en\/wp-json\/wp\/v2\/pages"}],"about":[{"href":"https:\/\/www.sggw.edu.pl\/en\/wp-json\/wp\/v2\/types\/page"}],"author":[{"embeddable":true,"href":"https:\/\/www.sggw.edu.pl\/en\/wp-json\/wp\/v2\/users\/36645"}],"replies":[{"embeddable":true,"href":"https:\/\/www.sggw.edu.pl\/en\/wp-json\/wp\/v2\/comments?post=253904"}],"version-history":[{"count":17,"href":"https:\/\/www.sggw.edu.pl\/en\/wp-json\/wp\/v2\/pages\/253904\/revisions"}],"predecessor-version":[{"id":286965,"href":"https:\/\/www.sggw.edu.pl\/en\/wp-json\/wp\/v2\/pages\/253904\/revisions\/286965"}],"up":[{"embeddable":true,"href":"https:\/\/www.sggw.edu.pl\/en\/wp-json\/wp\/v2\/pages\/14900"}],"wp:attachment":[{"href":"https:\/\/www.sggw.edu.pl\/en\/wp-json\/wp\/v2\/media?parent=253904"}],"curies":[{"name":"wp","href":"https:\/\/api.w.org\/{rel}","templated":true}]}}