{"id":25711,"date":"2021-04-12T16:16:19","date_gmt":"2021-04-12T14:16:19","guid":{"rendered":"https:\/\/www.sggw.edu.pl\/lecturers\/"},"modified":"2021-05-26T15:43:49","modified_gmt":"2021-05-26T13:43:49","slug":"lecturers","status":"publish","type":"page","link":"https:\/\/www.sggw.edu.pl\/en\/lecturers\/","title":{"rendered":"Lecturers"},"content":{"rendered":"\t\t<div data-elementor-type=\"wp-page\" data-elementor-id=\"25711\" class=\"elementor elementor-25711\" data-elementor-post-type=\"page\">\n\t\t\t\t\t\t<section class=\"elementor-section elementor-top-section elementor-element elementor-element-3305552c elementor-section-boxed elementor-section-height-default elementor-section-height-default\" data-id=\"3305552c\" data-element_type=\"section\">\n\t\t\t\t\t\t<div class=\"elementor-container elementor-column-gap-default\">\n\t\t\t\t\t<div class=\"elementor-column elementor-col-100 elementor-top-column elementor-element elementor-element-20f21fa5\" data-id=\"20f21fa5\" data-element_type=\"column\">\n\t\t\t<div class=\"elementor-widget-wrap elementor-element-populated\">\n\t\t\t\t\t\t<div class=\"elementor-element elementor-element-d8acf55 elementor-widget elementor-widget-wp-widget-bcn_widget\" data-id=\"d8acf55\" data-element_type=\"widget\" data-widget_type=\"wp-widget-bcn_widget.default\">\n\t\t\t\t<div class=\"elementor-widget-container\">\n\t\t\t<div class=\"mn-grid breadcrumb\">\n                                    <div class=\"breadcrumb-inner mn-grid-12\"><div class=\"breadcrumbs\" vocab=\"https:\/\/schema.org\/\" typeof=\"BreadcrumbList\"><span property=\"itemListElement\" typeof=\"ListItem\"><a property=\"item\" typeof=\"WebPage\" title=\"Go to Szko\u0142a G\u0142\u00f3wna Gospodarstwa Wiejskiego w Warszawie.\" href=\"https:\/\/www.sggw.edu.pl\/en\/\" class=\"home\" aria-current=\"page\"><span property=\"name\">Home<\/span><\/a><meta property=\"position\" content=\"1\"><\/span><\/div>    <\/div>\n                                <\/div>\t\t<\/div>\n\t\t\t\t<\/div>\n\t\t\t\t<div class=\"elementor-element elementor-element-1e906211 elementor-widget elementor-widget-post-title\" data-id=\"1e906211\" data-element_type=\"widget\" data-widget_type=\"post-title.default\">\n\t\t\t\t<div class=\"elementor-widget-container\">\n\t\t\t<section>\n                    <div class=\"mn-grid entry-header-inner section-inner medium\">\n                        <h1 class=\"mn-grid-12 entry-title\" style=\"\">\n                            Lecturers\n                        <\/h1>\n                    <\/div>\n                <\/section>\t\t<\/div>\n\t\t\t\t<\/div>\n\t\t\t\t\t<\/div>\n\t\t<\/div>\n\t\t\t\t\t<\/div>\n\t\t<\/section>\n\t\t\t\t<section class=\"elementor-section elementor-top-section elementor-element elementor-element-29a9821 elementor-section-boxed elementor-section-height-default elementor-section-height-default\" data-id=\"29a9821\" data-element_type=\"section\">\n\t\t\t\t\t\t<div class=\"elementor-container elementor-column-gap-default\">\n\t\t\t\t\t<div class=\"elementor-column elementor-col-100 elementor-top-column elementor-element elementor-element-9018366\" data-id=\"9018366\" data-element_type=\"column\">\n\t\t\t<div class=\"elementor-widget-wrap elementor-element-populated\">\n\t\t\t\t\t\t<div class=\"elementor-element elementor-element-77f6629 elementor-widget elementor-widget-w33\" data-id=\"77f6629\" data-element_type=\"widget\" data-widget_type=\"w33.default\">\n\t\t\t\t<div class=\"elementor-widget-container\">\n\t\t\t<section>\n            <div class=\"mn-grid\">\n                <div class=\"mn-vertical-separator-x2\">\n                    \n                <\/div>\n            <\/section>\t\t<\/div>\n\t\t\t\t<\/div>\n\t\t\t\t\t<\/div>\n\t\t<\/div>\n\t\t\t\t\t<\/div>\n\t\t<\/section>\n\t\t\t\t<section class=\"elementor-section elementor-top-section elementor-element elementor-element-15f19e8 elementor-section-boxed elementor-section-height-default elementor-section-height-default\" data-id=\"15f19e8\" data-element_type=\"section\">\n\t\t\t\t\t\t<div class=\"elementor-container elementor-column-gap-default\">\n\t\t\t\t\t<div class=\"elementor-column elementor-col-100 elementor-top-column elementor-element elementor-element-646ee73\" data-id=\"646ee73\" data-element_type=\"column\">\n\t\t\t<div class=\"elementor-widget-wrap elementor-element-populated\">\n\t\t\t\t\t\t<div class=\"elementor-element elementor-element-923fd9f elementor-widget elementor-widget-w12\" data-id=\"923fd9f\" data-element_type=\"widget\" data-widget_type=\"w12.default\">\n\t\t\t\t<div class=\"elementor-widget-container\">\n\t\t\t<section>\n                <div class=\"mn-grid\">\n                    <div class=\"mn-grid-12 mn-mod-text-links\">\n                        <p>Classes are conducted by employees of the Faculty of Forestry of the Warsaw University of Life Sciences, specialists in forest management, forest education, public finance, environmental protection and decision-making offices of state administration.<\/p>\n<p><strong>Head of studies:<\/strong> dr hab. Emily Janeczko<\/p>\n<ul>\n<li>Bogdan Balik<\/li>\n<li>Kamila B\u0105kowicz<\/li>\n<li>Micha\u0142 Bieli\u0144ski<\/li>\n<li>Barbara Czo\u0142nik<\/li>\n<li>Artur Dawidziuk<\/li>\n<li>Alicja Gasek<\/li>\n<li>Gra\u017cyna G\u0142uch<\/li>\n<li>Tomasz Mokrzycki<\/li>\n<li>Aleksander Myjak<\/li>\n<li>Wojciech O\u017cga<\/li>\n<li>Anna Pikus<\/li>\n<li>Ewa Referowska-Chodak<\/li>\n<li>Artur Rutkowski<\/li>\n<li>Paul Staniszewski<\/li>\n<li>Izabela Stelma\u0144ska<\/li>\n<li>Magdalena St\u0119pi\u0144ska<\/li>\n<li>El\u017cbieta W\u0105sowicz-Zaborek<\/li>\n<li>Ma\u0142gorzata Wo\u017anicka<\/li>\n<li>Roman W\u00f3jcik<\/li>\n<li>Kinga Zinowiec-Cieplik<\/li>\n<li>Tomasz Zygmont<\/li>\n<li>Anna \u017bornaczuk-\u0141ub<\/li>\n<\/ul>\n\n                    <\/div>\n                <\/div>\n            <\/section>\t\t<\/div>\n\t\t\t\t<\/div>\n\t\t\t\t\t<\/div>\n\t\t<\/div>\n\t\t\t\t\t<\/div>\n\t\t<\/section>\n\t\t\t\t<\/div>\n\t\t","protected":false},"excerpt":{"rendered":"<p>Classes are conducted by employees of the Faculty of Forestry of the Warsaw University of Life Sciences, specialists in forest management, forest education, public finance, environmental protection and decision-making offices of state administration. Head of studies: dr hab. Emily Janeczko Bogdan Balik Kamila B\u0105kowicz Micha\u0142 Bieli\u0144ski Barbara Czo\u0142nik Artur Dawidziuk Alicja Gasek Gra\u017cyna G\u0142uch Tomasz [&hellip;]<\/p>\n","protected":false},"author":36,"featured_media":0,"parent":0,"menu_order":0,"comment_status":"closed","ping_status":"closed","template":"","meta":{"_acf_changed":false,"footnotes":""},"class_list":["post-25711","page","type-page","status-publish","hentry"],"acf":[],"_links":{"self":[{"href":"https:\/\/www.sggw.edu.pl\/en\/wp-json\/wp\/v2\/pages\/25711","targetHints":{"allow":["GET"]}}],"collection":[{"href":"https:\/\/www.sggw.edu.pl\/en\/wp-json\/wp\/v2\/pages"}],"about":[{"href":"https:\/\/www.sggw.edu.pl\/en\/wp-json\/wp\/v2\/types\/page"}],"author":[{"embeddable":true,"href":"https:\/\/www.sggw.edu.pl\/en\/wp-json\/wp\/v2\/users\/36"}],"replies":[{"embeddable":true,"href":"https:\/\/www.sggw.edu.pl\/en\/wp-json\/wp\/v2\/comments?post=25711"}],"version-history":[{"count":1,"href":"https:\/\/www.sggw.edu.pl\/en\/wp-json\/wp\/v2\/pages\/25711\/revisions"}],"predecessor-version":[{"id":25712,"href":"https:\/\/www.sggw.edu.pl\/en\/wp-json\/wp\/v2\/pages\/25711\/revisions\/25712"}],"wp:attachment":[{"href":"https:\/\/www.sggw.edu.pl\/en\/wp-json\/wp\/v2\/media?parent=25711"}],"curies":[{"name":"wp","href":"https:\/\/api.w.org\/{rel}","templated":true}]}}