{"id":25713,"date":"2021-04-12T16:16:20","date_gmt":"2021-04-12T14:16:20","guid":{"rendered":"https:\/\/www.sggw.edu.pl\/reunion-dates\/"},"modified":"2021-05-26T15:43:49","modified_gmt":"2021-05-26T13:43:49","slug":"reunion-dates","status":"publish","type":"page","link":"https:\/\/www.sggw.edu.pl\/en\/reunion-dates\/","title":{"rendered":"Reunion dates"},"content":{"rendered":"\t\t<div data-elementor-type=\"wp-page\" data-elementor-id=\"25713\" class=\"elementor elementor-25713\" data-elementor-post-type=\"page\">\n\t\t\t\t\t\t<section class=\"elementor-section elementor-top-section elementor-element elementor-element-2a0be0a2 elementor-section-boxed elementor-section-height-default elementor-section-height-default\" data-id=\"2a0be0a2\" data-element_type=\"section\">\n\t\t\t\t\t\t<div class=\"elementor-container elementor-column-gap-default\">\n\t\t\t\t\t<div class=\"elementor-column elementor-col-100 elementor-top-column elementor-element elementor-element-277c1a9a\" data-id=\"277c1a9a\" data-element_type=\"column\">\n\t\t\t<div class=\"elementor-widget-wrap elementor-element-populated\">\n\t\t\t\t\t\t<div class=\"elementor-element elementor-element-89a7fbd elementor-widget elementor-widget-wp-widget-bcn_widget\" data-id=\"89a7fbd\" data-element_type=\"widget\" data-widget_type=\"wp-widget-bcn_widget.default\">\n\t\t\t\t<div class=\"elementor-widget-container\">\n\t\t\t<div class=\"mn-grid breadcrumb\">\n                                    <div class=\"breadcrumb-inner mn-grid-12\"><div class=\"breadcrumbs\" vocab=\"https:\/\/schema.org\/\" typeof=\"BreadcrumbList\"><span property=\"itemListElement\" typeof=\"ListItem\"><a property=\"item\" typeof=\"WebPage\" title=\"Go to Szko\u0142a G\u0142\u00f3wna Gospodarstwa Wiejskiego w Warszawie.\" href=\"https:\/\/www.sggw.edu.pl\/en\/\" class=\"home\" aria-current=\"page\"><span property=\"name\">Home<\/span><\/a><meta property=\"position\" content=\"1\"><\/span><\/div>    <\/div>\n                                <\/div>\t\t<\/div>\n\t\t\t\t<\/div>\n\t\t\t\t<div class=\"elementor-element elementor-element-28eb0dd3 elementor-widget elementor-widget-post-title\" data-id=\"28eb0dd3\" data-element_type=\"widget\" data-widget_type=\"post-title.default\">\n\t\t\t\t<div class=\"elementor-widget-container\">\n\t\t\t<section>\n                    <div class=\"mn-grid entry-header-inner section-inner medium\">\n                        <h1 class=\"mn-grid-12 entry-title\" style=\"\">\n                            Reunion dates\n                        <\/h1>\n                    <\/div>\n                <\/section>\t\t<\/div>\n\t\t\t\t<\/div>\n\t\t\t\t\t<\/div>\n\t\t<\/div>\n\t\t\t\t\t<\/div>\n\t\t<\/section>\n\t\t\t\t<section class=\"elementor-section elementor-top-section elementor-element elementor-element-ec66de9 elementor-section-boxed elementor-section-height-default elementor-section-height-default\" data-id=\"ec66de9\" data-element_type=\"section\">\n\t\t\t\t\t\t<div class=\"elementor-container elementor-column-gap-default\">\n\t\t\t\t\t<div class=\"elementor-column elementor-col-100 elementor-top-column elementor-element elementor-element-dca5979\" data-id=\"dca5979\" data-element_type=\"column\">\n\t\t\t<div class=\"elementor-widget-wrap elementor-element-populated\">\n\t\t\t\t\t\t<div class=\"elementor-element elementor-element-27623de elementor-widget elementor-widget-w33\" data-id=\"27623de\" data-element_type=\"widget\" data-widget_type=\"w33.default\">\n\t\t\t\t<div class=\"elementor-widget-container\">\n\t\t\t<section>\n            <div class=\"mn-grid\">\n                <div class=\"mn-vertical-separator-x2\">\n                    \n                <\/div>\n            <\/section>\t\t<\/div>\n\t\t\t\t<\/div>\n\t\t\t\t\t<\/div>\n\t\t<\/div>\n\t\t\t\t\t<\/div>\n\t\t<\/section>\n\t\t\t\t<section class=\"elementor-section elementor-top-section elementor-element elementor-element-13783ba elementor-section-boxed elementor-section-height-default elementor-section-height-default\" data-id=\"13783ba\" data-element_type=\"section\">\n\t\t\t\t\t\t<div class=\"elementor-container elementor-column-gap-default\">\n\t\t\t\t\t<div class=\"elementor-column elementor-col-100 elementor-top-column elementor-element elementor-element-cf8ba5e\" data-id=\"cf8ba5e\" data-element_type=\"column\">\n\t\t\t<div class=\"elementor-widget-wrap elementor-element-populated\">\n\t\t\t\t\t\t<div class=\"elementor-element elementor-element-a829d75 elementor-widget elementor-widget-w12\" data-id=\"a829d75\" data-element_type=\"widget\" data-widget_type=\"w12.default\">\n\t\t\t\t<div class=\"elementor-widget-container\">\n\t\t\t<section>\n                <div class=\"mn-grid\">\n                    <div class=\"mn-grid-12 mn-mod-text-links\">\n                        <h6>First semester<\/h6>\n<p><a href=\"https:\/\/www.sggw.edu.pl\/wp-content\/uploads\/2021\/03\/podyplomowe-plan-zaj%C4%99%C4%87-201819-semestr-1.pdf\">schedule<\/a><\/p>\n<\/p>\n<ul>\n<li>03\/03 &#8211; 04\/03\/2018<\/li>\n<li>March 24 &#8211; March 25, 2018<\/li>\n<li>April 14 &#8211; April 15, 2018<\/li>\n<li>May 12 &#8211; May 13, 2018<\/li>\n<li>May 24 &#8211; May 26, 2018<em> comprehensive field exercises (Lithuania)<\/em><\/li>\n<\/ul>\n<h6>Second semester<\/h6>\n<p>schedule<\/p>\n<ul>\n<li>June 16 &#8211; June 17, 2018<\/li>\n<li>08\/09 &#8211; 09\/09\/2018<\/li>\n<li>October 6 &#8211; October 7, 2018<\/li>\n<li>27.10 &#8211; 28.10.2018<\/li>\n<li>17\/11 &#8211; 18\/11\/2018<\/li>\n<li>12.01 &#8211; 13.01.2019<\/li>\n<\/ul>\n\n                    <\/div>\n                <\/div>\n            <\/section>\t\t<\/div>\n\t\t\t\t<\/div>\n\t\t\t\t\t<\/div>\n\t\t<\/div>\n\t\t\t\t\t<\/div>\n\t\t<\/section>\n\t\t\t\t<\/div>\n\t\t","protected":false},"excerpt":{"rendered":"<p>First semester schedule 03\/03 &#8211; 04\/03\/2018 March 24 &#8211; March 25, 2018 April 14 &#8211; April 15, 2018 May 12 &#8211; May 13, 2018 May 24 &#8211; May 26, 2018 comprehensive field exercises (Lithuania) Second semester schedule June 16 &#8211; June 17, 2018 08\/09 &#8211; 09\/09\/2018 October 6 &#8211; October 7, 2018 27.10 &#8211; 28.10.2018 [&hellip;]<\/p>\n","protected":false},"author":36,"featured_media":0,"parent":0,"menu_order":0,"comment_status":"closed","ping_status":"closed","template":"","meta":{"_acf_changed":false,"footnotes":""},"class_list":["post-25713","page","type-page","status-publish","hentry"],"acf":[],"_links":{"self":[{"href":"https:\/\/www.sggw.edu.pl\/en\/wp-json\/wp\/v2\/pages\/25713","targetHints":{"allow":["GET"]}}],"collection":[{"href":"https:\/\/www.sggw.edu.pl\/en\/wp-json\/wp\/v2\/pages"}],"about":[{"href":"https:\/\/www.sggw.edu.pl\/en\/wp-json\/wp\/v2\/types\/page"}],"author":[{"embeddable":true,"href":"https:\/\/www.sggw.edu.pl\/en\/wp-json\/wp\/v2\/users\/36"}],"replies":[{"embeddable":true,"href":"https:\/\/www.sggw.edu.pl\/en\/wp-json\/wp\/v2\/comments?post=25713"}],"version-history":[{"count":1,"href":"https:\/\/www.sggw.edu.pl\/en\/wp-json\/wp\/v2\/pages\/25713\/revisions"}],"predecessor-version":[{"id":25714,"href":"https:\/\/www.sggw.edu.pl\/en\/wp-json\/wp\/v2\/pages\/25713\/revisions\/25714"}],"wp:attachment":[{"href":"https:\/\/www.sggw.edu.pl\/en\/wp-json\/wp\/v2\/media?parent=25713"}],"curies":[{"name":"wp","href":"https:\/\/api.w.org\/{rel}","templated":true}]}}