{"id":25719,"date":"2021-04-12T16:16:33","date_gmt":"2021-04-12T14:16:33","guid":{"rendered":"https:\/\/www.sggw.edu.pl\/home\/collaboration-and-services\/service\/training-and-recreation-center-marymont-in-kirach\/contact-and-access\/"},"modified":"2021-06-18T17:52:58","modified_gmt":"2021-06-18T15:52:58","slug":"contact-and-access","status":"publish","type":"page","link":"https:\/\/www.sggw.edu.pl\/en\/collaboration-and-services\/training-and-recreation-center-marymont-in-kiry\/contact-and-access\/","title":{"rendered":"Contact and booking"},"content":{"rendered":"\t\t<div data-elementor-type=\"wp-page\" data-elementor-id=\"25719\" class=\"elementor elementor-25719\" data-elementor-post-type=\"page\">\n\t\t\t\t\t\t<section class=\"elementor-section elementor-top-section elementor-element elementor-element-5cb40c5d elementor-section-boxed elementor-section-height-default elementor-section-height-default\" data-id=\"5cb40c5d\" data-element_type=\"section\">\n\t\t\t\t\t\t<div class=\"elementor-container elementor-column-gap-default\">\n\t\t\t\t\t<div class=\"elementor-column elementor-col-100 elementor-top-column elementor-element elementor-element-3dd528bd\" data-id=\"3dd528bd\" data-element_type=\"column\">\n\t\t\t<div class=\"elementor-widget-wrap elementor-element-populated\">\n\t\t\t\t\t\t<div class=\"elementor-element elementor-element-52886726 elementor-widget elementor-widget-wp-widget-bcn_widget\" data-id=\"52886726\" data-element_type=\"widget\" data-widget_type=\"wp-widget-bcn_widget.default\">\n\t\t\t\t<div class=\"elementor-widget-container\">\n\t\t\t<div class=\"mn-grid breadcrumb\">\n                                    <div class=\"breadcrumb-inner mn-grid-12\"><div class=\"breadcrumbs\" vocab=\"https:\/\/schema.org\/\" typeof=\"BreadcrumbList\"><span property=\"itemListElement\" typeof=\"ListItem\"><a property=\"item\" typeof=\"WebPage\" title=\"Go to Szko\u0142a G\u0142\u00f3wna Gospodarstwa Wiejskiego w Warszawie.\" href=\"https:\/\/www.sggw.edu.pl\/en\/\" class=\"home\" aria-current=\"page\"><span property=\"name\">Home<\/span><\/a><meta property=\"position\" content=\"1\"><\/span><\/div>    <\/div>\n                                <\/div>\t\t<\/div>\n\t\t\t\t<\/div>\n\t\t\t\t<div class=\"elementor-element elementor-element-1c8c7193 elementor-widget elementor-widget-post-title\" data-id=\"1c8c7193\" data-element_type=\"widget\" data-widget_type=\"post-title.default\">\n\t\t\t\t<div class=\"elementor-widget-container\">\n\t\t\t<section>\n                    <div class=\"mn-grid entry-header-inner section-inner medium\">\n                        <h1 class=\"mn-grid-12 entry-title\" style=\"\">\n                            Contact and booking\n                        <\/h1>\n                    <\/div>\n                <\/section>\t\t<\/div>\n\t\t\t\t<\/div>\n\t\t\t\t<div class=\"elementor-element elementor-element-0aae66f elementor-widget elementor-widget-w33\" data-id=\"0aae66f\" data-element_type=\"widget\" data-widget_type=\"w33.default\">\n\t\t\t\t<div class=\"elementor-widget-container\">\n\t\t\t<section>\n            <div class=\"mn-grid\">\n                <div class=\"mn-vertical-separator-x2\">\n                    \n                <\/div>\n            <\/section>\t\t<\/div>\n\t\t\t\t<\/div>\n\t\t\t\t\t<\/div>\n\t\t<\/div>\n\t\t\t\t\t<\/div>\n\t\t<\/section>\n\t\t\t\t<section class=\"elementor-section elementor-top-section elementor-element elementor-element-890d519 elementor-section-boxed elementor-section-height-default elementor-section-height-default\" data-id=\"890d519\" data-element_type=\"section\">\n\t\t\t\t\t\t<div class=\"elementor-container elementor-column-gap-default\">\n\t\t\t\t\t<div class=\"elementor-column elementor-col-100 elementor-top-column elementor-element elementor-element-be4b1fe\" data-id=\"be4b1fe\" data-element_type=\"column\">\n\t\t\t<div class=\"elementor-widget-wrap elementor-element-populated\">\n\t\t\t\t\t\t<div class=\"elementor-element elementor-element-f1d9bbc elementor-widget elementor-widget-w33\" data-id=\"f1d9bbc\" data-element_type=\"widget\" data-widget_type=\"w33.default\">\n\t\t\t\t<div class=\"elementor-widget-container\">\n\t\t\t<section>\n            <div class=\"mn-grid\">\n                <div class=\"mn-vertical-separator-x2\">\n                    \n                <\/div>\n            <\/section>\t\t<\/div>\n\t\t\t\t<\/div>\n\t\t\t\t<div class=\"elementor-element elementor-element-9fe1edd elementor-widget elementor-widget-w1_2_3\" data-id=\"9fe1edd\" data-element_type=\"widget\" data-widget_type=\"w1_2_3.default\">\n\t\t\t\t<div class=\"elementor-widget-container\">\n\t\t\t<section>\n                    <div class=\"mn-grid\">\n                        <h3  class=\"mn-grid-12 mn-section-title2\">\n                            Inquiry form\n                        <\/h3>\n                    <\/div>\n                <\/section>\t\t<\/div>\n\t\t\t\t<\/div>\n\t\t\t\t<div class=\"elementor-element elementor-element-3c013dd4 elementor-widget elementor-widget-w33\" data-id=\"3c013dd4\" data-element_type=\"widget\" data-widget_type=\"w33.default\">\n\t\t\t\t<div class=\"elementor-widget-container\">\n\t\t\t<section>\n            <div class=\"mn-grid\">\n                <div class=\"mn-vertical-separator\">\n                    \n                <\/div>\n            <\/section>\t\t<\/div>\n\t\t\t\t<\/div>\n\t\t\t\t<div class=\"elementor-element elementor-element-1986b888 elementor-button-align-stretch elementor-widget elementor-widget-form\" data-id=\"1986b888\" data-element_type=\"widget\" data-settings=\"{&quot;step_next_label&quot;:&quot;Next&quot;,&quot;step_previous_label&quot;:&quot;Previous&quot;,&quot;button_width&quot;:&quot;100&quot;,&quot;step_type&quot;:&quot;number_text&quot;,&quot;step_icon_shape&quot;:&quot;circle&quot;}\" data-widget_type=\"form.default\">\n\t\t\t\t<div class=\"elementor-widget-container\">\n\t\t\t        <section>\n        <div class=\"mn-grid\">\n        <div class=\"mn-grid-12\">\n        <form class=\"elementor-form\" method=\"post\" name=\"New Form\">\n            <input type=\"hidden\" name=\"post_id\" value=\"25719\"\/>\n            <input type=\"hidden\" name=\"form_id\" value=\"1986b888\"\/>\n\n            \n            <div class=\"elementor-form-fields-wrapper elementor-labels-above\">\n                                    <div class=\"elementor-field-type-text elementor-field-group elementor-column elementor-field-group-name elementor-col-100 elementor-field-required\">\n                        <label for=\"form-field-name\" class=\"elementor-field-label\">Name<\/label><input size=\"1\" type=\"text\" name=\"form_fields[name]\" id=\"form-field-name\" class=\"elementor-field elementor-size-sm  elementor-field-textual\" required=\"required\" aria-required=\"true\">                    <\/div>\n                                    <div class=\"elementor-field-type-email elementor-field-group elementor-column elementor-field-group-email elementor-col-100 elementor-field-required\">\n                        <label for=\"form-field-email\" class=\"elementor-field-label\">E\u2011mail<\/label><input size=\"1\" type=\"email\" name=\"form_fields[email]\" id=\"form-field-email\" class=\"elementor-field elementor-size-sm  elementor-field-textual\" required=\"required\" aria-required=\"true\">                    <\/div>\n                                    <div class=\"elementor-field-type-tel elementor-field-group elementor-column elementor-field-group-field_6eb3e30 elementor-col-100\">\n                        <label for=\"form-field-field_6eb3e30\" class=\"elementor-field-label\">Phone<\/label>\t\t<input size=\"1\" type=\"tel\" name=\"form_fields[field_6eb3e30]\" id=\"form-field-field_6eb3e30\" class=\"elementor-field elementor-size-sm  elementor-field-textual\" pattern=\"[0-9()#&amp;+*-=.]+\" title=\"Only numbers and phone characters (#, -, *, etc) are accepted.\">\n\n\t\t                    <\/div>\n                                    <div class=\"elementor-field-type-date elementor-field-group elementor-column elementor-field-group-field_020e4ec elementor-col-100\">\n                        <label for=\"form-field-field_020e4ec\" class=\"elementor-field-label\">Date of arrival<\/label>\n\t\t<input type=\"date\" name=\"form_fields[field_020e4ec]\" id=\"form-field-field_020e4ec\" class=\"elementor-field elementor-size-sm  elementor-field-textual elementor-date-field\" placeholder=\"dd.mm.yyyy\" pattern=\"[0-9]{4}-[0-9]{2}-[0-9]{2}\">\n\t\t                    <\/div>\n                                    <div class=\"elementor-field-type-date elementor-field-group elementor-column elementor-field-group-field_5563d8a elementor-col-100\">\n                        <label for=\"form-field-field_5563d8a\" class=\"elementor-field-label\">Date of departure<\/label>\n\t\t<input type=\"date\" name=\"form_fields[field_5563d8a]\" id=\"form-field-field_5563d8a\" class=\"elementor-field elementor-size-sm  elementor-field-textual elementor-date-field\" placeholder=\"dd.mm.yyyy\" pattern=\"[0-9]{4}-[0-9]{2}-[0-9]{2}\">\n\t\t                    <\/div>\n                                    <div class=\"elementor-field-type-number elementor-field-group elementor-column elementor-field-group-field_091f490 elementor-col-100\">\n                        <label for=\"form-field-field_091f490\" class=\"elementor-field-label\">Number of adults<\/label>\t\t\t<input type=\"number\" name=\"form_fields[field_091f490]\" id=\"form-field-field_091f490\" class=\"elementor-field elementor-size-sm  elementor-field-textual\" min=\"0\" max=\"100\" >\n\t\t                    <\/div>\n                                    <div class=\"elementor-field-type-number elementor-field-group elementor-column elementor-field-group-field_707b9a2 elementor-col-100\">\n                        <label for=\"form-field-field_707b9a2\" class=\"elementor-field-label\">Number of children up to 3 years of age<\/label>\t\t\t<input type=\"number\" name=\"form_fields[field_707b9a2]\" id=\"form-field-field_707b9a2\" class=\"elementor-field elementor-size-sm  elementor-field-textual\" min=\"0\" max=\"100\" >\n\t\t                    <\/div>\n                                    <div class=\"elementor-field-type-text elementor-field-group elementor-column elementor-field-group-field_de5fbdf elementor-col-100\">\n                        <label for=\"form-field-field_de5fbdf\" class=\"elementor-field-label\">Type of room<\/label><input size=\"1\" type=\"text\" name=\"form_fields[field_de5fbdf]\" id=\"form-field-field_de5fbdf\" class=\"elementor-field elementor-size-sm  elementor-field-textual\" placeholder=\"STANDARD room\">                    <\/div>\n                                    <div class=\"elementor-field-type-textarea elementor-field-group elementor-column elementor-field-group-message elementor-col-100\">\n                        <label for=\"form-field-message\" class=\"elementor-field-label\">Message<\/label><textarea class=\"elementor-field-textual elementor-field  elementor-size-sm\" name=\"form_fields[message]\" id=\"form-field-message\" rows=\"4\" placeholder=\"Message body\"><\/textarea>                    <\/div>\n                                <div class=\"elementor-field-group elementor-column elementor-field-type-submit elementor-col-100 e-form__buttons\">\n                    <button type=\"submit\" class=\"elementor-button elementor-size-sm\">\n\t\t\t\t\t\t<span >\n\t\t\t\t\t\t\t                                <span class=\" elementor-button-icon\">\n\t\t\t\t\t\t\t\t\t                                    \t\t\t\t\t\t\t\t<\/span>\n                                                                                        <span class=\"elementor-button-text\">Send<\/span>\n                            \t\t\t\t\t\t<\/span>\n                    <\/button>\n                <\/div>\n            <\/div>\n        <\/form>\n        <\/div>\n        <\/div>\n        <\/section>\n        \t\t<\/div>\n\t\t\t\t<\/div>\n\t\t\t\t\t<\/div>\n\t\t<\/div>\n\t\t\t\t\t<\/div>\n\t\t<\/section>\n\t\t\t\t<section class=\"elementor-section elementor-top-section elementor-element elementor-element-8519fcb elementor-section-boxed elementor-section-height-default elementor-section-height-default\" data-id=\"8519fcb\" data-element_type=\"section\">\n\t\t\t\t\t\t<div class=\"elementor-container elementor-column-gap-default\">\n\t\t\t\t\t<div class=\"elementor-column elementor-col-100 elementor-top-column elementor-element elementor-element-292c654\" data-id=\"292c654\" data-element_type=\"column\">\n\t\t\t<div class=\"elementor-widget-wrap elementor-element-populated\">\n\t\t\t\t\t\t<div class=\"elementor-element elementor-element-3d2b1bc elementor-widget elementor-widget-w33\" data-id=\"3d2b1bc\" data-element_type=\"widget\" data-widget_type=\"w33.default\">\n\t\t\t\t<div class=\"elementor-widget-container\">\n\t\t\t<section>\n            <div class=\"mn-grid\">\n                <div class=\"mn-vertical-separator-x2\">\n                    \n                <\/div>\n            <\/section>\t\t<\/div>\n\t\t\t\t<\/div>\n\t\t\t\t<div class=\"elementor-element elementor-element-7223f94 elementor-widget elementor-widget-w33\" data-id=\"7223f94\" data-element_type=\"widget\" data-widget_type=\"w33.default\">\n\t\t\t\t<div class=\"elementor-widget-container\">\n\t\t\t<section>\n            <div class=\"mn-grid\">\n                <div class=\"mn-vertical-separator-x2\">\n                    \n                <\/div>\n            <\/section>\t\t<\/div>\n\t\t\t\t<\/div>\n\t\t\t\t<div class=\"elementor-element elementor-element-8fde86c elementor-widget elementor-widget-w1_2_3\" data-id=\"8fde86c\" data-element_type=\"widget\" data-widget_type=\"w1_2_3.default\">\n\t\t\t\t<div class=\"elementor-widget-container\">\n\t\t\t<section>\n                    <div class=\"mn-grid\">\n                        <h3  class=\"mn-grid-12 mn-section-title2\">\n                            BANK ACCOUNT INFORMATION:\n                        <\/h3>\n                    <\/div>\n                <\/section>\t\t<\/div>\n\t\t\t\t<\/div>\n\t\t\t\t<div class=\"elementor-element elementor-element-1b27a1de elementor-widget elementor-widget-w12\" data-id=\"1b27a1de\" data-element_type=\"widget\" data-widget_type=\"w12.default\">\n\t\t\t\t<div class=\"elementor-widget-container\">\n\t\t\t<section>\n                <div class=\"mn-grid\">\n                    <div class=\"mn-grid-12 mn-mod-text-links\">\n                        <p>Szko\u0142a G\u0142\u00f3wna Gospodarstwa Wiejskiego (Warsaw University of Life Sciences)<br \/>Nowoursynowska 166, 02-787 Warsaw, Poland<\/p><p>Bank Pekao SA: 35 1240 6263 1111 0010 1766 8731<\/p><h6><strong>ADDITIONAL INFORMATION FOR FOREIGN TRANSFERS<\/strong><\/h6><p>IBAN number: PL 35 1240 6263 1111 0010 1766 8731<\/p><p>BIC code (so-called Swift code) Bank Pekao SA: PKOPPLPW<\/p>\n                    <\/div>\n                <\/div>\n            <\/section>\t\t<\/div>\n\t\t\t\t<\/div>\n\t\t\t\t<div class=\"elementor-element elementor-element-d4754b2 elementor-widget elementor-widget-w33\" data-id=\"d4754b2\" data-element_type=\"widget\" data-widget_type=\"w33.default\">\n\t\t\t\t<div class=\"elementor-widget-container\">\n\t\t\t<section>\n            <div class=\"mn-grid\">\n                <div class=\"mn-vertical-separator-x2\">\n                    \n                <\/div>\n            <\/section>\t\t<\/div>\n\t\t\t\t<\/div>\n\t\t\t\t\t<\/div>\n\t\t<\/div>\n\t\t\t\t\t<\/div>\n\t\t<\/section>\n\t\t\t\t<section class=\"elementor-section elementor-top-section elementor-element elementor-element-785769e elementor-section-boxed elementor-section-height-default elementor-section-height-default\" data-id=\"785769e\" data-element_type=\"section\">\n\t\t\t\t\t\t<div class=\"elementor-container elementor-column-gap-default\">\n\t\t\t\t\t<div class=\"elementor-column elementor-col-100 elementor-top-column elementor-element elementor-element-ee5e2a5\" data-id=\"ee5e2a5\" data-element_type=\"column\">\n\t\t\t<div class=\"elementor-widget-wrap elementor-element-populated\">\n\t\t\t\t\t\t<div class=\"elementor-element elementor-element-de256be elementor-widget elementor-widget-w7\" data-id=\"de256be\" data-element_type=\"widget\" data-widget_type=\"w7.default\">\n\t\t\t\t<div class=\"elementor-widget-container\">\n\t\t\t<section>\n                <div class=\"mn-grid\">\n                    <div class=\"mn-grid-12 mn-horizontal-separator-grey\"><\/div>\n                <\/div>\n                <\/section>\t\t<\/div>\n\t\t\t\t<\/div>\n\t\t\t\t<div class=\"elementor-element elementor-element-bc6c123 elementor-widget elementor-widget-w33\" data-id=\"bc6c123\" data-element_type=\"widget\" data-widget_type=\"w33.default\">\n\t\t\t\t<div class=\"elementor-widget-container\">\n\t\t\t<section>\n            <div class=\"mn-grid\">\n                <div class=\"mn-vertical-separator-x2\">\n                    \n                <\/div>\n            <\/section>\t\t<\/div>\n\t\t\t\t<\/div>\n\t\t\t\t<div class=\"elementor-element elementor-element-6e570805 elementor-widget elementor-widget-w1_2_3\" data-id=\"6e570805\" data-element_type=\"widget\" data-widget_type=\"w1_2_3.default\">\n\t\t\t\t<div class=\"elementor-widget-container\">\n\t\t\t<section>\n                    <div class=\"mn-grid\">\n                        <h3  class=\"mn-grid-12 mn-section-title2\">\n                            \"MARYMONT\"\n                        <\/h3>\n                    <\/div>\n                <\/section>\t\t<\/div>\n\t\t\t\t<\/div>\n\t\t\t\t<div class=\"elementor-element elementor-element-224096d elementor-widget elementor-widget-w12\" data-id=\"224096d\" data-element_type=\"widget\" data-widget_type=\"w12.default\">\n\t\t\t\t<div class=\"elementor-widget-container\">\n\t\t\t<section>\n                <div class=\"mn-grid\">\n                    <div class=\"mn-grid-12 mn-mod-text-links\">\n                        <p><strong>Training and Recreation Center of the Warsaw University of Life Sciences<\/strong><br \/>Kiry 1,<br \/>34-511 Ko\u015bcielisko<\/p>\n<p>fax. + 48 18 20 206 87<br \/>e-mail:<a href=\"mailto:recepcja_kiry@sggw.edu.pl\"> recep_kiry@sggw.edu.pl<\/a><\/p>\n\n                    <\/div>\n                <\/div>\n            <\/section>\t\t<\/div>\n\t\t\t\t<\/div>\n\t\t\t\t<div class=\"elementor-element elementor-element-7751b2f2 elementor-widget elementor-widget-w33\" data-id=\"7751b2f2\" data-element_type=\"widget\" data-widget_type=\"w33.default\">\n\t\t\t\t<div class=\"elementor-widget-container\">\n\t\t\t<section>\n            <div class=\"mn-grid\">\n                <div class=\"mn-vertical-separator-x2\">\n                    \n                <\/div>\n            <\/section>\t\t<\/div>\n\t\t\t\t<\/div>\n\t\t\t\t\t<\/div>\n\t\t<\/div>\n\t\t\t\t\t<\/div>\n\t\t<\/section>\n\t\t\t\t<section class=\"elementor-section elementor-top-section elementor-element elementor-element-12a59060 elementor-section-boxed elementor-section-height-default elementor-section-height-default\" data-id=\"12a59060\" data-element_type=\"section\">\n\t\t\t\t\t\t<div class=\"elementor-container elementor-column-gap-default\">\n\t\t\t\t\t<div class=\"elementor-column elementor-col-100 elementor-top-column elementor-element elementor-element-70da8c7c\" data-id=\"70da8c7c\" data-element_type=\"column\">\n\t\t\t<div class=\"elementor-widget-wrap elementor-element-populated\">\n\t\t\t\t\t\t<div class=\"elementor-element elementor-element-f7c908f elementor-widget elementor-widget-Google Maps\" data-id=\"f7c908f\" data-element_type=\"widget\" data-widget_type=\"Google Maps.default\">\n\t\t\t\t<div class=\"elementor-widget-container\">\n\t\t\t<div class=\"elementor-custom-embed\"><iframe frameborder=\"0\" scrolling=\"no\" marginheight=\"0\" marginwidth=\"0\" src=\"https:\/\/maps.google.com\/maps?q=Marymont%20O%C5%9Brodek%20Szkoleniowo-WypoczynkowyKiry%201%2C%2034-511%20Ko%C5%9Bcielisko&amp;t=m&amp;z=12&amp;output=embed&amp;iwloc=near\" title=\"Marymont O\u015brodek Szkoleniowo-WypoczynkowyKiry 1, 34-511 Ko\u015bcielisko\" aria-label=\"Marymont O\u015brodek Szkoleniowo-WypoczynkowyKiry 1, 34-511 Ko\u015bcielisko\"><\/iframe><\/div>\t\t<\/div>\n\t\t\t\t<\/div>\n\t\t\t\t\t<\/div>\n\t\t<\/div>\n\t\t\t\t\t<\/div>\n\t\t<\/section>\n\t\t\t\t<\/div>\n\t\t","protected":false},"excerpt":{"rendered":"<p>Contact and booking Inquiry form Name E\u2011mail Phone Date of arrival Date of departure Number of adults Number of children up to 3 years of age Type of room Message Send BANK ACCOUNT INFORMATION: Szko\u0142a G\u0142\u00f3wna Gospodarstwa Wiejskiego (Warsaw University of Life Sciences)Nowoursynowska 166, 02-787 Warsaw, Poland Bank Pekao SA: 35 1240 6263 1111 0010 [&hellip;]<\/p>\n","protected":false},"author":35,"featured_media":0,"parent":15262,"menu_order":0,"comment_status":"closed","ping_status":"closed","template":"","meta":{"_acf_changed":false,"footnotes":""},"class_list":["post-25719","page","type-page","status-publish","hentry"],"acf":[],"_links":{"self":[{"href":"https:\/\/www.sggw.edu.pl\/en\/wp-json\/wp\/v2\/pages\/25719","targetHints":{"allow":["GET"]}}],"collection":[{"href":"https:\/\/www.sggw.edu.pl\/en\/wp-json\/wp\/v2\/pages"}],"about":[{"href":"https:\/\/www.sggw.edu.pl\/en\/wp-json\/wp\/v2\/types\/page"}],"author":[{"embeddable":true,"href":"https:\/\/www.sggw.edu.pl\/en\/wp-json\/wp\/v2\/users\/35"}],"replies":[{"embeddable":true,"href":"https:\/\/www.sggw.edu.pl\/en\/wp-json\/wp\/v2\/comments?post=25719"}],"version-history":[{"count":10,"href":"https:\/\/www.sggw.edu.pl\/en\/wp-json\/wp\/v2\/pages\/25719\/revisions"}],"predecessor-version":[{"id":85288,"href":"https:\/\/www.sggw.edu.pl\/en\/wp-json\/wp\/v2\/pages\/25719\/revisions\/85288"}],"up":[{"embeddable":true,"href":"https:\/\/www.sggw.edu.pl\/en\/wp-json\/wp\/v2\/pages\/15262"}],"wp:attachment":[{"href":"https:\/\/www.sggw.edu.pl\/en\/wp-json\/wp\/v2\/media?parent=25719"}],"curies":[{"name":"wp","href":"https:\/\/api.w.org\/{rel}","templated":true}]}}