{"id":25757,"date":"2021-04-12T16:46:26","date_gmt":"2021-04-12T14:46:26","guid":{"rendered":"https:\/\/www.sggw.edu.pl\/study-plan\/"},"modified":"2021-05-26T15:43:28","modified_gmt":"2021-05-26T13:43:28","slug":"study-plan","status":"publish","type":"page","link":"https:\/\/www.sggw.edu.pl\/en\/recruitment\/postgraduate\/study-plan\/","title":{"rendered":"Study plan"},"content":{"rendered":"\t\t<div data-elementor-type=\"wp-page\" data-elementor-id=\"25757\" class=\"elementor elementor-25757\" data-elementor-post-type=\"page\">\n\t\t\t\t\t\t<section class=\"elementor-section elementor-top-section elementor-element elementor-element-536f6aae elementor-section-boxed elementor-section-height-default elementor-section-height-default\" data-id=\"536f6aae\" data-element_type=\"section\">\n\t\t\t\t\t\t<div class=\"elementor-container elementor-column-gap-default\">\n\t\t\t\t\t<div class=\"elementor-column elementor-col-100 elementor-top-column elementor-element elementor-element-1f7ed4c0\" data-id=\"1f7ed4c0\" data-element_type=\"column\">\n\t\t\t<div class=\"elementor-widget-wrap elementor-element-populated\">\n\t\t\t\t\t\t<div class=\"elementor-element elementor-element-4bfb4451 elementor-widget elementor-widget-wp-widget-bcn_widget\" data-id=\"4bfb4451\" data-element_type=\"widget\" data-widget_type=\"wp-widget-bcn_widget.default\">\n\t\t\t\t<div class=\"elementor-widget-container\">\n\t\t\t<div class=\"mn-grid breadcrumb\">\n                                    <div class=\"breadcrumb-inner mn-grid-12\"><div class=\"breadcrumbs\" vocab=\"https:\/\/schema.org\/\" typeof=\"BreadcrumbList\"><span property=\"itemListElement\" typeof=\"ListItem\"><a property=\"item\" typeof=\"WebPage\" title=\"Go to Szko\u0142a G\u0142\u00f3wna Gospodarstwa Wiejskiego w Warszawie.\" href=\"https:\/\/www.sggw.edu.pl\/en\/\" class=\"home\" aria-current=\"page\"><span property=\"name\">Home<\/span><\/a><meta property=\"position\" content=\"1\"><\/span><\/div>    <\/div>\n                                <\/div>\t\t<\/div>\n\t\t\t\t<\/div>\n\t\t\t\t<div class=\"elementor-element elementor-element-199b6b81 elementor-widget elementor-widget-post-title\" data-id=\"199b6b81\" data-element_type=\"widget\" data-widget_type=\"post-title.default\">\n\t\t\t\t<div class=\"elementor-widget-container\">\n\t\t\t<section>\n                    <div class=\"mn-grid entry-header-inner section-inner medium\">\n                        <h1 class=\"mn-grid-12 entry-title\" style=\"\">\n                            Study plan\n                        <\/h1>\n                    <\/div>\n                <\/section>\t\t<\/div>\n\t\t\t\t<\/div>\n\t\t\t\t\t<\/div>\n\t\t<\/div>\n\t\t\t\t\t<\/div>\n\t\t<\/section>\n\t\t\t\t<section class=\"elementor-section elementor-top-section elementor-element elementor-element-084edd6 elementor-section-boxed elementor-section-height-default elementor-section-height-default\" data-id=\"084edd6\" data-element_type=\"section\">\n\t\t\t\t\t\t<div class=\"elementor-container elementor-column-gap-default\">\n\t\t\t\t\t<div class=\"elementor-column elementor-col-100 elementor-top-column elementor-element elementor-element-25d6cef\" data-id=\"25d6cef\" data-element_type=\"column\">\n\t\t\t<div class=\"elementor-widget-wrap elementor-element-populated\">\n\t\t\t\t\t\t<div class=\"elementor-element elementor-element-99215d6 elementor-widget elementor-widget-w33\" data-id=\"99215d6\" data-element_type=\"widget\" data-widget_type=\"w33.default\">\n\t\t\t\t<div class=\"elementor-widget-container\">\n\t\t\t<section>\n            <div class=\"mn-grid\">\n                <div class=\"mn-vertical-separator\">\n                    \n                <\/div>\n            <\/section>\t\t<\/div>\n\t\t\t\t<\/div>\n\t\t\t\t\t<\/div>\n\t\t<\/div>\n\t\t\t\t\t<\/div>\n\t\t<\/section>\n\t\t\t\t<section class=\"elementor-section elementor-top-section elementor-element elementor-element-ab11ca2 elementor-section-boxed elementor-section-height-default elementor-section-height-default\" data-id=\"ab11ca2\" data-element_type=\"section\">\n\t\t\t\t\t\t<div class=\"elementor-container elementor-column-gap-default\">\n\t\t\t\t\t<div class=\"elementor-column elementor-col-100 elementor-top-column elementor-element elementor-element-c26735e\" data-id=\"c26735e\" data-element_type=\"column\">\n\t\t\t<div class=\"elementor-widget-wrap elementor-element-populated\">\n\t\t\t\t\t\t<div class=\"elementor-element elementor-element-38d1c0a elementor-widget elementor-widget-w12\" data-id=\"38d1c0a\" data-element_type=\"widget\" data-widget_type=\"w12.default\">\n\t\t\t\t<div class=\"elementor-widget-container\">\n\t\t\t<section>\n                <div class=\"mn-grid\">\n                    <div class=\"mn-grid-12 mn-mod-text-links\">\n                        <p><strong>Study plan<\/strong><\/p>\n<p>Form of studies:<strong> extramural<\/strong><\/p>\n<p>Number of hours of classes in semesters: W &#8211; lecture, CS &#8211; seminar exercises, ZP &#8211; practical classes<\/p>\n<p>Form of getting credit: if there is an examination as a form of verification of learning outcomes &#8211; E; credit with a grade &#8211; Z_O; credit &#8211; Z<\/p>\n<p><img decoding=\"async\" class=\"align-center\" src=\"http:\/\/zoopsychologia.sggw.pl\/sites\/zoopsychologia.sggw.pl\/files\/inline-images\/program.png\" alt=\"program\" data-entity-type=\"file\" data-entity-uuid=\"d4229e5b-4cf9-486b-b348-56f93c0da741\"><\/p>\n<p><strong>Principles and form of internship implementation<\/strong><\/p>\n<p>The student is practicing for 10 hours. The internship is carried out under the supervision of a lecturer in a shelter for homeless animals. The term of the internship is agreed individually with the Lecturer. The practice consists in working with dogs showing behavioral problems under the supervision of the Lecturer and ends with a grade<\/p>\n<p><strong>The method of verifying the achieved learning outcomes<\/strong><\/p>\n<p>As part of individual subjects, credit is given on the basis of assessment of attendance (min. 80%) and activity in classes. The attendance is verified on the lists of attendance, exceeding the limit of admissible absences, if it is a justified case, results in the necessity to pass the course individually in agreement with the teacher. Obtaining a credit in a course is not accompanied by a grade. If at least one subject is not passed, the student is not admitted to the final exam. Verification of the assumed learning outcomes for the subjects listed in the study plan in point 1-9, is made during the final exam. The exam covers: one issue from the subjects listed in point 1 &#8211; 4 (random selection), two topics from the subjects listed in point 5 &#8211; 9 (random selection).<\/p>\n<p><strong>List of lecturers<\/strong> (in alphabetical order):<\/p>\n<p>Ewa Adamkiewicz<\/p>\n<p>Sybilla Berwid-W\u00f3jtowicz <\/p>\n<p>Katarzyna Fiszdon, <\/p>\n<p>Joanna Iracka,<\/p>\n<p>Tadeusz Kaleta,<\/p>\n<p>Andrzej K\u0142osi\u0144ski,<\/p>\n<p>Jagna Kud\u0142a,<\/p>\n<p>Jolanta \u0141api\u0144ska,<\/p>\n<p>Agnieszka Samolej,<\/p>\n<p>Aleksandra Szywa\u0142.<\/p>\n<\/p>\n<p><strong>Dates of meetings: <\/strong><\/p>\n<p>reunions planned at weekends every 2 weeks in accordance with the stay schedule in force at the Warsaw University of Life Sciences.<\/p>\n<p>The dates of the meetings will be announced in September.<\/p>\n\n                    <\/div>\n                <\/div>\n            <\/section>\t\t<\/div>\n\t\t\t\t<\/div>\n\t\t\t\t\t<\/div>\n\t\t<\/div>\n\t\t\t\t\t<\/div>\n\t\t<\/section>\n\t\t\t\t<\/div>\n\t\t","protected":false},"excerpt":{"rendered":"<p>Study plan Form of studies: extramural Number of hours of classes in semesters: W &#8211; lecture, CS &#8211; seminar exercises, ZP &#8211; practical classes Form of getting credit: if there is an examination as a form of verification of learning outcomes &#8211; E; credit with a grade &#8211; Z_O; credit &#8211; Z Principles and form [&hellip;]<\/p>\n","protected":false},"author":88,"featured_media":0,"parent":17614,"menu_order":0,"comment_status":"closed","ping_status":"closed","template":"","meta":{"_acf_changed":false,"footnotes":""},"class_list":["post-25757","page","type-page","status-publish","hentry"],"acf":[],"_links":{"self":[{"href":"https:\/\/www.sggw.edu.pl\/en\/wp-json\/wp\/v2\/pages\/25757","targetHints":{"allow":["GET"]}}],"collection":[{"href":"https:\/\/www.sggw.edu.pl\/en\/wp-json\/wp\/v2\/pages"}],"about":[{"href":"https:\/\/www.sggw.edu.pl\/en\/wp-json\/wp\/v2\/types\/page"}],"author":[{"embeddable":true,"href":"https:\/\/www.sggw.edu.pl\/en\/wp-json\/wp\/v2\/users\/88"}],"replies":[{"embeddable":true,"href":"https:\/\/www.sggw.edu.pl\/en\/wp-json\/wp\/v2\/comments?post=25757"}],"version-history":[{"count":1,"href":"https:\/\/www.sggw.edu.pl\/en\/wp-json\/wp\/v2\/pages\/25757\/revisions"}],"predecessor-version":[{"id":25758,"href":"https:\/\/www.sggw.edu.pl\/en\/wp-json\/wp\/v2\/pages\/25757\/revisions\/25758"}],"up":[{"embeddable":true,"href":"https:\/\/www.sggw.edu.pl\/en\/wp-json\/wp\/v2\/pages\/17614"}],"wp:attachment":[{"href":"https:\/\/www.sggw.edu.pl\/en\/wp-json\/wp\/v2\/media?parent=25757"}],"curies":[{"name":"wp","href":"https:\/\/api.w.org\/{rel}","templated":true}]}}