{"id":25815,"date":"2021-04-13T01:21:30","date_gmt":"2021-04-12T23:21:30","guid":{"rendered":"https:\/\/www.sggw.edu.pl\/home\/university\/structure-of-the-university\/social-section\/"},"modified":"2021-09-06T01:01:52","modified_gmt":"2021-09-05T23:01:52","slug":"social-section","status":"publish","type":"page","link":"https:\/\/www.sggw.edu.pl\/en\/home\/social-section\/","title":{"rendered":"Social section"},"content":{"rendered":"\t\t<div data-elementor-type=\"wp-page\" data-elementor-id=\"25815\" class=\"elementor elementor-25815\" data-elementor-post-type=\"page\">\n\t\t\t\t\t\t<section class=\"elementor-section elementor-top-section elementor-element elementor-element-70482ec elementor-section-boxed elementor-section-height-default elementor-section-height-default\" data-id=\"70482ec\" data-element_type=\"section\">\n\t\t\t\t\t\t<div class=\"elementor-container elementor-column-gap-default\">\n\t\t\t\t\t<div class=\"elementor-column elementor-col-100 elementor-top-column elementor-element elementor-element-8210942\" data-id=\"8210942\" data-element_type=\"column\">\n\t\t\t<div class=\"elementor-widget-wrap elementor-element-populated\">\n\t\t\t\t\t\t<div class=\"elementor-element elementor-element-28003bb elementor-widget elementor-widget-wp-widget-bcn_widget\" data-id=\"28003bb\" data-element_type=\"widget\" data-widget_type=\"wp-widget-bcn_widget.default\">\n\t\t\t\t<div class=\"elementor-widget-container\">\n\t\t\t<div class=\"mn-grid breadcrumb\">\n                                    <div class=\"breadcrumb-inner mn-grid-12\"><div class=\"breadcrumbs\" vocab=\"https:\/\/schema.org\/\" typeof=\"BreadcrumbList\"><span property=\"itemListElement\" typeof=\"ListItem\"><a property=\"item\" typeof=\"WebPage\" title=\"Go to Szko\u0142a G\u0142\u00f3wna Gospodarstwa Wiejskiego w Warszawie.\" href=\"https:\/\/www.sggw.edu.pl\/en\/\" class=\"home\" aria-current=\"page\"><span property=\"name\">Home<\/span><\/a><meta property=\"position\" content=\"1\"><\/span><\/div>    <\/div>\n                                <\/div>\t\t<\/div>\n\t\t\t\t<\/div>\n\t\t\t\t\t<\/div>\n\t\t<\/div>\n\t\t\t\t\t<\/div>\n\t\t<\/section>\n\t\t\t\t<section class=\"elementor-section elementor-top-section elementor-element elementor-element-d1b19af elementor-section-boxed elementor-section-height-default elementor-section-height-default\" data-id=\"d1b19af\" data-element_type=\"section\">\n\t\t\t\t\t\t<div class=\"elementor-container elementor-column-gap-default\">\n\t\t\t\t\t<div class=\"elementor-column elementor-col-100 elementor-top-column elementor-element elementor-element-72e35d1\" data-id=\"72e35d1\" data-element_type=\"column\">\n\t\t\t<div class=\"elementor-widget-wrap elementor-element-populated\">\n\t\t\t\t\t\t<div class=\"elementor-element elementor-element-b796c82 elementor-widget elementor-widget-post-title\" data-id=\"b796c82\" data-element_type=\"widget\" data-widget_type=\"post-title.default\">\n\t\t\t\t<div class=\"elementor-widget-container\">\n\t\t\t<section>\n                    <div class=\"mn-grid entry-header-inner section-inner medium\">\n                        <h1 class=\"mn-grid-12 entry-title\" style=\"\">\n                            Social section\n                        <\/h1>\n                    <\/div>\n                <\/section>\t\t<\/div>\n\t\t\t\t<\/div>\n\t\t\t\t\t<\/div>\n\t\t<\/div>\n\t\t\t\t\t<\/div>\n\t\t<\/section>\n\t\t\t\t<section class=\"elementor-section elementor-top-section elementor-element elementor-element-f7abda6 elementor-section-boxed elementor-section-height-default elementor-section-height-default\" data-id=\"f7abda6\" data-element_type=\"section\">\n\t\t\t\t\t\t<div class=\"elementor-container elementor-column-gap-default\">\n\t\t\t\t\t<div class=\"elementor-column elementor-col-100 elementor-top-column elementor-element elementor-element-e128214\" data-id=\"e128214\" data-element_type=\"column\">\n\t\t\t<div class=\"elementor-widget-wrap elementor-element-populated\">\n\t\t\t\t\t\t<div class=\"elementor-element elementor-element-99495d1 elementor-widget elementor-widget-w33\" data-id=\"99495d1\" data-element_type=\"widget\" data-widget_type=\"w33.default\">\n\t\t\t\t<div class=\"elementor-widget-container\">\n\t\t\t<section>\n            <div class=\"mn-grid\">\n                <div class=\"mn-vertical-separator-x2\">\n                    \n                <\/div>\n            <\/section>\t\t<\/div>\n\t\t\t\t<\/div>\n\t\t\t\t\t<\/div>\n\t\t<\/div>\n\t\t\t\t\t<\/div>\n\t\t<\/section>\n\t\t\t\t<section class=\"elementor-section elementor-top-section elementor-element elementor-element-d3f1475 elementor-section-boxed elementor-section-height-default elementor-section-height-default\" data-id=\"d3f1475\" data-element_type=\"section\">\n\t\t\t\t\t\t<div class=\"elementor-container elementor-column-gap-default\">\n\t\t\t\t\t<div class=\"elementor-column elementor-col-100 elementor-top-column elementor-element elementor-element-8bddf58\" data-id=\"8bddf58\" data-element_type=\"column\">\n\t\t\t<div class=\"elementor-widget-wrap elementor-element-populated\">\n\t\t\t\t\t\t<div class=\"elementor-element elementor-element-c3ba8d9 elementor-widget elementor-widget-w1_2_3\" data-id=\"c3ba8d9\" data-element_type=\"widget\" data-widget_type=\"w1_2_3.default\">\n\t\t\t\t<div class=\"elementor-widget-container\">\n\t\t\t<section>\n                    <div class=\"mn-grid\">\n                        <h3  class=\"mn-grid-12 mn-section-title2\">\n                            Purpose of the Social Section\n                        <\/h3>\n                    <\/div>\n                <\/section>\t\t<\/div>\n\t\t\t\t<\/div>\n\t\t\t\t\t<\/div>\n\t\t<\/div>\n\t\t\t\t\t<\/div>\n\t\t<\/section>\n\t\t\t\t<section class=\"elementor-section elementor-top-section elementor-element elementor-element-67492d8 elementor-section-boxed elementor-section-height-default elementor-section-height-default\" data-id=\"67492d8\" data-element_type=\"section\">\n\t\t\t\t\t\t<div class=\"elementor-container elementor-column-gap-default\">\n\t\t\t\t\t<div class=\"elementor-column elementor-col-100 elementor-top-column elementor-element elementor-element-b0b05a0\" data-id=\"b0b05a0\" data-element_type=\"column\">\n\t\t\t<div class=\"elementor-widget-wrap elementor-element-populated\">\n\t\t\t\t\t\t<div class=\"elementor-element elementor-element-91781e8 elementor-widget elementor-widget-w12\" data-id=\"91781e8\" data-element_type=\"widget\" data-widget_type=\"w12.default\">\n\t\t\t\t<div class=\"elementor-widget-container\">\n\t\t\t<section>\n                <div class=\"mn-grid\">\n                    <div class=\"mn-grid-12 mn-mod-text-links\">\n                        <p>The Social Section is an organizational unit of the University that conducts activities related to the comprehensive support for the activities of the Company Social Benefit Fund at the Warsaw University of Life Sciences, including administrative support for the Rector&#8217;s Social Committee. The service provided by the Social Section covers tasks related to the granting of benefits from the Fund, including financial aid (non-returnable and loans), organizing summer and winter holidays in the country and abroad for children, trips of employees and pensioners to the University&#8217;s centers (Training and Recreation Center&#8221;Marymont&#8221;, (Training and Recreation Center in Kociszew), co-financing of self-organized leisure for employees &#8211; the so-called &#8220;Holidays under the pear tree [PL: wczasy pod grusz\u0105&#8221;], sports and recreational activities as well as cultural and educational activities, packages for employees&#8217; children as well as organizing social and cultural events for retirees and pensioners<\/p><p><strong><u>Social activity at the Warsaw University of Life Sciences<\/u><\/strong> is carried out in accordance with the Regulations of the Company Social Benefits Fund at the Warsaw University of Life Sciences, introduced by the Regulation No. 6 of the Rector of the Warsaw University of Life Sciences of February 9, 2016. (with later changes).<\/p><p><strong><u>Legislation regulating social activity <\/u><\/strong><\/p><p>Social activities organized by employers in workplaces is regulated by the following laws:<\/p><ul><li>Law on higher education and science<\/li><li>Trade Unions<\/li><li>by the Act of March 4, 1994 on the Company Social Benefits Fund<\/li><\/ul><p>and it is an integral part of the state&#8217;s social policy in the field of social security of employees and pensioners. The above-mentioned legal acts define general standards for the Company Social Benefits Fund, i.e. the source of financing, the method of making settlements, the terms and conditions for granting allowances and benefits to eligible persons.<\/p><p><u>Accordance with the law<\/u><u> on the Company Social Benefits Fund<\/u><u> (Article 8 (1)) and the Regulations<\/u><u> granting discounted services and benefits and the amount of subsidies from the Fund depend on the life, family and material situation of the person entitled to use the Fund.<\/u><\/p>\n                    <\/div>\n                <\/div>\n            <\/section>\t\t<\/div>\n\t\t\t\t<\/div>\n\t\t\t\t\t<\/div>\n\t\t<\/div>\n\t\t\t\t\t<\/div>\n\t\t<\/section>\n\t\t\t\t<section class=\"elementor-section elementor-top-section elementor-element elementor-element-f4df74d elementor-section-boxed elementor-section-height-default elementor-section-height-default\" data-id=\"f4df74d\" data-element_type=\"section\">\n\t\t\t\t\t\t<div class=\"elementor-container elementor-column-gap-default\">\n\t\t\t\t\t<div class=\"elementor-column elementor-col-100 elementor-top-column elementor-element elementor-element-3748897\" data-id=\"3748897\" data-element_type=\"column\">\n\t\t\t<div class=\"elementor-widget-wrap elementor-element-populated\">\n\t\t\t\t\t\t<div class=\"elementor-element elementor-element-3ff0999 elementor-widget elementor-widget-w7\" data-id=\"3ff0999\" data-element_type=\"widget\" data-widget_type=\"w7.default\">\n\t\t\t\t<div class=\"elementor-widget-container\">\n\t\t\t<section>\n                <div class=\"mn-grid\">\n                    <div class=\"mn-grid-12 mn-horizontal-separator\"><\/div>\n                <\/div>\n                <\/section>\t\t<\/div>\n\t\t\t\t<\/div>\n\t\t\t\t\t<\/div>\n\t\t<\/div>\n\t\t\t\t\t<\/div>\n\t\t<\/section>\n\t\t\t\t<section class=\"elementor-section elementor-top-section elementor-element elementor-element-65f8b0b elementor-section-boxed elementor-section-height-default elementor-section-height-default\" data-id=\"65f8b0b\" data-element_type=\"section\">\n\t\t\t\t\t\t<div class=\"elementor-container elementor-column-gap-default\">\n\t\t\t\t\t<div class=\"elementor-column elementor-col-100 elementor-top-column elementor-element elementor-element-3e47e13\" data-id=\"3e47e13\" data-element_type=\"column\">\n\t\t\t<div class=\"elementor-widget-wrap elementor-element-populated\">\n\t\t\t\t\t\t<div class=\"elementor-element elementor-element-292512e elementor-widget elementor-widget-w1_2_3\" data-id=\"292512e\" data-element_type=\"widget\" data-widget_type=\"w1_2_3.default\">\n\t\t\t\t<div class=\"elementor-widget-container\">\n\t\t\t<section>\n                    <div class=\"mn-grid\">\n                        <h3  class=\"mn-grid-12 mn-section-title2\">\n                            General information about the Company Social Benefits Fund\n                        <\/h3>\n                    <\/div>\n                <\/section>\t\t<\/div>\n\t\t\t\t<\/div>\n\t\t\t\t\t<\/div>\n\t\t<\/div>\n\t\t\t\t\t<\/div>\n\t\t<\/section>\n\t\t\t\t<section class=\"elementor-section elementor-top-section elementor-element elementor-element-2607ebb elementor-section-boxed elementor-section-height-default elementor-section-height-default\" data-id=\"2607ebb\" data-element_type=\"section\">\n\t\t\t\t\t\t<div class=\"elementor-container elementor-column-gap-default\">\n\t\t\t\t\t<div class=\"elementor-column elementor-col-100 elementor-top-column elementor-element elementor-element-1e6c546\" data-id=\"1e6c546\" data-element_type=\"column\">\n\t\t\t<div class=\"elementor-widget-wrap elementor-element-populated\">\n\t\t\t\t\t\t<div class=\"elementor-element elementor-element-a301573 elementor-widget elementor-widget-w12\" data-id=\"a301573\" data-element_type=\"widget\" data-widget_type=\"w12.default\">\n\t\t\t\t<div class=\"elementor-widget-container\">\n\t\t\t<section>\n                <div class=\"mn-grid\">\n                    <div class=\"mn-grid-12 mn-mod-text-links\">\n                        <p><strong><u>The social benefit is a discretionary fund granted only to persons who meet the criteria specified in the Act on the Company Social Benefits Fund and the Regulations of the Company Social Benefit Fund at the Warsaw University of Life Sciences.<\/u><\/strong><\/p><p>The persons entitled to benefit from social benefits at the University are employees, retirees and pensioners of the Warsaw University of Life Sciences, members of their families &#8211; children up to the age of 18, and if they study at school until the age of 25 (photocopy of the school ID). The birth of a child (covering the costs of a layette &#8211; a photocopy of the birth certificate) of family members of deceased employees, pensioners of SGGW, if they covered the funeral costs by presenting relevant documents, they were solely dependent on them.<\/p><p>The basis for granting social benefits financed from the Fund is the application of the entitled person together with the required documentation specified in the Regulations and the specific income per person in the household in 2018.<\/p><p><strong>Applications for social benefits should be submitted to the Social Section on the relevant forms attached to the Regulations. All forms should contain the required attachments and be correctly completed.<\/strong><\/p><h6><strong>INCOMPLETE OR MISSING FORMS\/<\/strong><strong>ATTACHMENTS WILL NOT BE ACCEPTED!<\/strong><\/h6><p align=\"center\"><strong>Social benefits at the Warsaw University of Life Sciences<\/strong><\/p><ul><li>co-financing of sports and recreational activities and cultural events,<\/li><li>co-financing of stay in recreational centers of the Warsaw University of Life Sciences (SGGW) (Training and Recreation Center &#8220;Marymont&#8221;, Training and RecreationCenter in Kociszew),<\/li><li>co-financing of holidays for children and adolescents,<\/li><li>packages for children of employees<\/li><li>financial assistance for people and families in a difficult life, material and health situations, and financial asstistance in connection with the birth of a child,<\/li><li>financial assistance for people affected by fortuitous events<\/li><li>loans for apartment renovation, purchase, and redemption of apartments, and house construction<\/li><\/ul><p>All applications for social benefits <u><strong>are reviewed by the Social Committee (the Committee is composed of delegated representatives of trade union organizations operating at the University)<\/strong>.<\/u><\/p><p><strong><u>Income tax-free amounts:<\/u><\/strong><\/p><ul><li>allowances<\/li><li>benefits (in cash and in-kind) received by pensioners up to the amount not exceeding PLN 3,000 in the tax year<\/li><li>value of cash and in-kind benefits received by the employee, up to the total amount not exceeding PLN 1,000 in the tax year.<\/li><\/ul><p><strong><u>Important information<\/u><\/strong><\/p><p>Applications for subsidizing holidays for employees, children, retirees, and pensioners are submitted to the Social Section on two dates by:<\/p><ul><li>May 31 &#8211; for applications regarding winter recreation<\/li><li>October 31 &#8211; for summer vacation applications<\/li><\/ul><p>Co-financing of expenses for cultural events is granted once a year. It must be submitted to:<\/p><ul><li>November 30<\/li><\/ul><p><strong><u>SUBMISSION OF AN INCORRECTLY COMPLETED AND\/OR INCOMPLETE APPLICATION WILL RESULT IN THE REJECTION OF THE APPLICATION FOR BENEFIT<\/u><\/strong><\/p>\n                    <\/div>\n                <\/div>\n            <\/section>\t\t<\/div>\n\t\t\t\t<\/div>\n\t\t\t\t\t<\/div>\n\t\t<\/div>\n\t\t\t\t\t<\/div>\n\t\t<\/section>\n\t\t\t\t<section class=\"elementor-section elementor-top-section elementor-element elementor-element-bc0a3f7 elementor-section-boxed elementor-section-height-default elementor-section-height-default\" data-id=\"bc0a3f7\" data-element_type=\"section\">\n\t\t\t\t\t\t<div class=\"elementor-container elementor-column-gap-default\">\n\t\t\t\t\t<div class=\"elementor-column elementor-col-100 elementor-top-column elementor-element elementor-element-fca36ae\" data-id=\"fca36ae\" data-element_type=\"column\">\n\t\t\t<div class=\"elementor-widget-wrap elementor-element-populated\">\n\t\t\t\t\t\t<div class=\"elementor-element elementor-element-2860cad elementor-widget elementor-widget-w7\" data-id=\"2860cad\" data-element_type=\"widget\" data-widget_type=\"w7.default\">\n\t\t\t\t<div class=\"elementor-widget-container\">\n\t\t\t<section>\n                <div class=\"mn-grid\">\n                    <div class=\"mn-grid-12 mn-horizontal-separator\"><\/div>\n                <\/div>\n                <\/section>\t\t<\/div>\n\t\t\t\t<\/div>\n\t\t\t\t\t<\/div>\n\t\t<\/div>\n\t\t\t\t\t<\/div>\n\t\t<\/section>\n\t\t\t\t<section class=\"elementor-section elementor-top-section elementor-element elementor-element-4aa0622 elementor-section-boxed elementor-section-height-default elementor-section-height-default\" data-id=\"4aa0622\" data-element_type=\"section\">\n\t\t\t\t\t\t<div class=\"elementor-container elementor-column-gap-default\">\n\t\t\t\t\t<div class=\"elementor-column elementor-col-100 elementor-top-column elementor-element elementor-element-25bd722\" data-id=\"25bd722\" data-element_type=\"column\">\n\t\t\t<div class=\"elementor-widget-wrap elementor-element-populated\">\n\t\t\t\t\t\t<div class=\"elementor-element elementor-element-aed8c38 elementor-widget elementor-widget-w1_2_3\" data-id=\"aed8c38\" data-element_type=\"widget\" data-widget_type=\"w1_2_3.default\">\n\t\t\t\t<div class=\"elementor-widget-container\">\n\t\t\t<section>\n                <div class=\"mn-grid\">\n                    <h2  class=\"mn-grid-12\">\n                        The composition of the Social Committee\n                    <\/h2>\n                <\/div>\n            <\/section>\t\t<\/div>\n\t\t\t\t<\/div>\n\t\t\t\t\t<\/div>\n\t\t<\/div>\n\t\t\t\t\t<\/div>\n\t\t<\/section>\n\t\t\t\t<section class=\"elementor-section elementor-top-section elementor-element elementor-element-c9d3028 elementor-section-boxed elementor-section-height-default elementor-section-height-default\" data-id=\"c9d3028\" data-element_type=\"section\">\n\t\t\t\t\t\t<div class=\"elementor-container elementor-column-gap-default\">\n\t\t\t\t\t<div class=\"elementor-column elementor-col-100 elementor-top-column elementor-element elementor-element-62daec0\" data-id=\"62daec0\" data-element_type=\"column\">\n\t\t\t<div class=\"elementor-widget-wrap elementor-element-populated\">\n\t\t\t\t\t\t<div class=\"elementor-element elementor-element-b4450a3 elementor-widget elementor-widget-w12\" data-id=\"b4450a3\" data-element_type=\"widget\" data-widget_type=\"w12.default\">\n\t\t\t\t<div class=\"elementor-widget-container\">\n\t\t\t<section>\n                <div class=\"mn-grid\">\n                    <div class=\"mn-grid-12 mn-mod-text-links\">\n                        <p align=\"center\"><strong>Head of the Social Committee<\/strong><\/p><p align=\"center\">M.D. Barbara Zakrzewska<\/p><p align=\"center\"><strong>Committee Member<\/strong><\/p><p align=\"center\">Joanna Brodalka<\/p><p align=\"center\"><strong>Committee Member<\/strong><\/p><p align=\"center\">Ewa Kucharska<\/p><p align=\"center\"><strong>Committee Member<\/strong><\/p><p align=\"center\">Agnieszka Telecka, MA<\/p><p align=\"center\"><strong>Committee Member<\/strong><\/p><p align=\"center\">Dorota T\u0119cza-Dziemdziela, MSc<\/p><h6>\u00a0<\/h6><h6><strong><u>Office hours for visitors (employees): Monday to Friday from 09:00 to 14:00<\/u><\/strong><\/h6><h6><strong><u>Retired employees are admitted from Monday to Friday from 08:00 to 16:00<\/u><\/strong><\/h6><h6><a href=\"https:\/\/www.sggw.edu.pl\/wp-content\/uploads\/2021\/04\/Regulamin-ZF%C5%9AS-2.03.2020.pdf\">REGULATIONS&lt; download file&gt;<\/a><\/h6>\n                    <\/div>\n                <\/div>\n            <\/section>\t\t<\/div>\n\t\t\t\t<\/div>\n\t\t\t\t\t<\/div>\n\t\t<\/div>\n\t\t\t\t\t<\/div>\n\t\t<\/section>\n\t\t\t\t<section class=\"elementor-section elementor-top-section elementor-element elementor-element-a0760a6 elementor-section-boxed elementor-section-height-default elementor-section-height-default\" data-id=\"a0760a6\" data-element_type=\"section\">\n\t\t\t\t\t\t<div class=\"elementor-container elementor-column-gap-default\">\n\t\t\t\t\t<div class=\"elementor-column elementor-col-100 elementor-top-column elementor-element elementor-element-549e588\" data-id=\"549e588\" data-element_type=\"column\">\n\t\t\t<div class=\"elementor-widget-wrap elementor-element-populated\">\n\t\t\t\t\t\t<div class=\"elementor-element elementor-element-c78da26 elementor-widget elementor-widget-w7\" data-id=\"c78da26\" data-element_type=\"widget\" data-widget_type=\"w7.default\">\n\t\t\t\t<div class=\"elementor-widget-container\">\n\t\t\t<section>\n                <div class=\"mn-grid\">\n                    <div class=\"mn-grid-12 mn-horizontal-separator\"><\/div>\n                <\/div>\n                <\/section>\t\t<\/div>\n\t\t\t\t<\/div>\n\t\t\t\t\t<\/div>\n\t\t<\/div>\n\t\t\t\t\t<\/div>\n\t\t<\/section>\n\t\t\t\t<section class=\"elementor-section elementor-top-section elementor-element elementor-element-965fae0 elementor-section-boxed elementor-section-height-default elementor-section-height-default\" data-id=\"965fae0\" data-element_type=\"section\">\n\t\t\t\t\t\t<div class=\"elementor-container elementor-column-gap-default\">\n\t\t\t\t\t<div class=\"elementor-column elementor-col-100 elementor-top-column elementor-element elementor-element-243f2ee\" data-id=\"243f2ee\" data-element_type=\"column\">\n\t\t\t<div class=\"elementor-widget-wrap elementor-element-populated\">\n\t\t\t\t\t\t<div class=\"elementor-element elementor-element-3ad8dd1 elementor-widget elementor-widget-w1_2_3\" data-id=\"3ad8dd1\" data-element_type=\"widget\" data-widget_type=\"w1_2_3.default\">\n\t\t\t\t<div class=\"elementor-widget-container\">\n\t\t\t<section>\n                    <div class=\"mn-grid\">\n                        <h3  class=\"mn-grid-12 mn-section-title2\">\n                            Attachment:\n                        <\/h3>\n                    <\/div>\n                <\/section>\t\t<\/div>\n\t\t\t\t<\/div>\n\t\t\t\t\t<\/div>\n\t\t<\/div>\n\t\t\t\t\t<\/div>\n\t\t<\/section>\n\t\t\t\t<section class=\"elementor-section elementor-top-section elementor-element elementor-element-f3d2dfc elementor-section-boxed elementor-section-height-default elementor-section-height-default\" data-id=\"f3d2dfc\" data-element_type=\"section\">\n\t\t\t\t\t\t<div class=\"elementor-container elementor-column-gap-default\">\n\t\t\t\t\t<div class=\"elementor-column elementor-col-100 elementor-top-column elementor-element elementor-element-ef47a33\" data-id=\"ef47a33\" data-element_type=\"column\">\n\t\t\t<div class=\"elementor-widget-wrap elementor-element-populated\">\n\t\t\t\t\t\t<div class=\"elementor-element elementor-element-2f1c786 elementor-widget elementor-widget-w12\" data-id=\"2f1c786\" data-element_type=\"widget\" data-widget_type=\"w12.default\">\n\t\t\t\t<div class=\"elementor-widget-container\">\n\t\t\t<section>\n                <div class=\"mn-grid\">\n                    <div class=\"mn-grid-12 mn-mod-text-links\">\n                        <p><a href=\"https:\/\/www.sggw.edu.pl\/wp-content\/uploads\/2021\/04\/wniosek-o-dowfinansowanie-wypoczynku-organizowanego-we-w%C5%82asnym-zakresie-WCZASY-POD-GRUSZ%C4%84-2020.pdf\">Application for co-financing of self-organized leisure &#8211; the so-called holiday under the pear tree<\/a><\/p>\n<p><a href=\"https:\/\/www.sggw.edu.pl\/wp-content\/uploads\/2021\/04\/Wniosek-o-refundacj%C4%99-koszt%C3%B3w-wypoczynku-w-obiektach-SGGW-2020-1.pdf\">Application for co-financing rest at the facilities of the Warsaw University of Life Sciences<\/a><\/p>\n<p><a href=\"https:\/\/www.sggw.edu.pl\/wp-content\/uploads\/2021\/04\/wniosek-o-przyznanie-pomocy-finansowej-2020-.pdf\">Application for financial aid from the Company Social Benefits Fund<\/a><\/p>\n<p>Application for qualifying the child to summer camps, camps, winter camps<\/p><\/p>\n\n                    <\/div>\n                <\/div>\n            <\/section>\t\t<\/div>\n\t\t\t\t<\/div>\n\t\t\t\t\t<\/div>\n\t\t<\/div>\n\t\t\t\t\t<\/div>\n\t\t<\/section>\n\t\t\t\t<\/div>\n\t\t","protected":false},"excerpt":{"rendered":"<p>Social section Purpose of the Social Section The Social Section is an organizational unit of the University that conducts activities related to the comprehensive support for the activities of the Company Social Benefit Fund at the Warsaw University of Life Sciences, including administrative support for the Rector&#8217;s Social Committee. The service provided by the Social [&hellip;]<\/p>\n","protected":false},"author":88,"featured_media":0,"parent":16825,"menu_order":0,"comment_status":"closed","ping_status":"closed","template":"","meta":{"_acf_changed":false,"footnotes":""},"class_list":["post-25815","page","type-page","status-publish","hentry"],"acf":[],"_links":{"self":[{"href":"https:\/\/www.sggw.edu.pl\/en\/wp-json\/wp\/v2\/pages\/25815","targetHints":{"allow":["GET"]}}],"collection":[{"href":"https:\/\/www.sggw.edu.pl\/en\/wp-json\/wp\/v2\/pages"}],"about":[{"href":"https:\/\/www.sggw.edu.pl\/en\/wp-json\/wp\/v2\/types\/page"}],"author":[{"embeddable":true,"href":"https:\/\/www.sggw.edu.pl\/en\/wp-json\/wp\/v2\/users\/88"}],"replies":[{"embeddable":true,"href":"https:\/\/www.sggw.edu.pl\/en\/wp-json\/wp\/v2\/comments?post=25815"}],"version-history":[{"count":15,"href":"https:\/\/www.sggw.edu.pl\/en\/wp-json\/wp\/v2\/pages\/25815\/revisions"}],"predecessor-version":[{"id":94057,"href":"https:\/\/www.sggw.edu.pl\/en\/wp-json\/wp\/v2\/pages\/25815\/revisions\/94057"}],"up":[{"embeddable":true,"href":"https:\/\/www.sggw.edu.pl\/en\/wp-json\/wp\/v2\/pages\/16825"}],"wp:attachment":[{"href":"https:\/\/www.sggw.edu.pl\/en\/wp-json\/wp\/v2\/media?parent=25815"}],"curies":[{"name":"wp","href":"https:\/\/api.w.org\/{rel}","templated":true}]}}