{"id":276608,"date":"2026-01-16T12:18:36","date_gmt":"2026-01-16T11:18:36","guid":{"rendered":"https:\/\/www.sggw.edu.pl\/?page_id=276608"},"modified":"2026-01-16T12:22:28","modified_gmt":"2026-01-16T11:22:28","slug":"kraj-wydania-swiadectwa","status":"publish","type":"page","link":"https:\/\/www.sggw.edu.pl\/en\/kraj-wydania-swiadectwa\/","title":{"rendered":"Kraj wydania \u015bwiadectwa"},"content":{"rendered":"\t\t<div data-elementor-type=\"wp-page\" data-elementor-id=\"276608\" class=\"elementor elementor-276608\" data-elementor-post-type=\"page\">\n\t\t\t\t<div class=\"elementor-element elementor-element-9f26a31 e-con-full e-flex e-con e-parent\" data-id=\"9f26a31\" data-element_type=\"container\">\n\t\t\t\t<div class=\"elementor-element elementor-element-469946e elementor-widget elementor-widget-wp-widget-bcn_widget\" data-id=\"469946e\" data-element_type=\"widget\" data-widget_type=\"wp-widget-bcn_widget.default\">\n\t\t\t\t<div class=\"elementor-widget-container\">\n\t\t\t<div class=\"mn-grid breadcrumb\">\n                                    <div class=\"breadcrumb-inner mn-grid-12\"><div class=\"breadcrumbs\" vocab=\"https:\/\/schema.org\/\" typeof=\"BreadcrumbList\"><span property=\"itemListElement\" typeof=\"ListItem\"><a property=\"item\" typeof=\"WebPage\" title=\"Go to Szko\u0142a G\u0142\u00f3wna Gospodarstwa Wiejskiego w Warszawie.\" href=\"https:\/\/www.sggw.edu.pl\/en\/\" class=\"home\" aria-current=\"page\"><span property=\"name\">Home<\/span><\/a><meta property=\"position\" content=\"1\"><\/span><\/div>    <\/div>\n                                <\/div>\t\t<\/div>\n\t\t\t\t<\/div>\n\t\t\t\t<\/div>\n\t\t<div class=\"elementor-element elementor-element-7f58cba e-con-full e-flex e-con e-parent\" data-id=\"7f58cba\" data-element_type=\"container\">\n\t\t\t\t<div class=\"elementor-element elementor-element-9ead8d0 elementor-widget elementor-widget-w1_2_3\" data-id=\"9ead8d0\" data-element_type=\"widget\" data-widget_type=\"w1_2_3.default\">\n\t\t\t\t<div class=\"elementor-widget-container\">\n\t\t\t<section>\n                <div class=\"mn-grid\">\n                    <h2  class=\"mn-grid-12\">\n                        Kraj wydania \u015bwiadectwa\n                    <\/h2>\n                <\/div>\n            <\/section>\t\t<\/div>\n\t\t\t\t<\/div>\n\t\t\t\t<\/div>\n\t\t<div class=\"elementor-element elementor-element-b28da46 e-grid e-con-boxed e-con e-parent\" data-id=\"b28da46\" data-element_type=\"container\">\n\t\t\t\t\t<div class=\"e-con-inner\">\n\t\t\t\t<div class=\"elementor-element elementor-element-ffcd273 elementor-widget__width-auto elementor-widget elementor-widget-button\" data-id=\"ffcd273\" data-element_type=\"widget\" id=\"min-height: 60px;\" data-widget_type=\"button.default\">\n\t\t\t\t<div class=\"elementor-widget-container\">\n\t\t\t\t\t\t\t<div class=\"elementor-button-wrapper\">\n\t\t\t\t\t<a class=\"elementor-button elementor-button-link elementor-size-sm\" href=\"#\">\n\t\t\t\t\t\t<span class=\"elementor-button-content-wrapper\">\n\t\t\t\t\t\t\t\t\t<span class=\"elementor-button-text\"> dotyczy kandydat\u00f3w b\u0119d\u0105cych cudzoziemcami ubiegaj\u0105cych si\u0119 o przyj\u0119cie na studia na podstawie \u015bwiadectwa lub innego dokumentu wydanego za granic\u0105, kt\u00f3ry nie jest: dyplomem IB, dyplomem EB, \u015bwiadectwem lub innym dokumentem wydanym za granic\u0105 przez szko\u0142\u0119 lub instytucj\u0119 edukacyjn\u0105 dzia\u0142aj\u0105c\u0105 w systemie edukacji pa\u0144stwa cz\u0142onkowskiego UE, OECD, EFTA oraz \u015bwiadectwem lub innym dokumentem wydanym za granic\u0105 obj\u0119tym postanowieniami um\u00f3w mi\u0119dzynarodowych zawartych z Chinami oraz Ukrain\u0105<\/span>\n\t\t\t\t\t<\/span>\n\t\t\t\t\t<\/a>\n\t\t\t\t<\/div>\n\t\t\t\t\t\t<\/div>\n\t\t\t\t<\/div>\n\t\t\t\t<div class=\"elementor-element elementor-element-1af1e6d elementor-widget__width-inherit elementor-widget elementor-widget-button\" data-id=\"1af1e6d\" data-element_type=\"widget\" data-widget_type=\"button.default\">\n\t\t\t\t<div class=\"elementor-widget-container\">\n\t\t\t\t\t\t\t<div class=\"elementor-button-wrapper\">\n\t\t\t\t\t<a class=\"elementor-button elementor-button-link elementor-size-sm\" href=\"#\">\n\t\t\t\t\t\t<span class=\"elementor-button-content-wrapper\">\n\t\t\t\t\t\t\t\t\t<span class=\"elementor-button-text\">dokumentem wydanym za granic\u0105 przez szko\u0142\u0119 lub instytucj\u0119 edukacyjn\u0105 dzia\u0142aj\u0105c\u0105 w systemie edukacji pa\u0144stwa cz\u0142onkowskiego UE, OECD, EFTA oraz \u015bwiadectwem lub innym dokumentem wydanym za granic\u0105 obj\u0119tym postanowieniami um\u00f3w mi\u0119dzynarodowych zawartych z Chinami oraz Ukrain\u0105                                                                                                                                                         <\/span>\n\t\t\t\t\t<\/span>\n\t\t\t\t\t<\/a>\n\t\t\t\t<\/div>\n\t\t\t\t\t\t<\/div>\n\t\t\t\t<\/div>\n\t\t\t\t\t<\/div>\n\t\t\t\t<\/div>\n\t\t\t\t<\/div>\n\t\t","protected":false},"excerpt":{"rendered":"<p>Kraj wydania \u015bwiadectwa dotyczy kandydat\u00f3w b\u0119d\u0105cych cudzoziemcami ubiegaj\u0105cych si\u0119 o przyj\u0119cie na studia na podstawie \u015bwiadectwa lub innego dokumentu wydanego za granic\u0105, kt\u00f3ry nie jest: dyplomem IB, dyplomem EB, \u015bwiadectwem lub innym dokumentem wydanym za granic\u0105 przez szko\u0142\u0119 lub instytucj\u0119 edukacyjn\u0105 dzia\u0142aj\u0105c\u0105 w systemie edukacji pa\u0144stwa cz\u0142onkowskiego UE, OECD, EFTA oraz \u015bwiadectwem lub innym dokumentem [&hellip;]<\/p>\n","protected":false},"author":35512,"featured_media":0,"parent":0,"menu_order":0,"comment_status":"closed","ping_status":"closed","template":"","meta":{"_acf_changed":false,"footnotes":""},"class_list":["post-276608","page","type-page","status-publish","hentry"],"acf":[],"_links":{"self":[{"href":"https:\/\/www.sggw.edu.pl\/en\/wp-json\/wp\/v2\/pages\/276608","targetHints":{"allow":["GET"]}}],"collection":[{"href":"https:\/\/www.sggw.edu.pl\/en\/wp-json\/wp\/v2\/pages"}],"about":[{"href":"https:\/\/www.sggw.edu.pl\/en\/wp-json\/wp\/v2\/types\/page"}],"author":[{"embeddable":true,"href":"https:\/\/www.sggw.edu.pl\/en\/wp-json\/wp\/v2\/users\/35512"}],"replies":[{"embeddable":true,"href":"https:\/\/www.sggw.edu.pl\/en\/wp-json\/wp\/v2\/comments?post=276608"}],"version-history":[{"count":11,"href":"https:\/\/www.sggw.edu.pl\/en\/wp-json\/wp\/v2\/pages\/276608\/revisions"}],"predecessor-version":[{"id":276709,"href":"https:\/\/www.sggw.edu.pl\/en\/wp-json\/wp\/v2\/pages\/276608\/revisions\/276709"}],"wp:attachment":[{"href":"https:\/\/www.sggw.edu.pl\/en\/wp-json\/wp\/v2\/media?parent=276608"}],"curies":[{"name":"wp","href":"https:\/\/api.w.org\/{rel}","templated":true}]}}