{"id":277620,"date":"2026-01-26T14:53:30","date_gmt":"2026-01-26T13:53:30","guid":{"rendered":"https:\/\/www.sggw.edu.pl\/?page_id=277620"},"modified":"2026-01-28T10:55:05","modified_gmt":"2026-01-28T09:55:05","slug":"interview-schedule","status":"publish","type":"page","link":"https:\/\/www.sggw.edu.pl\/en\/recruitment\/recruitment-doctoral-school\/interview-schedule\/","title":{"rendered":"Interview schedule"},"content":{"rendered":"\t\t<div data-elementor-type=\"wp-page\" data-elementor-id=\"277620\" class=\"elementor elementor-277620\" data-elementor-post-type=\"page\">\n\t\t\t\t<div class=\"elementor-element elementor-element-69aee266 e-flex e-con-boxed e-con e-parent\" data-id=\"69aee266\" data-element_type=\"container\">\n\t\t\t\t\t<div class=\"e-con-inner\">\n\t\t\t\t<div class=\"elementor-element elementor-element-7822c87 elementor-widget elementor-widget-wp-widget-bcn_widget\" data-id=\"7822c87\" data-element_type=\"widget\" data-widget_type=\"wp-widget-bcn_widget.default\">\n\t\t\t\t<div class=\"elementor-widget-container\">\n\t\t\t<div class=\"mn-grid breadcrumb\">\n                                    <div class=\"breadcrumb-inner mn-grid-12\"><div class=\"breadcrumbs\" vocab=\"https:\/\/schema.org\/\" typeof=\"BreadcrumbList\"><span property=\"itemListElement\" typeof=\"ListItem\"><a property=\"item\" typeof=\"WebPage\" title=\"Go to Szko\u0142a G\u0142\u00f3wna Gospodarstwa Wiejskiego w Warszawie.\" href=\"https:\/\/www.sggw.edu.pl\/en\/\" class=\"home\" aria-current=\"page\"><span property=\"name\">Home<\/span><\/a><meta property=\"position\" content=\"1\"><\/span><\/div>    <\/div>\n                                <\/div>\t\t<\/div>\n\t\t\t\t<\/div>\n\t\t\t\t<div class=\"elementor-element elementor-element-7ebcc71 elementor-widget elementor-widget-heading\" data-id=\"7ebcc71\" data-element_type=\"widget\" data-widget_type=\"heading.default\">\n\t\t\t\t<div class=\"elementor-widget-container\">\n\t\t\t<h2 class=\"elementor-heading-title elementor-size-default\">Interview schedule<\/h2>\t\t<\/div>\n\t\t\t\t<\/div>\n\t\t\t\t<div class=\"elementor-element elementor-element-0ba3feb elementor-widget elementor-widget-text-editor\" data-id=\"0ba3feb\" data-element_type=\"widget\" data-widget_type=\"text-editor.default\">\n\t\t\t\t<div class=\"elementor-widget-container\">\n\t\t\t\t\t\t\t<h3>Interview dates and locations for candidates for the SGGW Doctoral School &#8211; admissions for the 2026\/2027 academic year<\/h3><p><span style=\"text-decoration: underline\">The schedule will be published by 22 July 2026.<\/span><\/p><p>\u00a0<\/p><p>Candidates should receive detailed information about the date, place and conditions of the interview by email from the recruitment committee.<\/p>\t\t\t\t\t\t<\/div>\n\t\t\t\t<\/div>\n\t\t\t\t<div class=\"elementor-element elementor-element-a7cc3c8 elementor-widget elementor-widget-tablepress\" data-id=\"a7cc3c8\" data-element_type=\"widget\" data-widget_type=\"tablepress.default\">\n\t\t\t\t<div class=\"elementor-widget-container\">\n\t\t\t\n<table id=\"tablepress-32\" class=\"tablepress tablepress-id-32 tbody-has-connected-cells\">\n<thead>\n<tr class=\"row-1\">\n\t<th class=\"column-1\">Field<\/th><th class=\"column-2\">Discipline<\/th><th class=\"column-3\">Interview dates\/location<\/th>\n<\/tr>\n<\/thead>\n<tbody class=\"row-striping row-hover\">\n<tr class=\"row-2\">\n\t<td colspan=\"3\" class=\"column-1\"><\/td>\n<\/tr>\n<tr class=\"row-3\">\n\t<td rowspan=\"4\" class=\"column-1\">agricultural sciences<\/td><td class=\"column-2\">forestry science<\/td><td class=\"column-3\"><\/td>\n<\/tr>\n<tr class=\"row-4\">\n\t<td class=\"column-2\">agriculture and horticulture<\/td><td class=\"column-3\"><\/td>\n<\/tr>\n<tr class=\"row-5\">\n\t<td class=\"column-2\">food and nutrition technology<\/td><td class=\"column-3\"><\/td>\n<\/tr>\n<tr class=\"row-6\">\n\t<td class=\"column-2\">animal science and fisheries<\/td><td class=\"column-3\"><\/td>\n<\/tr>\n<tr class=\"row-7\">\n\t<td colspan=\"3\" class=\"column-1\"><\/td>\n<\/tr>\n<tr class=\"row-8\">\n\t<td class=\"column-1\">veterinary science<\/td><td class=\"column-2\">veterinary<\/td><td class=\"column-3\"><\/td>\n<\/tr>\n<tr class=\"row-9\">\n\t<td colspan=\"3\" class=\"column-1\"><\/td>\n<\/tr>\n<tr class=\"row-10\">\n\t<td class=\"column-1\">natural sciences<\/td><td class=\"column-2\">biological sciences<\/td><td class=\"column-3\"><\/td>\n<\/tr>\n<tr class=\"row-11\">\n\t<td colspan=\"3\" class=\"column-1\"><\/td>\n<\/tr>\n<tr class=\"row-12\">\n\t<td rowspan=\"4\" class=\"column-1\">engineering and technical sciences<\/td><td class=\"column-2\">civil engineering, geodesy and transport<\/td><td class=\"column-3\"><\/td>\n<\/tr>\n<tr class=\"row-13\">\n\t<td class=\"column-2\">mechanical engineering<\/td><td class=\"column-3\"><\/td>\n<\/tr>\n<tr class=\"row-14\">\n\t<td class=\"column-2\">environmental engineering, mining and energy<\/td><td class=\"column-3\"><\/td>\n<\/tr>\n<tr class=\"row-15\">\n\t<td class=\"column-2\">information and communication technology<\/td><td class=\"column-3\"><\/td>\n<\/tr>\n<tr class=\"row-16\">\n\t<td colspan=\"3\" class=\"column-1\"><\/td>\n<\/tr>\n<tr class=\"row-17\">\n\t<td rowspan=\"4\" class=\"column-1\">social sciences<\/td><td class=\"column-2\">economics and finance<\/td><td class=\"column-3\"><\/td>\n<\/tr>\n<tr class=\"row-18\">\n\t<td class=\"column-2\">management and quality science<\/td><td class=\"column-3\"><\/td>\n<\/tr>\n<tr class=\"row-19\">\n\t<td class=\"column-2\">sociology<\/td><td class=\"column-3\"><\/td>\n<\/tr>\n<tr class=\"row-20\">\n\t<td class=\"column-2\">pedagogy<\/td><td class=\"column-3\"><\/td>\n<\/tr>\n<\/tbody>\n<\/table>\n<!-- #tablepress-32 from cache -->\t\t<\/div>\n\t\t\t\t<\/div>\n\t\t\t\t\t<\/div>\n\t\t\t\t<\/div>\n\t\t\t\t<\/div>\n\t\t","protected":false},"excerpt":{"rendered":"<p>Interview schedule Interview dates and locations for candidates for the SGGW Doctoral School &#8211; admissions for the 2026\/2027 academic year The schedule will be published by 22 July 2026. \u00a0 Candidates should receive detailed information about the date, place and conditions of the interview by email from the recruitment committee. Edytuj Field Discipline Interview dates\/location [&hellip;]<\/p>\n","protected":false},"author":36645,"featured_media":0,"parent":193153,"menu_order":0,"comment_status":"closed","ping_status":"closed","template":"","meta":{"_acf_changed":false,"footnotes":""},"class_list":["post-277620","page","type-page","status-publish","hentry"],"acf":[],"_links":{"self":[{"href":"https:\/\/www.sggw.edu.pl\/en\/wp-json\/wp\/v2\/pages\/277620","targetHints":{"allow":["GET"]}}],"collection":[{"href":"https:\/\/www.sggw.edu.pl\/en\/wp-json\/wp\/v2\/pages"}],"about":[{"href":"https:\/\/www.sggw.edu.pl\/en\/wp-json\/wp\/v2\/types\/page"}],"author":[{"embeddable":true,"href":"https:\/\/www.sggw.edu.pl\/en\/wp-json\/wp\/v2\/users\/36645"}],"replies":[{"embeddable":true,"href":"https:\/\/www.sggw.edu.pl\/en\/wp-json\/wp\/v2\/comments?post=277620"}],"version-history":[{"count":13,"href":"https:\/\/www.sggw.edu.pl\/en\/wp-json\/wp\/v2\/pages\/277620\/revisions"}],"predecessor-version":[{"id":278080,"href":"https:\/\/www.sggw.edu.pl\/en\/wp-json\/wp\/v2\/pages\/277620\/revisions\/278080"}],"up":[{"embeddable":true,"href":"https:\/\/www.sggw.edu.pl\/en\/wp-json\/wp\/v2\/pages\/193153"}],"wp:attachment":[{"href":"https:\/\/www.sggw.edu.pl\/en\/wp-json\/wp\/v2\/media?parent=277620"}],"curies":[{"name":"wp","href":"https:\/\/api.w.org\/{rel}","templated":true}]}}