{"id":277637,"date":"2026-01-26T15:22:32","date_gmt":"2026-01-26T14:22:32","guid":{"rendered":"https:\/\/www.sggw.edu.pl\/?page_id=277637"},"modified":"2026-04-10T14:12:54","modified_gmt":"2026-04-10T12:12:54","slug":"recruitment-fee","status":"publish","type":"page","link":"https:\/\/www.sggw.edu.pl\/en\/recruitment\/recruitment-doctoral-school\/recruitment-fee\/","title":{"rendered":"Recruitment fee"},"content":{"rendered":"\t\t<div data-elementor-type=\"wp-page\" data-elementor-id=\"277637\" class=\"elementor elementor-277637\" data-elementor-post-type=\"page\">\n\t\t\t\t<div class=\"elementor-element elementor-element-d3bd38c e-flex e-con-boxed e-con e-parent\" data-id=\"d3bd38c\" data-element_type=\"container\">\n\t\t\t\t\t<div class=\"e-con-inner\">\n\t\t\t\t<div class=\"elementor-element elementor-element-edb96fe elementor-widget elementor-widget-wp-widget-bcn_widget\" data-id=\"edb96fe\" data-element_type=\"widget\" data-widget_type=\"wp-widget-bcn_widget.default\">\n\t\t\t\t<div class=\"elementor-widget-container\">\n\t\t\t<div class=\"mn-grid breadcrumb\">\n                                    <div class=\"breadcrumb-inner mn-grid-12\"><div class=\"breadcrumbs\" vocab=\"https:\/\/schema.org\/\" typeof=\"BreadcrumbList\"><span property=\"itemListElement\" typeof=\"ListItem\"><a property=\"item\" typeof=\"WebPage\" title=\"Go to Szko\u0142a G\u0142\u00f3wna Gospodarstwa Wiejskiego w Warszawie.\" href=\"https:\/\/www.sggw.edu.pl\/en\/\" class=\"home\" aria-current=\"page\"><span property=\"name\">Home<\/span><\/a><meta property=\"position\" content=\"1\"><\/span><\/div>    <\/div>\n                                <\/div>\t\t<\/div>\n\t\t\t\t<\/div>\n\t\t\t\t<div class=\"elementor-element elementor-element-b2187a1 elementor-widget elementor-widget-heading\" data-id=\"b2187a1\" data-element_type=\"widget\" data-widget_type=\"heading.default\">\n\t\t\t\t<div class=\"elementor-widget-container\">\n\t\t\t<h2 class=\"elementor-heading-title elementor-size-default\">Recruitment fee<\/h2>\t\t<\/div>\n\t\t\t\t<\/div>\n\t\t\t\t\t<\/div>\n\t\t\t\t<\/div>\n\t\t<div class=\"elementor-element elementor-element-425326a e-flex e-con-boxed e-con e-parent\" data-id=\"425326a\" data-element_type=\"container\">\n\t\t\t\t\t<div class=\"e-con-inner\">\n\t\t\t\t<div class=\"elementor-element elementor-element-8a3b5cc elementor-widget elementor-widget-text-editor\" data-id=\"8a3b5cc\" data-element_type=\"widget\" data-widget_type=\"text-editor.default\">\n\t\t\t\t<div class=\"elementor-widget-container\">\n\t\t\t\t\t\t\t<p><span style=\"font-size: 12.0pt;font-family: 'Arial',sans-serif\">The Doctoral School charges a fee for the recruitment process. Its amount and payment deadline are specified in the <a href=\"https:\/\/www.sggw.edu.pl\/wp-content\/uploads\/2026\/04\/Zarzadzenie-Nr-23-Rektora-SGGW-w-Warszawie-z-dnia-7-kwietnia-2026-r.pdf\"><span style=\"text-decoration: underline\"><span style=\"color: #0000ff;text-decoration: underline\">Rector&#8217;s Order<\/span><\/span><\/a>.<\/span><\/p><p><span style=\"font-size: 12.0pt;font-family: 'Arial',sans-serif\">The amount of the recruitment fee for the WULS-SGGW Doctoral School in the academic year 2026\/2027 is:<\/span><\/p><p>\u00a0<\/p><p><strong><span style=\"font-size: 12.0pt;font-family: 'Arial',sans-serif\">PLN 300<\/span><\/strong><span style=\"font-size: 12.0pt;font-family: 'Arial',sans-serif\"> if the payment is made to an account in PLN<\/span><\/p><p>\u00a0<span style=\"font-size: 12.0pt;font-family: 'Arial',sans-serif\">(account number for PLN payments &#8211; <strong>68 1240 6003 1111 0011 3480 4676<\/strong>)<\/span><\/p><p>\u00a0<\/p><p><strong><span style=\"font-size: 12.0pt;font-family: 'Arial',sans-serif\">or EUR 80<\/span><\/strong><span style=\"font-size: 12.0pt;font-family: 'Arial',sans-serif\"> if the fee is paid to an account in EUR<\/span><\/p><p>\u00a0<span style=\"font-size: 12.0pt;font-family: 'Arial',sans-serif\">(account number for EUR payments &#8211; <strong>73 1240 6003 1978 0011 3480 4692<\/strong>).<\/span><\/p><p>\u00a0<\/p><p>The name of the bank:<\/p><p>Bank PEKAO SA<\/p><p>\u017bubra 1 Str.<\/p><p>01&#8211;066 Warsaw<\/p><p>Poland<\/p><p>\u00a0<\/p><p>BIC code of PEKAO Bank SA: PKOPPLPW<\/p><p>Iban with PL<\/p><p>\u00a0<\/p><p>The beneficiary name of the bank account:<\/p><p>Szko\u0142a G\u0142\u00f3wna Gospodarstwa Wiejskiego W<\/p><p>Nowoursynowaka 166<\/p><p>02-787 Warszawa<\/p><p>\u00a0<\/p><h4>In the transfer title please enter: Name and Surname &#8211; SD recruitment fee<\/h4><h3><span style=\"text-decoration: underline\">Payment is due by 6 July 2026.<\/span><\/h3><p>\u00a0<\/p><h3>Please do not rely on the information in your application accounts that the recruitment fee isn&#8217;t required, as this is an erroneous message (see example below). For technical reasons, it cannot be disabled.<\/h3>\t\t\t\t\t\t<\/div>\n\t\t\t\t<\/div>\n\t\t\t\t\t<\/div>\n\t\t\t\t<\/div>\n\t\t<div class=\"elementor-element elementor-element-9e5689e e-flex e-con-boxed e-con e-parent\" data-id=\"9e5689e\" data-element_type=\"container\">\n\t\t\t\t\t<div class=\"e-con-inner\">\n\t\t\t\t<div class=\"elementor-element elementor-element-88683fc elementor-widget elementor-widget-image\" data-id=\"88683fc\" data-element_type=\"widget\" data-widget_type=\"image.default\">\n\t\t\t\t<div class=\"elementor-widget-container\">\n\t\t\t\t\t\t\t\t\t\t\t\t\t<img fetchpriority=\"high\" decoding=\"async\" width=\"1051\" height=\"310\" src=\"https:\/\/www.sggw.edu.pl\/wp-content\/uploads\/2026\/04\/ENG.png\" class=\"attachment-full size-full wp-image-286920\" alt=\"\" \/>\t\t\t\t\t\t\t\t\t\t\t\t\t<\/div>\n\t\t\t\t<\/div>\n\t\t\t\t\t<\/div>\n\t\t\t\t<\/div>\n\t\t\t\t<\/div>\n\t\t","protected":false},"excerpt":{"rendered":"<p>Recruitment fee The Doctoral School charges a fee for the recruitment process. Its amount and payment deadline are specified in the Rector&#8217;s Order. The amount of the recruitment fee for the WULS-SGGW Doctoral School in the academic year 2026\/2027 is: \u00a0 PLN 300 if the payment is made to an account in PLN \u00a0(account number [&hellip;]<\/p>\n","protected":false},"author":36645,"featured_media":0,"parent":193153,"menu_order":0,"comment_status":"closed","ping_status":"closed","template":"","meta":{"_acf_changed":false,"footnotes":""},"class_list":["post-277637","page","type-page","status-publish","hentry"],"acf":[],"_links":{"self":[{"href":"https:\/\/www.sggw.edu.pl\/en\/wp-json\/wp\/v2\/pages\/277637","targetHints":{"allow":["GET"]}}],"collection":[{"href":"https:\/\/www.sggw.edu.pl\/en\/wp-json\/wp\/v2\/pages"}],"about":[{"href":"https:\/\/www.sggw.edu.pl\/en\/wp-json\/wp\/v2\/types\/page"}],"author":[{"embeddable":true,"href":"https:\/\/www.sggw.edu.pl\/en\/wp-json\/wp\/v2\/users\/36645"}],"replies":[{"embeddable":true,"href":"https:\/\/www.sggw.edu.pl\/en\/wp-json\/wp\/v2\/comments?post=277637"}],"version-history":[{"count":13,"href":"https:\/\/www.sggw.edu.pl\/en\/wp-json\/wp\/v2\/pages\/277637\/revisions"}],"predecessor-version":[{"id":286931,"href":"https:\/\/www.sggw.edu.pl\/en\/wp-json\/wp\/v2\/pages\/277637\/revisions\/286931"}],"up":[{"embeddable":true,"href":"https:\/\/www.sggw.edu.pl\/en\/wp-json\/wp\/v2\/pages\/193153"}],"wp:attachment":[{"href":"https:\/\/www.sggw.edu.pl\/en\/wp-json\/wp\/v2\/media?parent=277637"}],"curies":[{"name":"wp","href":"https:\/\/api.w.org\/{rel}","templated":true}]}}