{"id":281830,"date":"2026-02-25T15:41:58","date_gmt":"2026-02-25T14:41:58","guid":{"rendered":"https:\/\/www.sggw.edu.pl\/?page_id=281830"},"modified":"2026-02-25T16:27:23","modified_gmt":"2026-02-25T15:27:23","slug":"anti-discrimination","status":"publish","type":"page","link":"https:\/\/www.sggw.edu.pl\/en\/university\/equality-and-diversity\/anti-discrimination\/","title":{"rendered":"Anti-discrimination"},"content":{"rendered":"\t\t<div data-elementor-type=\"wp-page\" data-elementor-id=\"281830\" class=\"elementor elementor-281830\" data-elementor-post-type=\"page\">\n\t\t\t\t\t\t<section class=\"elementor-section elementor-top-section elementor-element elementor-element-2f0b9a25 elementor-section-boxed elementor-section-height-default elementor-section-height-default\" data-id=\"2f0b9a25\" data-element_type=\"section\">\n\t\t\t\t\t\t<div class=\"elementor-container elementor-column-gap-default\">\n\t\t\t\t\t<div class=\"elementor-column elementor-col-100 elementor-top-column elementor-element elementor-element-470da16b\" data-id=\"470da16b\" data-element_type=\"column\">\n\t\t\t<div class=\"elementor-widget-wrap elementor-element-populated\">\n\t\t\t\t\t\t<div class=\"elementor-element elementor-element-59ab30d3 elementor-widget elementor-widget-wp-widget-bcn_widget\" data-id=\"59ab30d3\" data-element_type=\"widget\" data-widget_type=\"wp-widget-bcn_widget.default\">\n\t\t\t\t<div class=\"elementor-widget-container\">\n\t\t\t<div class=\"mn-grid breadcrumb\">\n                                    <div class=\"breadcrumb-inner mn-grid-12\"><div class=\"breadcrumbs\" vocab=\"https:\/\/schema.org\/\" typeof=\"BreadcrumbList\"><span property=\"itemListElement\" typeof=\"ListItem\"><a property=\"item\" typeof=\"WebPage\" title=\"Go to Szko\u0142a G\u0142\u00f3wna Gospodarstwa Wiejskiego w Warszawie.\" href=\"https:\/\/www.sggw.edu.pl\/en\/\" class=\"home\" aria-current=\"page\"><span property=\"name\">Home<\/span><\/a><meta property=\"position\" content=\"1\"><\/span><\/div>    <\/div>\n                                <\/div>\t\t<\/div>\n\t\t\t\t<\/div>\n\t\t\t\t\t<\/div>\n\t\t<\/div>\n\t\t\t\t\t<\/div>\n\t\t<\/section>\n\t\t\t\t<section class=\"elementor-section elementor-top-section elementor-element elementor-element-7c176d5a elementor-section-boxed elementor-section-height-default elementor-section-height-default\" data-id=\"7c176d5a\" data-element_type=\"section\">\n\t\t\t\t\t\t<div class=\"elementor-container elementor-column-gap-default\">\n\t\t\t\t\t<div class=\"elementor-column elementor-col-100 elementor-top-column elementor-element elementor-element-4a16f3eb\" data-id=\"4a16f3eb\" data-element_type=\"column\">\n\t\t\t<div class=\"elementor-widget-wrap elementor-element-populated\">\n\t\t\t\t\t\t<div class=\"elementor-element elementor-element-e2fc293 elementor-widget elementor-widget-post-title\" data-id=\"e2fc293\" data-element_type=\"widget\" data-widget_type=\"post-title.default\">\n\t\t\t\t<div class=\"elementor-widget-container\">\n\t\t\t<section>\n                    <div class=\"mn-grid entry-header-inner section-inner medium\">\n                        <h1 class=\"mn-grid-12 entry-title\" style=\"\">\n                            Anti-discrimination\n                        <\/h1>\n                    <\/div>\n                <\/section>\t\t<\/div>\n\t\t\t\t<\/div>\n\t\t\t\t<div class=\"elementor-element elementor-element-7e68e8b0 elementor-widget elementor-widget-spacer\" data-id=\"7e68e8b0\" data-element_type=\"widget\" data-widget_type=\"spacer.default\">\n\t\t\t\t<div class=\"elementor-widget-container\">\n\t\t\t\t\t<div class=\"elementor-spacer\">\n\t\t\t<div class=\"elementor-spacer-inner\"><\/div>\n\t\t<\/div>\n\t\t\t\t<\/div>\n\t\t\t\t<\/div>\n\t\t\t\t<div class=\"elementor-element elementor-element-4ee38f04 elementor-widget elementor-widget-w11\" data-id=\"4ee38f04\" data-element_type=\"widget\" data-widget_type=\"w11.default\">\n\t\t\t\t<div class=\"elementor-widget-container\">\n\t\t\t<section><div class=\"mn-grid\"><ul class=\"mn-grid-12 mn-mod-links-text-3\"><li>\n                            <a href=\"\" class=\"mn-pointer-event-off\">\n                                <span>NEWS <\/span>\n                            <\/a>\n                        <\/li><li>\n                            <a href=\"\" class=\"mn-pointer-event-off\">\n                                <span>EQUAL TREATMENT POLICY <\/span>\n                            <\/a>\n                        <\/li><li>\n                            <a href=\"\" class=\"mn-pointer-event-off\">\n                                <span>ENTITIES RESPONSIBLE FOR EQUAL TREATMENT<\/span>\n                            <\/a>\n                        <\/li><li>\n                            <a href=\"\" class=\"mn-pointer-event-off\">\n                                <span>GENDER EQUALITY PLAN<\/span>\n                            <\/a>\n                        <\/li><li>\n                            <a href=\"\" class=\"mn-pointer-event-off\">\n                                <span>LEGAL REGULATIONS<\/span>\n                            <\/a>\n                        <\/li><li>\n                            <a href=\"\" class=\"mn-pointer-event-off\">\n                                <span>GLOSSARY <\/span>\n                            <\/a>\n                        <\/li><li>\n                            <a href=\"\" class=\"mn-pointer-event-off\">\n                                <span>REPORTS <\/span>\n                            <\/a>\n                        <\/li><li>\n                            <a href=\"\" class=\"mn-pointer-event-off\">\n                                <span>ANTI-DISCRIMINATION GUIDES<\/span>\n                            <\/a>\n                        <\/li><li>\n                            <a href=\"\" class=\"mn-pointer-event-off\">\n                                <span>REPORT any UNEQUAL TREATMENT<\/span>\n                            <\/a>\n                        <\/li><\/ul><\/div><\/section>\t\t<\/div>\n\t\t\t\t<\/div>\n\t\t\t\t<div class=\"elementor-element elementor-element-1d14e9a0 elementor-widget elementor-widget-w7\" data-id=\"1d14e9a0\" data-element_type=\"widget\" data-widget_type=\"w7.default\">\n\t\t\t\t<div class=\"elementor-widget-container\">\n\t\t\t<section>\n                <div class=\"mn-grid\">\n                    <div class=\"mn-grid-12 mn-horizontal-separator-grey\"><\/div>\n                <\/div>\n                <\/section>\t\t<\/div>\n\t\t\t\t<\/div>\n\t\t\t\t<div class=\"elementor-element elementor-element-c03a98a elementor-widget elementor-widget-spacer\" data-id=\"c03a98a\" data-element_type=\"widget\" data-widget_type=\"spacer.default\">\n\t\t\t\t<div class=\"elementor-widget-container\">\n\t\t\t\t\t<div class=\"elementor-spacer\">\n\t\t\t<div class=\"elementor-spacer-inner\"><\/div>\n\t\t<\/div>\n\t\t\t\t<\/div>\n\t\t\t\t<\/div>\n\t\t\t\t<div class=\"elementor-element elementor-element-02e5b5e elementor-widget elementor-widget-w1_2_3\" data-id=\"02e5b5e\" data-element_type=\"widget\" data-widget_type=\"w1_2_3.default\">\n\t\t\t\t<div class=\"elementor-widget-container\">\n\t\t\t<section>\n                    <div class=\"mn-grid\">\n                        <h3  class=\"mn-grid-12 mn-section-title2\">\n                            ANTI-DISCRIMINATION at SGGW  \n                        <\/h3>\n                    <\/div>\n                <\/section>\t\t<\/div>\n\t\t\t\t<\/div>\n\t\t\t\t<div class=\"elementor-element elementor-element-1a70533a elementor-widget elementor-widget-menu-anchor\" data-id=\"1a70533a\" data-element_type=\"widget\" data-widget_type=\"menu-anchor.default\">\n\t\t\t\t<div class=\"elementor-widget-container\">\n\t\t\t\t\t<div class=\"elementor-menu-anchor\" id=\"aktualnosci\"><\/div>\n\t\t\t\t<\/div>\n\t\t\t\t<\/div>\n\t\t\t\t<div class=\"elementor-element elementor-element-3894b7d6 elementor-widget elementor-widget-spacer\" data-id=\"3894b7d6\" data-element_type=\"widget\" data-widget_type=\"spacer.default\">\n\t\t\t\t<div class=\"elementor-widget-container\">\n\t\t\t\t\t<div class=\"elementor-spacer\">\n\t\t\t<div class=\"elementor-spacer-inner\"><\/div>\n\t\t<\/div>\n\t\t\t\t<\/div>\n\t\t\t\t<\/div>\n\t\t\t\t\t<\/div>\n\t\t<\/div>\n\t\t\t\t\t<\/div>\n\t\t<\/section>\n\t\t<div class=\"elementor-element elementor-element-1839161 e-con-full e-flex e-con e-parent\" data-id=\"1839161\" data-element_type=\"container\">\n\t\t\t\t<div class=\"elementor-element elementor-element-b00062e elementor-widget elementor-widget-text-editor\" data-id=\"b00062e\" data-element_type=\"widget\" data-widget_type=\"text-editor.default\">\n\t\t\t\t<div class=\"elementor-widget-container\">\n\t\t\t\t\t\t\t<p><span data-contrast=\"none\">The Warsaw University of Life Sciences (SGGW) applies the principle of equal treatment and ensures its observance, considering the applicable legal norms in this area in strategic internal normative acts, and by introducing\u00a0appropriate formal\u00a0and legal regulations.<\/span><span data-ccp-props=\"{&quot;201341983&quot;:0,&quot;335551550&quot;:6,&quot;335551620&quot;:6,&quot;335559740&quot;:276}\">\u00a0<\/span><\/p><p><span data-contrast=\"none\">Some purposeful and systemic measures have been in use to prevent and counteract discrimination since 2019.<\/span><span data-ccp-props=\"{&quot;201341983&quot;:0,&quot;335551550&quot;:6,&quot;335551620&quot;:6,&quot;335559740&quot;:276}\">\u00a0<\/span><\/p><p><span data-contrast=\"none\">Moreover, the cooperating entities for equal treatment were also appointed, i.e., the Rector&#8217;s Plenipotentiary for Equal Treatment and Coordinators for Equal Treatment at SGGW Institutes and the Doctoral School, as well as the Rector&#8217;s Anti-Discrimination Committee.<\/span><span data-ccp-props=\"{&quot;201341983&quot;:0,&quot;335551550&quot;:6,&quot;335551620&quot;:6,&quot;335559740&quot;:276}\">\u00a0<\/span><\/p><p><span data-contrast=\"none\">The following rules and regulations were also adopted: the SGGW Anti-Discrimination Standard, SGGW Equal Treatment and Ant-Discrimination Policy, and the Gender Equality Plan for 2022-2025.<\/span><span data-ccp-props=\"{&quot;201341983&quot;:0,&quot;335551550&quot;:6,&quot;335551620&quot;:6,&quot;335559740&quot;:276}\">\u00a0<\/span><\/p><p><span data-contrast=\"none\">The new organizational unit of the central administration was created within the SGGW structure, namely: the Office for the Disciplinary Spokesperson for Academic Teachers, Spokesman for Mobbing Prevention, and Rector&#8217;s Plenipotentiary for Equal Treatment.<\/span><span data-ccp-props=\"{&quot;201341983&quot;:0,&quot;335551550&quot;:6,&quot;335551620&quot;:6,&quot;335559740&quot;:276}\">\u00a0<\/span><\/p>\t\t\t\t\t\t<\/div>\n\t\t\t\t<\/div>\n\t\t\t\t<\/div>\n\t\t<div class=\"elementor-element elementor-element-a955626 e-con-full e-flex e-con e-parent\" data-id=\"a955626\" data-element_type=\"container\">\n\t\t\t\t<\/div>\n\t\t<div class=\"elementor-element elementor-element-4eefb42 elementor-hidden-desktop elementor-hidden-laptop elementor-hidden-tablet_extra elementor-hidden-tablet elementor-hidden-mobile_extra elementor-hidden-mobile e-flex e-con-boxed e-con e-parent\" data-id=\"4eefb42\" data-element_type=\"container\">\n\t\t\t\t\t<div class=\"e-con-inner\">\n\t\t\t\t<div class=\"elementor-element elementor-element-87bc956 elementor-widget elementor-widget-w1_2_3\" data-id=\"87bc956\" data-element_type=\"widget\" data-widget_type=\"w1_2_3.default\">\n\t\t\t\t<div class=\"elementor-widget-container\">\n\t\t\t<section>\n                    <div class=\"mn-grid\">\n                        <h3  class=\"mn-grid-12 mn-section-title2\">\n                            Aktualno\u015bci\n                        <\/h3>\n                    <\/div>\n                <\/section>\t\t<\/div>\n\t\t\t\t<\/div>\n\t\t\t\t<div class=\"elementor-element elementor-element-dba8c99 przeciw-dzialaniu-dyskryminicji-box elementor-widget elementor-widget-W15\" data-id=\"dba8c99\" data-element_type=\"widget\" data-widget_type=\"W15.default\">\n\t\t\t\t<div class=\"elementor-widget-container\">\n\t\t\t<div class=\"mn-mod-small-link-box slick-slide\">\n                    <div class=\"mn-mod-small-link-box-img\" >\n                        <img decoding=\"async\" src=\"..\/assets\/images\/miod.svg\" alt=\"\" \/>\n                    <\/div>\n                    <div class=\"mn-mod-small-link-box-txt\">\n                        <h4>Brak kategorii<\/h4>\n                        <h3>Brak tytu\u0142u<\/h3>\n                        <p>Brak tre\u015bci<\/p>\n                    <\/div>\n                    <a href=\"#\" class=\"mn-more-link\"><\/a>\n                    <\/div><script type='text\/javascript' src='\/\/code.jquery.com\/jquery-1.11.0.min.js'><\/script>\n            <script type='text\/javascript' src='\/\/cdn.jsdelivr.net\/npm\/slick-carousel@1.8.1\/slick\/slick.min.js'><\/script>\n            <script type='text\/javascript'>\n                jQuery.noConflict();\n                jQuery('.responsive').not('.slick-initialized').slick({\n                dots: false,\n                infinite: false,\n                speed: 300,\n                slidesToShow: 4,\n                slidesToScroll: 1,\n                responsive: [\n                  {\n                    breakpoint: 1024,\n                    settings: {\n                      slidesToShow: 3,\n                      slidesToScroll: 1,\n                      infinite: true,\n                      dots: false\n                    }\n                  },\n                  {\n                    breakpoint: 600,\n                    settings: {\n                      slidesToShow: 2,\n                      slidesToScroll: 1\n                    }\n                  },\n                  {\n                    breakpoint: 480,\n                    settings: {\n                      slidesToShow: 1,\n                      slidesToScroll: 1\n                    }\n                  }\n                ]\n              });\n        <\/script>\t\t<\/div>\n\t\t\t\t<\/div>\n\t\t\t\t<div class=\"elementor-element elementor-element-2a04b66 elementor-widget elementor-widget-w8\" data-id=\"2a04b66\" data-element_type=\"widget\" data-widget_type=\"w8.default\">\n\t\t\t\t<div class=\"elementor-widget-container\">\n\t\t\t<section>\n                <div class=\"mn-grid\">\n                    <div class=\"mn-grid-12 mn-more-container\">\n                        <a href=\"https:\/\/www.sggw.edu.pl\/category\/rowne-traktowanie\/\" class=\"mn-more\">Wi\u0119cej aktualno\u015bci<\/a>\n                    <\/div>\n                <\/div>\n            <\/section>\t\t<\/div>\n\t\t\t\t<\/div>\n\t\t\t\t\t<\/div>\n\t\t\t\t<\/div>\n\t\t\t\t<\/div>\n\t\t","protected":false},"excerpt":{"rendered":"<p>Anti-discrimination NEWS EQUAL TREATMENT POLICY ENTITIES RESPONSIBLE FOR EQUAL TREATMENT GENDER EQUALITY PLAN LEGAL REGULATIONS GLOSSARY REPORTS ANTI-DISCRIMINATION GUIDES REPORT any UNEQUAL TREATMENT ANTI-DISCRIMINATION at SGGW The Warsaw University of Life Sciences (SGGW) applies the principle of equal treatment and ensures its observance, considering the applicable legal norms in this area in strategic internal normative [&hellip;]<\/p>\n","protected":false},"author":36158,"featured_media":0,"parent":134266,"menu_order":0,"comment_status":"closed","ping_status":"closed","template":"","meta":{"_acf_changed":false,"footnotes":""},"class_list":["post-281830","page","type-page","status-publish","hentry"],"acf":[],"_links":{"self":[{"href":"https:\/\/www.sggw.edu.pl\/en\/wp-json\/wp\/v2\/pages\/281830","targetHints":{"allow":["GET"]}}],"collection":[{"href":"https:\/\/www.sggw.edu.pl\/en\/wp-json\/wp\/v2\/pages"}],"about":[{"href":"https:\/\/www.sggw.edu.pl\/en\/wp-json\/wp\/v2\/types\/page"}],"author":[{"embeddable":true,"href":"https:\/\/www.sggw.edu.pl\/en\/wp-json\/wp\/v2\/users\/36158"}],"replies":[{"embeddable":true,"href":"https:\/\/www.sggw.edu.pl\/en\/wp-json\/wp\/v2\/comments?post=281830"}],"version-history":[{"count":34,"href":"https:\/\/www.sggw.edu.pl\/en\/wp-json\/wp\/v2\/pages\/281830\/revisions"}],"predecessor-version":[{"id":281869,"href":"https:\/\/www.sggw.edu.pl\/en\/wp-json\/wp\/v2\/pages\/281830\/revisions\/281869"}],"up":[{"embeddable":true,"href":"https:\/\/www.sggw.edu.pl\/en\/wp-json\/wp\/v2\/pages\/134266"}],"wp:attachment":[{"href":"https:\/\/www.sggw.edu.pl\/en\/wp-json\/wp\/v2\/media?parent=281830"}],"curies":[{"name":"wp","href":"https:\/\/api.w.org\/{rel}","templated":true}]}}