{"id":52580,"date":"2021-05-26T15:43:38","date_gmt":"2021-05-26T13:43:38","guid":{"rendered":"https:\/\/www.sggw.edu.pl\/?page_id=52580"},"modified":"2021-05-26T15:43:38","modified_gmt":"2021-05-26T13:43:38","slug":"elementor-52580","status":"publish","type":"page","link":"https:\/\/www.sggw.edu.pl\/en\/elementor-52580\/","title":{"rendered":"Elementor #52580"},"content":{"rendered":"\t\t<div data-elementor-type=\"wp-page\" data-elementor-id=\"52580\" class=\"elementor elementor-52580\" data-elementor-post-type=\"page\">\n\t\t\t\t\t\t<section class=\"elementor-section elementor-top-section elementor-element elementor-element-b6c27fb elementor-section-boxed elementor-section-height-default elementor-section-height-default\" data-id=\"b6c27fb\" data-element_type=\"section\">\n\t\t\t\t\t\t<div class=\"elementor-container elementor-column-gap-default\">\n\t\t\t\t\t<div class=\"elementor-column elementor-col-100 elementor-top-column elementor-element elementor-element-93a7b98\" data-id=\"93a7b98\" data-element_type=\"column\">\n\t\t\t<div class=\"elementor-widget-wrap elementor-element-populated\">\n\t\t\t\t\t\t<div class=\"elementor-element elementor-element-b4062f2 elementor-widget elementor-widget-wp-widget-bcn_widget\" data-id=\"b4062f2\" data-element_type=\"widget\" data-widget_type=\"wp-widget-bcn_widget.default\">\n\t\t\t\t<div class=\"elementor-widget-container\">\n\t\t\t<div class=\"mn-grid breadcrumb\">\n                                    <div class=\"breadcrumb-inner mn-grid-12\"><div class=\"breadcrumbs\" vocab=\"https:\/\/schema.org\/\" typeof=\"BreadcrumbList\"><span property=\"itemListElement\" typeof=\"ListItem\"><a property=\"item\" typeof=\"WebPage\" title=\"Go to Szko\u0142a G\u0142\u00f3wna Gospodarstwa Wiejskiego w Warszawie.\" href=\"https:\/\/www.sggw.edu.pl\/en\/\" class=\"home\" aria-current=\"page\"><span property=\"name\">Home<\/span><\/a><meta property=\"position\" content=\"1\"><\/span><\/div>    <\/div>\n                                <\/div>\t\t<\/div>\n\t\t\t\t<\/div>\n\t\t\t\t\t<\/div>\n\t\t<\/div>\n\t\t\t\t\t<\/div>\n\t\t<\/section>\n\t\t\t\t<section class=\"elementor-section elementor-top-section elementor-element elementor-element-c568e9c elementor-section-boxed elementor-section-height-default elementor-section-height-default\" data-id=\"c568e9c\" data-element_type=\"section\">\n\t\t\t\t\t\t<div class=\"elementor-container elementor-column-gap-default\">\n\t\t\t\t\t<div class=\"elementor-column elementor-col-100 elementor-top-column elementor-element elementor-element-7957ec1\" data-id=\"7957ec1\" data-element_type=\"column\">\n\t\t\t<div class=\"elementor-widget-wrap elementor-element-populated\">\n\t\t\t\t\t\t<div class=\"elementor-element elementor-element-60c6edb elementor-widget elementor-widget-w1_2_3\" data-id=\"60c6edb\" data-element_type=\"widget\" data-widget_type=\"w1_2_3.default\">\n\t\t\t\t<div class=\"elementor-widget-container\">\n\t\t\t<section>\n                <div class=\"mn-grid\">\n                    <h2  class=\"mn-grid-12\">\n                        Zasady kwalifikacji - studia stacjonarne pierwszego stopnia i jednolite studia magisterskie\n                    <\/h2>\n                <\/div>\n            <\/section>\t\t<\/div>\n\t\t\t\t<\/div>\n\t\t\t\t\t<\/div>\n\t\t<\/div>\n\t\t\t\t\t<\/div>\n\t\t<\/section>\n\t\t\t\t<section class=\"elementor-section elementor-top-section elementor-element elementor-element-9d2efc7 elementor-section-boxed elementor-section-height-default elementor-section-height-default\" data-id=\"9d2efc7\" data-element_type=\"section\">\n\t\t\t\t\t\t<div class=\"elementor-container elementor-column-gap-default\">\n\t\t\t\t\t<div class=\"elementor-column elementor-col-100 elementor-top-column elementor-element elementor-element-6f550c0\" data-id=\"6f550c0\" data-element_type=\"column\">\n\t\t\t<div class=\"elementor-widget-wrap\">\n\t\t\t\t\t\t\t<\/div>\n\t\t<\/div>\n\t\t\t\t\t<\/div>\n\t\t<\/section>\n\t\t\t\t<section class=\"elementor-section elementor-top-section elementor-element elementor-element-0ad625b elementor-section-boxed elementor-section-height-default elementor-section-height-default\" data-id=\"0ad625b\" data-element_type=\"section\">\n\t\t\t\t\t\t<div class=\"elementor-container elementor-column-gap-default\">\n\t\t\t\t\t<div class=\"elementor-column elementor-col-100 elementor-top-column elementor-element elementor-element-c6b7dd3\" data-id=\"c6b7dd3\" data-element_type=\"column\">\n\t\t\t<div class=\"elementor-widget-wrap elementor-element-populated\">\n\t\t\t\t\t\t<div class=\"elementor-element elementor-element-271e53d elementor-widget elementor-widget-w12\" data-id=\"271e53d\" data-element_type=\"widget\" data-widget_type=\"w12.default\">\n\t\t\t\t<div class=\"elementor-widget-container\">\n\t\t\t<section>\n                <div class=\"mn-grid\">\n                    <div class=\"mn-grid-12 mn-mod-text-links\">\n                        <p><strong>Studia stacjonarne pierwszego stopnia i jednolite studia magisterskie \u2013 rok akademicki 2021\/2022<\/strong><\/p><p>Kandydaci b\u0119d\u0105 kwalifikowani na podstawie wynik\u00f3w uzyskanych na egzaminie maturalnym albo egzaminie dojrza\u0142o\u015bci z przedmiot\u00f3w wymaganych dla poszczeg\u00f3lnych kierunk\u00f3w studi\u00f3w <strong>(na kierunek architektura krajobrazu sprawdzian z rysunku odr\u0119cznego zosta\u0142 zniesiony)<\/strong>. \u00a0<\/p><p>Studia stacjonarne I stopnia i jednolite studia magisterskie na kier. weterynaria \u2013 przedmioty wymagane w kwalifikacji na poszczeg\u00f3lne kierunki studi\u00f3w podane s\u0105 w <a href=\"https:\/\/www.sggw.edu.pl\/wp-content\/uploads\/2021\/04\/US-154-2019-2020-zasady-rekrutacji-2021-2022_zal1_stac_Ist.pdf\">Za\u0142\u0105czniku 1<\/a> do\u00a0<a href=\"https:\/\/www.sggw.edu.pl\/wp-content\/uploads\/2021\/04\/US-154-2019-2020-zasady-rekrutacji-2021-2022.pdf\">Uchwa\u0142y nr 154<\/a> &#8211; 2019\/2020 Senatu SGGW w Warszawie z dnia 29 czerwca 2020 r. w sprawie zasad rekrutacji na studia pierwszego stopnia, jednolite studia magisterskie i studia drugiego stopnia w SGGW w roku akademickim 2021\/2022.<\/p><p><strong>Wyniki egzamin\u00f3w b\u0119d\u0105 przeliczane na Punkty SGGW w nast\u0119puj\u0105cy spos\u00f3b:<\/strong><\/p><p>Kwalifikacja na podstawie <u><strong>egzamin\u00f3w maturalnych pisemnych<\/strong><\/u>, kt\u00f3rych wyniki przeliczane b\u0119d\u0105 na punkty SGGW wed\u0142ug poni\u017cszych zasad w zale\u017cno\u015bci od roku uzyskania wyniku egzaminu maturalnego:<\/p><ul><li>Matura\/Aneks z lat 2002 i 2005 &#8211; 2007:<br \/>punkty SGGW= 0,4 x poziom podstawowy + 0,6 x poziom rozszerzony<\/li><li><strong>Matura\/Aneks z lat 2008 &#8211; 2021<\/strong>:<br \/>punkty SGGW = poziom podstawowy x 0,7<br \/>punkty SGGW = poziom rozszerzony x 1,0<\/li><\/ul><p>Dla absolwent\u00f3w szk\u00f3\u0142 lub oddzia\u0142\u00f3w dwuj\u0119zycznych wyniki egzamin\u00f3w z przedmiot\u00f3w nauczanych w j\u0119zyku obcym b\u0119d\u0105cym drugim j\u0119zykiem nauczania, b\u0119d\u0105 przeliczane na punkty SGGW wed\u0142ug zasad podanych powy\u017cej.<\/p><p>Kwalifikacja na podstawie <u><strong>wynik\u00f3w egzamin\u00f3w dojrza\u0142o\u015bci<\/strong>.<\/u><\/p><p>Oceny tradycyjne egzaminu dojrza\u0142o\u015bci b\u0119d\u0105 przeliczane na punkty SGGW wed\u0142ug nast\u0119puj\u0105cych zasad:<\/p><table border=\"1\" cellspacing=\"1\" cellpadding=\"1\" align=\"left\"><tbody><tr><td>Ocena<br \/>(skala 1-6)<\/td><td>Punkty SGGW<\/td><td>Ocena<br \/>(skala 2-5)<\/td><td>Punkty SGGW<\/td><\/tr><tr><td>2 (dop\/mier)<\/td><td>21<\/td><td>3 (dst)<\/td><td>40<\/td><\/tr><tr><td>3 (dst)<\/td><td>40<\/td><td>4 (db)<\/td><td>70<\/td><\/tr><tr><td>4 (db)<\/td><td>60<\/td><td>5 (bdb)<\/td><td>100<\/td><\/tr><tr><td>5 (bdb)<\/td><td>80<\/td><td>\u00a0<\/td><td>\u00a0<\/td><\/tr><tr><td>6 (cel)<\/td><td>100<\/td><td>\u00a0<\/td><td>\u00a0<\/td><\/tr><\/tbody><\/table><p>Zapis \u201ezwolniony\u201d na \u015bwiadectwie dojrza\u0142o\u015bci jest r\u00f3wnoznaczny z maksymaln\u0105 punktacj\u0105 z danego przedmiotu.<\/p><p>Kandydaci, kt\u00f3rzy na egzaminie dojrza\u0142o\u015bci nie b\u0119d\u0105 posiadali ocen z przedmiot\u00f3w wymaganych w kwalifikacji na dany kierunek studi\u00f3w mog\u0105 przyst\u0105pi\u0107 do egzaminu maturalnego i otrzyma\u0107 za\u015bwiadczenie o wynikach egzaminu maturalnego z przedmiotu lub przedmiot\u00f3w, do kt\u00f3rych przyst\u0105pili, wydane przez okr\u0119gow\u0105 komisj\u0119 egzaminacyjn\u0105 (OKE). Wyniki z za\u015bwiadczenia wydanego przez OKE przeliczane s\u0105 na punkty SGGW tak jak wyniki egzaminu maturalnego w danym roku matury.<\/p><p>Kandydaci z <strong>matur\u0105 mi\u0119dzynarodow\u0105 (IB)<\/strong> wydan\u0105 przez IBO w Genewie \u2013 kwalifikacja na podstawie wynik\u00f3w uzyskanych na egzaminie maturalnym z przedmiot\u00f3w wymaganych na dany kierunek studi\u00f3w. Uzyskany na \u015bwiadectwie wynik b\u0119dzie przeliczany na punkty SGGW wg zasad podanych w zak\u0142adce <a class=\"active\" href=\"https:\/\/www.sggw.edu.pl\/strona-glowna\/studia\/rekrutacja\/1-zagraniczne-swiadectwa\/\">Zagraniczne \u015bwiadectwa.<\/a>.<\/p><p>Kandydaci z<strong> matur\u0105 europejsk\u0105 (EB)<\/strong> &#8211; kwalifikacja na podstawie wynik\u00f3w uzyskanych na egzaminie maturalnym z przedmiot\u00f3w wymaganych na dany kierunek studi\u00f3w. Uzyskany na \u015bwiadectwie wynik b\u0119dzie przeliczany na punkty SGGW wg zasad podanych w zak\u0142adce\u00a0<a class=\"active\" href=\"https:\/\/www.sggw.edu.pl\/strona-glowna\/studia\/rekrutacja\/1-zagraniczne-swiadectwa\/\">Zagraniczne \u015bwiadectwa.<\/a><\/p><p>Kandydaci z <strong>matur\u0105 uzyskan\u0105 za granic\u0105 inn\u0105 ni\u017c matura IB\/EB<\/strong> \u2013 kwalifikacja na podstawie wynik\u00f3w uzyskanych na \u015bwiadectwie maturalnym z przedmiot\u00f3w wymaganych na dany kierunek studi\u00f3w. Uzyskany na \u015bwiadectwie wynik (w sze\u015bciostopniowej skali ocen) b\u0119dzie przeliczany na punkty SGGW wed\u0142ug zasad podanych w zak\u0142adce <a class=\"active\" href=\"https:\/\/www.sggw.edu.pl\/strona-glowna\/studia\/rekrutacja\/1-zagraniczne-swiadectwa\/\">Zagraniczne \u015bwiadectwa.<\/a>. <strong>Przy innej skali ocen<\/strong> komisja rekrutacyjna b\u0119dzie indywidualnie przelicza\u0142a uzyskane przez kandydata wyniki ze \u015bwiadectwa maturalnego na punkty SGGW stosuj\u0105c zawarte w niniejszej Uchwale postanowienia. Kandydat zobowi\u0105zany jest przedstawi\u0107 komisji rekrutacyjnej \u015bwiadectwo maturalne lub \u015bwiadectwo uprawniaj\u0105ce do ubiegania si\u0119 o przyj\u0119cie na studia wy\u017csze w kraju, w kt\u00f3rym zosta\u0142o wydane, przed zako\u0144czeniem danego etapu rejestracji.<\/p><p><strong>Laureaci olimpiad i konkurs\u00f3w<\/strong><\/p><p>Laureaci olimpiad centralnych i konkurs\u00f3w b\u0119d\u0105 zwolnieni z post\u0119powania kwalifikacyjnego zgodnie z\u00a0<a href=\"https:\/\/www.sggw.edu.pl\/wp-content\/uploads\/2021\/04\/US-153-2019-2020-uprawnienia-laureatow-2021-2024.pdf\"><strong>Uchwa\u0142\u0105 nr 153- 2019\/2020 <\/strong><\/a>Senatu Szko\u0142y G\u0142\u00f3wnej Gospodarstwa Wiejskiego z dnia 29 czerwca 2020 r. w sprawie uprawnie\u0144 laureat\u00f3w olimpiad i konkurs\u00f3w w latach 2021\/2022\u20132024\/2025.<\/p><p>Z uprawnie\u0144, o kt\u00f3rych mowa w w\/w Uchwale, niezale\u017cnie od daty ich nabycia, mog\u0105 skorzysta\u0107 maturzy\u015bci w roku uzyskania matury. Laureaci olimpiad i konkurs\u00f3w po dokonaniu rejestracji w Systemie Obs\u0142ugi Kandydat\u00f3w sk\u0142adaj\u0105 w miejscu i terminie okre\u015blonym w kalendarium rekrutacji, komplet dokument\u00f3w wymienionych w\u00a0<a href=\"https:\/\/www.sggw.edu.pl\/wp-content\/uploads\/2021\/04\/US-154-2019-2020-zasady-rekrutacji-2021-2022_zal4.pdf\">za\u0142\u0105czniku nr 4<\/a> wraz z za\u015bwiadczeniem lub dyplomem uprawniaj\u0105cym do przyj\u0119cia na studia z pomini\u0119ciem post\u0119powania kwalifikacyjnego. Na podstawie ww dyplomu lub za\u015bwiadczenia, kandydatom przyznawane b\u0119d\u0105 punkty SGGW w maksymalnej wysoko\u015bci.<\/p><p><strong>Punkty SGGW<\/strong><\/p><p><strong>Minimalna liczba punkt\u00f3w SGGW z przedmiot\u00f3w kwalifikacyjnych dla poszczeg\u00f3lnych kierunk\u00f3w studi\u00f3w, kt\u00f3ra umo\u017cliwia udzia\u0142 w post\u0119powaniu rekrutacyjnym, wynika z przeliczenia wyniku dowolnego poziomu egzaminu maturalnego z danego przedmiotu na punkty SGGW, z kt\u00f3rego kandydat uzyska\u0142 minimum 30% na \u015bwiadectwie dojrza\u0142o\u015bci. Dla poziomu podstawowego jest to 21 pkt SGGW, dla poziomu rozszerzonego &#8211; 30 pkt SGGW.<\/strong><\/p><p>Punkty SGGW s\u0105 podstaw\u0105 do umieszczenia kandydata na li\u015bcie rankingowej wybranego kierunku studi\u00f3w.<\/p><p>Przy dw\u00f3ch lub wi\u0119cej przedmiotach kwalifikacyjnych wyniki w punktach SGGW s\u0105 sumowane, z wyj\u0105tkiem kierunk\u00f3w:<\/p><ul><li>bioin\u017cynieria zwierz\u0105t \u2013 wyniki s\u0105 sum\u0105 punkt\u00f3w SGGW z wagami z 2 przedmiot\u00f3w: 1. z matematyki albo chemii albo fizyki albo biologii z uwzgl\u0119dnieniem wagi \u2013 0,7 dla punkt\u00f3w SGGW z tego przedmiotu, 2. z j\u0119zyka angielskiego z uwzgl\u0119dnieniem wagi \u2013 0,3 dla punkt\u00f3w SGGW z j\u0119zyka angielskiego (max. mo\u017cliwy do uzyskania wynik to 100 pkt SGGW).<\/li><li>ekonomia, finanse i rachunkowo\u015b\u0107, logistyka, zarz\u0105dzanie \u2013 wyniki s\u0105 sum\u0105 punkt\u00f3w SGGW z wagami z 3 przedmiot\u00f3w: 1. matematyki z uwzgl\u0119dnieniem wagi \u2013 0,6 dla punkt\u00f3w SGGW z matematyki, 2. z j\u0119zyka obcego nowo\u017cytnego z uwzgl\u0119dnieniem wagi 0,2 dla punkt\u00f3w SGGW z j\u0119zyka obcego oraz 3. z jednego przedmiotu spo\u015br\u00f3d: j\u0119zyk polski albo geografia albo wiedza o spo\u0142ecze\u0144stwie albo historia\u00a0z uwzgl\u0119dnieniem wagi 0,2 dla punkt\u00f3w SGGW z tego przedmiotu (max. mo\u017cliwy do uzyskania wynik to 100 pkt SGGW).<\/li><li>turystyka i rekreacja \u2013 wyniki s\u0105 sum\u0105 punkt\u00f3w SGGW z wagami z 3 przedmiot\u00f3w: 1. matematyki z uwzgl\u0119dnieniem wagi \u2013 0,3 dla punkt\u00f3w SGGW z matematyki, 2. z j\u0119zyka obcego nowo\u017cytnego z uwzgl\u0119dnieniem wagi 0,3 dla punkt\u00f3w SGGW z j\u0119zyka obcego oraz 3. z jednego przedmiotu spo\u015br\u00f3d: j\u0119zyk polski albo geografia albo wiedza o spo\u0142ecze\u0144stwie albo historia\u00a0z uwzgl\u0119dnieniem wagi 0,4 dla punkt\u00f3w SGGW z tego przedmiotu (max. mo\u017cliwy do uzyskania wynik to 100 pkt SGGW).<\/li><\/ul><p>W przypadku kandydat\u00f3w z jednakow\u0105 punktacj\u0105, dodatkowo mog\u0105 by\u0107 uwzgl\u0119dnione wyniki egzaminu maturalnego\/egzaminu dojrza\u0142o\u015bci z j\u0119zyka polskiego, a je\u015bli przedmiotem kwalifikacyjnym jest j\u0119zyk polski \u2013 z j\u0119zyka obcego. W przypadku \u015bwiadectw uzyskanych poza granicami RP, na kt\u00f3rych kandydat nie ma oceny z j\u0119zyka polskiego, dodatkowo uwzgl\u0119dniany b\u0119dzie wynik z j\u0119zyka obcego, kt\u00f3ry nie jest j\u0119zykiem urz\u0119dowym kraju, w kt\u00f3rym zosta\u0142o wydane \u015bwiadectwo.<\/p><p>Komisja Rekrutacyjna mo\u017ce w ka\u017cdym etapie post\u0119powania rekrutacyjnego ustali\u0107 minimaln\u0105 liczb\u0119 punkt\u00f3w SGGW z ka\u017cdego przedmiotu, kt\u00f3ra b\u0119dzie uprawnia\u0142a kandydata do dalszego post\u0119powania rekrutacyjnego.<\/p><p>Wyniki post\u0119powania kwalifikacyjnego zostan\u0105 podane w Systemie Obs\u0142ugi Kandydata, a wymagana punktacja minimalna stronie internetowej <a title=\"Progi przyj\u0119\u0107\" href=\"http:\/\/sok.sggw.pl\/progi.php\" target=\"_blank\" rel=\"noopener\">Progi przyj\u0119\u0107, wolne miejsca<\/a>. Dokumenty sk\u0142adaj\u0105 tylko kandydaci zakwalifikowani do przyj\u0119cia na studia.<\/p>\n                    <\/div>\n                <\/div>\n            <\/section>\t\t<\/div>\n\t\t\t\t<\/div>\n\t\t\t\t\t<\/div>\n\t\t<\/div>\n\t\t\t\t\t<\/div>\n\t\t<\/section>\n\t\t\t\t<\/div>\n\t\t","protected":false},"excerpt":{"rendered":"","protected":false},"author":3,"featured_media":0,"parent":0,"menu_order":0,"comment_status":"closed","ping_status":"closed","template":"","meta":{"_acf_changed":false,"footnotes":""},"class_list":["post-52580","page","type-page","status-publish","hentry"],"acf":[],"_links":{"self":[{"href":"https:\/\/www.sggw.edu.pl\/en\/wp-json\/wp\/v2\/pages\/52580","targetHints":{"allow":["GET"]}}],"collection":[{"href":"https:\/\/www.sggw.edu.pl\/en\/wp-json\/wp\/v2\/pages"}],"about":[{"href":"https:\/\/www.sggw.edu.pl\/en\/wp-json\/wp\/v2\/types\/page"}],"author":[{"embeddable":true,"href":"https:\/\/www.sggw.edu.pl\/en\/wp-json\/wp\/v2\/users\/3"}],"replies":[{"embeddable":true,"href":"https:\/\/www.sggw.edu.pl\/en\/wp-json\/wp\/v2\/comments?post=52580"}],"version-history":[{"count":1,"href":"https:\/\/www.sggw.edu.pl\/en\/wp-json\/wp\/v2\/pages\/52580\/revisions"}],"predecessor-version":[{"id":52587,"href":"https:\/\/www.sggw.edu.pl\/en\/wp-json\/wp\/v2\/pages\/52580\/revisions\/52587"}],"wp:attachment":[{"href":"https:\/\/www.sggw.edu.pl\/en\/wp-json\/wp\/v2\/media?parent=52580"}],"curies":[{"name":"wp","href":"https:\/\/api.w.org\/{rel}","templated":true}]}}