{"id":61288,"date":"2021-05-04T13:41:04","date_gmt":"2021-05-04T11:41:04","guid":{"rendered":"https:\/\/www.sggw.edu.pl\/?page_id=61288"},"modified":"2024-03-12T20:10:44","modified_gmt":"2024-03-12T19:10:44","slug":"1-en-recognition","status":"publish","type":"page","link":"https:\/\/www.sggw.edu.pl\/en\/1-en-recognition\/","title":{"rendered":"Recognition of foreign diplomas"},"content":{"rendered":"\t\t<div data-elementor-type=\"wp-page\" data-elementor-id=\"61288\" class=\"elementor elementor-61288\" data-elementor-post-type=\"page\">\n\t\t\t\t\t\t<section class=\"elementor-section elementor-top-section elementor-element elementor-element-1f1cfb9 elementor-section-boxed elementor-section-height-default elementor-section-height-default\" data-id=\"1f1cfb9\" data-element_type=\"section\">\n\t\t\t\t\t\t<div class=\"elementor-container elementor-column-gap-default\">\n\t\t\t\t\t<div class=\"elementor-column elementor-col-100 elementor-top-column elementor-element elementor-element-7f93584\" data-id=\"7f93584\" data-element_type=\"column\">\n\t\t\t<div class=\"elementor-widget-wrap elementor-element-populated\">\n\t\t\t\t\t\t<div class=\"elementor-element elementor-element-72265a2 elementor-widget elementor-widget-wp-widget-bcn_widget\" data-id=\"72265a2\" data-element_type=\"widget\" data-widget_type=\"wp-widget-bcn_widget.default\">\n\t\t\t\t<div class=\"elementor-widget-container\">\n\t\t\t<div class=\"mn-grid breadcrumb\">\n                                    <div class=\"breadcrumb-inner mn-grid-12\"><div class=\"breadcrumbs\" vocab=\"https:\/\/schema.org\/\" typeof=\"BreadcrumbList\"><span property=\"itemListElement\" typeof=\"ListItem\"><a property=\"item\" typeof=\"WebPage\" title=\"Go to Szko\u0142a G\u0142\u00f3wna Gospodarstwa Wiejskiego w Warszawie.\" href=\"https:\/\/www.sggw.edu.pl\/en\/\" class=\"home\" aria-current=\"page\"><span property=\"name\">Home<\/span><\/a><meta property=\"position\" content=\"1\"><\/span><\/div>    <\/div>\n                                <\/div>\t\t<\/div>\n\t\t\t\t<\/div>\n\t\t\t\t<div class=\"elementor-element elementor-element-49cab08 elementor-widget elementor-widget-w1_2_3\" data-id=\"49cab08\" data-element_type=\"widget\" data-widget_type=\"w1_2_3.default\">\n\t\t\t\t<div class=\"elementor-widget-container\">\n\t\t\t<section>\n                <div class=\"mn-grid\">\n                    <h2  class=\"mn-grid-12\">\n                        Recognition of foreign diplomas and certificates\n                    <\/h2>\n                <\/div>\n            <\/section>\t\t<\/div>\n\t\t\t\t<\/div>\n\t\t\t\t\t<\/div>\n\t\t<\/div>\n\t\t\t\t\t<\/div>\n\t\t<\/section>\n\t\t\t\t<section class=\"elementor-section elementor-top-section elementor-element elementor-element-637b4eb elementor-section-boxed elementor-section-height-default elementor-section-height-default\" data-id=\"637b4eb\" data-element_type=\"section\">\n\t\t\t\t\t\t<div class=\"elementor-container elementor-column-gap-default\">\n\t\t\t\t\t<div class=\"elementor-column elementor-col-100 elementor-top-column elementor-element elementor-element-ae7d110\" data-id=\"ae7d110\" data-element_type=\"column\">\n\t\t\t<div class=\"elementor-widget-wrap elementor-element-populated\">\n\t\t\t\t\t\t<div class=\"elementor-element elementor-element-97585cb elementor-widget elementor-widget-w12\" data-id=\"97585cb\" data-element_type=\"widget\" data-widget_type=\"w12.default\">\n\t\t\t\t<div class=\"elementor-widget-container\">\n\t\t\t<section>\n                <div class=\"mn-grid\">\n                    <div class=\"mn-grid-12 mn-mod-text-links\">\n                        <p><strong>DOCUMENTS RECOGNISED BY OPERATION OF LAW IN POLAND (AUTOMATIC RECOGNITION)<\/strong><\/p><p>Certificates recognised by operation of law are not subject to the procedure of recognition by the Education Superintendent. The owners of such documents have right to submitt it directly to the University. <span class=\"tlid-translation translation\" lang=\"en\"><span title=\"\">Applies to:<\/span><\/span><\/p><ul><li>Certificates, diplomas or other educational documents that confirm the completion of secondary education in the European Union, European Economic Area (EEA) or OECD member states as well as the right to apply for higher education programs in the country of issue shall be recognized in Poland by law (i.e. automatically).<\/li><\/ul><p>This rule concerns the following countries:<\/p><p><span class=\"tlid-translation translation\" lang=\"en\"><span title=\"\">AUSTRALIA, AUSTRIA, BELGIUM, BULGARIA, CHILE, CROATIA, CYPRUS, CZECH REPUBLIC, DENMARK, ESTONIA, FINLAND, FRANCE, GREECE, SPAIN, IRELAND, ICELAND, ISRAEL, JAPAN, CANADA, KOREA, LIECHTENSTEIN, LITHUANIA<\/span> <span title=\"\">MEXICO, NETHERLANDS (GERMANY), GERMANY, NORWAY, NEW ZEALAND, PORTUGAL, ROMANIA, SLOVAKIA, SLOVENIA, SWITZERLAND, SWEDEN, TURKEY, USA, HUNGARY, GREAT BRITAIN, ITALY.<\/span><\/span><\/p><ul><li>IB (International Baccalaureate) diplomas issued by the International Baccalaureate Organization in Geneva,<\/li><li>EB (European Baccalaureate) diplomas issued by the European Schools in accordance with the Convention defining the Statute of the European Schools,<\/li><li>Certificates, diplomas and other documents issued abroad by schools or educational institutions in accordance with the principles laid down in bilateral agreements on mutual diploma recognition &#8211; documents issued in: Belarus, Ukraine, China (gaozhong)<\/li><\/ul><p><strong>RECOGNITION PROCEDURE BY POLISH EDUCATION SUPERINTENDENT<\/strong><\/p><p><strong>Secondary school leaving certificate which are not recognized in Poland by operation of law or under an international agreement undergo\u00a0obligatory the recognition procedure.\u00a0Recognition procedure\u00a0 is done by the Polish Education Superintendent in a way of administrative decision.<\/strong><\/p><p>Recognition of a certificate or the level of education is done by the Education Superintendent appropriate for the place of residence of the Applicant, and if there is no such place, for the official seat of the institution where the Applicant is going to submit the certificate.<\/p><p>Education Superintendent appropriate for the Warsaw University of Life Sciences<br \/>is The Education Office in Warsaw.<br \/>Recognition procedure is described at: <a href=\"http:\/\/www.kuratorium.waw.pl\/en\/nostrification-of-certi\/8177,Recognition-of-certificates-or-the-level-of-education-or-rights-to-continue-educ.html\">http:\/\/www.kuratorium.waw.pl\/en<\/a><\/p><p>Before you apply for certificate recognition, make sure it is legalized or\u00a0has\u00a0the seal of apostille -&gt; <a href=\"https:\/\/www.sggw.edu.pl\/en\/recruitment\/1-en-legalization\/\">READ MORE<\/a><\/p>\n                    <\/div>\n                <\/div>\n            <\/section>\t\t<\/div>\n\t\t\t\t<\/div>\n\t\t\t\t\t<\/div>\n\t\t<\/div>\n\t\t\t\t\t<\/div>\n\t\t<\/section>\n\t\t\t\t<\/div>\n\t\t","protected":false},"excerpt":{"rendered":"<p>Recognition of foreign diplomas and certificates DOCUMENTS RECOGNISED BY OPERATION OF LAW IN POLAND (AUTOMATIC RECOGNITION) Certificates recognised by operation of law are not subject to the procedure of recognition by the Education Superintendent. The owners of such documents have right to submitt it directly to the University. Applies to: Certificates, diplomas or other educational [&hellip;]<\/p>\n","protected":false},"author":111,"featured_media":0,"parent":0,"menu_order":0,"comment_status":"closed","ping_status":"closed","template":"","meta":{"_acf_changed":false,"footnotes":""},"class_list":["post-61288","page","type-page","status-publish","hentry"],"acf":[],"_links":{"self":[{"href":"https:\/\/www.sggw.edu.pl\/en\/wp-json\/wp\/v2\/pages\/61288","targetHints":{"allow":["GET"]}}],"collection":[{"href":"https:\/\/www.sggw.edu.pl\/en\/wp-json\/wp\/v2\/pages"}],"about":[{"href":"https:\/\/www.sggw.edu.pl\/en\/wp-json\/wp\/v2\/types\/page"}],"author":[{"embeddable":true,"href":"https:\/\/www.sggw.edu.pl\/en\/wp-json\/wp\/v2\/users\/111"}],"replies":[{"embeddable":true,"href":"https:\/\/www.sggw.edu.pl\/en\/wp-json\/wp\/v2\/comments?post=61288"}],"version-history":[{"count":12,"href":"https:\/\/www.sggw.edu.pl\/en\/wp-json\/wp\/v2\/pages\/61288\/revisions"}],"predecessor-version":[{"id":193098,"href":"https:\/\/www.sggw.edu.pl\/en\/wp-json\/wp\/v2\/pages\/61288\/revisions\/193098"}],"wp:attachment":[{"href":"https:\/\/www.sggw.edu.pl\/en\/wp-json\/wp\/v2\/media?parent=61288"}],"curies":[{"name":"wp","href":"https:\/\/api.w.org\/{rel}","templated":true}]}}