{"id":61414,"date":"2021-05-04T13:58:42","date_gmt":"2021-05-04T11:58:42","guid":{"rendered":"https:\/\/www.sggw.edu.pl\/?page_id=61414"},"modified":"2024-07-02T11:34:25","modified_gmt":"2024-07-02T09:34:25","slug":"1-en-legalization","status":"publish","type":"page","link":"https:\/\/www.sggw.edu.pl\/en\/1-en-legalization\/","title":{"rendered":"Legalization\/Apostille 1 st"},"content":{"rendered":"\t\t<div data-elementor-type=\"wp-page\" data-elementor-id=\"61414\" class=\"elementor elementor-61414\" data-elementor-post-type=\"page\">\n\t\t\t\t\t\t<section class=\"elementor-section elementor-top-section elementor-element elementor-element-949599b elementor-section-boxed elementor-section-height-default elementor-section-height-default\" data-id=\"949599b\" data-element_type=\"section\">\n\t\t\t\t\t\t<div class=\"elementor-container elementor-column-gap-default\">\n\t\t\t\t\t<div class=\"elementor-column elementor-col-100 elementor-top-column elementor-element elementor-element-b6933c2\" data-id=\"b6933c2\" data-element_type=\"column\">\n\t\t\t<div class=\"elementor-widget-wrap elementor-element-populated\">\n\t\t\t\t\t\t<div class=\"elementor-element elementor-element-4bacf0d elementor-widget elementor-widget-wp-widget-bcn_widget\" data-id=\"4bacf0d\" data-element_type=\"widget\" data-widget_type=\"wp-widget-bcn_widget.default\">\n\t\t\t\t<div class=\"elementor-widget-container\">\n\t\t\t<div class=\"mn-grid breadcrumb\">\n                                    <div class=\"breadcrumb-inner mn-grid-12\"><div class=\"breadcrumbs\" vocab=\"https:\/\/schema.org\/\" typeof=\"BreadcrumbList\"><span property=\"itemListElement\" typeof=\"ListItem\"><a property=\"item\" typeof=\"WebPage\" title=\"Go to Szko\u0142a G\u0142\u00f3wna Gospodarstwa Wiejskiego w Warszawie.\" href=\"https:\/\/www.sggw.edu.pl\/en\/\" class=\"home\" aria-current=\"page\"><span property=\"name\">Home<\/span><\/a><meta property=\"position\" content=\"1\"><\/span><\/div>    <\/div>\n                                <\/div>\t\t<\/div>\n\t\t\t\t<\/div>\n\t\t\t\t\t<\/div>\n\t\t<\/div>\n\t\t\t\t\t<\/div>\n\t\t<\/section>\n\t\t\t\t<section class=\"elementor-section elementor-top-section elementor-element elementor-element-72a02f2 elementor-section-boxed elementor-section-height-default elementor-section-height-default\" data-id=\"72a02f2\" data-element_type=\"section\">\n\t\t\t\t\t\t<div class=\"elementor-container elementor-column-gap-default\">\n\t\t\t\t\t<div class=\"elementor-column elementor-col-100 elementor-top-column elementor-element elementor-element-a87822e\" data-id=\"a87822e\" data-element_type=\"column\">\n\t\t\t<div class=\"elementor-widget-wrap elementor-element-populated\">\n\t\t\t\t\t\t<div class=\"elementor-element elementor-element-cccd467 elementor-widget elementor-widget-w1_2_3\" data-id=\"cccd467\" data-element_type=\"widget\" data-widget_type=\"w1_2_3.default\">\n\t\t\t\t<div class=\"elementor-widget-container\">\n\t\t\t<section>\n                <div class=\"mn-grid\">\n                    <h2  class=\"mn-grid-12\">\n                        Legalization\/Apostille\n                    <\/h2>\n                <\/div>\n            <\/section>\t\t<\/div>\n\t\t\t\t<\/div>\n\t\t\t\t\t<\/div>\n\t\t<\/div>\n\t\t\t\t\t<\/div>\n\t\t<\/section>\n\t\t\t\t<section class=\"elementor-section elementor-top-section elementor-element elementor-element-5017a06 elementor-section-boxed elementor-section-height-default elementor-section-height-default\" data-id=\"5017a06\" data-element_type=\"section\">\n\t\t\t\t\t\t<div class=\"elementor-container elementor-column-gap-default\">\n\t\t\t\t\t<div class=\"elementor-column elementor-col-100 elementor-top-column elementor-element elementor-element-bd7f40d\" data-id=\"bd7f40d\" data-element_type=\"column\">\n\t\t\t<div class=\"elementor-widget-wrap elementor-element-populated\">\n\t\t\t\t\t\t<div class=\"elementor-element elementor-element-a4371f3 elementor-widget elementor-widget-w1_2_3\" data-id=\"a4371f3\" data-element_type=\"widget\" data-widget_type=\"w1_2_3.default\">\n\t\t\t\t<div class=\"elementor-widget-container\">\n\t\t\t<section>\n                    <div class=\"mn-grid\">\n                        <h5  class=\"mn-grid-12 mn-title3\">\n                            On which certificates is legalization or apostille required\n                        <\/h5>\n                    <\/div>\n                <\/section>\t\t<\/div>\n\t\t\t\t<\/div>\n\t\t\t\t\t<\/div>\n\t\t<\/div>\n\t\t\t\t\t<\/div>\n\t\t<\/section>\n\t\t\t\t<section class=\"elementor-section elementor-top-section elementor-element elementor-element-1730285 elementor-section-boxed elementor-section-height-default elementor-section-height-default\" data-id=\"1730285\" data-element_type=\"section\">\n\t\t\t\t\t\t<div class=\"elementor-container elementor-column-gap-default\">\n\t\t\t\t\t<div class=\"elementor-column elementor-col-100 elementor-top-column elementor-element elementor-element-a947759\" data-id=\"a947759\" data-element_type=\"column\">\n\t\t\t<div class=\"elementor-widget-wrap elementor-element-populated\">\n\t\t\t\t\t\t<div class=\"elementor-element elementor-element-8656327 elementor-widget elementor-widget-w12\" data-id=\"8656327\" data-element_type=\"widget\" data-widget_type=\"w12.default\">\n\t\t\t\t<div class=\"elementor-widget-container\">\n\t\t\t<section>\n                <div class=\"mn-grid\">\n                    <div class=\"mn-grid-12 mn-mod-text-links\">\n                        <p>In cases of high school leaving certificates recognized under the administrative decision of the Polish Education Superintendent, legalization\/apostille is required.<\/p><p>Legalization is carried out by:<\/p><p>1) Polish consul in the country, where certificate was issued, or in the country in which educational system a school operates;<\/p><p>2) educational authorities in the country, where a certificate was issued, or in the country in which educational system a school operates;<\/p><p>3) an embassy or consulate of the country, where certificate was issued, or in the country in which educational system a school operates located in Poland or in other EU, EFTA or OECD country;<\/p><p>If a certificate was issued by a country \u2013 party to the Hague Convention of 5th October 1961 abolishing the Requirement for Legalisation for Foreign Public Documents, a certificate must be submited along with the <strong>Apostille<\/strong> attached to it. Check if the country in which the certificate was issued is a party to the Hague Convention:<\/p><p><a href=\"https:\/\/www.hcch.net\/en\/states\/hcch-members\">https:\/\/www.hcch.net\/en\/states\/hcch-members<\/a><\/p><p>Below you can check if your certificate is exempt from legalization or apostille, if the country in which you received your certificate is not on the list, it means that legalization or apostille is required. Take care of the legalization \/ apostille of the certificate before proceeding with the qualification.<\/p>\n                    <\/div>\n                <\/div>\n            <\/section>\t\t<\/div>\n\t\t\t\t<\/div>\n\t\t\t\t\t<\/div>\n\t\t<\/div>\n\t\t\t\t\t<\/div>\n\t\t<\/section>\n\t\t\t\t<section class=\"elementor-section elementor-top-section elementor-element elementor-element-fbc3bd9 elementor-section-boxed elementor-section-height-default elementor-section-height-default\" data-id=\"fbc3bd9\" data-element_type=\"section\">\n\t\t\t\t\t\t<div class=\"elementor-container elementor-column-gap-default\">\n\t\t\t\t\t<div class=\"elementor-column elementor-col-100 elementor-top-column elementor-element elementor-element-570f7f8\" data-id=\"570f7f8\" data-element_type=\"column\">\n\t\t\t<div class=\"elementor-widget-wrap elementor-element-populated\">\n\t\t\t\t\t\t<div class=\"elementor-element elementor-element-0e3f926 elementor-widget elementor-widget-w7\" data-id=\"0e3f926\" data-element_type=\"widget\" data-widget_type=\"w7.default\">\n\t\t\t\t<div class=\"elementor-widget-container\">\n\t\t\t<section>\n                <div class=\"mn-grid\">\n                    <div class=\"mn-grid-12 mn-horizontal-separator-grey\"><\/div>\n                <\/div>\n                <\/section>\t\t<\/div>\n\t\t\t\t<\/div>\n\t\t\t\t\t<\/div>\n\t\t<\/div>\n\t\t\t\t\t<\/div>\n\t\t<\/section>\n\t\t\t\t<section class=\"elementor-section elementor-top-section elementor-element elementor-element-43f6a7a elementor-section-boxed elementor-section-height-default elementor-section-height-default\" data-id=\"43f6a7a\" data-element_type=\"section\">\n\t\t\t\t\t\t<div class=\"elementor-container elementor-column-gap-default\">\n\t\t\t\t\t<div class=\"elementor-column elementor-col-100 elementor-top-column elementor-element elementor-element-8869ec2\" data-id=\"8869ec2\" data-element_type=\"column\">\n\t\t\t<div class=\"elementor-widget-wrap elementor-element-populated\">\n\t\t\t\t\t\t<div class=\"elementor-element elementor-element-5e6fdea elementor-widget elementor-widget-w1_2_3\" data-id=\"5e6fdea\" data-element_type=\"widget\" data-widget_type=\"w1_2_3.default\">\n\t\t\t\t<div class=\"elementor-widget-container\">\n\t\t\t<section>\n                    <div class=\"mn-grid\">\n                        <h5  class=\"mn-grid-12 mn-title3\">\n                            Which certificates do not require legalization or apostille\n                        <\/h5>\n                    <\/div>\n                <\/section>\t\t<\/div>\n\t\t\t\t<\/div>\n\t\t\t\t\t<\/div>\n\t\t<\/div>\n\t\t\t\t\t<\/div>\n\t\t<\/section>\n\t\t\t\t<section class=\"elementor-section elementor-top-section elementor-element elementor-element-fd6f32f elementor-section-boxed elementor-section-height-default elementor-section-height-default\" data-id=\"fd6f32f\" data-element_type=\"section\">\n\t\t\t\t\t\t<div class=\"elementor-container elementor-column-gap-default\">\n\t\t\t\t\t<div class=\"elementor-column elementor-col-100 elementor-top-column elementor-element elementor-element-4ad8e6e\" data-id=\"4ad8e6e\" data-element_type=\"column\">\n\t\t\t<div class=\"elementor-widget-wrap elementor-element-populated\">\n\t\t\t\t\t\t<div class=\"elementor-element elementor-element-b8b623a elementor-widget elementor-widget-w12\" data-id=\"b8b623a\" data-element_type=\"widget\" data-widget_type=\"w12.default\">\n\t\t\t\t<div class=\"elementor-widget-container\">\n\t\t\t<section>\n                <div class=\"mn-grid\">\n                    <div class=\"mn-grid-12 mn-mod-text-links\">\n                        <p>Candidates with foreign certificates issued in the education systems of the following countries are exempt from having legalization or apostille on the certificate. The exemption applies to certificates issued in the following countries:<\/p><p>AUSTRALIA, AUSTRIA, BELGIUM, BULGARIA, CHILE, CROATIA, CYPRUS, CZECH REPUBLIC, DENMARK, ESTONIA, FINLAND, FRANCE, GREECE, SPAIN, IRELAND, ICELAND, ISRAEL, JAPAN, CANADA, KOREA, LIECHTENSTEIN, LITHUANIA MEXICO, NETHERLANDS (HOLLAND), GERMANY, NORWAY, NEW ZEALAND, PORTUGAL, ROMANIA, SLOVAKIA, SLOVENIA, SWITZERLAND, SWEDEN, TURKEY, USA, HUNGARY, GREAT BRITAIN, ITALY.<\/p><p>In addition, legalization or apostille is not required for the following certificates:<\/p><ul><li><strong>Diploma IB<\/strong> (International Baccalaureate) &#8211; diplomas issued by the International Baccalaureate Organization in Geneva,<\/li><li><strong>Diploma EB<\/strong> (European Baccalaureate) &#8211; diplomas issued by the European Schools in accordance with the Convention defining the Statute of the European Schools,<\/li><li>Certificates, diplomas and other documents issued abroad by schools or educational institutions in accordance with the principles laid down in bilateral agreements on mutual diploma recognition &#8211; documents issued in: <strong>Ukraine, China<\/strong> (gaozhong)<\/li><\/ul>\n                    <\/div>\n                <\/div>\n            <\/section>\t\t<\/div>\n\t\t\t\t<\/div>\n\t\t\t\t\t<\/div>\n\t\t<\/div>\n\t\t\t\t\t<\/div>\n\t\t<\/section>\n\t\t\t\t<\/div>\n\t\t","protected":false},"excerpt":{"rendered":"<p>Legalization\/Apostille On which certificates is legalization or apostille required In cases of high school leaving certificates recognized under the administrative decision of the Polish Education Superintendent, legalization\/apostille is required. Legalization is carried out by: 1) Polish consul in the country, where certificate was issued, or in the country in which educational system a school operates; [&hellip;]<\/p>\n","protected":false},"author":111,"featured_media":0,"parent":0,"menu_order":0,"comment_status":"closed","ping_status":"closed","template":"","meta":{"_acf_changed":false,"footnotes":""},"class_list":["post-61414","page","type-page","status-publish","hentry"],"acf":[],"_links":{"self":[{"href":"https:\/\/www.sggw.edu.pl\/en\/wp-json\/wp\/v2\/pages\/61414","targetHints":{"allow":["GET"]}}],"collection":[{"href":"https:\/\/www.sggw.edu.pl\/en\/wp-json\/wp\/v2\/pages"}],"about":[{"href":"https:\/\/www.sggw.edu.pl\/en\/wp-json\/wp\/v2\/types\/page"}],"author":[{"embeddable":true,"href":"https:\/\/www.sggw.edu.pl\/en\/wp-json\/wp\/v2\/users\/111"}],"replies":[{"embeddable":true,"href":"https:\/\/www.sggw.edu.pl\/en\/wp-json\/wp\/v2\/comments?post=61414"}],"version-history":[{"count":21,"href":"https:\/\/www.sggw.edu.pl\/en\/wp-json\/wp\/v2\/pages\/61414\/revisions"}],"predecessor-version":[{"id":209025,"href":"https:\/\/www.sggw.edu.pl\/en\/wp-json\/wp\/v2\/pages\/61414\/revisions\/209025"}],"wp:attachment":[{"href":"https:\/\/www.sggw.edu.pl\/en\/wp-json\/wp\/v2\/media?parent=61414"}],"curies":[{"name":"wp","href":"https:\/\/api.w.org\/{rel}","templated":true}]}}