{"id":79453,"date":"2021-05-17T12:26:15","date_gmt":"2021-05-17T10:26:15","guid":{"rendered":"https:\/\/www.sggw.edu.pl\/?page_id=79453"},"modified":"2021-05-28T12:33:27","modified_gmt":"2021-05-28T10:33:27","slug":"information-for-new-students","status":"publish","type":"page","link":"https:\/\/www.sggw.edu.pl\/en\/campus\/sggw-student-health-centre\/information-for-new-students\/","title":{"rendered":"Information for new students"},"content":{"rendered":"\t\t<div data-elementor-type=\"wp-page\" data-elementor-id=\"79453\" class=\"elementor elementor-79453\" data-elementor-post-type=\"page\">\n\t\t\t\t\t\t<section class=\"elementor-section elementor-top-section elementor-element elementor-element-4db539f elementor-section-boxed elementor-section-height-default elementor-section-height-default\" data-id=\"4db539f\" data-element_type=\"section\">\n\t\t\t\t\t\t<div class=\"elementor-container elementor-column-gap-default\">\n\t\t\t\t\t<div class=\"elementor-column elementor-col-100 elementor-top-column elementor-element elementor-element-c223531\" data-id=\"c223531\" data-element_type=\"column\">\n\t\t\t<div class=\"elementor-widget-wrap elementor-element-populated\">\n\t\t\t\t\t\t<div class=\"elementor-element elementor-element-71cfcbb elementor-widget elementor-widget-wp-widget-bcn_widget\" data-id=\"71cfcbb\" data-element_type=\"widget\" data-widget_type=\"wp-widget-bcn_widget.default\">\n\t\t\t\t<div class=\"elementor-widget-container\">\n\t\t\t<div class=\"mn-grid breadcrumb\">\n                                    <div class=\"breadcrumb-inner mn-grid-12\"><div class=\"breadcrumbs\" vocab=\"https:\/\/schema.org\/\" typeof=\"BreadcrumbList\"><span property=\"itemListElement\" typeof=\"ListItem\"><a property=\"item\" typeof=\"WebPage\" title=\"Go to Szko\u0142a G\u0142\u00f3wna Gospodarstwa Wiejskiego w Warszawie.\" href=\"https:\/\/www.sggw.edu.pl\/en\/\" class=\"home\" aria-current=\"page\"><span property=\"name\">Home<\/span><\/a><meta property=\"position\" content=\"1\"><\/span><\/div>    <\/div>\n                                <\/div>\t\t<\/div>\n\t\t\t\t<\/div>\n\t\t\t\t\t<\/div>\n\t\t<\/div>\n\t\t\t\t\t<\/div>\n\t\t<\/section>\n\t\t\t\t<section class=\"elementor-section elementor-top-section elementor-element elementor-element-1c49c36 elementor-section-boxed elementor-section-height-default elementor-section-height-default\" data-id=\"1c49c36\" data-element_type=\"section\">\n\t\t\t\t\t\t<div class=\"elementor-container elementor-column-gap-default\">\n\t\t\t\t\t<div class=\"elementor-column elementor-col-100 elementor-top-column elementor-element elementor-element-51c4763\" data-id=\"51c4763\" data-element_type=\"column\">\n\t\t\t<div class=\"elementor-widget-wrap elementor-element-populated\">\n\t\t\t\t\t\t<div class=\"elementor-element elementor-element-6163800 elementor-widget elementor-widget-w1_2_3\" data-id=\"6163800\" data-element_type=\"widget\" data-widget_type=\"w1_2_3.default\">\n\t\t\t\t<div class=\"elementor-widget-container\">\n\t\t\t<section>\n                <div class=\"mn-grid\">\n                    <h2  class=\"mn-grid-12\">\n                        Information for new students\n                    <\/h2>\n                <\/div>\n            <\/section>\t\t<\/div>\n\t\t\t\t<\/div>\n\t\t\t\t\t<\/div>\n\t\t<\/div>\n\t\t\t\t\t<\/div>\n\t\t<\/section>\n\t\t\t\t<section class=\"elementor-section elementor-top-section elementor-element elementor-element-ae5ed61 elementor-section-boxed elementor-section-height-default elementor-section-height-default\" data-id=\"ae5ed61\" data-element_type=\"section\">\n\t\t\t\t\t\t<div class=\"elementor-container elementor-column-gap-default\">\n\t\t\t\t\t<div class=\"elementor-column elementor-col-100 elementor-top-column elementor-element elementor-element-4aa5e32\" data-id=\"4aa5e32\" data-element_type=\"column\">\n\t\t\t<div class=\"elementor-widget-wrap elementor-element-populated\">\n\t\t\t\t\t\t<div class=\"elementor-element elementor-element-a5c65c8 elementor-widget elementor-widget-w12\" data-id=\"a5c65c8\" data-element_type=\"widget\" data-widget_type=\"w12.default\">\n\t\t\t\t<div class=\"elementor-widget-container\">\n\t\t\t<section>\n                <div class=\"mn-grid\">\n                    <div class=\"mn-grid-12 mn-mod-text-links\">\n                        <p><strong>SGGW Health Centre <\/strong>assists you with a wide variety of chronic health care problems including: asthma, hypertension, diabetes, high cholesterol and thyroid disorders. We encourage all students with chronic health issues to make an appointment with a\u00a0<strong>SGGW Student Health Centre<\/strong>\u00a0physician or nurse practitioner.<\/p><p>The SGGW Health Centre practices provide:<\/p><ul><li>appointments with doctor, practice nurse (GP and specialists)<\/li><li>patient checks<\/li><li>taking blood<\/li><li>asthma checks<\/li><li>general health checks<\/li><li>blood pressure checks<\/li><li>sexual health and contraception advice (Gynaecologist\u2019s advice)<\/li><li>screening for sexually transmitted infections<\/li><li>breast examination advice<\/li><li>travel advice and immunisation<\/li><li>vaccinations<\/li><li>stitch removal<\/li><li>employment and insurance medicals<\/li><li>ultrasound test<\/li><\/ul><p><strong>Patient Information<\/strong><\/p><p>Have the following information available when you attend your appointment for the first time:<\/p><ul><li>details of your ongoing medical problems<\/li><li>details of medical problems you have suffered in the past<\/li><li>name of any medicines you are currently taking<\/li><li>details of any\u00a0<a href=\"http:\/\/www.nhs.uk\/Livewell\/Allergies\/Pages\/Allergieshome.aspx\">allergies<\/a><\/li><li>contact details of your registered or previous practice<\/li><\/ul><p><strong>Patient Responsibilities<\/strong><br \/>Please advise us if you change your address, telephone number or medications.<\/p><p>Our practice teams do not accept any form of verbal or physical abuse.<\/p><p><strong>Confidentiality<\/strong><br \/>We collect information about you in order to provide the best level of care and treatment. We keep your information on file so that our doctors and nurses have the accurate and up-to-date information they need to help you. There are times when we have to pass on this information to hospitals, social services or the Health Authority. Please be assured that this is always done confidentially by removing non-essential identifying details. Everyone working for the NFZ has a legal duty to maintain the highest level of confidentiality about patient information.<\/p><p><strong>Complaints and suggestions<\/strong><\/p><p>In case of a complaint, please contact the Practice Manager on\u00a0<a href=\"mailto:rejestracja@sggw.edu.pl\">rejestracja@sggw.edu.pl<\/a> or call our reception number &#8211; we will call you back.<\/p><p>We always strive to improve and enhance our services. Yet, if you have any suggestions, please call us <br \/>or use the suggestion box in our waiting room.<\/p><p>In less serious conditions, you can always seek healthcare at night or on public holidays where you will be given basic healthcare and assistance. These medical facilities are open from Monday to Friday from 6:00 p.m. to 8:00 a.m. the following day, and on Saturdays, Sundays and public holidays from 8:00 a.m. to 8:00 a.m. the next day.<\/p><p><strong><br \/>The list of the nearest Medical Facilities Open at Night and on Public Holidays:<\/strong><\/p><table width=\"100%\"><tbody><tr><td width=\"25%\"><p><strong>District<\/strong><\/p><\/td><td width=\"25%\"><p><strong>Health Centre Name<\/strong><\/p><\/td><td width=\"25%\"><p><strong>Address<\/strong><\/p><\/td><td width=\"25%\"><p><strong>Telephone<\/strong><\/p><\/td><\/tr><tr><td width=\"25%\"><p>Ursyn\u00f3w<\/p><\/td><td width=\"25%\"><p>Samodzielny Publiczny ZOZ Warszawa &#8211; Ursyn\u00f3w<\/p><\/td><td width=\"25%\"><p><a href=\"https:\/\/goo.gl\/maps\/6AHhT6HCAM5jmWda9\">Romera 4<\/a><\/p><\/td><td width=\"25%\"><p>(22) 643-04-97<br \/>602-680-196<\/p><\/td><\/tr><tr><td width=\"25%\"><p>Wilan\u00f3w<\/p><\/td><td width=\"25%\"><p>Centrum Medyczne WUM Sp. z O. O.<\/p><\/td><td width=\"25%\"><p><a href=\"https:\/\/goo.gl\/maps\/nKiQdynjSFEd7Mon9\">Wiertnicza 81<\/a><\/p><\/td><td width=\"25%\"><p>(22) 250-28-01<\/p><\/td><\/tr><tr><td width=\"25%\"><p>Mokot\u00f3w<\/p><\/td><td width=\"25%\"><p>Centrum Medyczne WUM Sp. z O. O.<\/p><\/td><td width=\"25%\"><p><a href=\"https:\/\/goo.gl\/maps\/T3GNYPNmvhbXE6oAA\">Malczewskiego 47A<\/a><\/p><\/td><td width=\"25%\"><p>(22) 250-28-01<\/p><\/td><\/tr><\/tbody><\/table>\n                    <\/div>\n                <\/div>\n            <\/section>\t\t<\/div>\n\t\t\t\t<\/div>\n\t\t\t\t\t<\/div>\n\t\t<\/div>\n\t\t\t\t\t<\/div>\n\t\t<\/section>\n\t\t\t\t<\/div>\n\t\t","protected":false},"excerpt":{"rendered":"<p>Information for new students SGGW Health Centre assists you with a wide variety of chronic health care problems including: asthma, hypertension, diabetes, high cholesterol and thyroid disorders. We encourage all students with chronic health issues to make an appointment with a\u00a0SGGW Student Health Centre\u00a0physician or nurse practitioner. The SGGW Health Centre practices provide: appointments with [&hellip;]<\/p>\n","protected":false},"author":9,"featured_media":0,"parent":15428,"menu_order":0,"comment_status":"closed","ping_status":"closed","template":"","meta":{"_acf_changed":false,"footnotes":""},"class_list":["post-79453","page","type-page","status-publish","hentry"],"acf":[],"_links":{"self":[{"href":"https:\/\/www.sggw.edu.pl\/en\/wp-json\/wp\/v2\/pages\/79453","targetHints":{"allow":["GET"]}}],"collection":[{"href":"https:\/\/www.sggw.edu.pl\/en\/wp-json\/wp\/v2\/pages"}],"about":[{"href":"https:\/\/www.sggw.edu.pl\/en\/wp-json\/wp\/v2\/types\/page"}],"author":[{"embeddable":true,"href":"https:\/\/www.sggw.edu.pl\/en\/wp-json\/wp\/v2\/users\/9"}],"replies":[{"embeddable":true,"href":"https:\/\/www.sggw.edu.pl\/en\/wp-json\/wp\/v2\/comments?post=79453"}],"version-history":[{"count":4,"href":"https:\/\/www.sggw.edu.pl\/en\/wp-json\/wp\/v2\/pages\/79453\/revisions"}],"predecessor-version":[{"id":79457,"href":"https:\/\/www.sggw.edu.pl\/en\/wp-json\/wp\/v2\/pages\/79453\/revisions\/79457"}],"up":[{"embeddable":true,"href":"https:\/\/www.sggw.edu.pl\/en\/wp-json\/wp\/v2\/pages\/15428"}],"wp:attachment":[{"href":"https:\/\/www.sggw.edu.pl\/en\/wp-json\/wp\/v2\/media?parent=79453"}],"curies":[{"name":"wp","href":"https:\/\/api.w.org\/{rel}","templated":true}]}}