{"id":79469,"date":"2021-05-17T12:32:16","date_gmt":"2021-05-17T10:32:16","guid":{"rendered":"https:\/\/www.sggw.edu.pl\/?page_id=79469"},"modified":"2022-05-17T11:37:03","modified_gmt":"2022-05-17T09:37:03","slug":"contact-and-appointments","status":"publish","type":"page","link":"https:\/\/www.sggw.edu.pl\/en\/campus\/sggw-student-health-centre\/contact-and-appointments\/","title":{"rendered":"Contact and appointments"},"content":{"rendered":"\t\t<div data-elementor-type=\"wp-page\" data-elementor-id=\"79469\" class=\"elementor elementor-79469\" data-elementor-post-type=\"page\">\n\t\t\t\t\t\t<section class=\"elementor-section elementor-top-section elementor-element elementor-element-3d98aec elementor-section-boxed elementor-section-height-default elementor-section-height-default\" data-id=\"3d98aec\" data-element_type=\"section\">\n\t\t\t\t\t\t<div class=\"elementor-container elementor-column-gap-default\">\n\t\t\t\t\t<div class=\"elementor-column elementor-col-100 elementor-top-column elementor-element elementor-element-4f00d60\" data-id=\"4f00d60\" data-element_type=\"column\">\n\t\t\t<div class=\"elementor-widget-wrap elementor-element-populated\">\n\t\t\t\t\t\t<div class=\"elementor-element elementor-element-8bd319b elementor-widget elementor-widget-wp-widget-bcn_widget\" data-id=\"8bd319b\" data-element_type=\"widget\" data-widget_type=\"wp-widget-bcn_widget.default\">\n\t\t\t\t<div class=\"elementor-widget-container\">\n\t\t\t<div class=\"mn-grid breadcrumb\">\n                                    <div class=\"breadcrumb-inner mn-grid-12\"><div class=\"breadcrumbs\" vocab=\"https:\/\/schema.org\/\" typeof=\"BreadcrumbList\"><span property=\"itemListElement\" typeof=\"ListItem\"><a property=\"item\" typeof=\"WebPage\" title=\"Go to Szko\u0142a G\u0142\u00f3wna Gospodarstwa Wiejskiego w Warszawie.\" href=\"https:\/\/www.sggw.edu.pl\/en\/\" class=\"home\" aria-current=\"page\"><span property=\"name\">Home<\/span><\/a><meta property=\"position\" content=\"1\"><\/span><\/div>    <\/div>\n                                <\/div>\t\t<\/div>\n\t\t\t\t<\/div>\n\t\t\t\t\t<\/div>\n\t\t<\/div>\n\t\t\t\t\t<\/div>\n\t\t<\/section>\n\t\t\t\t<section class=\"elementor-section elementor-top-section elementor-element elementor-element-bf8383b elementor-section-boxed elementor-section-height-default elementor-section-height-default\" data-id=\"bf8383b\" data-element_type=\"section\">\n\t\t\t\t\t\t<div class=\"elementor-container elementor-column-gap-default\">\n\t\t\t\t\t<div class=\"elementor-column elementor-col-100 elementor-top-column elementor-element elementor-element-df8fdd5\" data-id=\"df8fdd5\" data-element_type=\"column\">\n\t\t\t<div class=\"elementor-widget-wrap elementor-element-populated\">\n\t\t\t\t\t\t<div class=\"elementor-element elementor-element-ff38227 elementor-widget elementor-widget-w1_2_3\" data-id=\"ff38227\" data-element_type=\"widget\" data-widget_type=\"w1_2_3.default\">\n\t\t\t\t<div class=\"elementor-widget-container\">\n\t\t\t<section>\n                <div class=\"mn-grid\">\n                    <h2  class=\"mn-grid-12\">\n                        Contact and appointments\n                    <\/h2>\n                <\/div>\n            <\/section>\t\t<\/div>\n\t\t\t\t<\/div>\n\t\t\t\t\t<\/div>\n\t\t<\/div>\n\t\t\t\t\t<\/div>\n\t\t<\/section>\n\t\t\t\t<section class=\"elementor-section elementor-top-section elementor-element elementor-element-7583377 elementor-section-boxed elementor-section-height-default elementor-section-height-default\" data-id=\"7583377\" data-element_type=\"section\">\n\t\t\t\t\t\t<div class=\"elementor-container elementor-column-gap-default\">\n\t\t\t\t\t<div class=\"elementor-column elementor-col-100 elementor-top-column elementor-element elementor-element-4e02d19\" data-id=\"4e02d19\" data-element_type=\"column\">\n\t\t\t<div class=\"elementor-widget-wrap elementor-element-populated\">\n\t\t\t\t\t\t<div class=\"elementor-element elementor-element-80e4d00 elementor-widget elementor-widget-w12\" data-id=\"80e4d00\" data-element_type=\"widget\" data-widget_type=\"w12.default\">\n\t\t\t\t<div class=\"elementor-widget-container\">\n\t\t\t<section>\n                <div class=\"mn-grid\">\n                    <div class=\"mn-grid-12 mn-mod-text-links\">\n                        <p><strong>Address<\/strong><\/p><p>Warsaw University of Life Sciences-Health Centre (SGGW-Health Centre)\u00a0<\/p><p>Nowoursynowska 161 St. 02-787 Warsaw<\/p><ul><li>Agnieszka Szyma\u0144ska, MD (female)<\/li><li>Adam Kalinowski, MD (male)<\/li><li>Iwona Witek, MD (female)<\/li><li>Sylwia Gruber, MD (female)<\/li><li>Ma\u0142gorzata Kaczorowska, MD (female)<\/li><li>Alicja Piliszek, MD\u00a0(female)<\/li><li>Magdalena Tarczo\u0144, MD (female)<\/li><\/ul><p><strong>Booking an appointment<\/strong><\/p><p>Please call \u00a0the surgery on <strong>22 5931430<\/strong> to book an appointment with a \u00a0doctor.\u00a0You may be asked to give the receptionist the reason for the appointment in order to be referred to the appropriate doctor.<\/p><p>Getting a same-day appointment depends on the availability of the doctors and nurses.\u00a0<\/p><p><strong>Receptionists do not make clinical decisions<\/strong>!<\/p><p><strong>Reception opening hours:<\/strong><\/p><table width=\"600\"><tbody><tr><td colspan=\"2\" width=\"297\"><p><strong>Monday &#8211; Friday<\/strong><\/p><\/td><td colspan=\"2\" width=\"277\"><p><strong>\u00a0Holidays <\/strong><\/p><\/td><\/tr><tr><td width=\"136\"><p>Monday<\/p><\/td><td width=\"147\"><p>8.00 am* \u2013 6.00 pm<\/p><\/td><td width=\"109\"><p>Monday<\/p><\/td><td width=\"154\"><p>8.00 am* \u2013 6.00 pm<\/p><\/td><\/tr><tr><td width=\"136\"><p>Tuesday<\/p><\/td><td width=\"147\"><p>8.00 am* \u2013 6.00 pm<\/p><\/td><td width=\"109\"><p>Tuesday<\/p><\/td><td width=\"154\"><p>8.00 am* \u2013 6.00 pm<\/p><\/td><\/tr><tr><td width=\"136\"><p>Wednesday<\/p><\/td><td width=\"147\"><p>8.00 am* \u2013 6.00 pm<\/p><\/td><td width=\"109\"><p>Wednesday<\/p><\/td><td width=\"154\"><p>8.00 am* \u2013 6.00 pm<\/p><\/td><\/tr><tr><td width=\"136\"><p>Thursday<\/p><\/td><td width=\"147\"><p>8.00 am* \u2013 6.00 pm<\/p><\/td><td width=\"109\"><p>Thursday<\/p><\/td><td width=\"154\"><p>8.00 am* \u2013 6.00 pm<\/p><\/td><\/tr><tr><td width=\"136\"><p>Friday<\/p><\/td><td width=\"147\"><p>8.00 am* \u2013 6.00 pm<\/p><\/td><td width=\"109\"><p>Friday<\/p><\/td><td width=\"154\"><p>8.00 am* \u2013 6.00 pm<\/p><\/td><\/tr><\/tbody><\/table><p>*The telephone lines open from \u00a08. 00 am.<\/p><p><strong>Telephone appointments<\/strong><\/p><p>You can phone the centre to make an appointment.<\/p><p>Telephone or video appointments are offered on week days . A doctor\u00a0will\u00a0call you back and\u00a0if necessary, they\u00a0may advise\u00a0you to come to the centre.\u00a0<\/p><p><strong>Repeat prescriptions<\/strong><\/p><p>Repeat prescriptions can be ordered over the telephone or in person. Your prescription will be available for collection within 48 hours ( excluding weekends \/ bank holidays).\u00a0<\/p><p><strong>We are able to take repeat prescription request over the telephone.<\/strong><\/p><p><strong>Ensuring continuity of care<\/strong><br \/>If you need a referral to a specialist doctor (e.g. psychiatrist ) to ensure continuity of your treatment or support, you are encouraged to contact us to discuss your needs\/problems and to get the\u00a0 appropriate referral.<\/p>\n                    <\/div>\n                <\/div>\n            <\/section>\t\t<\/div>\n\t\t\t\t<\/div>\n\t\t\t\t\t<\/div>\n\t\t<\/div>\n\t\t\t\t\t<\/div>\n\t\t<\/section>\n\t\t\t\t<\/div>\n\t\t","protected":false},"excerpt":{"rendered":"<p>Contact and appointments Address Warsaw University of Life Sciences-Health Centre (SGGW-Health Centre)\u00a0 Nowoursynowska 161 St. 02-787 Warsaw Agnieszka Szyma\u0144ska, MD (female) Adam Kalinowski, MD (male) Iwona Witek, MD (female) Sylwia Gruber, MD (female) Ma\u0142gorzata Kaczorowska, MD (female) Alicja Piliszek, MD\u00a0(female) Magdalena Tarczo\u0144, MD (female) Booking an appointment Please call \u00a0the surgery on 22 5931430 to [&hellip;]<\/p>\n","protected":false},"author":9,"featured_media":0,"parent":15428,"menu_order":0,"comment_status":"closed","ping_status":"closed","template":"","meta":{"_acf_changed":false,"footnotes":""},"class_list":["post-79469","page","type-page","status-publish","hentry"],"acf":[],"_links":{"self":[{"href":"https:\/\/www.sggw.edu.pl\/en\/wp-json\/wp\/v2\/pages\/79469","targetHints":{"allow":["GET"]}}],"collection":[{"href":"https:\/\/www.sggw.edu.pl\/en\/wp-json\/wp\/v2\/pages"}],"about":[{"href":"https:\/\/www.sggw.edu.pl\/en\/wp-json\/wp\/v2\/types\/page"}],"author":[{"embeddable":true,"href":"https:\/\/www.sggw.edu.pl\/en\/wp-json\/wp\/v2\/users\/9"}],"replies":[{"embeddable":true,"href":"https:\/\/www.sggw.edu.pl\/en\/wp-json\/wp\/v2\/comments?post=79469"}],"version-history":[{"count":7,"href":"https:\/\/www.sggw.edu.pl\/en\/wp-json\/wp\/v2\/pages\/79469\/revisions"}],"predecessor-version":[{"id":127119,"href":"https:\/\/www.sggw.edu.pl\/en\/wp-json\/wp\/v2\/pages\/79469\/revisions\/127119"}],"up":[{"embeddable":true,"href":"https:\/\/www.sggw.edu.pl\/en\/wp-json\/wp\/v2\/pages\/15428"}],"wp:attachment":[{"href":"https:\/\/www.sggw.edu.pl\/en\/wp-json\/wp\/v2\/media?parent=79469"}],"curies":[{"name":"wp","href":"https:\/\/api.w.org\/{rel}","templated":true}]}}