{"id":79477,"date":"2021-05-17T12:35:08","date_gmt":"2021-05-17T10:35:08","guid":{"rendered":"https:\/\/www.sggw.edu.pl\/?page_id=79477"},"modified":"2021-05-28T12:34:45","modified_gmt":"2021-05-28T10:34:45","slug":"specialist-consultation","status":"publish","type":"page","link":"https:\/\/www.sggw.edu.pl\/en\/campus\/sggw-student-health-centre\/specialist-consultation\/","title":{"rendered":"Specialist consultation"},"content":{"rendered":"\t\t<div data-elementor-type=\"wp-page\" data-elementor-id=\"79477\" class=\"elementor elementor-79477\" data-elementor-post-type=\"page\">\n\t\t\t\t\t\t<section class=\"elementor-section elementor-top-section elementor-element elementor-element-28602ba elementor-section-boxed elementor-section-height-default elementor-section-height-default\" data-id=\"28602ba\" data-element_type=\"section\">\n\t\t\t\t\t\t<div class=\"elementor-container elementor-column-gap-default\">\n\t\t\t\t\t<div class=\"elementor-column elementor-col-100 elementor-top-column elementor-element elementor-element-2f71072\" data-id=\"2f71072\" data-element_type=\"column\">\n\t\t\t<div class=\"elementor-widget-wrap elementor-element-populated\">\n\t\t\t\t\t\t<div class=\"elementor-element elementor-element-90eb215 elementor-widget elementor-widget-wp-widget-bcn_widget\" data-id=\"90eb215\" data-element_type=\"widget\" data-widget_type=\"wp-widget-bcn_widget.default\">\n\t\t\t\t<div class=\"elementor-widget-container\">\n\t\t\t<div class=\"mn-grid breadcrumb\">\n                                    <div class=\"breadcrumb-inner mn-grid-12\"><div class=\"breadcrumbs\" vocab=\"https:\/\/schema.org\/\" typeof=\"BreadcrumbList\"><span property=\"itemListElement\" typeof=\"ListItem\"><a property=\"item\" typeof=\"WebPage\" title=\"Go to Szko\u0142a G\u0142\u00f3wna Gospodarstwa Wiejskiego w Warszawie.\" href=\"https:\/\/www.sggw.edu.pl\/en\/\" class=\"home\" aria-current=\"page\"><span property=\"name\">Home<\/span><\/a><meta property=\"position\" content=\"1\"><\/span><\/div>    <\/div>\n                                <\/div>\t\t<\/div>\n\t\t\t\t<\/div>\n\t\t\t\t\t<\/div>\n\t\t<\/div>\n\t\t\t\t\t<\/div>\n\t\t<\/section>\n\t\t\t\t<section class=\"elementor-section elementor-top-section elementor-element elementor-element-fadbb4e elementor-section-boxed elementor-section-height-default elementor-section-height-default\" data-id=\"fadbb4e\" data-element_type=\"section\">\n\t\t\t\t\t\t<div class=\"elementor-container elementor-column-gap-default\">\n\t\t\t\t\t<div class=\"elementor-column elementor-col-100 elementor-top-column elementor-element elementor-element-b8dac86\" data-id=\"b8dac86\" data-element_type=\"column\">\n\t\t\t<div class=\"elementor-widget-wrap elementor-element-populated\">\n\t\t\t\t\t\t<div class=\"elementor-element elementor-element-cde49c1 elementor-widget elementor-widget-w1_2_3\" data-id=\"cde49c1\" data-element_type=\"widget\" data-widget_type=\"w1_2_3.default\">\n\t\t\t\t<div class=\"elementor-widget-container\">\n\t\t\t<section>\n                <div class=\"mn-grid\">\n                    <h2  class=\"mn-grid-12\">\n                        Medical Specialists in Our Center\n                    <\/h2>\n                <\/div>\n            <\/section>\t\t<\/div>\n\t\t\t\t<\/div>\n\t\t\t\t\t<\/div>\n\t\t<\/div>\n\t\t\t\t\t<\/div>\n\t\t<\/section>\n\t\t\t\t<section class=\"elementor-section elementor-top-section elementor-element elementor-element-ca9b59e elementor-section-boxed elementor-section-height-default elementor-section-height-default\" data-id=\"ca9b59e\" data-element_type=\"section\">\n\t\t\t\t\t\t<div class=\"elementor-container elementor-column-gap-default\">\n\t\t\t\t\t<div class=\"elementor-column elementor-col-100 elementor-top-column elementor-element elementor-element-90109e1\" data-id=\"90109e1\" data-element_type=\"column\">\n\t\t\t<div class=\"elementor-widget-wrap elementor-element-populated\">\n\t\t\t\t\t\t<div class=\"elementor-element elementor-element-ad3127d elementor-widget elementor-widget-w12\" data-id=\"ad3127d\" data-element_type=\"widget\" data-widget_type=\"w12.default\">\n\t\t\t\t<div class=\"elementor-widget-container\">\n\t\t\t<section>\n                <div class=\"mn-grid\">\n                    <div class=\"mn-grid-12 mn-mod-text-links\">\n                        <ul><li><strong>Cardiologists<\/strong> are medical doctors who specialize in the diagnosis and treatment of diseases <br \/>or conditions of the heart and blood vessels, such as irregular heart rhythms, high blood pressure, heart failure, or heart attacks.<\/li><li><strong>Gynecologists<\/strong> are medical doctors who diagnose and treat diseases of the female reproductive system.<\/li><li><strong>Endocrinologists<\/strong> are medical doctors who specialize in the diagnosis and treatment of diseases of the endocrine glands, which regulate hormones. Endocrinologists are internists who have additional training in endocrinology. They often treat diabetes and thyroid disorders.<\/li><li><strong>Otolaryngologist<\/strong> \u00a0Ear, nose, and throat (ENT) specialists are medical doctors who specialize in the diagnosis and treatment of diseases or conditions of the ear, nose, and throat.<\/li><li><strong>Rheumatologists<\/strong> are medical doctors who specialize in the diagnosis and treatment of diseases of the joints. Rheumatologists may further specialize in diagnosing and treating arthritis and other rheumatic conditions, such as osteoarthritis, rheumatoid arthritis, or lupus.<\/li><li><strong>Ophthalmologists<\/strong> are medical doctors who specialize in the diagnosis and treatment of eye problems, diseases, and injuries. Ophthalmologists can diagnose and treat eye diseases, such as diabetic retinopathy and glaucoma; prescribe eyeglasses and contact lenses.<\/li><li><strong>Neurologists<\/strong> are medical doctors who specialize in the diagnosis and treatment of brain, spinal cord, and nervous system diseases, such as multiple sclerosis, Alzheimer&#8217;s disease, headaches, stroke, or injury.<\/li><\/ul><p><strong>Community (family) nurse<\/strong><\/p><p><strong>24-h ECG Holter monitoring <\/strong>is a machine that continuously records the heart&#8217;s rhythms. You wear the\u00a0Holter monitor\u00a0for 24 \u00a0hours\u00a0 during normal activity. This device has electrodes and electrical leads exactly like a regular EKG, but it has fewer leads.<\/p><p><strong>Ambulatory Blood Pressure Monitoring (ABPM).<\/strong> ABPM is a precise method to quantify BP levels and diagnose hypertension. Your blood pressure is measured as you move around, living your normal daily life. It is measured for up to 24 hours. A small digital blood pressure monitor is attached to a belt around your waist and connected<\/p>\n                    <\/div>\n                <\/div>\n            <\/section>\t\t<\/div>\n\t\t\t\t<\/div>\n\t\t\t\t\t<\/div>\n\t\t<\/div>\n\t\t\t\t\t<\/div>\n\t\t<\/section>\n\t\t\t\t<\/div>\n\t\t","protected":false},"excerpt":{"rendered":"<p>Medical Specialists in Our Center Cardiologists are medical doctors who specialize in the diagnosis and treatment of diseases or conditions of the heart and blood vessels, such as irregular heart rhythms, high blood pressure, heart failure, or heart attacks. Gynecologists are medical doctors who diagnose and treat diseases of the female reproductive system. Endocrinologists are [&hellip;]<\/p>\n","protected":false},"author":9,"featured_media":0,"parent":15428,"menu_order":0,"comment_status":"closed","ping_status":"closed","template":"","meta":{"_acf_changed":false,"footnotes":""},"class_list":["post-79477","page","type-page","status-publish","hentry"],"acf":[],"_links":{"self":[{"href":"https:\/\/www.sggw.edu.pl\/en\/wp-json\/wp\/v2\/pages\/79477","targetHints":{"allow":["GET"]}}],"collection":[{"href":"https:\/\/www.sggw.edu.pl\/en\/wp-json\/wp\/v2\/pages"}],"about":[{"href":"https:\/\/www.sggw.edu.pl\/en\/wp-json\/wp\/v2\/types\/page"}],"author":[{"embeddable":true,"href":"https:\/\/www.sggw.edu.pl\/en\/wp-json\/wp\/v2\/users\/9"}],"replies":[{"embeddable":true,"href":"https:\/\/www.sggw.edu.pl\/en\/wp-json\/wp\/v2\/comments?post=79477"}],"version-history":[{"count":4,"href":"https:\/\/www.sggw.edu.pl\/en\/wp-json\/wp\/v2\/pages\/79477\/revisions"}],"predecessor-version":[{"id":79482,"href":"https:\/\/www.sggw.edu.pl\/en\/wp-json\/wp\/v2\/pages\/79477\/revisions\/79482"}],"up":[{"embeddable":true,"href":"https:\/\/www.sggw.edu.pl\/en\/wp-json\/wp\/v2\/pages\/15428"}],"wp:attachment":[{"href":"https:\/\/www.sggw.edu.pl\/en\/wp-json\/wp\/v2\/media?parent=79477"}],"curies":[{"name":"wp","href":"https:\/\/api.w.org\/{rel}","templated":true}]}}