{"id":82462,"date":"2021-05-28T16:08:06","date_gmt":"2021-05-28T14:08:06","guid":{"rendered":"https:\/\/www.sggw.edu.pl\/?page_id=82462"},"modified":"2026-03-20T11:39:08","modified_gmt":"2026-03-20T10:39:08","slug":"2-en-calendar","status":"publish","type":"page","link":"https:\/\/www.sggw.edu.pl\/en\/recruitment\/second-cycle-studies-masters-degree\/2-en-calendar\/","title":{"rendered":"Recruitment calendar &#8211; Master&#8217;s degree v2"},"content":{"rendered":"\t\t<div data-elementor-type=\"wp-page\" data-elementor-id=\"82462\" class=\"elementor elementor-82462\" data-elementor-post-type=\"page\">\n\t\t\t\t\t\t<section class=\"elementor-section elementor-top-section elementor-element elementor-element-3ca051c elementor-section-boxed elementor-section-height-default elementor-section-height-default\" data-id=\"3ca051c\" data-element_type=\"section\">\n\t\t\t\t\t\t<div class=\"elementor-container elementor-column-gap-default\">\n\t\t\t\t\t<div class=\"elementor-column elementor-col-100 elementor-top-column elementor-element elementor-element-1d473cb\" data-id=\"1d473cb\" data-element_type=\"column\">\n\t\t\t<div class=\"elementor-widget-wrap elementor-element-populated\">\n\t\t\t\t\t\t<div class=\"elementor-element elementor-element-884d342 elementor-widget elementor-widget-wp-widget-bcn_widget\" data-id=\"884d342\" data-element_type=\"widget\" data-widget_type=\"wp-widget-bcn_widget.default\">\n\t\t\t\t<div class=\"elementor-widget-container\">\n\t\t\t<div class=\"mn-grid breadcrumb\">\n                                    <div class=\"breadcrumb-inner mn-grid-12\"><div class=\"breadcrumbs\" vocab=\"https:\/\/schema.org\/\" typeof=\"BreadcrumbList\"><span property=\"itemListElement\" typeof=\"ListItem\"><a property=\"item\" typeof=\"WebPage\" title=\"Go to Szko\u0142a G\u0142\u00f3wna Gospodarstwa Wiejskiego w Warszawie.\" href=\"https:\/\/www.sggw.edu.pl\/en\/\" class=\"home\" aria-current=\"page\"><span property=\"name\">Home<\/span><\/a><meta property=\"position\" content=\"1\"><\/span><\/div>    <\/div>\n                                <\/div>\t\t<\/div>\n\t\t\t\t<\/div>\n\t\t\t\t\t<\/div>\n\t\t<\/div>\n\t\t\t\t\t<\/div>\n\t\t<\/section>\n\t\t<div class=\"elementor-element elementor-element-2a2a847 e-con-full e-flex e-con e-parent\" data-id=\"2a2a847\" data-element_type=\"container\">\n\t\t\t\t<div class=\"elementor-element elementor-element-73696df elementor-widget elementor-widget-w1_2_3\" data-id=\"73696df\" data-element_type=\"widget\" data-widget_type=\"w1_2_3.default\">\n\t\t\t\t<div class=\"elementor-widget-container\">\n\t\t\t<section>\n                    <div class=\"mn-grid\">\n                        <h3  class=\"mn-grid-12 mn-section-title2\">\n                            Recruitment calendar \u2013 second cycle studies (Master\u2019s degree), full-time programmes starting in the winter semester 2026\/2027\n                        <\/h3>\n                    <\/div>\n                <\/section>\t\t<\/div>\n\t\t\t\t<\/div>\n\t\t\t\t<\/div>\n\t\t\t\t<section class=\"elementor-section elementor-top-section elementor-element elementor-element-87ffa11 elementor-section-boxed elementor-section-height-default elementor-section-height-default\" data-id=\"87ffa11\" data-element_type=\"section\">\n\t\t\t\t\t\t<div class=\"elementor-container elementor-column-gap-default\">\n\t\t\t\t\t<div class=\"elementor-column elementor-col-100 elementor-top-column elementor-element elementor-element-7ff5b4e\" data-id=\"7ff5b4e\" data-element_type=\"column\">\n\t\t\t<div class=\"elementor-widget-wrap elementor-element-populated\">\n\t\t\t\t\t\t<div class=\"elementor-element elementor-element-27bbcf2 elementor-widget elementor-widget-w12\" data-id=\"27bbcf2\" data-element_type=\"widget\" data-widget_type=\"w12.default\">\n\t\t\t\t<div class=\"elementor-widget-container\">\n\t\t\t<section>\n                <div class=\"mn-grid\">\n                    <div class=\"mn-grid-12 mn-mod-text-links\">\n                        <p><strong>STUDIES CONDUCTED IN ENGLISH<\/strong><\/p><p><strong>Spring Phase 1<\/strong><\/p><p>Dear Candidates! The recruitment calendar available below concerns the spring phase, in which individuals who already have their degree can participate.<\/p><p>The next phases of recruitment, with a separate limit of admission places &#8211; dedicated to this year&#8217;s graduates &#8211; will be published on the website before May 1, 2026. Please follow the website.<\/p><p>Recruitment is carried out for the following fields of study:<\/p><p>Environmental Protection (Restoration and Management of Environment)<br \/>Finance and Accounting<br \/>Food Science &#8211; Technology and Nutrition<br \/>Forest Information Technology<br \/>Informatics and Econometrics (Big Data Analytics)<br \/>Landscape Architecture Under Climate Change<br \/>Sustainable Horticulture<\/p><table width=\"100%\"><tbody><tr><td width=\"126\"><p>April 20, 2026<\/p><\/td><td width=\"84\"><p>from 00:01 am<\/p><\/td><td width=\"386\"><p>Start of registration in the Internet Recruitment of Candidates (IRK) system:<\/p><ul><li>select the form and program of study<\/li><\/ul><\/td><\/tr><tr><td width=\"126\"><p>May 04, 2026<\/p><\/td><td width=\"84\"><p>until 11:59 pm<\/p><\/td><td width=\"386\"><p>Last day of registration in IRK:<\/p><ul><li>select the form and program of study<\/li><\/ul><p>This is also the deadline for:<\/p><ul><li>admission fee payment<\/li><li>upload a digital photo<\/li><li>upload scans of document certifying knowledge of English at a language proficiency level no lower than B2<\/li><li>upload scan of international higher education diploma<\/li><li>upload scan of diploma Transcript of Grades *<\/li><li>upload the NAWA&#8217;s Director individual written recognition statement on a foreign diploma \u2013 not applicable for diplomas issued in UE, OECD, EFTA and Ukraine, China<\/li><li>upload scan of legalization or apostille of foreign diploma \u2013 not applicable for diplomas issued in UE, OECD, EFTA and Ukraine, China<\/li><li>complete the enrolment form data, including the student\u2019s \u00a0arithmetic mean of all final grades in the subjects covered by the study program<\/li><\/ul><\/td><\/tr><tr><td width=\"126\"><p>May 7, 2026<\/p><\/td><td width=\"84\"><p>10:00 am \u2013 12:00 noon<\/p><\/td><td width=\"386\"><p>Competency test dedicated to candidates applying for:<\/p><ul><li>Finanace and accounting \u2013 programme in English<\/li><\/ul><\/td><\/tr><tr><td width=\"126\"><p>May 13, 2026<\/p><\/td><td width=\"84\"><p>until 10:00 pm<\/p><\/td><td width=\"386\"><p>Announcement of the qualification results (in the IRK system)<\/p><\/td><\/tr><tr><td width=\"126\"><p>May 18 \u2013 22, 2026<\/p><\/td><td width=\"84\"><p>09:00 am \u2013 03:00 pm<\/p><\/td><td width=\"386\"><p>Documents\u2019 delivery to SGGW from the selected candidates.<\/p><p>Candidates qualified for admission who do not submit documents within the prescribed period are treated as persons resigning from participation in recruitment.<\/p><\/td><\/tr><\/tbody><\/table><p id=\"tw-target-text\" class=\"tw-data-text tw-text-large tw-ta\" role=\"text\" data-placeholder=\"T\u0142umaczenie\" aria-label=\"Przet\u0142umaczony tekst: the university reserves the right to change the dates given in the calendar\" data-ved=\"2ahUKEwjV9Pjhna6TAxVnCRAIHeq3L_8Q3ewLegQIDxAV\"><strong><span class=\"Y2IQFc\" lang=\"en\">The university reserves the right to change the dates given in the calendar.<\/span><\/strong><\/p><p>*) The Diploma Transcript of Grades is uploaded by the candidates:<\/p><p>&#8211; with a foreign diploma of graduation entitling to undertake second-cycle studies (the transcript of grades should be uploaded with a sworn translation into Polish if the diploma was issued in a language other than English),<\/p><p>&#8211; has a diploma of completion of studies in a field other than the one for which is applying.<\/p>\n                    <\/div>\n                <\/div>\n            <\/section>\t\t<\/div>\n\t\t\t\t<\/div>\n\t\t\t\t\t<\/div>\n\t\t<\/div>\n\t\t\t\t\t<\/div>\n\t\t<\/section>\n\t\t\t\t<\/div>\n\t\t","protected":false},"excerpt":{"rendered":"<p>Recruitment calendar \u2013 second cycle studies (Master\u2019s degree), full-time programmes starting in the winter semester 2026\/2027 STUDIES CONDUCTED IN ENGLISH Spring Phase 1 Dear Candidates! The recruitment calendar available below concerns the spring phase, in which individuals who already have their degree can participate. The next phases of recruitment, with a separate limit of admission [&hellip;]<\/p>\n","protected":false},"author":111,"featured_media":0,"parent":141645,"menu_order":0,"comment_status":"closed","ping_status":"closed","template":"","meta":{"_acf_changed":false,"footnotes":""},"class_list":["post-82462","page","type-page","status-publish","hentry"],"acf":[],"_links":{"self":[{"href":"https:\/\/www.sggw.edu.pl\/en\/wp-json\/wp\/v2\/pages\/82462","targetHints":{"allow":["GET"]}}],"collection":[{"href":"https:\/\/www.sggw.edu.pl\/en\/wp-json\/wp\/v2\/pages"}],"about":[{"href":"https:\/\/www.sggw.edu.pl\/en\/wp-json\/wp\/v2\/types\/page"}],"author":[{"embeddable":true,"href":"https:\/\/www.sggw.edu.pl\/en\/wp-json\/wp\/v2\/users\/111"}],"replies":[{"embeddable":true,"href":"https:\/\/www.sggw.edu.pl\/en\/wp-json\/wp\/v2\/comments?post=82462"}],"version-history":[{"count":177,"href":"https:\/\/www.sggw.edu.pl\/en\/wp-json\/wp\/v2\/pages\/82462\/revisions"}],"predecessor-version":[{"id":284845,"href":"https:\/\/www.sggw.edu.pl\/en\/wp-json\/wp\/v2\/pages\/82462\/revisions\/284845"}],"up":[{"embeddable":true,"href":"https:\/\/www.sggw.edu.pl\/en\/wp-json\/wp\/v2\/pages\/141645"}],"wp:attachment":[{"href":"https:\/\/www.sggw.edu.pl\/en\/wp-json\/wp\/v2\/media?parent=82462"}],"curies":[{"name":"wp","href":"https:\/\/api.w.org\/{rel}","templated":true}]}}