{"id":82470,"date":"2021-05-28T16:16:27","date_gmt":"2021-05-28T14:16:27","guid":{"rendered":"https:\/\/www.sggw.edu.pl\/?page_id=82470"},"modified":"2025-07-22T10:13:20","modified_gmt":"2025-07-22T08:13:20","slug":"2-en-required_documents","status":"publish","type":"page","link":"https:\/\/www.sggw.edu.pl\/en\/recruitment\/second-cycle-studies-masters-degree\/masters-degree-recruitment-rules\/2-en-required_documents\/","title":{"rendered":"Required documents Master&#8217;s degree"},"content":{"rendered":"\t\t<div data-elementor-type=\"wp-page\" data-elementor-id=\"82470\" class=\"elementor elementor-82470\" data-elementor-post-type=\"page\">\n\t\t\t\t\t\t<section class=\"elementor-section elementor-top-section elementor-element elementor-element-accfad2 elementor-section-boxed elementor-section-height-default elementor-section-height-default\" data-id=\"accfad2\" data-element_type=\"section\">\n\t\t\t\t\t\t<div class=\"elementor-container elementor-column-gap-default\">\n\t\t\t\t\t<div class=\"elementor-column elementor-col-100 elementor-top-column elementor-element elementor-element-5cd95f5\" data-id=\"5cd95f5\" data-element_type=\"column\">\n\t\t\t<div class=\"elementor-widget-wrap elementor-element-populated\">\n\t\t\t\t\t\t<div class=\"elementor-element elementor-element-1961717 elementor-widget elementor-widget-wp-widget-bcn_widget\" data-id=\"1961717\" data-element_type=\"widget\" data-widget_type=\"wp-widget-bcn_widget.default\">\n\t\t\t\t<div class=\"elementor-widget-container\">\n\t\t\t<div class=\"mn-grid breadcrumb\">\n                                    <div class=\"breadcrumb-inner mn-grid-12\"><div class=\"breadcrumbs\" vocab=\"https:\/\/schema.org\/\" typeof=\"BreadcrumbList\"><span property=\"itemListElement\" typeof=\"ListItem\"><a property=\"item\" typeof=\"WebPage\" title=\"Go to Szko\u0142a G\u0142\u00f3wna Gospodarstwa Wiejskiego w Warszawie.\" href=\"https:\/\/www.sggw.edu.pl\/en\/\" class=\"home\" aria-current=\"page\"><span property=\"name\">Home<\/span><\/a><meta property=\"position\" content=\"1\"><\/span><\/div>    <\/div>\n                                <\/div>\t\t<\/div>\n\t\t\t\t<\/div>\n\t\t\t\t\t<\/div>\n\t\t<\/div>\n\t\t\t\t\t<\/div>\n\t\t<\/section>\n\t\t\t\t<section class=\"elementor-section elementor-top-section elementor-element elementor-element-871e32f elementor-section-boxed elementor-section-height-default elementor-section-height-default\" data-id=\"871e32f\" data-element_type=\"section\">\n\t\t\t\t\t\t<div class=\"elementor-container elementor-column-gap-default\">\n\t\t\t\t\t<div class=\"elementor-column elementor-col-100 elementor-top-column elementor-element elementor-element-9e64fde\" data-id=\"9e64fde\" data-element_type=\"column\">\n\t\t\t<div class=\"elementor-widget-wrap elementor-element-populated\">\n\t\t\t\t\t\t<div class=\"elementor-element elementor-element-9808950 elementor-widget elementor-widget-w1_2_3\" data-id=\"9808950\" data-element_type=\"widget\" data-widget_type=\"w1_2_3.default\">\n\t\t\t\t<div class=\"elementor-widget-container\">\n\t\t\t<section>\n                <div class=\"mn-grid\">\n                    <h2  class=\"mn-grid-12\">\n                        Required documents Master's degree programs\n                    <\/h2>\n                <\/div>\n            <\/section>\t\t<\/div>\n\t\t\t\t<\/div>\n\t\t\t\t\t<\/div>\n\t\t<\/div>\n\t\t\t\t\t<\/div>\n\t\t<\/section>\n\t\t\t\t<section class=\"elementor-section elementor-top-section elementor-element elementor-element-8991507 elementor-section-boxed elementor-section-height-default elementor-section-height-default\" data-id=\"8991507\" data-element_type=\"section\">\n\t\t\t\t\t\t<div class=\"elementor-container elementor-column-gap-default\">\n\t\t\t\t\t<div class=\"elementor-column elementor-col-100 elementor-top-column elementor-element elementor-element-e02d4f6\" data-id=\"e02d4f6\" data-element_type=\"column\">\n\t\t\t<div class=\"elementor-widget-wrap elementor-element-populated\">\n\t\t\t\t\t\t<div class=\"elementor-element elementor-element-1d8d0ae elementor-widget elementor-widget-w12\" data-id=\"1d8d0ae\" data-element_type=\"widget\" data-widget_type=\"w12.default\">\n\t\t\t\t<div class=\"elementor-widget-container\">\n\t\t\t<section>\n                <div class=\"mn-grid\">\n                    <div class=\"mn-grid-12 mn-mod-text-links\">\n                        <p>Documents are submitted only by candidates qualified for admission. On the date of qualification, these candidates will be given the status of &#8220;qualified&#8221;, then the candidates qualified for admission to the second-cycle studies shall provide a complete set of required documents on the date indicated in the recruitment calendar. Please do not send the documents before the announcement of the qualification results.<\/p><p><strong>List of documents required from candidates for second-cycle at SGGW (studies in English):<\/strong><\/p><ul><li>A personal questionnaire with a photo printed from the candidate&#8217;s account created in IRK \u2013 the questionnaire is available for download as a PDF file on the candidate&#8217;s account in the &#8221; Enrollment applications &#8221; tab in the &#8220;Documents and further steps&#8221; section (a valid identity document must be presented for verification when submitting \u2013 in the case of foreign candidates, a passport must be presented).<\/li><\/ul><ul><li>Original and photocopy of the university diploma (the original document must be presented for verification by SGGW to certify the photocopy as a true copy of the original).<\/li><\/ul><ul><li>Original and photocopy of the diploma confirming completion of higher education in a foreign education system enabling continuation of second-cycle studies in the country where the university issuing the diploma operates (the original document must be presented for verification by SGGW to certify the photocopy as a true copy of the original).<\/li><\/ul><ul><li>Original certificate of completion of studies, issued by the university, containing: diploma number, grade on the diploma, date of the diploma examination, obtained professional title, average grade from studies, grading scale used at the issuing university &#8211; applies to candidates awaiting the issuance of their diploma.<\/li><\/ul><ul><li>Original and photocopy of the diploma supplement, an official list of grades and subjects, hours, ECTS points covered in the study program, and the average grade of subjects covered in the study program (the original document must be presented for verification by SGGW to certify the photocopy as a true copy of the original).<\/li><\/ul><ul><li>Original and photocopy of the diploma <strong>legalization or apostille<\/strong> confirming completion of higher education in a foreign education system \u2013 applies to candidates applying with a foreign diploma issued by authorized universities operating in higher education systems outside the European Union, Organization for Economic Co-operation and Development (OECD), or the European Free Trade Agreement (EFTA).<\/li><li>Written information from NAWA director about the foreign diploma \u2013 not applicable for diplomas issued in UE, OECD, EFTA and Ukraine, China.<\/li><\/ul><ul><li>Sworn translations into Polish of documents confirming education obtained in a foreign education system \u2013 applies to documents issued in a foreign language other than English.<\/li><\/ul><ul><li>The original and a photocopy or notarized copy of the document confirming English language proficiency at the level of at least B2 \u2013 applies to candidates applying for admission to programs conducted in English (the original document must be presented for verification by SGGW to certify the photocopy as a true copy of the original).<\/li><\/ul><ul><li>Certificate from an occupational physician (original) \u2013 applies to candidates qualified for admission to study programs for which such a certificate is required.<p>Referral for a medical examination by an occupational physician is available to candidates qualified for admission. To download a referral, the candidate logs into their IRK account. Access path: My account &gt; Enrollment applications &gt; Documents and further steps. A candidate who does not possess a certificate of no health contraindications to studying in a specific field on the day of document submission will be required to submit the certificate to the dean&#8217;s office of the relevant faculty by the end of the first full week of classes.<\/p><\/li><\/ul><ul><li>Document confirming a change of first name\/last name (for inspection) \u2013 applies to candidates who have changed their first name and\/or last name after obtaining a document confirming their education or language certificate.<\/li><\/ul><p><span style=\"text-decoration: underline\">Additional documents required from foreign candidates:<\/span><\/p><ul><li>Declaration of meeting the conditions for undertaking studies under specified conditions, the document is available for download as a PDF file on the candidate&#8217;s account in the &#8221; Enrollment applications &#8221; tab in the &#8220;Documents and further steps&#8221; section.<\/li><\/ul><ul><li>Declaration of having health insurance during the period of studies, the document is available for download as a PDF file on the candidate&#8217;s account in the &#8221; Enrollment applications &#8221; tab in the &#8220;Documents and further steps&#8221; section.<\/li><\/ul><ul><li>Original document confirming the assignment of a PESEL number (for inspection) \u2013 applies to foreign candidates who have been assigned a PESEL number by a Polish authority.<\/li><\/ul><ul><li>Original decision on the scholarship by the Director of NAWA \u2013 applies to foreigners who are scholarship holders of the National Agency for Academic Exchange.<\/li><\/ul>\n                    <\/div>\n                <\/div>\n            <\/section>\t\t<\/div>\n\t\t\t\t<\/div>\n\t\t\t\t\t<\/div>\n\t\t<\/div>\n\t\t\t\t\t<\/div>\n\t\t<\/section>\n\t\t\t\t<\/div>\n\t\t","protected":false},"excerpt":{"rendered":"<p>Required documents Master&#8217;s degree programs Documents are submitted only by candidates qualified for admission. On the date of qualification, these candidates will be given the status of &#8222;qualified&#8221;, then the candidates qualified for admission to the second-cycle studies shall provide a complete set of required documents on the date indicated in the recruitment calendar. Please [&hellip;]<\/p>\n","protected":false},"author":111,"featured_media":0,"parent":191438,"menu_order":0,"comment_status":"closed","ping_status":"closed","template":"","meta":{"_acf_changed":false,"footnotes":""},"class_list":["post-82470","page","type-page","status-publish","hentry"],"acf":[],"_links":{"self":[{"href":"https:\/\/www.sggw.edu.pl\/en\/wp-json\/wp\/v2\/pages\/82470","targetHints":{"allow":["GET"]}}],"collection":[{"href":"https:\/\/www.sggw.edu.pl\/en\/wp-json\/wp\/v2\/pages"}],"about":[{"href":"https:\/\/www.sggw.edu.pl\/en\/wp-json\/wp\/v2\/types\/page"}],"author":[{"embeddable":true,"href":"https:\/\/www.sggw.edu.pl\/en\/wp-json\/wp\/v2\/users\/111"}],"replies":[{"embeddable":true,"href":"https:\/\/www.sggw.edu.pl\/en\/wp-json\/wp\/v2\/comments?post=82470"}],"version-history":[{"count":51,"href":"https:\/\/www.sggw.edu.pl\/en\/wp-json\/wp\/v2\/pages\/82470\/revisions"}],"predecessor-version":[{"id":247356,"href":"https:\/\/www.sggw.edu.pl\/en\/wp-json\/wp\/v2\/pages\/82470\/revisions\/247356"}],"up":[{"embeddable":true,"href":"https:\/\/www.sggw.edu.pl\/en\/wp-json\/wp\/v2\/pages\/191438"}],"wp:attachment":[{"href":"https:\/\/www.sggw.edu.pl\/en\/wp-json\/wp\/v2\/media?parent=82470"}],"curies":[{"name":"wp","href":"https:\/\/api.w.org\/{rel}","templated":true}]}}