{"id":88434,"date":"2021-07-14T15:27:45","date_gmt":"2021-07-14T13:27:45","guid":{"rendered":"https:\/\/www.sggw.edu.pl\/?page_id=88434"},"modified":"2024-03-12T20:14:05","modified_gmt":"2024-03-12T19:14:05","slug":"1-en-for-qualified","status":"publish","type":"page","link":"https:\/\/www.sggw.edu.pl\/en\/1-en-for-qualified\/","title":{"rendered":"Announcement for Candidates"},"content":{"rendered":"\t\t<div data-elementor-type=\"wp-page\" data-elementor-id=\"88434\" class=\"elementor elementor-88434\" data-elementor-post-type=\"page\">\n\t\t\t\t\t\t<section class=\"elementor-section elementor-top-section elementor-element elementor-element-e6e904b elementor-section-boxed elementor-section-height-default elementor-section-height-default\" data-id=\"e6e904b\" data-element_type=\"section\">\n\t\t\t\t\t\t<div class=\"elementor-container elementor-column-gap-default\">\n\t\t\t\t\t<div class=\"elementor-column elementor-col-100 elementor-top-column elementor-element elementor-element-9232a7e\" data-id=\"9232a7e\" data-element_type=\"column\">\n\t\t\t<div class=\"elementor-widget-wrap elementor-element-populated\">\n\t\t\t\t\t\t<div class=\"elementor-element elementor-element-9f8a2bb elementor-widget elementor-widget-wp-widget-bcn_widget\" data-id=\"9f8a2bb\" data-element_type=\"widget\" data-widget_type=\"wp-widget-bcn_widget.default\">\n\t\t\t\t<div class=\"elementor-widget-container\">\n\t\t\t<div class=\"mn-grid breadcrumb\">\n                                    <div class=\"breadcrumb-inner mn-grid-12\"><div class=\"breadcrumbs\" vocab=\"https:\/\/schema.org\/\" typeof=\"BreadcrumbList\"><span property=\"itemListElement\" typeof=\"ListItem\"><a property=\"item\" typeof=\"WebPage\" title=\"Go to Szko\u0142a G\u0142\u00f3wna Gospodarstwa Wiejskiego w Warszawie.\" href=\"https:\/\/www.sggw.edu.pl\/en\/\" class=\"home\" aria-current=\"page\"><span property=\"name\">Home<\/span><\/a><meta property=\"position\" content=\"1\"><\/span><\/div>    <\/div>\n                                <\/div>\t\t<\/div>\n\t\t\t\t<\/div>\n\t\t\t\t\t<\/div>\n\t\t<\/div>\n\t\t\t\t\t<\/div>\n\t\t<\/section>\n\t\t\t\t<section class=\"elementor-section elementor-top-section elementor-element elementor-element-3619108 elementor-section-boxed elementor-section-height-default elementor-section-height-default\" data-id=\"3619108\" data-element_type=\"section\">\n\t\t\t\t\t\t<div class=\"elementor-container elementor-column-gap-default\">\n\t\t\t\t\t<div class=\"elementor-column elementor-col-100 elementor-top-column elementor-element elementor-element-7720ffa\" data-id=\"7720ffa\" data-element_type=\"column\">\n\t\t\t<div class=\"elementor-widget-wrap elementor-element-populated\">\n\t\t\t\t\t\t<div class=\"elementor-element elementor-element-3e19c1a elementor-widget elementor-widget-w1_2_3\" data-id=\"3e19c1a\" data-element_type=\"widget\" data-widget_type=\"w1_2_3.default\">\n\t\t\t\t<div class=\"elementor-widget-container\">\n\t\t\t<section>\n                    <div class=\"mn-grid\">\n                        <h3  class=\"mn-grid-12 mn-section-title2\">\n                            Announcement for Candidates qualified for first-cycle studies\n                        <\/h3>\n                    <\/div>\n                <\/section>\t\t<\/div>\n\t\t\t\t<\/div>\n\t\t\t\t<div class=\"elementor-element elementor-element-6d51f60 elementor-hidden-desktop elementor-hidden-tablet elementor-hidden-mobile elementor-widget elementor-widget-w12\" data-id=\"6d51f60\" data-element_type=\"widget\" data-widget_type=\"w12.default\">\n\t\t\t\t<div class=\"elementor-widget-container\">\n\t\t\t<section>\n                <div class=\"mn-grid\">\n                    <div class=\"mn-grid-12 mn-mod-text-links\">\n                        <p>Candidates qualified for admission to studies submit a complete set of required documents from the 19<sup>th<\/sup> to 21st of September 2022, from 9:00 a.m. to 3:00 p.m. Documents should be submitted at the University located at 166 Nowoursynowska Street, building 8, ground floor.<\/p><p>Candidates with Polish citizenship who have a Polish high school-leaving examination certificate submit their documents in room 11, entrance at the back of the building.<\/p><p>Candidates with Polish citizenship who have a foreign high school-leaving certificate or IB diploma, EB diploma submit their documents at the stands available in room no. 2, entrance from the front of the building.<\/p><p>Candidates who are foreigners, regardless of the type of certificate obtained, submit their documents at the stands available in room no. 2, entrance from the front of the building.<\/p><p>Please take a complete set of required documents with you, in accordance with the guidelines provided on the website:<\/p><p>Polish citizens: <a href=\"https:\/\/www.sggw.edu.pl\/rekrutacja\/rekrutacja-studia\/zasady-rekrutacji-na-studia-i-stopnia-oraz-jednolite-studia-magisterskie\/1-pl-wymagane-dokumenty\/\">https:\/\/www.sggw.edu.pl\/rekrutacja\/rekrutacja-studia\/zasady-rekrutacji-na-studia-i-stopnia-oraz-jednolite-studia-magisterskie\/1-pl-wymagane-dokumenty\/<\/a><\/p><p>Foreigners: <a href=\"https:\/\/www.sggw.edu.pl\/en\/recruitment\/1st-and-2nd-cycle-studies-uniform-masters-degree-studies\/studies-in-english__trashed\/1st-degree\/stationary__trashed\/documents\/\">https:\/\/www.sggw.edu.pl\/en\/recruitment\/1st-and-2nd-cycle-studies-uniform-masters-degree-studies\/studies-in-english__trashed\/1st-degree\/stationary__trashed\/documents\/<\/a><\/p><p>Documents might be submitted to the seat of the University also by post or via courier to the following address (in case of sending documents, it is suggested to post them as soon as possible, i.e. by 19th September):<\/p><p>Szko\u0142a G\u0142\u00f3wna Gospodarstwa Wiejskiego w Warszawie<br \/>Biuro Spraw Studenckich<br \/>Ul. Nowoursynowska 166 \u00a0<br \/>02-787 Warszawa<br \/>with annotation REKRUTACJA<\/p><p><strong>When preparing documents to be submitted in person, remember to:<\/strong><\/p><ol><li>Printing the <strong>Personal questionnaire<\/strong> with an <strong>accepted photo<\/strong> \u2013 a printout, available for download as a PDF file on the candidate\u2019s account at IRK in the \u201cEnrollment applications\u201d tab in the \u201cDocuments and further steps\u201d section (proof of identity must be presented for inspection when submitting documents in person). Before printing the personal questionnaire, check whether it contains errors. The candidate must sign the printed questionnaire in the lower right corner in the space for legible signature.<\/li><li>If you are a foreigner, also print the following documents available for download on the candidate\u2019s account in IRK in the \u201cEnrollment applications\u201d tab in the \u201cDocuments and further steps\u201d section: \u201cStatement for non nationals on fulfillment of requirements for undertaking study on specific rules\u201d and \u201cDeclaration on health insurance during studying\u201d. Sign both documents with your full name and complete the date and place of signing.<\/li><li>Taking with you original documents on education and a language certificate \u2013 if required. You should also remember to take photocopies of these documents because it will not be possible to make a photocopy on site at the University. The university employee accepting the documents will certify the photocopies of the documents to be true to the original on the basis of the submitted originals, then the original documents will be returned to the Candidate.<\/li><li>Taking an identity document \u2013 ID card or passport (if the candidate is a foreigner). The document should be presented to the person accepting the documents in order to confirm the identity.<\/li><li>If you are a underage person, remember to attach the consent of both parents \/ legal guardians to undertake studies and sign a contract with the University, such consent must be confirmed by a notary or by a Polish consul. Unauthorized document will not be accepted.<\/li><\/ol><p><strong>When preparing documents to be submitted by post \/ courier, remember to:<\/strong><\/p><ol><li>Printing the <strong>Personal questionnaire<\/strong> with an <strong>accepted photo<\/strong> \u2013 a printout, available for download as a PDF file on the candidate\u2019s account at IRK in the \u201cEnrollment applications\u201d tab in the \u201cDocuments and further steps\u201d section (proof of identity must be presented for inspection when submitting documents in person). Before printing the personal questionnaire, check whether it contains errors. The candidate must sign the printed questionnaire in the lower right corner in the space for legible signature.<\/li><li>If you are a foreigner, also print the following documents available for download on the candidate\u2019s account in IRK in the \u201cEnrollment applications\u201d tab in the \u201cDocuments and further steps\u201d section: \u201cStatement for non nationals on fulfillment of requirements for undertaking study on specific rules\u201d and \u201cDeclaration on health insurance during studying\u201d. Sign both documents with your full name and complete the date and place of signing.<\/li><li>Attaching notarized copies of\u00a0 documents on education (high school leaving certificate) and a language certificate. Due to security reasons do not send originals of this documents. Non-notarized copies will be rejected. Original of high school leaving certificate,\u00a0 English language certificate and valid passport must be presented in the Office for Students Affairs upon your arrival.<\/li><li>If you are a foreigner, be sure to attach a regular photocopy of your passport, which will be destroyed after verification of your identity.<\/li><li>If you are a underage person, remember to attach the consent of both parents \/ legal guardians to undertake studies and sign a contract with the University, such consent must be confirmed by a notary or by a Polish consul. Unauthorized document will not be accepted.<\/li><\/ol><p><strong>How to submit documents \u2013 sanitary safety measures<\/strong><br \/>In the case of a personal visit to WULS-SGGW, please go directly to the points designated for submitting documents and observe following rules of sanitary safety.<\/p>\n                    <\/div>\n                <\/div>\n            <\/section>\t\t<\/div>\n\t\t\t\t<\/div>\n\t\t\t\t\t<\/div>\n\t\t<\/div>\n\t\t\t\t\t<\/div>\n\t\t<\/section>\n\t\t\t\t<section class=\"elementor-section elementor-top-section elementor-element elementor-element-f695b2a elementor-section-boxed elementor-section-height-default elementor-section-height-default\" data-id=\"f695b2a\" data-element_type=\"section\">\n\t\t\t\t\t\t<div class=\"elementor-container elementor-column-gap-default\">\n\t\t\t\t\t<div class=\"elementor-column elementor-col-100 elementor-top-column elementor-element elementor-element-98f756a\" data-id=\"98f756a\" data-element_type=\"column\">\n\t\t\t<div class=\"elementor-widget-wrap elementor-element-populated\">\n\t\t\t\t\t\t<div class=\"elementor-element elementor-element-ac5b9ad elementor-widget elementor-widget-w12\" data-id=\"ac5b9ad\" data-element_type=\"widget\" data-widget_type=\"w12.default\">\n\t\t\t\t<div class=\"elementor-widget-container\">\n\t\t\t<section>\n                <div class=\"mn-grid\">\n                    <div class=\"mn-grid-12 mn-mod-text-links\">\n                        <p>Candidates qualified for admission to studies submit a complete set of required documents from August 29th \u2013 31st, 2023, and on September 1st and 4th, 2023, from 9:00 a.m. to 3:00 p.m. Documents should be submitted at the University located at 166 Nowoursynowska Street, building 8, ground floor.<\/p><p>Candidates with Polish citizenship who have a Polish high school-leaving examination certificate (\u015bwiadectwo dojrza\u0142o\u015bci) submit their documents in room 11, entrance at the back of the building.<\/p><p>Candidates with Polish citizenship who have a foreign high school-leaving certificate or IB diploma, EB diploma submit their documents at the stands available in room no. 2, entrance from the front of the building.<\/p><p>Candidates who are foreigners, regardless of the type of certificate obtained, submit their documents at the stands available in room no. 2, entrance from the front of the building.<\/p><p>Please take a complete set of required documents with you, in accordance with the guidelines provided on the website:<\/p><p>For first cycle studies (Bachelor\u2019s degree):<\/p><p>Polish citizens: <a href=\"https:\/\/www.sggw.edu.pl\/rekrutacja\/rekrutacja-studia\/zasady-rekrutacji-na-studia-i-stopnia-oraz-jednolite-studia-magisterskie\/1-pl-wymagane-dokumenty\/\">check the list of required documents<\/a><\/p><p>Foreigners: <a href=\"https:\/\/www.sggw.edu.pl\/en\/recruitment\/1st-and-2nd-cycle-studies-uniform-masters-degree-studies\/studies-in-english__trashed\/1st-degree\/stationary__trashed\/documents\/\">check the list of required documents<\/a><\/p><p>UNDERAGE CANDIDATES<\/p><p>In the case of underage candidates, written consent of both parents or legal guardians is required to start studies and to sign an agreement with the university. In case of:<\/p><p>&#8211; absence of parents during the personal submission of documents, the candidate is required to present the consent of the parents certified by a notary public or by a Polish diplomatic and consular post (the notary public or the Polish consul certifies the authenticity of the signatures of the parents\/legal guardians placed on the document),<\/p><p>&#8211; the presence of parents during the submission of documents by the candidate, parents sign the consent in the presence of the employee accepting the documents.<\/p><p>ATTENTION! The submission of consent does not apply to applicants who turn 18 before October 1, 2023.<\/p><p>CANDIDATES QUALIFIED FOR TWO FIELDS OF STUDY<br \/>Candidates qualified for two fields of study submit documents for one field of study.<\/p><p>THE WAY OF SUBMITTING DOCUMENTS<\/p><p>Documents should be submitted to the seat of the University in person, by post or via courier. If you submit documents:<\/p><p>\u2013 in person \u2013 deliver your documents to ul. Nowoursynowska 166, building no 8, stands available in room no. 2, entrance from the front of the building,<br \/>\u2013 via post \/ courier send it to the following address (in case of sending documents, it is suggested to post them as soon as possible, i.e. by\u00a0 July 24th):<\/p><p>Szko\u0142a G\u0142\u00f3wna Gospodarstwa Wiejskiego w Warszawie<br \/>Biuro Spraw Studenckich<br \/>Ul. Nowoursynowska 166 \u00a0<br \/>02-787 Warszawa<br \/>with annotation REKRUTACJA<\/p><p><strong>When preparing documents to be submitted in person, remember to:<\/strong><\/p><ol><li>Printing the <strong>Personal questionnaire<\/strong> with an <strong>accepted photo<\/strong> \u2013 a printout, available for download as a PDF file on the candidate\u2019s account at IRK in the \u201cEnrollment applications\u201d tab in the \u201cDocuments and further steps\u201d section (proof of identity must be presented for inspection when submitting documents in person). Before printing the personal questionnaire, check whether it contains errors. The candidate must sign the printed questionnaire in the lower right corner in the space for legible signature.<\/li><li>If you are a foreigner, also print the following documents available for download on the candidate\u2019s account in IRK in the \u201cEnrollment applications\u201d tab in the \u201cDocuments and further steps\u201d section: \u201cStatement for non nationals on fulfillment of requirements for undertaking study on specific rules\u201d and \u201cDeclaration on health insurance during studying\u201d. Sign both documents with your full name and complete the date and place of signing.<\/li><li>Taking with you original documents on education and a language certificate \u2013 if required. You should also remember to take photocopies of these documents because it will not be possible to make a photocopy on site at the University. The university employee accepting the documents will certify the photocopies of the documents to be true to the original on the basis of the submitted originals, then the original documents will be returned to the Candidate.<\/li><li>Taking an identity document \u2013 valid passport (if the candidate is a foreigner). The document should be presented to the person accepting the documents in order to confirm the identity.<\/li><li>If you are a underage person, remember to attach the consent of both parents \/ legal guardians to undertake studies and sign a contract with the University, such consent must be confirmed by a notary or by a Polish consul. Unauthorized document will not be accepted.<\/li><\/ol><p><strong>When preparing documents to be submitted by post \/ courier, remember to:<\/strong><\/p><ol><li>Printing the <strong>Personal questionnaire<\/strong> with an <strong>accepted photo<\/strong> \u2013 a printout, available for download as a PDF file on the candidate\u2019s account at IRK in the \u201cEnrollment applications\u201d tab in the \u201cDocuments and further steps\u201d section (proof of identity must be presented for inspection when submitting documents in person). Before printing the personal questionnaire, check whether it contains errors. The candidate must sign the printed questionnaire in the lower right corner in the space for legible signature.<\/li><li>If you are a foreigner, also print the following documents available for download on the candidate\u2019s account in IRK in the \u201cEnrollment applications\u201d tab in the \u201cDocuments and further steps\u201d section: \u201cStatement for non nationals on fulfillment of requirements for undertaking study on specific rules\u201d and \u201cDeclaration on health insurance during studying\u201d. Sign ligible both documents with your full name and complete the date and place of signing.<\/li><li>Attaching notarized copies of\u00a0 documents on education (high school leaving certificate) and a language certificate. Due to security reasons do not send originals of this documents. Non-notarized copies will be rejected. Original of high school leaving certificate,\u00a0 English language certificate and valid passport must be presented in the Office for Students Affairs upon your arrival.<\/li><li>If you are a foreigner, be sure to attach a regular photocopy of your passport, which will be destroyed after verification of your identity.<\/li><li>If you are a underage person, remember to attach the consent of both parents \/ legal guardians to undertake studies and sign a contract with the University, such consent must be confirmed by a notary or by a Polish consul. Unauthorized document will not be accepted.<\/li><\/ol><p>FAILURE TO SUBMIT DOCUMENTS WITHIN THE INDICATED DEADLINE<\/p><p>Candidates qualified for admission who do not submit documents within the prescribed period are treated as persons resigning from participation in recruitment, their places are released for candidates from the reserve list.<\/p>\n                    <\/div>\n                <\/div>\n            <\/section>\t\t<\/div>\n\t\t\t\t<\/div>\n\t\t\t\t\t<\/div>\n\t\t<\/div>\n\t\t\t\t\t<\/div>\n\t\t<\/section>\n\t\t\t\t<\/div>\n\t\t","protected":false},"excerpt":{"rendered":"<p>Announcement for Candidates qualified for first-cycle studies Candidates qualified for admission to studies submit a complete set of required documents from the 19th to 21st of September 2022, from 9:00 a.m. to 3:00 p.m. Documents should be submitted at the University located at 166 Nowoursynowska Street, building 8, ground floor. Candidates with Polish citizenship who [&hellip;]<\/p>\n","protected":false},"author":111,"featured_media":0,"parent":0,"menu_order":0,"comment_status":"closed","ping_status":"closed","template":"","meta":{"_acf_changed":false,"footnotes":""},"class_list":["post-88434","page","type-page","status-publish","hentry"],"acf":[],"_links":{"self":[{"href":"https:\/\/www.sggw.edu.pl\/en\/wp-json\/wp\/v2\/pages\/88434","targetHints":{"allow":["GET"]}}],"collection":[{"href":"https:\/\/www.sggw.edu.pl\/en\/wp-json\/wp\/v2\/pages"}],"about":[{"href":"https:\/\/www.sggw.edu.pl\/en\/wp-json\/wp\/v2\/types\/page"}],"author":[{"embeddable":true,"href":"https:\/\/www.sggw.edu.pl\/en\/wp-json\/wp\/v2\/users\/111"}],"replies":[{"embeddable":true,"href":"https:\/\/www.sggw.edu.pl\/en\/wp-json\/wp\/v2\/comments?post=88434"}],"version-history":[{"count":48,"href":"https:\/\/www.sggw.edu.pl\/en\/wp-json\/wp\/v2\/pages\/88434\/revisions"}],"predecessor-version":[{"id":193099,"href":"https:\/\/www.sggw.edu.pl\/en\/wp-json\/wp\/v2\/pages\/88434\/revisions\/193099"}],"wp:attachment":[{"href":"https:\/\/www.sggw.edu.pl\/en\/wp-json\/wp\/v2\/media?parent=88434"}],"curies":[{"name":"wp","href":"https:\/\/api.w.org\/{rel}","templated":true}]}}