{"id":88659,"date":"2021-07-15T14:45:19","date_gmt":"2021-07-15T12:45:19","guid":{"rendered":"https:\/\/www.sggw.edu.pl\/?page_id=88659"},"modified":"2026-03-30T14:37:53","modified_gmt":"2026-03-30T12:37:53","slug":"2-en-for-qualified","status":"publish","type":"page","link":"https:\/\/www.sggw.edu.pl\/en\/recruitment\/second-cycle-studies-masters-degree\/2-en-for-qualified\/","title":{"rendered":"Announcement for Candidates qualified 2 st"},"content":{"rendered":"\t\t<div data-elementor-type=\"wp-page\" data-elementor-id=\"88659\" class=\"elementor elementor-88659\" data-elementor-post-type=\"page\">\n\t\t\t\t\t\t<section class=\"elementor-section elementor-top-section elementor-element elementor-element-f522974 elementor-section-boxed elementor-section-height-default elementor-section-height-default\" data-id=\"f522974\" data-element_type=\"section\">\n\t\t\t\t\t\t<div class=\"elementor-container elementor-column-gap-default\">\n\t\t\t\t\t<div class=\"elementor-column elementor-col-100 elementor-top-column elementor-element elementor-element-fc00433\" data-id=\"fc00433\" data-element_type=\"column\">\n\t\t\t<div class=\"elementor-widget-wrap\">\n\t\t\t\t\t\t\t<\/div>\n\t\t<\/div>\n\t\t\t\t\t<\/div>\n\t\t<\/section>\n\t\t\t\t<section class=\"elementor-section elementor-top-section elementor-element elementor-element-f14836e elementor-section-boxed elementor-section-height-default elementor-section-height-default\" data-id=\"f14836e\" data-element_type=\"section\">\n\t\t\t\t\t\t<div class=\"elementor-container elementor-column-gap-default\">\n\t\t\t\t\t<div class=\"elementor-column elementor-col-100 elementor-top-column elementor-element elementor-element-5463939\" data-id=\"5463939\" data-element_type=\"column\">\n\t\t\t<div class=\"elementor-widget-wrap elementor-element-populated\">\n\t\t\t\t\t\t<div class=\"elementor-element elementor-element-644dc58 elementor-widget elementor-widget-wp-widget-bcn_widget\" data-id=\"644dc58\" data-element_type=\"widget\" data-widget_type=\"wp-widget-bcn_widget.default\">\n\t\t\t\t<div class=\"elementor-widget-container\">\n\t\t\t<div class=\"mn-grid breadcrumb\">\n                                    <div class=\"breadcrumb-inner mn-grid-12\"><div class=\"breadcrumbs\" vocab=\"https:\/\/schema.org\/\" typeof=\"BreadcrumbList\"><span property=\"itemListElement\" typeof=\"ListItem\"><a property=\"item\" typeof=\"WebPage\" title=\"Go to Szko\u0142a G\u0142\u00f3wna Gospodarstwa Wiejskiego w Warszawie.\" href=\"https:\/\/www.sggw.edu.pl\/en\/\" class=\"home\" aria-current=\"page\"><span property=\"name\">Home<\/span><\/a><meta property=\"position\" content=\"1\"><\/span><\/div>    <\/div>\n                                <\/div>\t\t<\/div>\n\t\t\t\t<\/div>\n\t\t\t\t\t<\/div>\n\t\t<\/div>\n\t\t\t\t\t<\/div>\n\t\t<\/section>\n\t\t\t\t<section class=\"elementor-section elementor-top-section elementor-element elementor-element-d7048dd elementor-section-boxed elementor-section-height-default elementor-section-height-default\" data-id=\"d7048dd\" data-element_type=\"section\">\n\t\t\t\t\t\t<div class=\"elementor-container elementor-column-gap-default\">\n\t\t\t\t\t<div class=\"elementor-column elementor-col-100 elementor-top-column elementor-element elementor-element-9df07e3\" data-id=\"9df07e3\" data-element_type=\"column\">\n\t\t\t<div class=\"elementor-widget-wrap elementor-element-populated\">\n\t\t\t\t\t\t<div class=\"elementor-element elementor-element-37620cf elementor-widget elementor-widget-w1_2_3\" data-id=\"37620cf\" data-element_type=\"widget\" data-widget_type=\"w1_2_3.default\">\n\t\t\t\t<div class=\"elementor-widget-container\">\n\t\t\t<section>\n                <div class=\"mn-grid\">\n                    <h2  class=\"mn-grid-12\">\n                        Announcement for Candidates qualified for second cycle studies\n                    <\/h2>\n                <\/div>\n            <\/section>\t\t<\/div>\n\t\t\t\t<\/div>\n\t\t\t\t\t<\/div>\n\t\t<\/div>\n\t\t\t\t\t<\/div>\n\t\t<\/section>\n\t\t\t\t<section class=\"elementor-section elementor-top-section elementor-element elementor-element-259e4d1 elementor-hidden-desktop elementor-hidden-laptop elementor-hidden-tablet_extra elementor-hidden-tablet elementor-hidden-mobile_extra elementor-hidden-mobile elementor-section-boxed elementor-section-height-default elementor-section-height-default\" data-id=\"259e4d1\" data-element_type=\"section\">\n\t\t\t\t\t\t<div class=\"elementor-container elementor-column-gap-default\">\n\t\t\t\t\t<div class=\"elementor-column elementor-col-100 elementor-top-column elementor-element elementor-element-a804d57\" data-id=\"a804d57\" data-element_type=\"column\">\n\t\t\t<div class=\"elementor-widget-wrap elementor-element-populated\">\n\t\t\t\t\t\t<div class=\"elementor-element elementor-element-b409907 elementor-widget elementor-widget-w12\" data-id=\"b409907\" data-element_type=\"widget\" data-widget_type=\"w12.default\">\n\t\t\t\t<div class=\"elementor-widget-container\">\n\t\t\t<section>\n                <div class=\"mn-grid\">\n                    <div class=\"mn-grid-12 mn-mod-text-links\">\n                        <p><span style=\"color: #ff0000\">Announcement valid from 29th of August 2025. (studies conducted in English)\u00a0\u00a0<\/span><\/p><p>Candidates qualified for admission are invited to submit documents from September 1st up to September 5th, 2025, between 9:00 a.m. and 3:00 p.m. Documents should be submitted to the university&#8217;s headquarters at 166 Nowoursynowska Street, building 8, room 2, ground floor (entrance A).<\/p><p>Please take with you a complete set of required documents, in accordance with the guidelines on the website.<\/p><p>Polish citizens: <a href=\"https:\/\/www.sggw.edu.pl\/rekrutacja\/studia-ii-stopnia-magisterskie\/wymagane-dokumenty\/wymagane-dokumenty-obywatele-polscy\/\">read more<\/a><\/p><p>Foreigners: <a href=\"https:\/\/www.sggw.edu.pl\/en\/recruitment\/second-cycle-studies-masters-degree\/masters-degree-recruitment-rules\/2-en-required_documents\/\">read more<\/a><\/p><p>When submitting documents, you will be asked to present your ID card or passport, and if you are a foreigner, your passport.<\/p><p>Please note that in the event of a change of name and\/or surname, a copy of the marriage certificate or a decision of the registry office issued in this matter must be presented.<\/p><p>If the documents are signed with a qualified electronic signature, a printout of the document certified by the institution that issued it or an electronic file must be presented.<\/p><p>The way of submitting documents<\/p><p>Documents should be submitted to the seat of the University in following way:<br \/>\u2013 in person \u2013 this way is obligatory for foreigners who currently stay in Poland, documents must be delivered to ul. Nowoursynowska 166, building no 8, room no. 2, entrance from the front of the building,<br \/>\u2013 via post \/ courier &#8211; applies to foreigners who are not staying in Poland, documents must be sent to the address (if you send documents by post\/courier, it is suggested to post them as soon as possible, i.e. by\u00a0 July 23rd, 2025):<\/p><p>Szko\u0142a G\u0142\u00f3wna Gospodarstwa Wiejskiego w Warszawie<br \/>Biuro Spraw Studenckich<br \/>Ul. Nowoursynowska 166 \u00a0<br \/>02-787 Warszawa<br \/>with annotation REKRUTACJA<\/p><p><strong>When preparing documents to be submitted in person, remember to:<\/strong><\/p><ol><li>Printing the <strong>Personal questionnaire<\/strong> with an <strong>accepted photo<\/strong> \u2013 a printout, available for download as a PDF file on the candidate\u2019s account at IRK in the \u201cEnrollment applications\u201d tab in the \u201cDocuments and further steps\u201d section (proof of identity must be presented for inspection when submitting documents in person). Before printing the personal questionnaire, check whether it contains errors. The candidate must sign the printed questionnaire in the lower right corner in the space for legible signature.<\/li><li>If you are a foreigner, also print the following documents available for download on the candidate\u2019s account in IRK in the \u201cEnrollment applications\u201d tab in the \u201cDocuments and further steps\u201d section: \u201cStatement for non nationals on fulfillment of requirements for undertaking study on specific rules\u201d and \u201cDeclaration on health insurance during studying\u201d. Sign both documents with your full name and complete the date and place of signing.<\/li><li>Taking with you original documents on education and a language certificate. You should also remember to take photocopies of these documents because it will not be possible to make a photocopy on site at the University. The university employee accepting the documents will certify the photocopies of the documents to be true to the original on the basis of the submitted originals, then the original documents will be returned to the Candidate.<\/li><li>Taking an identity document \u2013 valid passport (if the candidate is a foreigner). The document should be presented to the person accepting the documents in order to confirm the identity.<\/li><li>If you are a underage person, remember to attach the consent of both parents \/ legal guardians to undertake studies and sign a contract with the University, such consent must be confirmed by a notary or by a Polish consul. Unauthorized document will not be accepted.<\/li><\/ol><p><strong>When preparing documents to be submitted by post \/ courier, remember to:<\/strong><\/p><ol><li>Printing the <strong>Personal questionnaire<\/strong> with an <strong>accepted photo<\/strong> \u2013 a printout, available for download as a PDF file on the candidate\u2019s account at IRK in the \u201cEnrollment applications\u201d tab in the \u201cDocuments and further steps\u201d section (proof of identity must be presented for inspection when submitting documents in person). Before printing the personal questionnaire, check whether it contains errors. The candidate must sign the printed questionnaire in the lower right corner in the space for legible signature.<\/li><li>If you are a foreigner, also print the following documents available for download on the candidate\u2019s account in IRK in the \u201cEnrollment applications\u201d tab in the \u201cDocuments and further steps\u201d section: \u201cStatement for non nationals on fulfillment of requirements for undertaking study on specific rules\u201d and \u201cDeclaration on health insurance during studying\u201d. Sign eligible both documents with your full name and complete the date and place of signing.<\/li><li>Attaching notarized copies of\u00a0 documents on education (high school leaving certificate \/university diploma) and a language certificate. Due to security reasons do not send originals of this documents. Non-notarized copies will be rejected. Original of high school leaving certificate,\u00a0 English language certificate and valid passport must be presented in the Office for Students Affairs upon your arrival.<\/li><li>If you are a foreigner, be sure to attach a regular photocopy of your passport, which will be destroyed after verification of your identity.<\/li><li>If you are a underage person, remember to attach the consent of both parents \/ legal guardians to undertake studies and sign a contract with the University, such consent must be confirmed by a notary or by a Polish consul. Unauthorized document will not be accepted.<\/li><\/ol><p>FAILURE TO SUBMIT DOCUMENTS WITHIN THE INDICATED DEADLINE<\/p><p>Candidates qualified for admission who do not submit documents within the prescribed period are treated as persons resigning from participation in recruitment.<\/p><p>INFORMATION ABOUT TUITION FEE<\/p><ul><li>Full-time studies in Polish are free of charge for Polish citizens.<br \/>\u2022 Full-time studies in Polish are paid studies for foreigners who do not have the right to study on a free of charge basis.<br \/>\u2022 Full-time studies in English are fee-based studies.<br \/>\u2022 Part-time studies are fee-based studies.<br \/>\u2022 Fees for classes supplementing learning outcomes (curriculum differences) necessary to start or complete second-cycle studies in a given field are calculated as follows: number of hours of classes assigned to the subject x PLN 10.<\/li><\/ul><p>Tuition fee for students undertaking studies at SGGW in the academic year 2025\/2026 are available on the website: <a href=\"https:\/\/www.sggw.edu.pl\/en\/studies\/study-fees\/\">read more<\/a><\/p><p>University Recruitment Committee<\/p>\n                    <\/div>\n                <\/div>\n            <\/section>\t\t<\/div>\n\t\t\t\t<\/div>\n\t\t\t\t\t<\/div>\n\t\t<\/div>\n\t\t\t\t\t<\/div>\n\t\t<\/section>\n\t\t<div class=\"elementor-element elementor-element-d16b7db e-con-full e-flex e-con e-parent\" data-id=\"d16b7db\" data-element_type=\"container\">\n\t\t\t\t<div class=\"elementor-element elementor-element-934e62a elementor-hidden-desktop elementor-hidden-laptop elementor-hidden-tablet_extra elementor-hidden-tablet elementor-hidden-mobile_extra elementor-hidden-mobile elementor-widget elementor-widget-w12\" data-id=\"934e62a\" data-element_type=\"widget\" data-widget_type=\"w12.default\">\n\t\t\t\t<div class=\"elementor-widget-container\">\n\t\t\t<section>\n                <div class=\"mn-grid\">\n                    <div class=\"mn-grid-12 mn-mod-text-links\">\n                        <p>Candidates qualified for admission are invited to submit documents between January 21-28 (except Saturday and Sunday) between 9:00 a.m. and 3:00 p.m. Documents should be submitted to the university&#8217;s headquarters at 166 Nowoursynowska Street, building 8, room 4, ground floor.<\/p><p>Please take with you a complete set of required documents, in accordance with the guidelines on the website. List of documents for second-cycle master&#8217;s studies:<\/p><p>Polish citizens: <a href=\"https:\/\/www.sggw.edu.pl\/rekrutacja\/studia-ii-stopnia-magisterskie\/wymagane-dokumenty\/wymagane-dokumenty-obywatele-polscy\/\">read more<\/a><\/p><p>Foreigners: <a href=\"https:\/\/www.sggw.edu.pl\/en\/recruitment\/second-cycle-studies-masters-degree\/masters-degree-recruitment-rules\/2-en-required_documents\/\">read more<\/a><\/p><p>Please note that in the case of a name change, you must present an appropriate document confirming the change.<\/p><p><strong>The way of submitting documents:<\/strong><\/p><p>Documents should be submitted to the seat of the University in following way:<\/p><p>\u2013 in person \u2013 this way is obligatory for foreigners who currently stay in Poland, documents must be delivered to ul. Nowoursynowska 166, building no 8, room no. 4, entrance from the front of the building,<br \/>\u2013 via post \/ courier &#8211; applies to foreigners who are not staying in Poland, documents must be sent to the address (if you send documents by post\/courier, it is suggested to post them as soon as possible, i.e. by\u00a0 January 21, 2025):<\/p><p>Szko\u0142a G\u0142\u00f3wna Gospodarstwa Wiejskiego w Warszawie<br \/>Biuro Spraw Studenckich<br \/>Ul. Nowoursynowska 166 \u00a0<br \/>02-787 Warszawa<br \/>with annotation REKRUTACJA<\/p><p><strong>When preparing documents to be submitted in person, remember to:<\/strong><\/p><ol><li>Printing the <strong>Personal questionnaire<\/strong> with an <strong>accepted photo<\/strong> \u2013 a printout, available for download as a PDF file on the candidate\u2019s account at IRK in the \u201cEnrollment applications\u201d tab in the \u201cDocuments and further steps\u201d section (proof of identity must be presented for inspection when submitting documents in person). Before printing the personal questionnaire, check whether it contains errors. The candidate must sign the printed questionnaire in the lower right corner in the space for legible signature.<\/li><li>If you are a foreigner, also print the following documents available for download on the candidate\u2019s account in IRK in the \u201cEnrollment applications\u201d tab in the \u201cDocuments and further steps\u201d section: \u201cStatement for non nationals on fulfillment of requirements for undertaking study on specific rules\u201d and \u201cDeclaration on health insurance during studying\u201d. Sign both documents with your full name and complete the date and place of signing.<\/li><li>Taking with you original documents on education and a language certificate \u2013 if required. You should also remember to take photocopies of these documents because it will not be possible to make a photocopy on site at the University. The university employee accepting the documents will certify the photocopies of the documents to be true to the original on the basis of the submitted originals, then the original documents will be returned to the Candidate.<\/li><li>Taking an identity document \u2013 valid passport (if the candidate is a foreigner). The document should be presented to the person accepting the documents in order to confirm the identity.<\/li><li>If you are a underage person, remember to attach the consent of both parents \/ legal guardians to undertake studies and sign a contract with the University, such consent must be confirmed by a notary or by a Polish consul. Unauthorized document will not be accepted.<\/li><\/ol><p><strong>When preparing documents to be submitted by post \/ courier, remember to:<\/strong><\/p><ol><li>Printing the <strong>Personal questionnaire<\/strong> with an <strong>accepted photo<\/strong> \u2013 a printout, available for download as a PDF file on the candidate\u2019s account at IRK in the \u201cEnrollment applications\u201d tab in the \u201cDocuments and further steps\u201d section (proof of identity must be presented for inspection when submitting documents in person). Before printing the personal questionnaire, check whether it contains errors. The candidate must sign the printed questionnaire in the lower right corner in the space for legible signature.<\/li><li>If you are a foreigner, also print the following documents available for download on the candidate\u2019s account in IRK in the \u201cEnrollment applications\u201d tab in the \u201cDocuments and further steps\u201d section: \u201cStatement for non nationals on fulfillment of requirements for undertaking study on specific rules\u201d and \u201cDeclaration on health insurance during studying\u201d. Sign ligible both documents with your full name and complete the date and place of signing.<\/li><li>Attaching notarized copies of\u00a0 documents on education (high school leaving certificate \/university diploma) and a language certificate. Due to security reasons do not send originals of this documents. Non-notarized copies will be rejected. Original of high school leaving certificate,\u00a0 English language certificate and valid passport must be presented in the Office for Students Affairs upon your arrival.<\/li><li>If you are a foreigner, be sure to attach a regular photocopy of your passport, which will be destroyed after verification of your identity.<\/li><li>If you are a underage person, remember to attach the consent of both parents \/ legal guardians to undertake studies and sign a contract with the University, such consent must be confirmed by a notary or by a Polish consul. Unauthorized document will not be accepted.<\/li><\/ol><p>FAILURE TO SUBMIT DOCUMENTS WITHIN THE INDICATED DEADLINE<\/p><p>Candidates qualified for admission who do not submit documents within the prescribed period are treated as persons resigning from participation in recruitment.<\/p><p>INFORMATION ABOUT TUITION FEE<\/p><p>Tuition fee for students undertaking studies at SGGW in the academic year 2024\/2025: <a href=\"https:\/\/www.sggw.edu.pl\/en\/studies\/study-fees\/\">read more<\/a><\/p><p>University Recruitment Committee<\/p>\n                    <\/div>\n                <\/div>\n            <\/section>\t\t<\/div>\n\t\t\t\t<\/div>\n\t\t\t\t<\/div>\n\t\t\t\t<\/div>\n\t\t","protected":false},"excerpt":{"rendered":"<p>Announcement for Candidates qualified for second cycle studies Announcement valid from 29th of August 2025. (studies conducted in English)\u00a0\u00a0 Candidates qualified for admission are invited to submit documents from September 1st up to September 5th, 2025, between 9:00 a.m. and 3:00 p.m. Documents should be submitted to the university&#8217;s headquarters at 166 Nowoursynowska Street, building [&hellip;]<\/p>\n","protected":false},"author":111,"featured_media":0,"parent":141645,"menu_order":0,"comment_status":"closed","ping_status":"closed","template":"","meta":{"_acf_changed":false,"footnotes":""},"class_list":["post-88659","page","type-page","status-publish","hentry"],"acf":[],"_links":{"self":[{"href":"https:\/\/www.sggw.edu.pl\/en\/wp-json\/wp\/v2\/pages\/88659","targetHints":{"allow":["GET"]}}],"collection":[{"href":"https:\/\/www.sggw.edu.pl\/en\/wp-json\/wp\/v2\/pages"}],"about":[{"href":"https:\/\/www.sggw.edu.pl\/en\/wp-json\/wp\/v2\/types\/page"}],"author":[{"embeddable":true,"href":"https:\/\/www.sggw.edu.pl\/en\/wp-json\/wp\/v2\/users\/111"}],"replies":[{"embeddable":true,"href":"https:\/\/www.sggw.edu.pl\/en\/wp-json\/wp\/v2\/comments?post=88659"}],"version-history":[{"count":117,"href":"https:\/\/www.sggw.edu.pl\/en\/wp-json\/wp\/v2\/pages\/88659\/revisions"}],"predecessor-version":[{"id":285798,"href":"https:\/\/www.sggw.edu.pl\/en\/wp-json\/wp\/v2\/pages\/88659\/revisions\/285798"}],"up":[{"embeddable":true,"href":"https:\/\/www.sggw.edu.pl\/en\/wp-json\/wp\/v2\/pages\/141645"}],"wp:attachment":[{"href":"https:\/\/www.sggw.edu.pl\/en\/wp-json\/wp\/v2\/media?parent=88659"}],"curies":[{"name":"wp","href":"https:\/\/api.w.org\/{rel}","templated":true}]}}